{"id":997,"date":"2021-05-16T21:12:27","date_gmt":"2021-05-16T19:12:27","guid":{"rendered":"https:\/\/yoganest.vaniseo.pro\/index.php\/product\/cartes-jeu-yoga-enfants\/"},"modified":"2024-03-06T15:41:18","modified_gmt":"2024-03-06T14:41:18","slug":"cartes-jeu-yoga-enfants","status":"publish","type":"product","link":"https:\/\/yoganest.vaniseo.pro\/index.php\/product\/cartes-jeu-yoga-enfants\/","title":{"rendered":"Cartes de jeu | Yoga pour enfants"},"content":{"rendered":"<p>MiniYOGI est une collection de supports simples et ludiques con\u00e7ue sp\u00e9cialement pour initier les enfants au yoga. L&rsquo;objectif? Leur donner l&rsquo;occasion de d\u00e9couvrir, de rire et de se d\u00e9tendre autour du yoga.<\/p>\n<p>Que sont les MiniYogi cards? 50 cartes, inspir\u00e9es des animaux, pour jouer au yoga \u00e0 la maison, ou n&rsquo;importe o\u00f9 ! Des cartes qu&rsquo;on peut r\u00e9utiliser \u00e0 l&rsquo;infini et de plein de fa\u00e7ons diff\u00e9rentes: seul ou en groupe jusqu&rsquo;\u00e8 8, avec ou sans adulte, pendant quelques minutes ou plusieurs heures !<\/p>\n<p>Les MiniYogi Cards sont aussi une source d&rsquo;inspiration et des outils g\u00e9niaux pour les profs de yoga, les enseignants en \u00e9coles et les \u00e9ducatrices et \u00e9ducateurs en cr\u00e8ches. Elles sont conseill\u00e9es \u00e0 partir de 3 ans et jusqu&rsquo;\u00e0 12 ans &#8211; pourquoi pas plus d&rsquo;ailleurs ?<\/p>\n<p>Chaque bo\u00eete contient ce petit tr\u00e9sor \u00e0 emmener partout avec vous:<\/p>\n<ul>\n<li>50 cartes illustr\u00e9es correspondant \u00e0 des postures de yoga, avec un guidage \u00e9tape par \u00e9tape et des explications sur les b\u00e9n\u00e9fices<\/li>\n<li>8 familles de cartes : stretcher, sourire, r\u00eaver, renforcer&#8230;<\/li>\n<li>1 double carte d&rsquo;instructions faciles \u00e0 comprendre \u00e0 tous les \u00e2ges<\/li>\n<\/ul>\n<p>On va jouer ? Les cartes MiniYogi sont disponibles en Fran\u00e7ais ou en Anglais. Une belle occasion pour r\u00e9viser notre vocabulaire et en apprendre plus, \u00e0 tous les \u00e2ges.<\/p>\n<p>Pour jouer encore plus souvent et stimuler la cr\u00e9ativit\u00e9 des petits (et des grands), d\u00e9couvrez aussi sur notre Shop les <a href=\"https:\/\/www.yoga-nest.com\/produit\/livre-yoga-pour-enfants\/\">3 livres pour enfants de MiniYOGI<\/a>, disponibles actuellement en fran\u00e7ais.<\/p>\n<p>Nous vous souhaitons de belles d\u00e9couvertes, de bonnes pratiques de yoga et surtout beaucoup de rire entre enfants et en famille.<\/p>\n<p>[accordion title=\u00a0\u00bb\u00a0\u00bb open1st=\u00a0\u00bb0&Prime; openAll=\u00a0\u00bb0&Prime;][accordion_item title=\u00a0\u00bbEntretien\u00a0\u00bb]<\/p>\n<p>N\/A<\/p>\n<p>[\/accordion_item][\/accordion]<\/p>\n<p>[accordion title=\u00a0\u00bb\u00a0\u00bb open1st=\u00a0\u00bb0&Prime; openAll=\u00a0\u00bb0&Prime;][accordion_item title=\u00a0\u00bbTypes d&rsquo;activit\u00e9s\u00a0\u00bb]<\/p>\n<p>Yoga pour enfants, Yoga en famille, F\u00eates d&rsquo;anniversaire, Yoga en voyage, Initiation \u00e0 la m\u00e9ditation, Exercices de respiration (Pranayamas)<\/p>\n<p>[\/accordion_item][\/accordion]<\/p>\n<p>[accordion title=\u00a0\u00bb\u00a0\u00bb open1st=\u00a0\u00bb0&Prime; openAll=\u00a0\u00bb0&Prime;][accordion_item title=\u00a0\u00bbPourquoi on adore ce produit\u00a0\u00bb]<\/p>\n<p>On voit tout de suite que Sophie a mis toute son exp\u00e9rience pratique de maman et d&rsquo;instructeur de yoga dans la cr\u00e9ation de ce jeu de cartes !<\/p>\n<p>Astucieux, cr\u00e9atif, on peut s&rsquo;en servir de 1001 fa\u00e7ons et nos enfants ne s&rsquo;en lassent jamais. D&rsquo;ailleurs, les MINIYOGI Cards sont tout en haut sur la liste des choses \u00e0 ne pas oublier quand on part en weekend ou en vacances.<\/p>\n<p>On adore voir les enfants s&rsquo;amuser avec. Nous les adultes, soit on participe aussi, soit on prend le r\u00f4le de photographe ou cam\u00e9ra(wo)man pour prolonger le fun !<\/p>\n<p>[\/accordion_item][\/accordion]<\/p>\n<p>[accordion title=\u00a0\u00bb\u00a0\u00bb open1st=\u00a0\u00bb0&Prime; openAll=\u00a0\u00bb0&Prime; style=\u00a0\u00bb\u00a0\u00bb][accordion_item title=\u00a0\u00bbPaiement, livraison &amp; retours\u00a0\u00bb]<br \/>\nPour les informations sur les alternatives de paiement, de livraison et les retours, merci de cliquer <a class=\"linkcgv\" href=\"https:\/\/www.yoga-nest.com\/paiement-livraison-retours\/\" target=\"_blank\" rel=\"noopener\">ICI<\/a><br \/>\n[\/accordion_item][\/accordion]<\/p>\n<p>&nbsp;<\/p>\n<p><span style=\"color: #b01da4;\"><b>La marque<\/b><\/span><\/p>\n<p><b>MiniYOGI &#8211; Des livres cr\u00e9\u00e9s par et pour les enfants !<\/b><\/p>\n<p>M\u00e8re de 3 filles et ex-coll\u00e8gue de Laurence \u00e0 Singapour, Sophie s&rsquo;adonne depuis plusieurs ann\u00e9es \u00e0 ses plus grandes passions : les enfants et le yoga. Elle enseigne\u00a0\u00e0 ses \u00e9l\u00e8ves le plaisir, le bonheur, la paix et la relaxation que procure la pratique du yoga.<\/p>\n<p>Professeur de yoga qualifi\u00e9e et certifi\u00e9e pour adultes, femmes enceintes et enfants, elle voulu cr\u00e9er une livre pour rendre \u00a0accessible \u00e0 la maison ou n&rsquo;importe sa conception du\u00a0\u00ab\u00a0monde\u00a0\u00bb du yoga pour enfants, doux, color\u00e9 et spontan\u00e9. Les enfants se transforment volontiers en chats, en guerriers et en flamants roses&#8230; Les parents lui demandaient souvent des conseils et des astuces sur la fa\u00e7on d&rsquo;int\u00e9grer le yoga dans leur foyer, Sophie a collabor\u00e9 avec de talentueux illustrateurs et graphistes pour cr\u00e9er cet univers MiniYOGI inspirant.<\/p>\n<p>&nbsp;<\/p>\n","protected":false},"excerpt":{"rendered":"<p>50 cartes de jeu avec lesquels les petits et les grands vont se stretcher, se renforcer et d\u00e9velopper leur \u00e9quilibre en riant, Les fa\u00e7ons ce jouer sont illimit\u00e9es, beaucoup d&rsquo;id\u00e9es sont propos\u00e9es dans les instructions et chacun peut ensuite laisser aller sa cr\u00e9ativit\u00e9&#8230; les enfants sont si forts pour \u00e7a !<\/p>\n<p>Un must \u00e0 emmener partout o\u00f9 va la famille, pour faire d\u00e9couvrir le yoga aux enfants d\u00e8s 3 ans ou tout simplement pour s&rsquo;amuser en d\u00e9couvrant de fa\u00e7on simple et ludique son corps et sa respiration.<\/p>\n<p>Les MiniYogi Cards sont pour l&rsquo;instant disponibles en ANGLAIS.<\/p>\n<p>&nbsp;<\/p>\n<p class=\"manquante\" style=\"text-align: center;\">Mod\u00e8le manquant ? <a href=\"mailto:serviceclients@yoga-nest.com\">Contactez-nous<\/a><\/p>\n","protected":false},"featured_media":778,"comment_status":"open","ping_status":"open","template":"","meta":[],"product_cat":[84,44,45,20,47,48],"product_tag":[123],"_links":{"self":[{"href":"https:\/\/yoganest.vaniseo.pro\/index.php\/wp-json\/wp\/v2\/product\/997"}],"collection":[{"href":"https:\/\/yoganest.vaniseo.pro\/index.php\/wp-json\/wp\/v2\/product"}],"about":[{"href":"https:\/\/yoganest.vaniseo.pro\/index.php\/wp-json\/wp\/v2\/types\/product"}],"replies":[{"embeddable":true,"href":"https:\/\/yoganest.vaniseo.pro\/index.php\/wp-json\/wp\/v2\/comments?post=997"}],"wp:featuredmedia":[{"embeddable":true,"href":"https:\/\/yoganest.vaniseo.pro\/index.php\/wp-json\/wp\/v2\/media\/778"}],"wp:attachment":[{"href":"https:\/\/yoganest.vaniseo.pro\/index.php\/wp-json\/wp\/v2\/media?parent=997"}],"wp:term":[{"taxonomy":"product_cat","embeddable":true,"href":"https:\/\/yoganest.vaniseo.pro\/index.php\/wp-json\/wp\/v2\/product_cat?post=997"},{"taxonomy":"product_tag","embeddable":true,"href":"https:\/\/yoganest.vaniseo.pro\/index.php\/wp-json\/wp\/v2\/product_tag?post=997"}],"curies":[{"name":"wp","href":"https:\/\/api.w.org\/{rel}","templated":true}]}}