{"id":745,"date":"2021-04-12T16:28:02","date_gmt":"2021-04-12T14:28:02","guid":{"rendered":"https:\/\/yoganest.vaniseo.pro\/index.php\/product\/livre-yoga-pour-enfants\/"},"modified":"2024-03-06T15:41:17","modified_gmt":"2024-03-06T14:41:17","slug":"livre-yoga-pour-enfants","status":"publish","type":"product","link":"https:\/\/yoganest.vaniseo.pro\/index.php\/product\/livre-yoga-pour-enfants\/","title":{"rendered":"Livre | Yoga pour enfants"},"content":{"rendered":"<p>MiniYOGI est une collection de livres d&rsquo;activit\u00e9s color\u00e9s pour initier les enfants (5-12 ans) au yoga. L&rsquo;approche est simple et ludique: donner aux enfants l&rsquo;occasion d&rsquo;apprendre, de s&rsquo;amuser et de se d\u00e9tendre autour du yoga.<\/p>\n<p>YOGANEST vous propose 3 volumes \u00ab\u00a0La l\u00e9gende de l&rsquo;\u00e9l\u00e9phant\u00a0\u00bb, \u00ab\u00a0L\u00a0\u00bb\u00e9quilibre du flamant rose\u00a0\u00bb et \u00ab\u00a0La force du lion\u00a0\u00bb.\u00a0Au fil du livre, les petits pratiqueront des exercices de yoga et de respiration avec un \u00e9l\u00e9phant massif et sage, un flamant rose \u00e9l\u00e9gant et stable ou un lion costaud et rassurant. Ils s&rsquo;amuseront en d\u00e9couvrant l&rsquo;histoire du yoga ainsi que leur corps. MiniYOGI propose aussi des techniques de relaxation &#8211; pour que les enfants soient heureux et plus d\u00e9tendus!<\/p>\n<p>Chaque livre inclus 4 cartes de yoga.\u00a0Les 3 volumes sont disponibles en \u00e9dition fran\u00e7ais et anglais.<\/p>\n<p>Pour jouer encore plus souvent et diff\u00e9remment, d\u00e9couvrez sur notre Shop une autre cr\u00e9ation de MiniYOGI, le Set de cartes disponible en fran\u00e7ais ou anglais !<\/p>\n<p>Bonne lecture et bonne pratique !<\/p>\n<p>[accordion title=\u00a0\u00bb\u00a0\u00bb open1st=\u00a0\u00bb0&Prime; openAll=\u00a0\u00bb0&Prime;][accordion_item title=\u00a0\u00bbEntretien\u00a0\u00bb]<\/p>\n<p>N\/A<\/p>\n<p>[\/accordion_item][\/accordion]<\/p>\n<p>[accordion title=\u00a0\u00bb\u00a0\u00bb open1st=\u00a0\u00bb0&Prime; openAll=\u00a0\u00bb0&Prime;][accordion_item title=\u00a0\u00bbTypes d&rsquo;activit\u00e9s\u00a0\u00bb]<\/p>\n<p>Yoga pour enfants, Yoga en famille, F\u00eates d&rsquo;anniversaire, Yoga en voyage, Initiation \u00e0 la m\u00e9ditation, Exercices de respiration (Pranayamas)<\/p>\n<p>[\/accordion_item][\/accordion]<\/p>\n<p>[accordion title=\u00a0\u00bb\u00a0\u00bb open1st=\u00a0\u00bb0&Prime; openAll=\u00a0\u00bb0&Prime;][accordion_item title=\u00a0\u00bbPourquoi on adore ce produit\u00a0\u00bb]<\/p>\n<p>En le d\u00e9couvrant, on voit tout de suite que Sophie a mis toute son exp\u00e9rience pratique de maman et d&rsquo;instructeur de yoga dans la cr\u00e9ation de ce livre!<\/p>\n<p>Facile \u00e0 utiliser, avec les parents, avec des copains ou seul selon l&rsquo;\u00e2ge de l&rsquo;enfant et son temp\u00e9rament, il est r\u00e9utilisable et devient vite le petit livre \u00e0 mettre toujours dans le sac de votre enfant ou le v\u00f4tre.<\/p>\n<p>On aime qu&rsquo;il soit \u00e0 l&rsquo;image de nos enfants, un m\u00e9lange de fun, de p\u00e9tillance et de calme.<\/p>\n<p>[\/accordion_item][\/accordion]<\/p>\n<p>[accordion title=\u00a0\u00bb\u00a0\u00bb open1st=\u00a0\u00bb0&Prime; openAll=\u00a0\u00bb0&Prime; style=\u00a0\u00bb\u00a0\u00bb][accordion_item title=\u00a0\u00bbPaiement, livraison &amp; retours\u00a0\u00bb]<br \/>\nPour les informations sur les alternatives de paiement, de livraison et les retours, merci de cliquer <a class=\"linkcgv\" href=\"https:\/\/www.yoga-nest.com\/paiement-livraison-retours\/\" target=\"_blank\" rel=\"noopener\">ICI<\/a><br \/>\n[\/accordion_item][\/accordion]<\/p>\n<p><span style=\"color: #b01da4;\"><b>La marque<\/b><\/span><\/p>\n<p><b>MiniYOGI &#8211; Des livres cr\u00e9\u00e9s par et pour les enfants !<\/b><\/p>\n<p>M\u00e8re de 3 filles et ex-coll\u00e8gue de Laurence \u00e0 Singapour, Sophie s&rsquo;adonne depuis plusieurs ann\u00e9es \u00e0 ses plus grandes passions : les enfants et le yoga. Elle enseigne\u00a0\u00e0 ses \u00e9l\u00e8ves le plaisir, le bonheur, la paix et la relaxation que procure la pratique du yoga.<\/p>\n<p>Professeur de yoga qualifi\u00e9e et certifi\u00e9e pour adultes, femmes enceintes et enfants, elle voulu cr\u00e9er une livre pour rendre \u00a0accessible \u00e0 la maison ou n&rsquo;importe sa conception du\u00a0\u00ab\u00a0monde\u00a0\u00bb du yoga pour enfants, doux, color\u00e9 et spontan\u00e9. Les enfants se transforment volontiers en chats, en guerriers et en flamants roses&#8230; Les parents lui demandaient souvent des conseils et des astuces sur la fa\u00e7on d&rsquo;int\u00e9grer le yoga dans leur foyer, Sophie a collabor\u00e9 avec de talentueux illustrateurs et graphistes pour cr\u00e9er cet univers MiniYOGI inspirant.<\/p>\n<p>&nbsp;<\/p>\n","protected":false},"excerpt":{"rendered":"<p>MiniYOGI propose ces 3 livres d&rsquo;activit\u00e9s color\u00e9s et pleins de bonnes id\u00e9es pour initier les enfants de 5 \u00e0 12 ans \u00e0 l&rsquo;univers du yoga. En s&rsquo;amusant et en suivant les activit\u00e9s vari\u00e9es propos\u00e9es dans le livre, ils se relaxent, d\u00e9couvrent leur corps, leur respiration et se sentent bien.<\/p>\n<p>&nbsp;<\/p>\n<p class=\"manquante\" style=\"text-align: center;\">Mod\u00e8le manquant ? <a href=\"mailto:serviceclients@yoga-nest.com\">Contactez-nous<\/a><\/p>\n","protected":false},"featured_media":746,"comment_status":"open","ping_status":"open","template":"","meta":[],"product_cat":[],"product_tag":[],"_links":{"self":[{"href":"https:\/\/yoganest.vaniseo.pro\/index.php\/wp-json\/wp\/v2\/product\/745"}],"collection":[{"href":"https:\/\/yoganest.vaniseo.pro\/index.php\/wp-json\/wp\/v2\/product"}],"about":[{"href":"https:\/\/yoganest.vaniseo.pro\/index.php\/wp-json\/wp\/v2\/types\/product"}],"replies":[{"embeddable":true,"href":"https:\/\/yoganest.vaniseo.pro\/index.php\/wp-json\/wp\/v2\/comments?post=745"}],"wp:featuredmedia":[{"embeddable":true,"href":"https:\/\/yoganest.vaniseo.pro\/index.php\/wp-json\/wp\/v2\/media\/746"}],"wp:attachment":[{"href":"https:\/\/yoganest.vaniseo.pro\/index.php\/wp-json\/wp\/v2\/media?parent=745"}],"wp:term":[{"taxonomy":"product_cat","embeddable":true,"href":"https:\/\/yoganest.vaniseo.pro\/index.php\/wp-json\/wp\/v2\/product_cat?post=745"},{"taxonomy":"product_tag","embeddable":true,"href":"https:\/\/yoganest.vaniseo.pro\/index.php\/wp-json\/wp\/v2\/product_tag?post=745"}],"curies":[{"name":"wp","href":"https:\/\/api.w.org\/{rel}","templated":true}]}}