{"id":683,"date":"2021-04-07T04:13:40","date_gmt":"2021-04-07T02:13:40","guid":{"rendered":"https:\/\/yoganest.vaniseo.pro\/index.php\/product\/chaussettes-antiderapantes-orteils-separes\/"},"modified":"2024-03-06T15:56:46","modified_gmt":"2024-03-06T14:56:46","slug":"chaussettes-antiderapantes-orteils-separes","status":"publish","type":"product","link":"https:\/\/yoganest.vaniseo.pro\/index.php\/product\/chaussettes-antiderapantes-orteils-separes\/","title":{"rendered":"Chaussettes antid\u00e9rapantes | Orteils s\u00e9par\u00e9s"},"content":{"rendered":"<p>Pour une meilleure stabilit\u00e9 et un bon \u00e9quilibre pendant vos postures de yoga (asanas), portez ces chaussettes de yoga antid\u00e9rapantes. Elles contribuent \u00e9galement \u00e0 garder les pieds propres, les prot\u00e9geant contre les bact\u00e9ries et autres surfaces sales tout en contribuant \u00e0 vote style.<\/p>\n<p>Antid\u00e9rapant sur toutes les surfaces, ce mod\u00e8le de chaussettes de yoga Moonchild adopte une coupe basse.<\/p>\n<p>Elles poss\u00e8dent un design original et \u00e9l\u00e9gant et vous permettent de rester dans le confort et de garder vos pieds au chaud, tout en offrant une grande libert\u00e9 de mouvement \u00e0 chaque orteil. Les <strong>chaussettes \u00e0 doigts<\/strong> ont l\u2019avantage de vous permettre de ressentir vos appuis. Elles aident ainsi \u00e0 bien stabiliser les postures et les tenir dans la dur\u00e9e.<\/p>\n<p>Et pour ajouter un argument \u00e0 leur fonctionnalit\u00e9, les chaussettes de yoga Moonchild sont fabriqu\u00e9es avec du coton biologique pour une mode plus durable.<\/p>\n<p>Selon les coloris et les pointures, elles sont disponibles en coupe <strong>orteils couverts ou mi-ouverts<\/strong>.<\/p>\n<p>[accordion title=\u00a0\u00bb\u00a0\u00bb open1st=\u00a0\u00bb0&Prime; openAll=\u00a0\u00bb0&Prime;][accordion_item title=\u00a0\u00bbEntretien\u00a0\u00bb]<\/p>\n<p>Voici quelques conseils pour laver et entretenir le plus longtemps possible vos chaussettes\u00a0:<\/p>\n<ul>\n<li>Lavez en machine \u00e0 une temp\u00e9rature maximale de 30\u00b0 ou \u00e0 la main \u00e0 l&rsquo;eau froide<\/li>\n<li>Suspendez-les et faites-les s\u00e9cher \u00e0 l&rsquo;air libre<\/li>\n<li>Ne pas mettre au s\u00e8che-linge<\/li>\n<li>N&rsquo;utilisez pas d&rsquo;agent de blanchiment ou d&rsquo;adoucissant<\/li>\n<li>\u00c9vitez de repasser ou nettoyer \u00e0 sec les chaussettes Moonchild<\/li>\n<\/ul>\n<p>[\/accordion_item][\/accordion][accordion title=\u00a0\u00bb\u00a0\u00bb open1st=\u00a0\u00bb0&Prime; openAll=\u00a0\u00bb0&Prime;][accordion_item title=\u00a0\u00bbTypes d&rsquo;activit\u00e9s\u00a0\u00bb]<span lang=\"fr\">Pilates, Yin Yoga, Yoga Restauratif, Yoga Nidra, M\u00e9ditation, Mindfulness, Yoga a\u00e9rien, Acro yoga, Stretching<\/span><span lang=\"fr\">, Cocooning \u00e0 la maison<\/span>[\/accordion_item][\/accordion]<span style=\"font-weight: 400;\">[accordion title=\u00a0\u00bb\u00a0\u00bb open1st=\u00a0\u00bb0&Prime; openAll=\u00a0\u00bb0&Prime;][accordion_item title=\u00a0\u00bbPourquoi on adore ce produit\u00a0\u00bb]<\/span><\/p>\n<p>On adore ces chaussettes de yoga super originales et tellement utiles. Il faut les essayer pour comprendre les b\u00e9n\u00e9fices qu\u2019elles ajoutent \u00e0 nos s\u00e9ances.<\/p>\n<p>Pas besoin de choisir entre des pieds bien au chaud et une bonne adh\u00e9rence. C\u2019est un combo gagnant dont vous ne pourrez plus vous passer !<\/p>\n<p>On craque vraiment pour ces chaussettes amusantes et hyper fonctionnelles. Elles sont si confortables qu\u2019on peut finalement m\u00eame les porter chez soi pour une journ\u00e9e quel que soit notre programme, cocooning, t\u00e9l\u00e9travail ou les 2.<\/p>\n<p><span style=\"font-weight: 400;\">[\/accordion_item][\/accordion]<\/span>[accordion title=\u00a0\u00bb\u00a0\u00bb open1st=\u00a0\u00bb0&Prime; openAll=\u00a0\u00bb0&Prime; style=\u00a0\u00bb\u00a0\u00bb][accordion_item title=\u00a0\u00bbPaiement, livraison &amp; retours\u00a0\u00bb]Pour les informations sur les alternatives de paiement, de livraison et les retours, merci de cliquer <a class=\"linkcgv\" href=\"https:\/\/www.yoga-nest.com\/paiement-livraison-retours\/\" target=\"_blank\" rel=\"noopener\">ICI<\/a>.[\/accordion_item][\/accordion]<\/p>\n<p><span style=\"color: #b01da4;\"><b>La Marque<\/b><\/span><\/p>\n<p><b>Moonchild Yoga Wear &#8211; Une marque n\u00e9e au Danemark et soucieuse du monde<\/b><\/p>\n<p><span style=\"font-weight: 400;\">Cette marque familiale a \u00e9t\u00e9 fond\u00e9e au Danemark en 2015 par Louise Wang Nielsen. Les collections de v\u00eatements de yoga et de loungewear de Moonchild sont inspir\u00e9es des couleurs et des lumi\u00e8res de la nature scandinave m\u00e9lang\u00e9es \u00e0 un minimalisme magnifique et f\u00e9minin.<\/span><\/p>\n<p><a class=\"boutonmarque\" title=\"Moonchild\" href=\"http:\/\/yoga-nest.com\/moonchild\/\" target=\"_blank\" rel=\"noopener\">En savoir plus<\/a><\/p>\n","protected":false},"excerpt":{"rendered":"<p>Mod\u00e8le de chaussettes antid\u00e9rapantes et fines \u00e0 orteils s\u00e9par\u00e9s pour la pratique du yoga. Ces chaussettes basses montent juste jusqu&rsquo;\u00e0 la cheville. Elles sont \u00e9quip\u00e9es de picots antid\u00e9rapants en silicone de diverses tailles procurant une fixation extr\u00eame.<\/p>\n<p>Elles sont appropri\u00e9es pour la danse, le yoga, le pilates et la gym.<\/p>\n<p>Offrant une libert\u00e9 du pied et de l&rsquo;hygi\u00e8ne sur les tapis de yoga, ces chaussettes 5 doigts sont parfaites pour faire travailler les cha\u00eenes musculaires jusqu&rsquo;au bout des orteils. Et selon votre pr\u00e9f\u00e9rence, vous choisissez d&rsquo;englober compl\u00e8tement les orteils dans la chaussette ou de laisser les orteils nus (mi-ouverts), le contact avec le tapis sera diff\u00e9rent.<\/p>\n<p>Les chaussettes antid\u00e9rapantes de Moonchild sont fabriqu\u00e9es avec des fils de coton organique certifi\u00e9 GOTS et ont un design \u00e0 cinq orteils pour un maximum de contr\u00f4le et de libert\u00e9 pendant votre pratique.<\/p>\n<p>&nbsp;<\/p>\n<p>[button title=\u00a0\u00bbGuide des tailles\u00a0\u00bb link=\u00a0\u00bbhttps:\/\/www.yoga-nest.com\/tailles\u00a0\u00bb target=\u00a0\u00bb_blank\u00a0\u00bb align=\u00a0\u00bbcenter\u00a0\u00bb icon=\u00a0\u00bb\u00a0\u00bb icon_position=\u00a0\u00bb\u00a0\u00bb color=\u00a0\u00bb\u00a0\u00bb font_color=\u00a0\u00bb\u00a0\u00bb size=\u00a0\u00bb2&Prime; full_width=\u00a0\u00bb\u00a0\u00bb class=\u00a0\u00bbbouttontaille\u00a0\u00bb download=\u00a0\u00bb\u00a0\u00bb rel=\u00a0\u00bb\u00a0\u00bb]<\/p>\n<p>&nbsp;<\/p>\n<p class=\"manquante\" style=\"text-align: center;\">Taille ou couleur manquante ? <a href=\"mailto:serviceclients@yoga-nest.com\">Contactez-nous<\/a><\/p>\n","protected":false},"featured_media":684,"comment_status":"open","ping_status":"open","template":"","meta":[],"product_cat":[74,64],"product_tag":[81],"_links":{"self":[{"href":"https:\/\/yoganest.vaniseo.pro\/index.php\/wp-json\/wp\/v2\/product\/683"}],"collection":[{"href":"https:\/\/yoganest.vaniseo.pro\/index.php\/wp-json\/wp\/v2\/product"}],"about":[{"href":"https:\/\/yoganest.vaniseo.pro\/index.php\/wp-json\/wp\/v2\/types\/product"}],"replies":[{"embeddable":true,"href":"https:\/\/yoganest.vaniseo.pro\/index.php\/wp-json\/wp\/v2\/comments?post=683"}],"wp:featuredmedia":[{"embeddable":true,"href":"https:\/\/yoganest.vaniseo.pro\/index.php\/wp-json\/wp\/v2\/media\/684"}],"wp:attachment":[{"href":"https:\/\/yoganest.vaniseo.pro\/index.php\/wp-json\/wp\/v2\/media?parent=683"}],"wp:term":[{"taxonomy":"product_cat","embeddable":true,"href":"https:\/\/yoganest.vaniseo.pro\/index.php\/wp-json\/wp\/v2\/product_cat?post=683"},{"taxonomy":"product_tag","embeddable":true,"href":"https:\/\/yoganest.vaniseo.pro\/index.php\/wp-json\/wp\/v2\/product_tag?post=683"}],"curies":[{"name":"wp","href":"https:\/\/api.w.org\/{rel}","templated":true}]}}