{"id":641,"date":"2021-04-07T02:39:58","date_gmt":"2021-04-07T00:39:58","guid":{"rendered":"https:\/\/yoganest.vaniseo.pro\/index.php\/product\/legging-modele-lunar-lux\/"},"modified":"2024-03-06T15:39:12","modified_gmt":"2024-03-06T14:39:12","slug":"legging-modele-lunar-lux","status":"publish","type":"product","link":"https:\/\/yoganest.vaniseo.pro\/index.php\/product\/legging-modele-lunar-lux\/","title":{"rendered":"Legging | mod\u00e8le Lunar Luxe"},"content":{"rendered":"<p><span style=\"font-weight: 400;\">Le legging Lunar Luxe de Moonchild est un pantalon de sport super confortable au design f\u00e9minin et minimaliste. Il est dot\u00e9 d&rsquo;un large \u00e9lastique au niveau du tour de taille et d&rsquo;une coupe moulante taille haute.<\/span><\/p>\n<p><span style=\"font-weight: 400;\">Sa mati\u00e8re agr\u00e9able est parfaite pour le yoga, le Pilates ou votre s\u00e9ance d&rsquo;entra\u00eenement pr\u00e9f\u00e9r\u00e9e. Ce produit est doux, tr\u00e8s confortable et fabriqu\u00e9 \u00e0 l\u2019aide de mati\u00e8res recycl\u00e9es. Gr\u00e2ce \u00e0 son design simple, il peut parfaitement \u00eatre assorti \u00e0 tout type de t-shirt, top, haut, brassi\u00e8re.<\/span><\/p>\n<p><span style=\"font-weight: 400;\">Il est parfait pour vos s\u00e9ances de sport et peut \u00e9galement \u00eatre utilis\u00e9 dans la vie de tous les jours, pour une journ\u00e9e tranquille \u00e0 la maison comme pour une balade en ext\u00e9rieur. Choisi dans une plus grande taille, il offrira l\u2019espace et le soutien n\u00e9cessaire aux ventres bien ronds des futures mamans.<\/span><\/p>\n<p><span style=\"font-weight: 400;\">Il s\u2019accorde avec un sweat pour un style sportswear tout aussi bien qu&rsquo;avec un pull en laine ou un haut col roul\u00e9 pour un style cocooning. Son confort incroyable vous donnera envie de l\u2019enfiler tous les matins en sortant de votre lit.<\/span><\/p>\n<p><span style=\"font-weight: 400;\">Ce legging associe design, confort et qualit\u00e9. Il est con\u00e7u avec le tissu recycl\u00e9 le plus doux, certifi\u00e9 bluesign\u00ae.<\/span>[accordion title=\u00a0\u00bb\u00a0\u00bb open1st=\u00a0\u00bb0&Prime; openAll=\u00a0\u00bb0&Prime;][accordion_item title=\u00a0\u00bbEntretien\u00a0\u00bb]<span style=\"font-weight: 400;\">Prendre soin de vos v\u00eatements de yoga leur assure une plus grande long\u00e9vit\u00e9. Voici quelques-uns de nos conseils pour laver et prendre soin de vos habits de sport :<\/span><\/p>\n<ul>\n<li style=\"font-weight: 400;\" aria-level=\"1\"><span style=\"font-weight: 400;\">Lavez en machine \u00e0 30 degr\u00e9s ou \u00e0 la main \u00e0 l&rsquo;eau froide<\/span><\/li>\n<li style=\"font-weight: 400;\" aria-level=\"1\"><span style=\"font-weight: 400;\">N&rsquo;utilisez pas le s\u00e8che-linge, suspendez vos v\u00eatements \u00e0 l&rsquo;air libre pour les faire s\u00e9cher<\/span><\/li>\n<li style=\"font-weight: 400;\" aria-level=\"1\"><span style=\"font-weight: 400;\">Ne pas utiliser d&rsquo;eau de Javel ou d\u2019adoucissant<\/span><\/li>\n<li style=\"font-weight: 400;\" aria-level=\"1\"><span style=\"font-weight: 400;\">Evitez de les repasser ou de les nettoyer \u00e0 sec<\/span>[\/accordion_item][\/accordion][accordion title=\u00a0\u00bb\u00a0\u00bb open1st=\u00a0\u00bb0&Prime; openAll=\u00a0\u00bb0&Prime;][accordion_item title=\u00a0\u00bbTypes d&rsquo;activit\u00e9s\u00a0\u00bb]Pilates, Yin yoga, Restorative yoga, Yang yoga, Hatha yoga, yoga Flow, Vinyasa yoga, Ashtanga yoga, Power yoga, yoga Nidra, M\u00e9ditation, Mindfulness, Iyengar yoga, Yoga a\u00e9rien, Acro yoga, Yoga en plein air, Yoga en voyage, Automassage myofascial, Stretching, Workout, Gymnastique, Fitness, Crossfit, Sports en ext\u00e9rieur (bootcamp, running, course \u00e0 pied, marche nordique, randonn\u00e9e, v\u00e9lo, grimpe,&#8230;), Cocooning \u00e0 la maison[\/accordion_item][\/accordion][accordion title=\u00a0\u00bb\u00a0\u00bb open1st=\u00a0\u00bb0&Prime; openAll=\u00a0\u00bb0&Prime;][accordion_item title=\u00a0\u00bbPourquoi on adore ce produit\u00a0\u00bb]<\/li>\n<\/ul>\n<p><span style=\"font-weight: 400;\">On adore ce legging qui nous offre une seconde peau pour toutes les activit\u00e9s de notre quotidien. Lors de nos essais nous avons pu constater que le maintien \u00e9tait incroyable et qu\u2019il absorbait \u00e0 merveille la transpiration.<\/span><\/p>\n<p><span style=\"font-weight: 400;\">Le plus difficile est de choisir sa couleur pr\u00e9f\u00e9r\u00e9e parmi la gamme moderne et originale propos\u00e9e. La derni\u00e8re cr\u00e9ation \u201cBurnt Sienna\u201d (couleur brique) est notre ton favori. On l\u2019accorde avec toutes les pi\u00e8ces de notre dressing.<\/span><\/p>\n<p><span style=\"font-weight: 400;\">Sa longueur juste au-dessus de la cheville est id\u00e9ale pour \u00eatre port\u00e9e avec des baskets, espadrilles ou tongs sur le chemin du studio et de la salle de sport. C&rsquo;est le compagnon de toutes vos activit\u00e9s, yin et yang, \u00e0 l&rsquo;int\u00e9rieur comme \u00e0 l&rsquo;ext\u00e9rieur.\u00a0<\/span><\/p>\n<p><span style=\"font-weight: 400;\">Facile \u00e0 accorder avec le Lunar Lux Bra top, le Seamless Zen top et le Seamless Crop Top, pour une tenue de sport \u00e0 la pointe de la mode. Que ce soit pour aller \u00e0 la salle de sport ou simplement pour \u00eatre d\u00e9contract\u00e9e \u00e0 la maison, c\u2019est le produit \u00e0 avoir dans son armoire.\u00a0<\/span>[\/accordion_item][\/accordion][accordion title=\u00a0\u00bb\u00a0\u00bb open1st=\u00a0\u00bb0&Prime; openAll=\u00a0\u00bb0&Prime; style=\u00a0\u00bb\u00a0\u00bb][accordion_item title=\u00a0\u00bbPaiement, livraison &amp; retours\u00a0\u00bb]Pour les informations sur les alternatives de paiement, de livraison et les retours, merci de cliquer <a class=\"linkcgv\" href=\"https:\/\/www.yoga-nest.com\/paiement-livraison-retours\/\" target=\"_blank\" rel=\"noopener\">ICI<\/a>.[\/accordion_item][\/accordion]<\/p>\n<p><span style=\"color: #b01da4;\"><b>La Marque<\/b><\/span><\/p>\n<p><b>Moonchild Yoga Wear &#8211; Une marque n\u00e9e au Danemark et soucieuse du monde<\/b><\/p>\n<p><span style=\"font-weight: 400;\">Cette marque familiale a \u00e9t\u00e9 fond\u00e9e au Danemark en 2015 par Louise Wang Nielsen. Les collections de v\u00eatements de yoga et de loungewear de Moonchild sont inspir\u00e9es des couleurs et des lumi\u00e8res de la nature scandinave m\u00e9lang\u00e9es \u00e0 un minimalisme magnifique et f\u00e9minin.<\/span><\/p>\n<p><a class=\"boutonmarque\" title=\"Moonchild\" href=\"http:\/\/yoga-nest.com\/moonchild\/\" target=\"_blank\" rel=\"noopener\">En savoir plus<\/a><\/p>\n","protected":false},"excerpt":{"rendered":"<p><span style=\"font-weight: 400;\">Le legging Lunar Luxe s\u2019arr\u00eate quelques centim\u00e8tres au-dessus de la cheville. Sa taille haute avec un \u00e9lastique haut au niveau des hanches vous assure une tenue optimale.\u00a0<\/span><\/p>\n<p><span style=\"font-weight: 400;\">Fabriqu\u00e9 \u00e0 partir de tissus tr\u00e8s doux et recycl\u00e9s, certifi\u00e9s bluesign\u00ae, le legging Lunar Luxe de Moonchild est si confortable que vous ne ressentirez m\u00eame pas le tissu sur votre peau. Vous n\u2019aurez ainsi \u00e0 penser qu\u2019\u00e0 votre pratique. Le mat\u00e9riau recycl\u00e9 super agr\u00e9able est parfait pour le yoga, le Pilates ou quelque soit votre s\u00e9ance d&rsquo;entra\u00eenement pr\u00e9f\u00e9r\u00e9e.<\/span><\/p>\n<p><strong><span style=\"font-weight: 400;\"><strong>La longueur des jambes est variable selon les couleurs: 28&Prime; pour les Sable, Vert olive et Figue. 26&Prime; pour les Noir, Marine, Rouge persan, Terre de Sienne et Vert \u00e9meraude.<\/strong> L\u00e9g\u00e8rement plus court, le 26&Prime; (\u00e9galement d\u00e9sign\u00e9 par \u00ab\u00a07\/8\u00e8me) s&rsquo;arr\u00eatera pour la plupart des morphologies juste au-dessus de la cheville.<\/span><\/strong><\/p>\n<p><span style=\"font-weight: 400;\">Moonchild Yoga Wear a con\u00e7u ce legging pour donner du pouvoir aux femmes gr\u00e2ce \u00e0 son design simple, monochrome et f\u00e9minin, id\u00e9al pour se sentir \u00e0 l\u2019aise en toute situation. Disponible en plusieurs couleurs, \u00e0 vous de choisir votre pr\u00e9f\u00e9r\u00e9e. <strong>Plusieurs\u00a0autres coloris sont disponibles \u00e0 notre Boutique \u00e0 Gen\u00e8ve, contactez-nous<\/strong> par email ou t\u00e9l\u00e9phone pour les commander!<\/span><\/p>\n<p>&nbsp;<\/p>\n<p>[button title=\u00a0\u00bbGuide des tailles\u00a0\u00bb link=\u00a0\u00bbhttps:\/\/www.yoga-nest.com\/tailles\u00a0\u00bb target=\u00a0\u00bb_blank\u00a0\u00bb align=\u00a0\u00bbcenter\u00a0\u00bb icon=\u00a0\u00bb\u00a0\u00bb icon_position=\u00a0\u00bb\u00a0\u00bb color=\u00a0\u00bb\u00a0\u00bb font_color=\u00a0\u00bb\u00a0\u00bb size=\u00a0\u00bb2&Prime; full_width=\u00a0\u00bb\u00a0\u00bb class=\u00a0\u00bbbouttontaille\u00a0\u00bb download=\u00a0\u00bb\u00a0\u00bb rel=\u00a0\u00bb\u00a0\u00bb]<\/p>\n<p>&nbsp;<\/p>\n<p class=\"manquante\" style=\"text-align: center;\">Taille ou couleur manquante ? <a href=\"mailto:serviceclients@yoga-nest.com\">Contactez-nous<\/a><\/p>\n","protected":false},"featured_media":642,"comment_status":"open","ping_status":"open","template":"","meta":[],"product_cat":[],"product_tag":[],"_links":{"self":[{"href":"https:\/\/yoganest.vaniseo.pro\/index.php\/wp-json\/wp\/v2\/product\/641"}],"collection":[{"href":"https:\/\/yoganest.vaniseo.pro\/index.php\/wp-json\/wp\/v2\/product"}],"about":[{"href":"https:\/\/yoganest.vaniseo.pro\/index.php\/wp-json\/wp\/v2\/types\/product"}],"replies":[{"embeddable":true,"href":"https:\/\/yoganest.vaniseo.pro\/index.php\/wp-json\/wp\/v2\/comments?post=641"}],"wp:featuredmedia":[{"embeddable":true,"href":"https:\/\/yoganest.vaniseo.pro\/index.php\/wp-json\/wp\/v2\/media\/642"}],"wp:attachment":[{"href":"https:\/\/yoganest.vaniseo.pro\/index.php\/wp-json\/wp\/v2\/media?parent=641"}],"wp:term":[{"taxonomy":"product_cat","embeddable":true,"href":"https:\/\/yoganest.vaniseo.pro\/index.php\/wp-json\/wp\/v2\/product_cat?post=641"},{"taxonomy":"product_tag","embeddable":true,"href":"https:\/\/yoganest.vaniseo.pro\/index.php\/wp-json\/wp\/v2\/product_tag?post=641"}],"curies":[{"name":"wp","href":"https:\/\/api.w.org\/{rel}","templated":true}]}}