{"id":640,"date":"2021-04-06T21:49:46","date_gmt":"2021-04-06T19:49:46","guid":{"rendered":"https:\/\/yoganest.vaniseo.pro\/index.php\/product\/bracelet-golden-bouddha\/"},"modified":"2024-03-06T14:44:42","modified_gmt":"2024-03-06T13:44:42","slug":"bracelet-golden-bouddha","status":"publish","type":"product","link":"https:\/\/yoganest.vaniseo.pro\/index.php\/product\/bracelet-golden-bouddha\/","title":{"rendered":"Bracelet | Golden Buddha"},"content":{"rendered":"<p><span style=\"font-weight: 400;\">Bracelet noble fait de pierres de lave avec un Buddha en or. Il convient aux hommes et aux femmes.\u00a0<\/span><\/p>\n<p><span style=\"font-weight: 400;\">Le bracelet Golden Buddha a une circonf\u00e9rence de 19 cm. Il est compos\u00e9 de pierres de lave et d&rsquo;une t\u00eate de Bouddha dor\u00e9e.<\/span><\/p>\n<p><span style=\"font-weight: 400;\">Le Bouddha est un puissant symbole Feng Shui de protection et d\u2019\u00e9quilibre spirituel. Il apporte joie, bonheur, soutien et prosp\u00e9rit\u00e9 \u00e0 tout ce qui l\u2019entoure. Il vous procurera une sensation de qui\u00e9tude et de d\u00e9tente absolue. C&rsquo;est un \u00ab\u00a0\u00eatre \u00e9veill\u00e9\u00a0\u00bb, qui a ouvert sa conscience et qui s&rsquo;est lib\u00e9r\u00e9 de toutes ses fautes et de toutes ses entraves. Le bouddha a une immense compassion et impartialit\u00e9. Il ne porte pas de jugement et apporte son aide \u00e0 ceux qui le demande sans aucune discrimination.<\/span><\/p>\n<p><span style=\"font-weight: 400;\">La pierre de lave est une pierre d&rsquo;enracinement reliant \u00e0 la terre. Elle assure une stabilit\u00e9 et une protection durant les p\u00e9riodes de changements et de doutes. Elle aide \u00e0 dissiper la col\u00e8re et donne la force mentale et physique face aux situations difficiles.<\/span><\/p>\n<p><span style=\"font-weight: 400;\">Les bienfaits du bracelet en pierre de lave sont nombreux. Tension nerveuse att\u00e9nu\u00e9e, d\u00e9tente musculaire et apaisement global du corps n\u2019en sont que quelques exemples. Sur le plan des \u00e9motions, il calme les col\u00e8res et apaise les temp\u00e9raments excit\u00e9s. L\u2019aspect rugueux de la pierre contraste avec la douceur et la chaleur qu\u2019elle contient. Elle apporte courage, confiance en soi et force.\u00a0<\/span><\/p>\n<p><span style=\"font-weight: 400;\">Ce beau bijou fantaisie agr\u00e9mentera avec \u00e9l\u00e9gance toutes vos tenues, tout en vous faisant profiter de tous ses bienfaits tout au long de la journ\u00e9e. Le Bouddha vous apportera son soutien spirituel en toute occasion.<\/span><\/p>\n<p>[accordion title=\u00a0\u00bb\u00a0\u00bb open1st=\u00a0\u00bb0&Prime; openAll=\u00a0\u00bb0&Prime;][accordion_item title=\u00a0\u00bbEntretien\u00a0\u00bb]<\/p>\n<p><span style=\"font-weight: 400;\">Si vous souhaitez nettoyer votre bijou, nous vous conseillons :<\/span><\/p>\n<ul>\n<li style=\"font-weight: 400;\" aria-level=\"1\"><span style=\"font-weight: 400;\">D&rsquo;utiliser de l&rsquo;eau ti\u00e8de et un peu de liquide vaisselle doux<\/span><\/li>\n<li style=\"font-weight: 400;\" aria-level=\"1\"><span style=\"font-weight: 400;\">D\u2019utiliser un chiffon fin qui ne gratte pas et ne peluche pas et\/ou une brosse \u00e0 dents souple pour frotter doucement le bijou<\/span><\/li>\n<li style=\"font-weight: 400;\" aria-level=\"1\"><span style=\"font-weight: 400;\">De rincer ensuite abondamment \u00e0 l&rsquo;eau courante jusqu&rsquo;\u00e0 ce qu&rsquo;il n&rsquo;y ait plus de r\u00e9sidus de savon<\/span><\/li>\n<li style=\"font-weight: 400;\" aria-level=\"1\"><span style=\"font-weight: 400;\">De finalement tapoter d\u00e9licatement et laisser s\u00e9cher.<\/span><\/li>\n<\/ul>\n<p><span style=\"font-weight: 400;\">Lorsque vous ne portez pas le bijou, conservez-le dans un endroit sec et \u00e0 l&rsquo;abri de la lumi\u00e8re.<\/span><\/p>\n<p><span style=\"font-weight: 400;\">Pour que vous puissiez profiter plus longtemps de vos bijoux, nous vous recommandons de toujours les enlever lorsque vous prenez une douche ou un bain. Il est \u00e9galement d\u00e9conseill\u00e9 de le porter \u00e0 la plage, dans de l&rsquo;eau sal\u00e9e ou chlor\u00e9e.<\/span><\/p>\n<p><span style=\"font-weight: 400;\">Il est \u00e9galement conseill\u00e9 d&rsquo;enlever ses bijoux lors de travaux physiques tels que le jardinage, le sport ou les travaux manuels, afin d&rsquo;\u00e9viter qu&rsquo;ils ne se salissent ou ne s&rsquo;accrochent \u00e0 quelque chose.<\/span><\/p>\n<p>[\/accordion_item][\/accordion]<\/p>\n<p>[accordion title=\u00a0\u00bb\u00a0\u00bb open1st=\u00a0\u00bb0&Prime; openAll=\u00a0\u00bb0&Prime; style=\u00a0\u00bb\u00a0\u00bb][accordion_item title=\u00a0\u00bbTypes d&rsquo;activit\u00e9s\u00a0\u00bb]<\/p>\n<p><span style=\"font-weight: 400;\">Yin yoga, Yoga restauratif, Yoga styles Yang (Hatha, Vinyasa-Flow, Ashtanga, Power&#8230;) Yoga nidra, M\u00e9ditation, Kundalini Yoga, Yoga Pr\u00e9natal, Yoga en plein air, Yoga en voyage, Mindfulness,Streetwear, Casual wear, En chemin vers le studio, Cocooning \u00e0 la maison<\/span><\/p>\n<p>[\/accordion_item][\/accordion]<\/p>\n<p>[accordion title=\u00a0\u00bb\u00a0\u00bb open1st=\u00a0\u00bb0&Prime; openAll=\u00a0\u00bb0&Prime; style=\u00a0\u00bb\u00a0\u00bb][accordion_item title=\u00a0\u00bbPourquoi on adore ce produit\u00a0\u00bb]<\/p>\n<p><span style=\"font-weight: 400;\">Fabriqu\u00e9 avec des pierres de lave, ce bracelet nous donne de la force et du courage. On appr\u00e9cie porter une pierre qui<\/span><span style=\"font-weight: 400;\"> poss\u00e8de de nombreuses vertus pour nous accompagner dans l\u2019instant pr\u00e9sent, dans la joie et la bonne humeur.<\/span><\/p>\n<p><span style=\"font-weight: 400;\">En plus de ses bienfaits, ce bijou est magnifique. Chacune de ses perles est unique. Le buddha est de couleur or. Cela donne de la luminosit\u00e9, de la positivit\u00e9.\u00a0<\/span><\/p>\n<p><span style=\"font-weight: 400;\">Le <\/span><a href=\"https:\/\/kingofbracelet.com\/collections\/bracelets-en-pierre-de-lave\"><span style=\"font-weight: 400;\">bracelet en pierre de lave<\/span><\/a><span style=\"font-weight: 400;\"> est un bijou tr\u00e8s appr\u00e9ci\u00e9 des hommes et des femmes pour son look \u00e0 la fois original et \u00e9l\u00e9gant. Il peut \u00eatre port\u00e9 pour toutes les occasions et est tr\u00e8s agr\u00e9able sur notre poignet.<\/span><\/p>\n<p>[\/accordion_item][\/accordion]<\/p>\n<p>[accordion title=\u00a0\u00bb\u00a0\u00bb open1st=\u00a0\u00bb0&Prime; openAll=\u00a0\u00bb0&Prime; style=\u00a0\u00bb\u00a0\u00bb][accordion_item title=\u00a0\u00bbPaiements, livraison &amp; retours\u00a0\u00bb]<\/p>\n<p>Pour les informations sur les alternatives de paiement, de livraison et les retours, merci de cliquer\u00a0<a class=\"linkcgv\" href=\"https:\/\/www.yoga-nest.com\/paiement-livraison-retours\/\" target=\"_blank\" rel=\"noopener\">ICI<\/a><\/p>\n<p>[\/accordion_item][\/accordion]<\/p>\n<p>[one]<\/p>\n<p><span style=\"color: #b01da4;\"><b>La Marque<\/b><\/span><\/p>\n<p><b>Yoga Boutique \u2013 Des articles pour le yoga exclusifs, fonctionnels et \u00e9thiques<\/b><\/p>\n<p><span style=\"font-weight: 400;\">Yoga Boutique est une <\/span><b>start-up familiale suisse<\/b><span style=\"font-weight: 400;\">, n\u00e9e en 2018. Leur gamme est soigneusement s\u00e9lectionn\u00e9e : <\/span><b>tapis de yoga fabriqu\u00e9s \u00e0 partir de mat\u00e9riaux durables, beaux coussins de m\u00e9ditation, v\u00eatements de yoga super confortables pour tous. <\/b><span style=\"font-weight: 400;\">Les produits sont con\u00e7us directement par les fondateurs et sont donc exclusifs. Un soin particulier est donn\u00e9 \u00e0 la provenance des mat\u00e9riaux, aux designs et aux fonctionnalit\u00e9s.<\/span><\/p>\n<p><a class=\"boutonmarque\" title=\"Yoga Boutique\" href=\"http:\/\/www.yoga-nest.com\/yoga-boutique\/\"><span style=\"font-weight: 400;\">En savoir plus<\/span><\/a><\/p>\n<p>[\/one]<\/p>\n","protected":false},"excerpt":{"rendered":"<div class=\"j-module n j-hr \">\n<p><span style=\"font-weight: 400;\">Bracelet en pierres de lave noire avec une t\u00eate de Bouddha dor\u00e9e.<\/span><\/p>\n<p><span style=\"font-weight: 400;\">\u00c9galement appel\u00e9e basalte, la pierre de lave est en fait du magma volcanique refroidi au contact de l\u2019air. Cette roche contient ainsi les \u00e9nergies de la terre et du feu. Elle diffuse une chaleur \u00e0 la fois douce et bienveillante \u00e0 tous ceux qui entrent en son contact. La pierre de lave apporte un sentiment d&rsquo;apaisement.<\/span><\/p>\n<p><span style=\"font-weight: 400;\">Ce joli bracelet Bouddha Pierre de Lave peut \u00eatre port\u00e9 par lui et par elle.\u00a0<\/span><\/p>\n<p><span style=\"font-weight: 400;\">Ce bijou bouddhiste de pierres naturelles volcaniques est une v\u00e9ritable th\u00e9rapie anti-stress. Le pouvoir de ses pierres apaisantes et son style chic et moderne sauront vous apporter un look tendance et \u00e9l\u00e9gant ainsi qu\u2019une \u00e9nergie positive.<\/span><\/p>\n<p>&nbsp;<\/p>\n<\/div>\n<p style=\"text-align: center;\">Couleur manquante ? <a href=\"mailto:serviceclients@yoga-nest.com\">Contactez-nous<\/a><\/p>\n","protected":false},"featured_media":639,"comment_status":"open","ping_status":"open","template":"","meta":[],"product_cat":[55,88],"product_tag":[29],"_links":{"self":[{"href":"https:\/\/yoganest.vaniseo.pro\/index.php\/wp-json\/wp\/v2\/product\/640"}],"collection":[{"href":"https:\/\/yoganest.vaniseo.pro\/index.php\/wp-json\/wp\/v2\/product"}],"about":[{"href":"https:\/\/yoganest.vaniseo.pro\/index.php\/wp-json\/wp\/v2\/types\/product"}],"replies":[{"embeddable":true,"href":"https:\/\/yoganest.vaniseo.pro\/index.php\/wp-json\/wp\/v2\/comments?post=640"}],"wp:featuredmedia":[{"embeddable":true,"href":"https:\/\/yoganest.vaniseo.pro\/index.php\/wp-json\/wp\/v2\/media\/639"}],"wp:attachment":[{"href":"https:\/\/yoganest.vaniseo.pro\/index.php\/wp-json\/wp\/v2\/media?parent=640"}],"wp:term":[{"taxonomy":"product_cat","embeddable":true,"href":"https:\/\/yoganest.vaniseo.pro\/index.php\/wp-json\/wp\/v2\/product_cat?post=640"},{"taxonomy":"product_tag","embeddable":true,"href":"https:\/\/yoganest.vaniseo.pro\/index.php\/wp-json\/wp\/v2\/product_tag?post=640"}],"curies":[{"name":"wp","href":"https:\/\/api.w.org\/{rel}","templated":true}]}}