{"id":635,"date":"2021-04-06T21:33:41","date_gmt":"2021-04-06T19:33:41","guid":{"rendered":"https:\/\/yoganest.vaniseo.pro\/index.php\/product\/bracelet-forrest-vibes\/"},"modified":"2024-03-06T14:44:08","modified_gmt":"2024-03-06T13:44:08","slug":"bracelet-forrest-vibes","status":"publish","type":"product","link":"https:\/\/yoganest.vaniseo.pro\/index.php\/product\/bracelet-forrest-vibes\/","title":{"rendered":"Bracelet | Forrest Vibes"},"content":{"rendered":"<p><span style=\"font-weight: 400;\">Le bracelet de pierres semi-pr\u00e9cieuses Forrest Vibes est compos\u00e9 de jaspe, de pierres de lave et de perles en bois. Il rappelle une promenade dans la for\u00eat et a un effet d&rsquo;ancrage.<\/span><\/p>\n<p><span style=\"font-weight: 400;\">Mettre le jaspe \u00e0 votre bras ou le placer dans un lieu de m\u00e9ditation renforce encore plus le pouvoir de la pierre sur le corps et l\u2019esprit. Elle installe ainsi une atmosph\u00e8re de calme et de s\u00e9r\u00e9nit\u00e9. La pierre att\u00e9nue les effets n\u00e9gatifs de la solitude et vous aide \u00e0 rester positif, \u00e0 avoir le moral au beau fixe. Elle permet de r\u00e9tablir l\u2019\u00e9quilibre entre l\u2019ext\u00e9rieur et l\u2019int\u00e9rieur.<\/span><\/p>\n<p><span style=\"font-weight: 400;\">Le principal avantage de la pierre de lave est sa capacit\u00e9 \u00e0 vous prot\u00e9ger des \u00e9nergies n\u00e9gatives telles qu\u2019un mauvais \u0153il ou l\u2019envie. Elle vous donne la tranquillit\u00e9 d\u2019esprit de vous sentir prot\u00e9g\u00e9. Gr\u00e2ce \u00e0 son \u00e9nergie magn\u00e9tique puissante, vous serez \u00e0 l\u2019abri des gens envieux et rancuniers qui ne font que projeter leurs \u00e9motions n\u00e9gatives sur votre personne.<\/span><\/p>\n<p><span style=\"font-weight: 400;\">La circonf\u00e9rence du bracelet est de 19 centim\u00e8tres.<\/span><\/p>\n<p><span style=\"font-weight: 400;\">Ce bijou est adapt\u00e9 aux hommes et aux femmes. Il est tr\u00e8s beau en plus d\u2019apporter beaucoup de bien et de paix int\u00e9rieur. Vous pouvez donc le porter en tout temps. Il se marie avec tous types de tenues et d&rsquo;\u00e9v\u00e8nements. Pensez \u00e0 le prendre lors de vos sessions de yoga pour profiter de ses vertus.<\/span><\/p>\n<p>[accordion title=\u00a0\u00bb\u00a0\u00bb open1st=\u00a0\u00bb0&Prime; openAll=\u00a0\u00bb0&Prime;][accordion_item title=\u00a0\u00bbEntretien\u00a0\u00bb]<span style=\"font-weight: 400;\">Voici quelques conseils pour le nettoyage du bracelet :<\/span><\/p>\n<ul>\n<li style=\"font-weight: 400;\" aria-level=\"1\"><span style=\"font-weight: 400;\">Utiliser de l&rsquo;eau ti\u00e8de et un peu de liquide vaisselle doux<\/span><\/li>\n<li style=\"font-weight: 400;\" aria-level=\"1\"><span style=\"font-weight: 400;\">Se munir d\u2019un chiffon fin qui ne gratte pas et ne peluche pas et\/ou une brosse \u00e0 dents souple pour frotter doucement le bijou<\/span><\/li>\n<li style=\"font-weight: 400;\" aria-level=\"1\"><span style=\"font-weight: 400;\">Rincez ensuite abondamment \u00e0 l&rsquo;eau courante jusqu&rsquo;\u00e0 ce qu&rsquo;il n&rsquo;y ait plus de r\u00e9sidus de savon<\/span><\/li>\n<li style=\"font-weight: 400;\" aria-level=\"1\"><span style=\"font-weight: 400;\">Tapotez d\u00e9licatement et laissez s\u00e9cher.<\/span><\/li>\n<\/ul>\n<p><span style=\"font-weight: 400;\">Lorsque vous ne portez pas le bijou, conservez-le dans un endroit sec et \u00e0 l&rsquo;abri de la lumi\u00e8re.<\/span><\/p>\n<p><span style=\"font-weight: 400;\">Afin d\u2019en profiter plus longtemps, nous vous recommandons de toujours l\u2019enlever lorsque vous prenez une douche ou un bain. Il est \u00e9galement d\u00e9conseill\u00e9 de le porter \u00e0 la plage, dans de l&rsquo;eau sal\u00e9e ou chlor\u00e9e.<\/span><\/p>\n<p><span style=\"font-weight: 400;\">Enlevez votre bijou lors de travaux physiques tels que le jardinage, le sport ou les travaux manuels, afin d&rsquo;\u00e9viter qu&rsquo;il ne se salisse ou ne s&rsquo;accroche \u00e0 quelque chose.<\/span>[\/accordion_item][\/accordion][accordion title=\u00a0\u00bb\u00a0\u00bb open1st=\u00a0\u00bb0&Prime; openAll=\u00a0\u00bb0&Prime; style=\u00a0\u00bb\u00a0\u00bb][accordion_item title=\u00a0\u00bbTypes d&rsquo;activit\u00e9s\u00a0\u00bb]<span style=\"font-weight: 400;\">Yin yoga, yoga restauratif, hatha-yoga, flow yoga, vinyasa yoga, ashtanga yoga, yoga nidra, m\u00e9ditation, mindfulness, hot yoga, Iyengar yoga, yoga a\u00e9rien, yoga en plein air, yoga en voyage, automassage myofascial, pilates, stretching.<\/span>[\/accordion_item][\/accordion][accordion title=\u00a0\u00bb\u00a0\u00bb open1st=\u00a0\u00bb0&Prime; openAll=\u00a0\u00bb0&Prime; style=\u00a0\u00bb\u00a0\u00bb][accordion_item title=\u00a0\u00bbPourquoi on adore ce produit\u00a0\u00bb]<span style=\"font-weight: 400;\">Splendide bijou avec des couleurs positives. Un bleu turquoise qu\u2019on adore et qui termine notre look \u00e0 merveille.<\/span><\/p>\n<p><span style=\"font-weight: 400;\">Un bracelet qu\u2019on porte sur nous tout le temps et avec lequel on fabrique des souvenirs et des beaux moments. Les vertus qu\u2019il nous apporte sont tr\u00e8s importantes.<\/span><\/p>\n<p><span style=\"font-weight: 400;\">On le prend avec nous aussi pour nos s\u00e9ances de yoga ou de m\u00e9ditation. On le porte soit au poignet, soit on le d\u00e9pose sur notre tapis de pratique.<\/span><\/p>\n<p><span style=\"font-weight: 400;\">Ce genre de bijou peut \u00eatre port\u00e9 par une femme ou par un homme. Il est polyvalent et tr\u00e8s chic.<\/span>[\/accordion_item][\/accordion][accordion title=\u00a0\u00bb\u00a0\u00bb open1st=\u00a0\u00bb0&Prime; openAll=\u00a0\u00bb0&Prime; style=\u00a0\u00bb\u00a0\u00bb][accordion_item title=\u00a0\u00bbPaiements, livraison &amp; retours\u00a0\u00bb]Pour les informations sur les alternatives de paiement, de livraison et les retours, merci de cliquer\u00a0<a class=\"linkcgv\" href=\"https:\/\/www.yoga-nest.com\/paiement-livraison-retours\/\" target=\"_blank\" rel=\"noopener\">ICI<\/a>[\/accordion_item][\/accordion]<br \/>\n<span style=\"color: #b01da4;\"><b>La Marque<\/b><\/span><\/p>\n<p><b>Yoga Boutique \u2013 Des articles pour le yoga exclusifs, fonctionnels et \u00e9thiques<\/b><\/p>\n<p><span style=\"font-weight: 400;\">Yoga Boutique est une <\/span><b>start-up familiale suisse<\/b><span style=\"font-weight: 400;\">, n\u00e9e en 2018. Leur gamme est soigneusement s\u00e9lectionn\u00e9e : <\/span><b>tapis de yoga fabriqu\u00e9s \u00e0 partir de mat\u00e9riaux durables, beaux coussins de m\u00e9ditation, v\u00eatements de yoga super confortables pour tous. <\/b><span style=\"font-weight: 400;\">Les produits sont con\u00e7us directement par les fondateurs et sont donc exclusifs. Un soin particulier est donn\u00e9 \u00e0 la provenance des mat\u00e9riaux, aux designs et aux fonctionnalit\u00e9s.<\/span><\/p>\n<p><a class=\"boutonmarque\" title=\"Yoga Boutique\" href=\"http:\/\/www.yoga-nest.com\/yoga-boutique\/\"><span style=\"font-weight: 400;\">En savoir plus<\/span><\/a><\/p>\n","protected":false},"excerpt":{"rendered":"<div class=\"j-module n j-hr \">\n<p><span style=\"font-weight: 400;\">Bracelet compos\u00e9 de plusieurs types de perles diff\u00e9rentes. Il est magnifique gr\u00e2ce \u00e0 ses couleurs qui lui offrent son charme. Du turquoise au brun en passant par le noir et un peu d\u2019or. Il est lumineux et tr\u00e8s classe.<\/span><\/p>\n<p><span style=\"font-weight: 400;\">Ce bijou a une circonf\u00e9rence de 19 centim\u00e8tres. La taille des perles est d\u2019environ 8 millim\u00e8tres. Il est fait \u00e0 base de pierres de lave, de jaspe et de bois.<\/span><\/p>\n<p><span style=\"font-weight: 400;\">La pierre de lave a une multitude de bienfaits. Elle aide \u00e0 lib\u00e9rer vos sentiments opprim\u00e9s. Elle apporte vitalit\u00e9 et aiguise l\u2019instinct de survie. Et finalement elle redonne les sentiments de s\u00e9curit\u00e9 et de confiance.<\/span><\/p>\n<p><span style=\"font-weight: 400;\">Certaines perles sont en jaspe. C\u2019est une pierre aux multiples facettes qui rev\u00eat bien des couleurs diff\u00e9rentes. Elle est r\u00e9put\u00e9e pour ses vertus pour la digestion, l\u2019intimit\u00e9, la f\u00e9minit\u00e9, la cr\u00e9ativit\u00e9, mais aussi l&rsquo;ancrage.<\/span><\/p>\n<\/div>\n<p>&nbsp;<\/p>\n<p style=\"text-align: center;\">Couleur manquante ? <a href=\"mailto:serviceclients@yoga-nest.com\">Contactez-nous<\/a><\/p>\n","protected":false},"featured_media":636,"comment_status":"open","ping_status":"open","template":"","meta":[],"product_cat":[55,88,47,48],"product_tag":[29],"_links":{"self":[{"href":"https:\/\/yoganest.vaniseo.pro\/index.php\/wp-json\/wp\/v2\/product\/635"}],"collection":[{"href":"https:\/\/yoganest.vaniseo.pro\/index.php\/wp-json\/wp\/v2\/product"}],"about":[{"href":"https:\/\/yoganest.vaniseo.pro\/index.php\/wp-json\/wp\/v2\/types\/product"}],"replies":[{"embeddable":true,"href":"https:\/\/yoganest.vaniseo.pro\/index.php\/wp-json\/wp\/v2\/comments?post=635"}],"wp:featuredmedia":[{"embeddable":true,"href":"https:\/\/yoganest.vaniseo.pro\/index.php\/wp-json\/wp\/v2\/media\/636"}],"wp:attachment":[{"href":"https:\/\/yoganest.vaniseo.pro\/index.php\/wp-json\/wp\/v2\/media?parent=635"}],"wp:term":[{"taxonomy":"product_cat","embeddable":true,"href":"https:\/\/yoganest.vaniseo.pro\/index.php\/wp-json\/wp\/v2\/product_cat?post=635"},{"taxonomy":"product_tag","embeddable":true,"href":"https:\/\/yoganest.vaniseo.pro\/index.php\/wp-json\/wp\/v2\/product_tag?post=635"}],"curies":[{"name":"wp","href":"https:\/\/api.w.org\/{rel}","templated":true}]}}