{"id":609,"date":"2021-04-06T21:10:20","date_gmt":"2021-04-06T19:10:20","guid":{"rendered":"https:\/\/yoganest.vaniseo.pro\/index.php\/product\/bolster-tissu-uni\/"},"modified":"2024-03-06T15:41:07","modified_gmt":"2024-03-06T14:41:07","slug":"bolster-tissu-uni","status":"publish","type":"product","link":"https:\/\/yoganest.vaniseo.pro\/index.php\/product\/bolster-tissu-uni\/","title":{"rendered":"Bolster | Tissu uni"},"content":{"rendered":"<p><span style=\"font-weight: 400;\">Ce \u00ab\u00a0rouleau de yoga\u00a0\u00bb est g\u00e9n\u00e9ralement utilis\u00e9 en tant que soutien pour le dos, les \u00e9paules, les genoux et les jambes lors de la pratique de yoga doux (Yin, Restorative et pr\u00e9natal), il permet ainsi de soutenir le corps dans les diff\u00e9rentes positions et principalement le ventre en yoga pr\u00e9natal.\u00a0<\/span><\/p>\n<p><span style=\"font-weight: 400;\">Il est \u00e9galement utilis\u00e9 dans les s\u00e9ances dynamiques de yoga, alors plut\u00f4t en fin de s\u00e9ance. Lors de la posture finale de relaxation (Savasana) ou pendant des exercices de respiration (Pranayama), le bolster vous offre un soutien efficace pour rel\u00e2cher compl\u00e8tement les muscles et articulations.<\/span><\/p>\n<p><span style=\"font-weight: 400;\">Cet accessoire est le support parfait pour un l\u00e2cher-prise total, vous pouvez ainsi prendre pleinement conscience de votre corps.\u00a0<\/span><\/p>\n<p><span style=\"font-weight: 400;\">Les deux couvertures du traversin (ext\u00e9rieure et int\u00e9rieure) sont dot\u00e9es d\u2019une fermeture \u00e9clair. La housse peut donc \u00eatre facilement retir\u00e9e et lav\u00e9e. Gr\u00e2ce \u00e0 cela, la hauteur du bolster peut \u00e9galement \u00eatre r\u00e9gl\u00e9e en fonction de chacun, il vous suffit d\u2019ajouter ou de retirer de la balle d&rsquo;\u00e9peautre.\u00a0<\/span><\/p>\n<p><span style=\"font-weight: 400;\">Mesurant 65 cm de long et 23 cm de diam\u00e8tre, le bolster est dot\u00e9 d&rsquo;une poign\u00e9e, pratique pour le transporter.\u00a0<\/span><\/p>\n<p>[accordion title=\u00a0\u00bb\u00a0\u00bb open1st=\u00a0\u00bb0&Prime; openAll=\u00a0\u00bb0&Prime;][accordion_item title=\u00a0\u00bbEntretien\u00a0\u00bb]<span style=\"font-weight: 400;\">La housse de coussin ext\u00e9rieure peut \u00eatre retir\u00e9e, vous pouvez ainsi la laver facilement, veillez toutefois \u00e0 la laver \u00e0 la main.<\/span>[\/accordion_item][\/accordion]<\/p>\n<p>[accordion title=\u00a0\u00bb\u00a0\u00bb open1st=\u00a0\u00bb0&Prime; openAll=\u00a0\u00bb0&Prime; style=\u00a0\u00bb\u00a0\u00bb][accordion_item title=\u00a0\u00bbTypes d&rsquo;activit\u00e9s\u00a0\u00bb]<span style=\"font-weight: 400;\">Yin Yoga, Yoga Restorative, M\u00e9ditation, Yoga Nidra, Mindfulness, Iyengar yoga, Yoga pr\u00e9natal, Cocooning \u00e0 la maison<\/span>[\/accordion_item][\/accordion]<\/p>\n<p>[accordion title=\u00a0\u00bb\u00a0\u00bb open1st=\u00a0\u00bb0&Prime; openAll=\u00a0\u00bb0&Prime; style=\u00a0\u00bb\u00a0\u00bb][accordion_item title=\u00a0\u00bbPourquoi on adore ce produit\u00a0\u00bb]<span style=\"font-weight: 400;\">Pratique \u00e0 transporter gr\u00e2ce \u00e0 sa sangle de transport, ce bolster pourra vous suivre dans toutes vos s\u00e9ances de yoga\u00a0: en plein air, lors d\u2019une retraite de yoga, en voyage, \u2026\u00a0<\/span><\/p>\n<p><span style=\"font-weight: 400;\">Nos bolsters ont des dimensions parfaites et leur remplissage en grains d&rsquo;\u00e9peautre vous permet de moduler leur forme pour qu&rsquo;ils soutiennent votre corps ou votre assise de fa\u00e7on id\u00e9ale et confortable.\u00a0<\/span><\/p>\n<p><span style=\"font-weight: 400;\">Leurs tons neutres s&rsquo;int\u00e8grent dans votre int\u00e9rieur et sont assortis avec les coussins de m\u00e9ditation unis.\u00a0<\/span><\/p>\n<p><span style=\"font-weight: 400;\">On aime sa fabrication artisanale d\u2019abord en Inde puis en Suisse.<\/span>[\/accordion_item][\/accordion]<\/p>\n<p>[accordion title=\u00a0\u00bb\u00a0\u00bb open1st=\u00a0\u00bb0&Prime; openAll=\u00a0\u00bb0&Prime; style=\u00a0\u00bb\u00a0\u00bb][accordion_item title=\u00a0\u00bbPaiements, livraison &amp; retours\u00a0\u00bb]Pour les informations sur les alternatives de paiement, de livraison et les retours, merci de cliquer\u00a0<a class=\"linkcgv\" href=\"https:\/\/www.yoga-nest.com\/paiement-livraison-retours\/\" target=\"_blank\" rel=\"noopener\">ICI<\/a>[\/accordion_item][\/accordion]<\/p>\n<p>[one]<\/p>\n<p><span style=\"color: #b01da4;\"><b>La Marque<\/b><\/span><\/p>\n<p><b>Yoga Boutique \u2013 Des articles pour le yoga exclusifs, fonctionnels et \u00e9thiques<\/b><\/p>\n<p><span style=\"font-weight: 400;\">Yoga Boutique est une <\/span><b>start-up familiale suisse<\/b><span style=\"font-weight: 400;\">, n\u00e9e en 2018. Leur gamme est soigneusement s\u00e9lectionn\u00e9e : <\/span><b>tapis de yoga fabriqu\u00e9s \u00e0 partir de mat\u00e9riaux durables, beaux coussins de m\u00e9ditation, v\u00eatements de yoga super confortables pour tous. <\/b><span style=\"font-weight: 400;\">Les produits sont con\u00e7us directement par les fondateurs et sont donc exclusifs. Un soin particulier est donn\u00e9 \u00e0 la provenance des mat\u00e9riaux, aux designs et aux fonctionnalit\u00e9s.<\/span><\/p>\n<p><a class=\"boutonmarque\" title=\"Yoga Boutique\" href=\"http:\/\/www.yoga-nest.com\/yoga-boutique\/\"><span style=\"font-weight: 400;\">En savoir plus<\/span><\/a><\/p>\n<p>[\/one]<\/p>\n","protected":false},"excerpt":{"rendered":"<div class=\"j-module n j-hr \">\n<p><span style=\"font-weight: 400;\">Ce bolster de la marque Yoga Boutique est id\u00e9al pour la pratique du yoga et de la m\u00e9ditation.\u00a0<\/span><\/p>\n<p><span style=\"font-weight: 400;\">De forme cylindrique et allong\u00e9e, ce traversin est g\u00e9n\u00e9ralement utilis\u00e9 pour la pratique du Yin yoga, du yoga Restorative ou du Yoga pr\u00e9natal. Plac\u00e9 sous le corps, il favorise la relaxation et d\u00e9noue les tensions accumul\u00e9es.\u00a0<\/span><\/p>\n<p><span style=\"font-weight: 400;\">Cousu \u00e0 la main en Inde puis assembl\u00e9 en Suisse, le traversin de yoga poss\u00e8de une housse amovible et lavable en coton biologique. La housse int\u00e9rieure est remplie de paille d&rsquo;\u00e9peautre suisse.\u00a0<\/span><\/p>\n<p><span style=\"font-weight: 400;\">Gr\u00e2ce \u00e0 sa fermeture \u00e9clair, vous avez la possibilit\u00e9 d\u2019ajuster la hauteur de votre coussin en retirant ou en ajoutant du rembourrage. Ainsi, lors de vos s\u00e9ances de yoga ou de m\u00e9ditation, vous pourrez trouver la posture qui convient au mieux au maintien de votre dos et au bon alignement de votre colonne.\u00a0<\/span><\/p>\n<p><span style=\"font-weight: 400;\">Ce mod\u00e8le existe en plusieurs coloris. <strong>Plusieurs\u00a0autres coloris sont disponibles \u00e0 notre Boutique \u00e0 Gen\u00e8ve, contactez-nous<\/strong> par email ou t\u00e9l\u00e9phone pour les commander!<\/span><\/p>\n<p>&nbsp;<\/p>\n<\/div>\n<p style=\"text-align: center;\">Couleur ou mod\u00e8le manquant ? <a href=\"mailto:serviceclients@yoga-nest.com\">Contactez-nous<\/a><\/p>\n","protected":false},"featured_media":610,"comment_status":"open","ping_status":"open","template":"","meta":[],"product_cat":[],"product_tag":[],"_links":{"self":[{"href":"https:\/\/yoganest.vaniseo.pro\/index.php\/wp-json\/wp\/v2\/product\/609"}],"collection":[{"href":"https:\/\/yoganest.vaniseo.pro\/index.php\/wp-json\/wp\/v2\/product"}],"about":[{"href":"https:\/\/yoganest.vaniseo.pro\/index.php\/wp-json\/wp\/v2\/types\/product"}],"replies":[{"embeddable":true,"href":"https:\/\/yoganest.vaniseo.pro\/index.php\/wp-json\/wp\/v2\/comments?post=609"}],"wp:featuredmedia":[{"embeddable":true,"href":"https:\/\/yoganest.vaniseo.pro\/index.php\/wp-json\/wp\/v2\/media\/610"}],"wp:attachment":[{"href":"https:\/\/yoganest.vaniseo.pro\/index.php\/wp-json\/wp\/v2\/media?parent=609"}],"wp:term":[{"taxonomy":"product_cat","embeddable":true,"href":"https:\/\/yoganest.vaniseo.pro\/index.php\/wp-json\/wp\/v2\/product_cat?post=609"},{"taxonomy":"product_tag","embeddable":true,"href":"https:\/\/yoganest.vaniseo.pro\/index.php\/wp-json\/wp\/v2\/product_tag?post=609"}],"curies":[{"name":"wp","href":"https:\/\/api.w.org\/{rel}","templated":true}]}}