{"id":600,"date":"2021-04-06T21:01:33","date_gmt":"2021-04-06T19:01:33","guid":{"rendered":"https:\/\/yoganest.vaniseo.pro\/index.php\/product\/tapis-tpe-gold-print\/"},"modified":"2024-03-06T15:43:02","modified_gmt":"2024-03-06T14:43:02","slug":"tapis-tpe-gold-print","status":"publish","type":"product","link":"https:\/\/yoganest.vaniseo.pro\/index.php\/product\/tapis-tpe-gold-print\/","title":{"rendered":"Tapis Ultra-l\u00e9ger | Gold Print"},"content":{"rendered":"<p>Ce mod\u00e8le de tapis en TPE est le champion de la cat\u00e9gorie Super-l\u00e9ger. Avec ses 900 grammes seulement, on l\u2019emporte facilement avec nous pour toutes nos s\u00e9ances de sport, en int\u00e9rieur comme en ext\u00e9rieur.<\/p>\n<p>Yoga, pilates, gymnastique, workouts&#8230; toutes les activit\u00e9s sportives peuvent \u00eatre r\u00e9alis\u00e9es sur ce tapis. Une seule contrainte, ne pas utiliser de chaussures si vous voulez assurer une longue vie \u00e0 votre tapis. En effet, le mat\u00e9riau TPE est tr\u00e8s souple et s\u2019use beaucoup plus rapidement si l\u2019on marche ou saute dessus avec des baskets.<\/p>\n<p>Antid\u00e9rapant (autant que ceux en PVC), ce tapis est plut\u00f4t \u00e9pais. Ses 6 millim\u00e8tres d\u2019\u00e9paisseur offriront \u00e0 vos articulations l\u2019amortissement maximal. Vos poignets, coudes, genoux, orteils\u2026 et fessiers se r\u00e9jouiront de ce confort, que vous pratiquiez des mouvements debout, assis ou couch\u00e9.<\/p>\n<p>La couleur noir profond ou violet intense du tapis est contrast\u00e9e par un design g\u00e9om\u00e9trique dor\u00e9, une subtile double ligne qui m\u00e8ne au mandala central. Un imprim\u00e9 esth\u00e9tiquement r\u00e9ussi et fonctionnel puisqu\u2019il permet de s\u2019assurer qu\u2019on reste bien centr\u00e9 sur le tapis pendant la pratique du yoga.<\/p>\n<p>Fabriqu\u00e9 en TPE, exempt de PVC et de latex, ce tapis est fabriqu\u00e9 sans ajout de plastifiants toxiques. Cela en fait un bon choix pour les personnes allergiques. Il est \u00e9galement respectueux de l&rsquo;environnement puisque 100% biod\u00e9gradable.<\/p>\n<p>[accordion title=\u00a0\u00bb\u00a0\u00bb open1st=\u00a0\u00bb0&Prime; openAll=\u00a0\u00bb0&Prime;][accordion_item title=\u00a0\u00bbEntretien\u00a0\u00bb]<\/p>\n<p>Pour profiter le plus longtemps possible de votre tapis de yoga, nous vous recommandons de toujours le ranger dans un endroit sec et prot\u00e9g\u00e9 de la lumi\u00e8re du soleil. Un sac pour tapis de yoga est par exemple une tr\u00e8s bonne solution.<\/p>\n<p>Si la surface se tache, il suffit de l&rsquo;essuyer avec un chiffon humide (d\u2019une mati\u00e8re douce et fine) ou de le vaporiser avec un spray pour tapis de yoga et de le laisser bien s\u00e9cher.<\/p>\n<p>[\/accordion_item][\/accordion]<\/p>\n<p>[accordion title=\u00a0\u00bb\u00a0\u00bb open1st=\u00a0\u00bb0&Prime; openAll=\u00a0\u00bb0&Prime;][accordion_item title=\u00a0\u00bbTypes d&rsquo;activit\u00e9s\u00a0\u00bb]<\/p>\n<p>Yin yoga, Yoga restauratif, M\u00e9ditation, Hatha-yoga, Flow yoga, Ashtanga yoga, Power yoga, Yoga nidra, Mindfulness, Iyengar yoga, Yoga a\u00e9rien, Acro yoga, Yoga en plein air, Yoga en voyage, Automassage myofascial, Pilates, Stretching, Workout, Crossfit, Gymnastique<\/p>\n<p>[\/accordion_item][\/accordion]<\/p>\n<p>[accordion title=\u00a0\u00bb\u00a0\u00bb open1st=\u00a0\u00bb0&Prime; openAll=\u00a0\u00bb0&Prime;][accordion_item title=\u00a0\u00bbPourquoi on adore ce produit\u00a0\u00bb]<\/p>\n<p>C\u2019est LE tapis ultra-l\u00e9ger (900gr) qu&rsquo;on am\u00e8ne partout et surtout \u00e0 l\u2019ext\u00e9rieur. Plus besoin de s\u2019encombrer d\u2019un tapis lourd quand on se d\u00e9place. On l\u2019emm\u00e8ne au studio, en retraite de yoga, et m\u00eame dans le jardin quand les beaux jours sont l\u00e0.<\/p>\n<p>Il ne fait pas de compromis sur la beaut\u00e9 et le respect de l&rsquo;environnement. On adore son design \u00e0 la fois minimaliste et \u00e9l\u00e9gant. En plus, il nous aide \u00e0 nous aligner dans nos postures.<\/p>\n<p>Avec son \u00e9paisseur de 6mm, il est id\u00e9al aussi pour le pilates, la gymnastique et vos workouts \u00e0 l&rsquo;int\u00e9rieur et en ext\u00e9rieur.<\/p>\n<p>[\/accordion_item][\/accordion]<\/p>\n<p>[accordion title=\u00a0\u00bb\u00a0\u00bb open1st=\u00a0\u00bb0&Prime; openAll=\u00a0\u00bb0&Prime; style=\u00a0\u00bb\u00a0\u00bb][accordion_item title=\u00a0\u00bbPaiement, livraison &amp; retours\u00a0\u00bb]<br \/>\nPour les informations sur les alternatives de paiement, de livraison et les retours, merci de cliquer <a class=\"linkcgv\" href=\"https:\/\/www.yoga-nest.com\/paiement-livraison-retours\/\" target=\"_blank\" rel=\"noopener\">ICI<\/a>[\/accordion_item][\/accordion]<\/p>\n<p><span style=\"color: #b01da4;\"><strong>La Marque<\/strong><\/span><\/p>\n<p><strong>Yoga Boutique &#8211; Des articles pour le yoga exclusifs, fonctionnels et \u00e9thiques<\/strong><\/p>\n<p>Yoga Boutique est une <strong>start-up familiale suisse<\/strong>, n\u00e9e en 2018. Leur gamme est soigneusement s\u00e9lectionn\u00e9e : <strong>tapis de yoga fabriqu\u00e9s \u00e0 partir de mat\u00e9riaux durables, beaux coussins de m\u00e9ditation, v\u00eatements de yoga super confortables pour tous. <\/strong>Les produits sont con\u00e7us directement par les fondateurs et sont donc exclusifs. Un soin particulier est donn\u00e9 \u00e0 la provenance des mat\u00e9riaux, aux designs et aux fonctionnalit\u00e9s.<\/p>\n<p><a class=\"boutonmarque\" title=\"Yoga Boutique\" href=\"http:\/\/yoga-nest.com\/yoga-boutique\/\" target=\"_blank\" rel=\"noopener\">En savoir plus<\/a><\/p>\n","protected":false},"excerpt":{"rendered":"<p>Ce tapis de yoga de la marque Yoga Boutique a de multiples points forts\u00a0: il est extr\u00eamement l\u00e9ger (900g), offre une excellente adh\u00e9rence et son \u00e9paisseur de 6mm offre un grand confort \u00e0 vos articulations. Gr\u00e2ce \u00e0 sa taille de 183 x 68 cm, m\u00eame les plus grands yogis seront \u00e0 l\u2019aise dans les positions couch\u00e9es.<\/p>\n<p>Son design exclusif, dor\u00e9 sur fond noir ou violet vous guide pour garder vos alignements pendant les encha\u00eenements.<\/p>\n<p>On l\u2019adopte bien s\u00fbr pour notre s\u00e9ance de yoga et \u00e9galement pour le pilates, la gymnastique et les activit\u00e9s sportives en ext\u00e9rieur.<\/p>\n<p>&nbsp;<\/p>\n<p>[button title=\u00a0\u00bbGuide comparatif des tapis\u00a0\u00bb link=\u00a0\u00bbhttps:\/\/www.yoga-nest.com\/tapis_de_yoga_mat\/\u00a0\u00bb target=\u00a0\u00bb_blank\u00a0\u00bb align=\u00a0\u00bbcenter\u00a0\u00bb icon=\u00a0\u00bb\u00a0\u00bb icon_position=\u00a0\u00bb\u00a0\u00bb color=\u00a0\u00bb\u00a0\u00bb font_color=\u00a0\u00bb\u00a0\u00bb size=\u00a0\u00bb2&Prime; full_width=\u00a0\u00bb\u00a0\u00bb class=\u00a0\u00bbbouttontaille\u00a0\u00bb download=\u00a0\u00bb\u00a0\u00bb rel=\u00a0\u00bb\u00a0\u00bb]<\/p>\n<p>&nbsp;<\/p>\n<p class=\"manquante\" style=\"text-align: center;\">Mod\u00e8le ou coloris manquant ? <a href=\"mailto:serviceclients@yoga-nest.com\">Contactez-nous<\/a><\/p>\n","protected":false},"featured_media":601,"comment_status":"open","ping_status":"open","template":"","meta":[],"product_cat":[41,26],"product_tag":[29],"_links":{"self":[{"href":"https:\/\/yoganest.vaniseo.pro\/index.php\/wp-json\/wp\/v2\/product\/600"}],"collection":[{"href":"https:\/\/yoganest.vaniseo.pro\/index.php\/wp-json\/wp\/v2\/product"}],"about":[{"href":"https:\/\/yoganest.vaniseo.pro\/index.php\/wp-json\/wp\/v2\/types\/product"}],"replies":[{"embeddable":true,"href":"https:\/\/yoganest.vaniseo.pro\/index.php\/wp-json\/wp\/v2\/comments?post=600"}],"wp:featuredmedia":[{"embeddable":true,"href":"https:\/\/yoganest.vaniseo.pro\/index.php\/wp-json\/wp\/v2\/media\/601"}],"wp:attachment":[{"href":"https:\/\/yoganest.vaniseo.pro\/index.php\/wp-json\/wp\/v2\/media?parent=600"}],"wp:term":[{"taxonomy":"product_cat","embeddable":true,"href":"https:\/\/yoganest.vaniseo.pro\/index.php\/wp-json\/wp\/v2\/product_cat?post=600"},{"taxonomy":"product_tag","embeddable":true,"href":"https:\/\/yoganest.vaniseo.pro\/index.php\/wp-json\/wp\/v2\/product_tag?post=600"}],"curies":[{"name":"wp","href":"https:\/\/api.w.org\/{rel}","templated":true}]}}