{"id":578,"date":"2021-04-02T01:56:12","date_gmt":"2021-04-01T23:56:12","guid":{"rendered":"https:\/\/yoganest.vaniseo.pro\/index.php\/product\/sac-a-tapis-gold-print\/"},"modified":"2024-03-06T15:41:04","modified_gmt":"2024-03-06T14:41:04","slug":"sac-a-tapis-gold-print","status":"publish","type":"product","link":"https:\/\/yoganest.vaniseo.pro\/index.php\/product\/sac-a-tapis-gold-print\/","title":{"rendered":"Sac \u00e0 tapis | Gold print"},"content":{"rendered":"<p><span style=\"font-weight: 400;\">D\u2019une dimension de 74cm de haut et 20cm de diam\u00e8tre, vous pouvez ranger tous les tapis standards dans ce sac (par exemple votre tapis super-l\u00e9ger TPE de Yoga Boutique). Il se ferme sur la partie sup\u00e9rieure gr\u00e2ce \u00e0 un cordon de serrage.<\/span><\/p>\n<p><span style=\"font-weight: 400;\">Yoga Boutique a pens\u00e9 \u00e0 tout. Ce sac est en effet pourvu de deux compartiments pratiques. Le premier, \u00e0 l\u2019int\u00e9rieur, mesure 15 x 14 cm. Il est id\u00e9al pour y ranger vos cl\u00e9s et votre porte-monnaie \u00e0 l\u2019abri des regards. La deuxi\u00e8me poche de 24 x 19 cm se trouve sur la face avant du sac. Toutes les deux sont ferm\u00e9es gr\u00e2ce \u00e0 une fermeture \u00e9clair.<\/span><\/p>\n<p><span style=\"font-weight: 400;\">Le sac \u00e0 tapis de yoga est fabriqu\u00e9 \u00e0 partir de coton et cousu \u00e0 la main. La bandouli\u00e8re est r\u00e9glable pour s&rsquo;adapter \u00e0 toutes et tous.<\/span><\/p>\n<p><span style=\"font-weight: 400;\">Un beau dessin de lotus est imprim\u00e9 en dor\u00e9 sur la face avant du sac. La fleur de lotus a une grande signification en yoga et en spiritualit\u00e9. Elle est un symbole d\u2019int\u00e9grit\u00e9 et de puret\u00e9 du c\u0153ur. Dans la nature, elle prosp\u00e8re en effet dans les eaux boueuses et s\u2019\u00e9panouit en dessus de la surface de l\u2019eau. Pendant la nuit, le lotus se referme et se recroqueville dans les profondeurs. D\u00e8s que le soleil refait son apparition le matin, la fleur se rel\u00e8ve et s\u2019ouvre \u00e0 nouveau. La salet\u00e9 n\u2019atteint jamais la beaut\u00e9 de la fleur, car ses feuilles la prot\u00e8gent. <\/span><\/p>\n<p>[accordion title=\u00a0\u00bb\u00a0\u00bb open1st=\u00a0\u00bb0&Prime; openAll=\u00a0\u00bb0&Prime;][accordion_item title=\u00a0\u00bbEntretien\u00a0\u00bb]<\/p>\n<p><span style=\"font-weight: 400;\">Vous pouvez facilement nettoyer votre sac \u00e0 tapis de yoga. Nous vous conseillons pour cela un lavage \u00e0 la main ou \u00e0 temp\u00e9rature tr\u00e8s basse. <\/span><\/p>\n<p>[\/accordion_item][\/accordion]<\/p>\n<p>[accordion title=\u00a0\u00bb\u00a0\u00bb open1st=\u00a0\u00bb0&Prime; openAll=\u00a0\u00bb0&Prime; style=\u00a0\u00bb\u00a0\u00bb][accordion_item title=\u00a0\u00bbTypes d&rsquo;activit\u00e9s\u00a0\u00bb]<\/p>\n<p><span style=\"font-weight: 400;\">Pilates, Yin yoga, Yoga restauratif, M\u00e9ditation, Yoga nidra, Mindfulness, Hatha yoga, Ashtanga yoga, Power yoga, Flow yoga, Hot yoga, Iyengar yoga, Kundalini yoga, Yoga a\u00e9rien, Acro yoga, Yoga pr\u00e9natal, Yoga en plein air, Yoga en voyage, Automassage Myofascial, Stretching, Workout, Gymnastique, Crossfit, Streetwear, Casualwear<\/span><\/p>\n<p>[\/accordion_item][\/accordion]<\/p>\n<p>[accordion title=\u00a0\u00bb\u00a0\u00bb open1st=\u00a0\u00bb0&Prime; openAll=\u00a0\u00bb0&Prime; style=\u00a0\u00bb\u00a0\u00bb][accordion_item title=\u00a0\u00bbPourquoi on adore ce produit\u00a0\u00bb]<\/p>\n<p><span style=\"font-weight: 400;\">Simple et \u00e0 la fois tr\u00e8s \u00e9l\u00e9gant, ce sac \u00e0 tapis de yoga est notre indispensable parmi nos accessoires de yoga. On l\u2019emm\u00e8ne facilement partout avec nous. On appr\u00e9cie particuli\u00e8rement de ne pas devoir porter un deuxi\u00e8me sac pour nos effets personnels gr\u00e2ce \u00e0 ses poches int\u00e9gr\u00e9es et s\u00e9curis\u00e9es.\u00a0<\/span><\/p>\n<p><span style=\"font-weight: 400;\">La fleur de lotus poss\u00e8de une signification importante dans la philosophie du yoga. Gr\u00e2ce \u00e0 ce sac, elle nous accompagne \u00e0 tous nos cours de yoga et nos retraites, dans sa magnifique couleur dor\u00e9e. On parie qu\u2019elle fera forte impression parmi vos amis yogis et yoginis.<\/span><\/p>\n<p>[\/accordion_item][\/accordion]<\/p>\n<p>[accordion title=\u00a0\u00bb\u00a0\u00bb open1st=\u00a0\u00bb0&Prime; openAll=\u00a0\u00bb0&Prime; style=\u00a0\u00bb\u00a0\u00bb][accordion_item title=\u00a0\u00bbPaiements, livraison &amp; retours\u00a0\u00bb]<\/p>\n<p>Pour les informations sur les alternatives de paiement, de livraison et les retours, merci de cliquer\u00a0<a class=\"linkcgv\" href=\"https:\/\/www.yoga-nest.com\/paiement-livraison-retours\/\" target=\"_blank\" rel=\"noopener\">ICI<\/a><\/p>\n<p>[\/accordion_item][\/accordion]<\/p>\n<p>[one]<\/p>\n<p><span style=\"color: #b01da4;\"><b>La Marque<\/b><\/span><\/p>\n<p><b>Yoga Boutique \u2013 Des articles pour le yoga exclusifs, fonctionnels et \u00e9thiques<\/b><\/p>\n<p><span style=\"font-weight: 400;\">Yoga Boutique est une <\/span><b>start-up familiale suisse<\/b><span style=\"font-weight: 400;\">, n\u00e9e en 2018. Leur gamme est soigneusement s\u00e9lectionn\u00e9e : <\/span><b>tapis de yoga fabriqu\u00e9s \u00e0 partir de mat\u00e9riaux durables, beaux coussins de m\u00e9ditation, v\u00eatements de yoga super confortables pour tous. <\/b><span style=\"font-weight: 400;\">Les produits sont con\u00e7us directement par les fondateurs et sont donc exclusifs. Un soin particulier est donn\u00e9 \u00e0 la provenance des mat\u00e9riaux, aux designs et aux fonctionnalit\u00e9s.<\/span><\/p>\n<p><a class=\"boutonmarque\" title=\"Yoga Boutique\" href=\"http:\/\/www.yoga-nest.com\/yoga-boutique\/\"><span style=\"font-weight: 400;\">En savoir plus<\/span><\/a><\/p>\n<p>[\/one]<\/p>\n","protected":false},"excerpt":{"rendered":"<div class=\"j-module n j-hr \">\n<p><span style=\"font-weight: 400;\">Le sac \u00e0 tapis est id\u00e9al pour transporter votre tapis de yoga de chez vous au studio ainsi que pour le prot\u00e9ger entre vos s\u00e9ances.\u00a0<\/span><\/p>\n<p><span style=\"font-weight: 400;\">En plus de ses fonctionnalit\u00e9s, ce sac de la marque Yoga Boutique est tr\u00e8s beau visuellement. Dans un tissu uni bleu marine ou vert olive, il est imprim\u00e9 d\u2019une fleur de lotus dor\u00e9e qui trouve tout son sens sur ce sac.<\/span><\/p>\n<p><span style=\"font-weight: 400;\">Pratique, il dispose de deux poches ferm\u00e9es. L\u2019une \u00e0 l\u2019int\u00e9rieur et l\u2019autre \u00e0 l\u2019ext\u00e9rieur pour vous permettre de toujours avoir vos effets personnels \u00e0 port\u00e9e de main.<\/span><\/p>\n<\/div>\n<p>&nbsp;<\/p>\n<p style=\"text-align: center;\">Couleur manquante ? <a href=\"mailto:serviceclients@yoga-nest.com\">Contactez-nous<\/a><\/p>\n","protected":false},"featured_media":579,"comment_status":"open","ping_status":"open","template":"","meta":[],"product_cat":[54,20],"product_tag":[29],"_links":{"self":[{"href":"https:\/\/yoganest.vaniseo.pro\/index.php\/wp-json\/wp\/v2\/product\/578"}],"collection":[{"href":"https:\/\/yoganest.vaniseo.pro\/index.php\/wp-json\/wp\/v2\/product"}],"about":[{"href":"https:\/\/yoganest.vaniseo.pro\/index.php\/wp-json\/wp\/v2\/types\/product"}],"replies":[{"embeddable":true,"href":"https:\/\/yoganest.vaniseo.pro\/index.php\/wp-json\/wp\/v2\/comments?post=578"}],"wp:featuredmedia":[{"embeddable":true,"href":"https:\/\/yoganest.vaniseo.pro\/index.php\/wp-json\/wp\/v2\/media\/579"}],"wp:attachment":[{"href":"https:\/\/yoganest.vaniseo.pro\/index.php\/wp-json\/wp\/v2\/media?parent=578"}],"wp:term":[{"taxonomy":"product_cat","embeddable":true,"href":"https:\/\/yoganest.vaniseo.pro\/index.php\/wp-json\/wp\/v2\/product_cat?post=578"},{"taxonomy":"product_tag","embeddable":true,"href":"https:\/\/yoganest.vaniseo.pro\/index.php\/wp-json\/wp\/v2\/product_tag?post=578"}],"curies":[{"name":"wp","href":"https:\/\/api.w.org\/{rel}","templated":true}]}}