{"id":53,"date":"2021-02-21T04:04:19","date_gmt":"2021-02-21T03:04:19","guid":{"rendered":"https:\/\/yoganest.vaniseo.pro\/index.php\/product\/tapis-haute-adherence-supergrip-moonphase\/"},"modified":"2024-03-06T08:59:32","modified_gmt":"2024-03-06T07:59:32","slug":"tapis-haute-adherence-supergrip-moonphase","status":"publish","type":"product","link":"https:\/\/yoganest.vaniseo.pro\/index.php\/product\/tapis-haute-adherence-supergrip-moonphase\/","title":{"rendered":"Tapis Supergrip | Moonphase"},"content":{"rendered":"<p><span style=\"font-weight: 400;\">Version 2.0 &#8211; nouveaux mod\u00e8les 2023 &#8211; Le tapis de yoga Moonphase est fabriqu\u00e9 en caoutchouc naturel durable et en PU (polyur\u00e9thane). Ces mati\u00e8res ont \u00e9t\u00e9 s\u00e9lectionn\u00e9es pour leur capacit\u00e9 \u00e0 \u00eatre tr\u00e8s antid\u00e9rapantes.\u00a0<\/span><\/p>\n<p><span style=\"font-weight: 400;\">De plus, son \u00e9paisseur le rend tr\u00e8s confortable autant pour vos positions tenues longuement que pour les encha\u00eenements d\u2019asanas. En effet, ses 4.5mm d\u2019\u00e9paisseur permettent d\u2019absorber les chocs et d\u2019\u00eatre agr\u00e9able m\u00eame pour les articulations les plus fragiles. L\u2019amorti de ce tapis \u00e9pais est particuli\u00e8rement appr\u00e9ci\u00e9 lors de postures debout.\u00a0<\/span><\/p>\n<p><span style=\"font-weight: 400;\">La partie sup\u00e9rieure du tapis (celle avec les dessins) est fabriqu\u00e9e en polyur\u00e9thane. Cette mati\u00e8re offre la meilleure adh\u00e9rence possible. Vous \u00eates ainsi assur\u00e9.e de ne jamais glisser quelque soit votre posture.\u00a0<\/span><\/p>\n<p><span style=\"font-weight: 400;\">La partie en contact avec le sol est elle compos\u00e9e de caoutchouc naturel durable afin de garantir une bonne tenue sur n\u2019importe quelle surface. Ce tapis ne glisse pas quelle que soit la mati\u00e8re de votre sol. M\u00eame lors de pratique de yoga dynamique, il reste bien ancr\u00e9 au sol.<\/span><\/p>\n<p><span style=\"font-weight: 400;\">Tous les tapis de la gamme SuperGrip de Yoga Boutique sont exempts de PVC, silicone et phtalates. Ce tapis est donc biod\u00e9gradable et respectueux de l\u2019environnement.\u00a0<\/span><\/p>\n<p><span style=\"font-weight: 400;\">Avec ses dimensions de 183\u00d768 cm, ce tapis est particuli\u00e8rement long et large. Il donne la possibilit\u00e9 aux personnes les plus grandes d\u2019\u00eatre \u00e0 l\u2019aise sur leur tapis, m\u00eame pendant les exercices au sol. <\/span><span style=\"font-weight: 400;\">Votre espace de pratique est augment\u00e9, vos pieds et mains restent sur le tapis m\u00eame si vous \u00eates tr\u00e8s souple ou si la s\u00e9quence de postures de yoga vous am\u00e8ne \u00e0 explorer tous les coins du tapis ! Que vous effectuiez des exercices de m\u00e9ditation ou des encha\u00eenements de postures, vous n\u2019aurez plus envie de quitter l\u2019espace accueillant de votre tapis.<\/span><\/p>\n<p>[accordion title=\u00a0\u00bb\u00a0\u00bb open1st=\u00a0\u00bb0&Prime; openAll=\u00a0\u00bb0&Prime;][accordion_item title=\u00a0\u00bbEntretien\u00a0\u00bb]<span style=\"font-weight: 400;\">Enroulez toujours votre tapis de fa\u00e7on \u00e0 ce que la surface color\u00e9e soit visible de l\u2019ext\u00e9rieur.<\/span><\/p>\n<p><span style=\"font-weight: 400;\">La mati\u00e8re des tapis de yoga antid\u00e9rapants SuperGrip les rend sensibles aux taches de graisses. \u00c9vitez ainsi d\u2019utiliser votre tapis si vous avez utilis\u00e9 des cr\u00e8mes cosm\u00e9tiques ou du maquillage.\u00a0<\/span><\/p>\n<p><span style=\"font-weight: 400;\">Cependant, votre tapis est lavable et facile \u00e0 nettoyer. Si une tache appara\u00eet, vaporisez-la avec un spray pour tapis de yoga et frottez doucement avec un chiffon fin qui ne raye pas (comme par exemple un chiffon microfibre JEMAKO) puis laissez-le bien s\u00e9cher.<\/span><\/p>\n<p><span style=\"font-weight: 400;\">Si le tapis est tr\u00e8s sale, vous pouvez utiliser de l\u2019eau citronn\u00e9e. Pour cela, pressez simplement un peu de citron dans de l\u2019eau ti\u00e8de. Mouillez un chiffon doux avec ce m\u00e9lange, nettoyez le tapis, essuyez-le bien et laissez-le s\u00e9cher \u00e0 l\u2019air libre.<\/span><\/p>\n<p><span style=\"font-weight: 400;\">Rangez toujours votre mat dans un endroit sec, \u00e0 l\u2019abri de la lumi\u00e8re et du soleil. L\u2019id\u00e9al est de le placer dans un sac de transport apr\u00e8s utilisation.<\/span><\/p>\n<p><span style=\"font-weight: 400;\">Au d\u00e9ballage, la surface du tapis de yoga peut sembler un peu \u00ab poudreuse \u00bb. Ceci est normal. Essuyez votre tapis avec un chiffon humide pour enlever cet effet si cela vous d\u00e9range.<\/span><\/p>\n<p><span style=\"font-weight: 400;\">L\u2019adh\u00e9rence du tapis s\u2019am\u00e9liore \u00e0 l\u2019utilisation, il faut parfois un peu de patience et une pratique r\u00e9guli\u00e8re pour que le tapis atteigne son plein potentiel !<\/span>[\/accordion_item][\/accordion]<\/p>\n<p>[accordion title=\u00a0\u00bb\u00a0\u00bb open1st=\u00a0\u00bb0&Prime; openAll=\u00a0\u00bb0&Prime;][accordion_item title=\u00a0\u00bbTypes d&rsquo;activit\u00e9s\u00a0\u00bb]<span style=\"font-weight: 400;\">Yin yoga, yoga Restauratif, Hatha yoga, Flow yoga, Ashtanga yoga, yoga Nidra, M\u00e9ditation, Mindfulness, Iyengar yoga, Yoga a\u00e9rien, Yoga en plein air, Automassage myofascial, Pilates, Stretching<\/span>[\/accordion_item][\/accordion]<\/p>\n<p>[accordion title=\u00a0\u00bb\u00a0\u00bb open1st=\u00a0\u00bb0&Prime; openAll=\u00a0\u00bb0&Prime; style=\u00a0\u00bb\u00a0\u00bb][accordion_item title=\u00a0\u00bbPourquoi on adore ce produit\u00a0\u00bb]<span style=\"font-weight: 400;\">C&rsquo;est la Rolls des tapis ! On appr\u00e9cie tout particuli\u00e8rement sa mati\u00e8re antid\u00e9rapante, la meilleure qu\u2019on ait pu tester jusqu\u2019\u00e0 maintenant. Aucune surface ne lui r\u00e9siste. Vos mains et vos pieds resteront bien en place dans toutes les positions. Si vous avez la mauvaise habitude de glisser pendant vos s\u00e9ances, vous pouvez acheter un tapis SuperGrip en toute s\u00e9r\u00e9nit\u00e9 et profiter de sa bonne adh\u00e9rence.<\/span><\/p>\n<p><span style=\"font-weight: 400;\">On aime aussi le fait que ce tapis est adapt\u00e9 \u00e0 tout le monde, m\u00eame les plus grand.e.s parmi les yogis. Ses dimensions sont tr\u00e8s agr\u00e9ables, notamment dans les postures couch\u00e9es pendant lesquelles on n\u2019a pas l\u2019impression de d\u00e9passer sur le sol. Le moelleux de ses \u00e9paisseurs de mati\u00e8res le rend confortable pour toutes et tous.<\/span><\/p>\n<p><span style=\"font-weight: 400;\">Bien s\u00fbr, le fait que cet article ne contient aucun produit toxique et qu\u2019il est \u00e9co-responsable et recyclable est totalement en phase avec nos valeurs.\u00a0<\/span><\/p>\n<p><span style=\"font-weight: 400;\">Finalement, on adore son design moderne et \u00e9l\u00e9gant. Le petit plus de l\u2019illustration Moonphase ? Gr\u00e2ce aux mandalas dispos\u00e9s de fa\u00e7on lin\u00e9aire, vous pourrez vous recentrer sur le tapis en un coup d&rsquo;\u0153il pendant votre s\u00e9ance de yoga afin de toujours garder le bon alignement.<\/span><\/p>\n<p><span style=\"font-weight: 400;\">Avec ce tapis, faire du yoga est \u00e0 la fois plaisant pour le corps, et \u00e9galement pour les yeux. N\u2019h\u00e9sitez pas \u00e0 aller voir les autres motifs des tapis \u00e9cologiques SuperGrip, ils sont tous plus beaux les uns que les autres. Le plus dur sera de choisir son tapis !<\/span>[\/accordion_item][\/accordion]<\/p>\n<p>[accordion title=\u00a0\u00bb\u00a0\u00bb open1st=\u00a0\u00bb0&Prime; openAll=\u00a0\u00bb0&Prime; style=\u00a0\u00bb\u00a0\u00bb][accordion_item title=\u00a0\u00bbPaiement, livraison &amp; retours\u00a0\u00bb]<br \/>\nPour les informations sur les alternatives de paiement, de livraison et les retours, merci de cliquer <a class=\"linkcgv\" href=\"https:\/\/www.yoga-nest.com\/paiement-livraison-retours\/\" target=\"_blank\" rel=\"noopener\">ICI<\/a><br \/>\n[\/accordion_item][\/accordion]<\/p>\n<p>[one]<br \/>\n<span style=\"color: #b01da4;\"><strong>La Marque<\/strong><\/span><\/p>\n<p><b>Yoga Boutique \u2013 Des articles pour le yoga exclusifs, fonctionnels et \u00e9thiques<\/b><\/p>\n<p><span style=\"font-weight: 400;\">Yoga Boutique est une <\/span><b>start-up familiale suisse<\/b><span style=\"font-weight: 400;\">, n\u00e9e en 2018. Leur gamme est soigneusement s\u00e9lectionn\u00e9e : <\/span><b>tapis de yoga fabriqu\u00e9s \u00e0 partir de mat\u00e9riaux durables, beaux coussins de m\u00e9ditation, v\u00eatements de yoga super confortables pour tous. <\/b><span style=\"font-weight: 400;\">Les produits sont con\u00e7us directement par les fondateurs et sont donc exclusifs. Un soin particulier est donn\u00e9 \u00e0 la provenance des mat\u00e9riaux, aux designs et aux fonctionnalit\u00e9s.<\/span><\/p>\n<p><a class=\"boutonmarque\" title=\"Yoga Boutique\" href=\"http:\/\/yoga-nest.com\/yoga-boutique\/\" target=\"_blank\" rel=\"noopener\">En savoir plus<\/a><\/p>\n","protected":false},"excerpt":{"rendered":"<p><span style=\"font-weight: 400;\">Grand tapis de yoga avec un fort pouvoir antid\u00e9rapant. Id\u00e9al pour les d\u00e9butants et les yogis confirm\u00e9s qui recherchent un grand confort dans leur pratique du yoga.<\/span><\/p>\n<p><span style=\"font-weight: 400;\">Ce tapis est d\u00e9velopp\u00e9 sp\u00e9cialement pour ne pas glisser. Vous pourrez ainsi pratiquer le yoga sur n\u2019importe quelle surface. Version 2.0 &#8211; nouveaux mod\u00e8les 2023, encore plus grippants!<\/span><\/p>\n<p><span style=\"font-weight: 400;\">Il est \u00e9l\u00e9gamment illustr\u00e9 des diff\u00e9rentes phases de la lune dessin\u00e9es dans le style mandala. Disponible en deux couleurs, le tapis Moonphase saura plaire \u00e0 tous les go\u00fbts. Bleu ou noir, orn\u00e9 de son illustration dor\u00e9e, il vous accompagnera dans toutes vos s\u00e9ances de yoga, pilates, m\u00e9ditation ou automassage myofascial.<\/span><\/p>\n<p>&nbsp;<\/p>\n<p>[button title=\u00a0\u00bbGuide comparatif des tapis\u00a0\u00bb link=\u00a0\u00bbhttps:\/\/www.yoga-nest.com\/tapis_de_yoga_mat\/\u00a0\u00bb target=\u00a0\u00bb_blank\u00a0\u00bb align=\u00a0\u00bbcenter\u00a0\u00bb icon=\u00a0\u00bb\u00a0\u00bb icon_position=\u00a0\u00bb\u00a0\u00bb color=\u00a0\u00bb\u00a0\u00bb font_color=\u00a0\u00bb\u00a0\u00bb size=\u00a0\u00bb2&Prime; full_width=\u00a0\u00bb\u00a0\u00bb class=\u00a0\u00bbbouttontaille\u00a0\u00bb download=\u00a0\u00bb\u00a0\u00bb rel=\u00a0\u00bb\u00a0\u00bb]<\/p>\n<p>&nbsp;<\/p>\n<p class=\"manquante\" style=\"text-align: center;\">Mod\u00e8le ou coloris manquant ? <a href=\"mailto:serviceclients@yoga-nest.com\">Contactez-nous<\/a><\/p>\n","protected":false},"featured_media":34,"comment_status":"open","ping_status":"open","template":"","meta":[],"product_cat":[27,28,26],"product_tag":[29],"_links":{"self":[{"href":"https:\/\/yoganest.vaniseo.pro\/index.php\/wp-json\/wp\/v2\/product\/53"}],"collection":[{"href":"https:\/\/yoganest.vaniseo.pro\/index.php\/wp-json\/wp\/v2\/product"}],"about":[{"href":"https:\/\/yoganest.vaniseo.pro\/index.php\/wp-json\/wp\/v2\/types\/product"}],"replies":[{"embeddable":true,"href":"https:\/\/yoganest.vaniseo.pro\/index.php\/wp-json\/wp\/v2\/comments?post=53"}],"wp:featuredmedia":[{"embeddable":true,"href":"https:\/\/yoganest.vaniseo.pro\/index.php\/wp-json\/wp\/v2\/media\/34"}],"wp:attachment":[{"href":"https:\/\/yoganest.vaniseo.pro\/index.php\/wp-json\/wp\/v2\/media?parent=53"}],"wp:term":[{"taxonomy":"product_cat","embeddable":true,"href":"https:\/\/yoganest.vaniseo.pro\/index.php\/wp-json\/wp\/v2\/product_cat?post=53"},{"taxonomy":"product_tag","embeddable":true,"href":"https:\/\/yoganest.vaniseo.pro\/index.php\/wp-json\/wp\/v2\/product_tag?post=53"}],"curies":[{"name":"wp","href":"https:\/\/api.w.org\/{rel}","templated":true}]}}