{"id":52,"date":"2021-01-30T04:47:31","date_gmt":"2021-01-30T03:47:31","guid":{"rendered":"https:\/\/yoganest.vaniseo.pro\/index.php\/product\/balles-automassage-original\/"},"modified":"2024-03-06T09:19:07","modified_gmt":"2024-03-06T08:19:07","slug":"balles-automassage-original","status":"publish","type":"product","link":"https:\/\/yoganest.vaniseo.pro\/index.php\/product\/balles-automassage-original\/","title":{"rendered":"Balles automassage Original | duo 6.3cm"},"content":{"rendered":"<p>Ces balles Original Therapy sont le premier mod\u00e8le imagin\u00e9 par la marque Yoga Tune Up. C&rsquo;est autour de ce mod\u00e8le que toute la m\u00e9thode a \u00e9t\u00e9 construite.<br \/>\nDe petite taille (6,3 cm de diam\u00e8tre), elles permettent de reproduire le doigt\u00e9 du massoth\u00e9rapeute afin de vous procurer les m\u00eames bienfaits \u00e0 la maison. Elles s&rsquo;utilisent dans toutes les parties du corps, m\u00eame les plus difficiles d&rsquo;acc\u00e8s comme le visage et la colonne vert\u00e9brale.<br \/>\nEn comparaison avec les traditionnels rouleaux de massage, les balles vous donnent acc\u00e8s \u00e0 des zones plus pr\u00e9cises et cibl\u00e9es.<br \/>\nGr\u00e2ce \u00e0 leur maniabilit\u00e9, elles permettent de traiter facilement les trigger-points, ces points douloureux qui peuvent se r\u00e9v\u00e9ler dans n&rsquo;importe quelle partie du corps et souvent associ\u00e9s \u00e0 des douleurs chroniques. Il s&rsquo;agit en fait de petites parties de fibre musculaire qui se crispent et surgissent g\u00e9n\u00e9ralement suite \u00e0 un mauvais mouvement.<br \/>\nElles sont fabriqu\u00e9es \u00e0 partir d&rsquo;un caoutchouc sp\u00e9cialement con\u00e7u pour une adh\u00e9rence \u00e9lev\u00e9e. Elles \u00ab\u00a0s&rsquo;agrippent\u00a0\u00bb \u00e0 votre peau pour permettre de faire effet sur l&rsquo;ensemble des couches. En effectuant vos mouvements avec ces balles, vous massez en profondeur les points de tension de votre corps. L&rsquo;\u00e9tirement se fait au travers des diff\u00e9rentes \u00e9paisseurs de peau et de muscles.<br \/>\nParmi les nombreux bienfaits de l&rsquo;automassage, on peut notamment citer les suivants :<\/p>\n<ul>\n<li>Offre un massage en profondeur des tissus conjonctifs, muscles et fascias<\/li>\n<li>Tr\u00e8s efficace pour lib\u00e9rer les n\u0153uds musculaires et rel\u00e2cher en profondeur les sensations de raideur de votre corps, assouplir et \u00e9tirer l&rsquo;entier du corps<\/li>\n<li>Am\u00e9liore votre posture gr\u00e2ce \u00e0 une meilleure proprioception (notre perception de la position et des mouvements de notre propre corps dans l&rsquo;espace). Nous adoptons r\u00e9guli\u00e8rement de mauvaises postures, notamment lors de longues heures de travail statiques, pendant lesquelles on a le r\u00e9flexe de contracter, sans s&rsquo;en rendre compte, les muscles, les \u00e9paules, la nuque, le bas du dos, etc. Les exercices d&rsquo;\u00e9tirement vont permettre un rel\u00e2chement de toutes les parties du corps<\/li>\n<li>Aide \u00e0 la progression de vos performances sportives. Id\u00e9al dans le cadre d&rsquo;une activit\u00e9 physique soutenue pendant laquelle les muscles et les articulations sont fortement sollicit\u00e9s, les courbatures fr\u00e9quentes<\/li>\n<li>Am\u00e9liore votre flexibilit\u00e9 et l&rsquo;amplitude de mouvement des articulations, permet de gagner en souplesse<\/li>\n<li>Concentration mentale accrue<\/li>\n<li>Calme votre syst\u00e8me nerveux, r\u00e9duit votre stress, vous permet de vous relaxer et de red\u00e9marrer sur une bonne base. Le stress a notamment comme effets secondaires une inflammation des tissus, une mauvaise circulation sanguine, une tension musculaire,&#8230; Ce moment de relaxation permet de remettre les compteurs \u00e0 z\u00e9ro<\/li>\n<li>Facile \u00e0 utiliser avec des r\u00e9sultats imm\u00e9diats<\/li>\n<li>Aide \u00e0 r\u00e9duire les douleurs dues \u00e0 une mauvaise \/ trop grande \/ trop faible utilisation de certaines parties du corps (par exemple le mal de dos, des hanches, des cuisses, des genoux, des talons, du psoas,&#8230;)<\/li>\n<\/ul>\n<p>L\u2019utilisation des balles d\u2019automassage est conseill\u00e9e \u00e0 toute personne qui souhaite prendre en main sa sant\u00e9 et son bien-\u00eatre. Cependant, cette pratique est d\u00e9conseill\u00e9e aux femmes enceintes et \u00e0 celles qui sont en phase de r\u00e9cup\u00e9ration post-partum. N\u2019h\u00e9sitez pas \u00e0 en parler avec votre m\u00e9decin si vous avez un doute quant \u00e0 votre condition m\u00e9dicale.<\/p>\n<p>[accordion title=\u00a0\u00bb\u00a0\u00bb open1st=\u00a0\u00bb0&Prime; openAll=\u00a0\u00bb0&Prime;][accordion_item title=\u00a0\u00bbEntretien\u00a0\u00bb]Ces balles d\u2019automassage gagnent en adh\u00e9rence au fil du temps. Pour rendre le caoutchouc plus souple, plus mou et adh\u00e9rant, vous pouvez les \u00e9craser d\u00e9licatement avec vos pieds nus.<\/p>\n<p>Si au d\u00e9but d&rsquo;usage les balles vous semblent trop fermes, vous pouvez d\u00e9marrer votre s\u00e9ance d&rsquo;automassage contre un mur. Une fois que votre corps s&rsquo;est habitu\u00e9 \u00e0 la pression profonde, vous pouvez passer au sol.<\/p>\n<p>Les balles ne doivent pas \u00eatre expos\u00e9es \u00e0 la lumi\u00e8re directe. Pour qu&rsquo;elles restent souples et adh\u00e9rentes, rangez-les donc dans un sac de sport ou un contenant ferm\u00e9.<br \/>\n[\/accordion_item][\/accordion][accordion title=\u00a0\u00bb\u00a0\u00bb open1st=\u00a0\u00bb0&Prime; openAll=\u00a0\u00bb0&Prime;][accordion_item title=\u00a0\u00bbTypes d&rsquo;activit\u00e9s\u00a0\u00bb]Automassage myofascial, yin yoga, yoga restauratif, workout, gymnastique, crossfit.[\/accordion_item][\/accordion][accordion title=\u00a0\u00bb\u00a0\u00bb open1st=\u00a0\u00bb0&Prime; openAll=\u00a0\u00bb0&Prime;][accordion_item title=\u00a0\u00bbPourquoi on adore ce produit \u00ab\u00a0]C&rsquo;est LE mod\u00e8le de base pour d\u00e9couvrir les bienfaits de l&rsquo;automassage. Ce sont d&rsquo;ailleurs les premi\u00e8res balles que Laurence a test\u00e9es avant de tomber amoureuse de la m\u00e9thode et de d\u00e9cider de se former \u00e0 cette th\u00e9rapie pour l&rsquo;offrir dans ses cours. Vous pensez bien que ce produit a donc une place particuli\u00e8re dans notre boutique.On aime ses 3 couleurs \u00e0 choix qui sont toutes aussi \u00e9nergisantes les unes que les autres. Rien que de les voir vous aurez envie de commencer une s\u00e9ance d&rsquo;automassage. Chez Yoga Nest on trouve que c&rsquo;est important que nos accessoires soient motivants, de par leur design, leur accessibilit\u00e9, leur fonctionnalit\u00e9.On am\u00e8ne la paire d&rsquo;Originals partout o\u00f9 on va gr\u00e2ce au filet de transport et de rangement. Parfait pour les emmener \u00e0 la salle de sport, au fitness, au studio de yoga.<\/p>\n<p>Nous utilisons notamment ces balles dans nos cours d&rsquo;<a title=\"Automassage Myofascial\" href=\"http:\/\/yoga-nest.com\/portfolio-item\/french-mfr-roll-release\/\" target=\"_blank\" rel=\"noopener\">automassage myofascial<\/a>. Apprenez \u00e0 lib\u00e9rer vos tensions musculaires et gagnez en qualit\u00e9 de vie, retrouvez l&rsquo;harmonie entre le corps et l&rsquo;esprit.[\/accordion_item][\/accordion][accordion title=\u00a0\u00bb\u00a0\u00bb open1st=\u00a0\u00bb0&Prime; openAll=\u00a0\u00bb0&Prime; style=\u00a0\u00bb\u00a0\u00bb][accordion_item title=\u00a0\u00bbPaiement, livraison &amp; retours\u00a0\u00bb]Pour les informations sur les alternatives de paiement, de livraison et les retours, merci de cliquer <a class=\"linkcgv\" href=\"https:\/\/www.yoga-nest.com\/paiement-livraison-retours\/\" target=\"_blank\" rel=\"noopener\">ICI<\/a>[\/accordion_item][\/accordion]<\/p>\n<p>&nbsp;<\/p>\n<p><span style=\"color: #b01da4;\"><strong>La Marque<\/strong><\/span><\/p>\n<p><strong>Yoga Tune Up\u00a0<\/strong><\/p>\n<p>La marque s&rsquo;est inspir\u00e9e du yoga traditionnel pour d\u00e9velopper sa propre m\u00e9thode th\u00e9rapeutique. Gr\u00e2ce \u00e0 des \u00e9tirements en profondeur, vous rel\u00e2chez les tensions, lib\u00e9rez vos crispations et oubliez vos douleurs install\u00e9es depuis bien trop longtemps. Yoga Tune Up a d\u00e9velopp\u00e9 des accessoires autour de cette m\u00e9thode dont des balles d&rsquo;automassage.<\/p>\n<p><a class=\"boutonmarque\" title=\"Yoga Tune Up\" href=\"http:\/\/yoga-nest.com\/yoga-tune-up\/\" target=\"_blank\" rel=\"noopener\">En savoir plus<\/a><\/p>\n","protected":false},"excerpt":{"rendered":"<p>Les balles de massage Original mesurent chacune 6,3 cm de diam\u00e8tre et ont \u00e9t\u00e9 sp\u00e9cialement con\u00e7ues pour imiter le pouce d\u2019un massoth\u00e9rapeute.<\/p>\n<p>Elles s&rsquo;int\u00e8grent parfaitement le long de la colonne vert\u00e9brale et dans les petites articulations de votre corps, telles que les mains, les pieds ou les tissus d\u00e9licats du cou et de la m\u00e2choire. Elles sont id\u00e9ales pour agir sur les trigger-points.<\/p>\n<p>&nbsp;<\/p>\n<p class=\"manquante\" style=\"text-align: center;\">Couleur manquante ? <a href=\"mailto:serviceclients@yoga-nest.com\">Contactez-nous<\/a><\/p>\n","protected":false},"featured_media":21,"comment_status":"open","ping_status":"open","template":"","meta":[],"product_cat":[21,20],"product_tag":[22],"_links":{"self":[{"href":"https:\/\/yoganest.vaniseo.pro\/index.php\/wp-json\/wp\/v2\/product\/52"}],"collection":[{"href":"https:\/\/yoganest.vaniseo.pro\/index.php\/wp-json\/wp\/v2\/product"}],"about":[{"href":"https:\/\/yoganest.vaniseo.pro\/index.php\/wp-json\/wp\/v2\/types\/product"}],"replies":[{"embeddable":true,"href":"https:\/\/yoganest.vaniseo.pro\/index.php\/wp-json\/wp\/v2\/comments?post=52"}],"wp:featuredmedia":[{"embeddable":true,"href":"https:\/\/yoganest.vaniseo.pro\/index.php\/wp-json\/wp\/v2\/media\/21"}],"wp:attachment":[{"href":"https:\/\/yoganest.vaniseo.pro\/index.php\/wp-json\/wp\/v2\/media?parent=52"}],"wp:term":[{"taxonomy":"product_cat","embeddable":true,"href":"https:\/\/yoganest.vaniseo.pro\/index.php\/wp-json\/wp\/v2\/product_cat?post=52"},{"taxonomy":"product_tag","embeddable":true,"href":"https:\/\/yoganest.vaniseo.pro\/index.php\/wp-json\/wp\/v2\/product_tag?post=52"}],"curies":[{"name":"wp","href":"https:\/\/api.w.org\/{rel}","templated":true}]}}