{"id":513,"date":"2021-04-02T00:37:54","date_gmt":"2021-04-01T22:37:54","guid":{"rendered":"https:\/\/yoganest.vaniseo.pro\/index.php\/product\/t-shirt-ganesh\/"},"modified":"2024-03-06T14:26:52","modified_gmt":"2024-03-06T13:26:52","slug":"t-shirt-ganesh","status":"publish","type":"product","link":"https:\/\/yoganest.vaniseo.pro\/index.php\/product\/t-shirt-ganesh\/","title":{"rendered":"T-shirt | Ganesh"},"content":{"rendered":"<p><span style=\"font-weight: 400;\">T-shirt de yoga pour femmes avec un magnifique imprim\u00e9 Ganesh. Ce v\u00eatement est fait d&rsquo;un merveilleux tissu de coton. Il est aussi confortable que beau afin de vous mettre en valeur et vous inspirer pendant vos s\u00e9ances de yoga.<\/span><\/p>\n<p><span style=\"font-weight: 400;\">Il est non seulement superbe en tant que t-shirt pour le yoga, accord\u00e9 avec un legging par exemple. Mais il va \u00e9galement tr\u00e8s bien avec une paire de jeans dans la vie de tous les jours. Son col en V lui donne une forme magnifique qui sublimera tous vos looks. Ce haut a une coupe l\u00e9g\u00e8rement cintr\u00e9e surtout au niveau de la poitrine. Il met en valeur la femme qui le porte.<\/span><\/p>\n<p><span style=\"font-weight: 400;\">Ce v\u00eatement de yoga est disponible en plusieurs couleurs unies, orn\u00e9 d\u2019un magnifique imprim\u00e9 Ganesh dans un ton cuivr\u00e9 dor\u00e9.\u00a0<\/span><\/p>\n<p><span style=\"font-weight: 400;\">Le symbole de Ganesh qui est repr\u00e9sent\u00e9 sur ce t-shirt a une grande signification. C\u00e9l\u00e8bre divinit\u00e9 hindoue, Ganesh occupe une place importante dans le yoga. \u00c0 l&rsquo;image de sa repr\u00e9sentation, ce dieu \u00e0 t\u00eate d&rsquo;\u00e9l\u00e9phant est le symbole de la sagesse et de la prosp\u00e9rit\u00e9. Il apporte la protection \u00e0 celui qui l&rsquo;invoque dans le commencement de toutes choses. La t\u00eate d\u2019\u00e9l\u00e9phant : plus grosse que le reste de son corps, elle symbolise son intelligence. Elle repr\u00e9sente sa sagesse et sa capacit\u00e9 intellectuelle.<\/span><\/p>\n<p>[accordion title=\u00a0\u00bb\u00a0\u00bb open1st=\u00a0\u00bb0&Prime; openAll=\u00a0\u00bb0&Prime;][accordion_item title=\u00a0\u00bbEntretien\u00a0\u00bb]<\/p>\n<p><span style=\"font-weight: 400;\">Voici quelques conseils pour laver et prendre soin de votre t-shirt de yoga\u00a0:<\/span><\/p>\n<ul>\n<li style=\"font-weight: 400;\" aria-level=\"1\"><span style=\"font-weight: 400;\">Lavez l\u2019article \u00e0 une temp\u00e9rature maximale de 30 degr\u00e9s ou \u00e0 la main<\/span><\/li>\n<li style=\"font-weight: 400;\" aria-level=\"1\"><span style=\"font-weight: 400;\">Le suspendre \u00e0 l&rsquo;air libre<\/span><\/li>\n<li style=\"font-weight: 400;\" aria-level=\"1\"><span style=\"font-weight: 400;\">Ne pas utiliser de s\u00e8che-linge<\/span><\/li>\n<li style=\"font-weight: 400;\" aria-level=\"1\"><span style=\"font-weight: 400;\">N&rsquo;utilisez pas d&rsquo;agent de blanchiment ou d&rsquo;adoucissant sur votre haut<\/span><\/li>\n<li style=\"font-weight: 400;\" aria-level=\"1\"><span style=\"font-weight: 400;\">\u00c9vitez de repasser ou nettoyer \u00e0 sec le t-shirt<\/span><\/li>\n<\/ul>\n<p>[\/accordion_item][\/accordion][accordion title=\u00a0\u00bb\u00a0\u00bb open1st=\u00a0\u00bb0&Prime; openAll=\u00a0\u00bb0&Prime;][accordion_item title=\u00a0\u00bbTypes d&rsquo;activit\u00e9s\u00a0\u00bb]<span style=\"font-weight: 400;\">M\u00e9ditation, Streetwear, Casualwear, Style relax et Cocooning \u00e0 la maison.<\/span>[\/accordion_item][\/accordion]<span style=\"font-weight: 400;\">[accordion title=\u00a0\u00bb\u00a0\u00bb open1st=\u00a0\u00bb0&Prime; openAll=\u00a0\u00bb0&Prime;][accordion_item title=\u00a0\u00bbPourquoi on adore ce produit\u00a0\u00bb]<\/span><\/p>\n<p><span style=\"font-weight: 400;\">On adore ce magnifique haut de yoga avec un imprim\u00e9 de Ganesh. Il est si inspirant et magnifique. Les couleurs du motif lui donnent un superbe effet.\u00a0<\/span><\/p>\n<p><span style=\"font-weight: 400;\">Ce t-shirt est doux, confortable (5% spandex) et f\u00e9minin. On aime son col V qui le rend tr\u00e8s chic et classe. Il tire sa personnalit\u00e9 de son imprim\u00e9 Ganesh m\u00e9tallis\u00e9.\u00a0<\/span><\/p>\n<p><span style=\"font-weight: 400;\">Il est si original qu\u2019on a envie de le mettre tout le temps. Il est confortable et a une forme qui nous met en valeur. Avec un jeans, il nous offre un look parfait pour une petite sortie en ville.<\/span><\/p>\n<p><span style=\"font-weight: 400;\">Ce v\u00eatement taille plut\u00f4t petit, prenez une taille de plus si vous l&rsquo;aimez l\u00e9g\u00e8rement ample.<\/span><\/p>\n<p><span style=\"font-weight: 400;\">[\/accordion_item][\/accordion]<\/span>[accordion title=\u00a0\u00bb\u00a0\u00bb open1st=\u00a0\u00bb0&Prime; openAll=\u00a0\u00bb0&Prime; style=\u00a0\u00bb\u00a0\u00bb][accordion_item title=\u00a0\u00bbPaiement, livraison &amp; retours\u00a0\u00bb]Pour les informations sur les alternatives de paiement, de livraison et les retours, merci de cliquer <a class=\"linkcgv\" href=\"https:\/\/www.yoga-nest.com\/paiement-livraison-retours\/\" target=\"_blank\" rel=\"noopener\">ICI<\/a>.[\/accordion_item][\/accordion]<\/p>\n<p><span style=\"color: #b01da4;\"><b>La Marque<\/b><\/span><\/p>\n<p><b>Yoga Boutique \u2013 Des articles pour le yoga exclusifs, fonctionnels et \u00e9thiques<\/b><\/p>\n<p><span style=\"font-weight: 400;\">Yoga Boutique est une <\/span><b>start-up familiale suisse<\/b><span style=\"font-weight: 400;\">, n\u00e9e en 2018. Leur gamme est soigneusement s\u00e9lectionn\u00e9e : <\/span><b>tapis de yoga fabriqu\u00e9s \u00e0 partir de mat\u00e9riaux durables, beaux coussins de m\u00e9ditation, v\u00eatements de yoga super confortables pour tous. <\/b><span style=\"font-weight: 400;\">Les produits sont con\u00e7us directement par les fondateurs et sont donc exclusifs. Un soin particulier est donn\u00e9 \u00e0 la provenance des mat\u00e9riaux, aux designs et aux fonctionnalit\u00e9s.<\/span><\/p>\n<p><a class=\"boutonmarque\" title=\"Yoga Boutique\" href=\"http:\/\/www.yoga-nest.com\/yoga-boutique\/\"><span style=\"font-weight: 400;\">En savoir plus<\/span><\/a><\/p>\n","protected":false},"excerpt":{"rendered":"<p><span style=\"font-weight: 400;\">Le T-shirt Ganesh de Yoga Boutique est une magnifique pi\u00e8ce tr\u00e8s inspirante. Il est muni d\u2019un col en V qui met en avant la poitrine et les \u00e9paules de la personne qui le porte. Il a une tr\u00e8s jolie coupe qui met en avant les formes. Cintr\u00e9 \u00e0 la poitrine puis un peu plus large au niveau des hanches, sa longueur est id\u00e9ale et convient aux femmes de toutes les tailles.<\/span><\/p>\n<p><span style=\"font-weight: 400;\">Ce haut de yoga est disponible en plusieurs couleurs unies. Le motif de Ganesh est repr\u00e9sent\u00e9 en couleur or, ce qui apporte toute la beaut\u00e9 de cet article.<\/span><\/p>\n<p><span style=\"font-weight: 400;\">Dans la religion hindoue, Ganesh est consid\u00e9r\u00e9 comme un Dieu qui supprime les obstacles. C\u2019est le Dieu de la sagesse, de l\u2019\u00e9ducation, de la prudence, de l\u2019intelligence, et le chef des \u00e9coles et des savants. Il est particuli\u00e8rement reconnaissable par sa t\u00eate d\u2019\u00e9l\u00e9phant. Le mythe et la symbolique qui l\u2019entourent font de lui l\u2019un des Dieux le plus v\u00e9n\u00e9r\u00e9s d\u2019Inde et des pays asiatiques entre autres.<\/span><\/p>\n<p>&nbsp;<\/p>\n<p>[button title=\u00a0\u00bbGuide des tailles\u00a0\u00bb link=\u00a0\u00bbhttps:\/\/www.yoga-nest.com\/tailles\u00a0\u00bb target=\u00a0\u00bb_blank\u00a0\u00bb align=\u00a0\u00bbcenter\u00a0\u00bb icon=\u00a0\u00bb\u00a0\u00bb icon_position=\u00a0\u00bb\u00a0\u00bb color=\u00a0\u00bb\u00a0\u00bb font_color=\u00a0\u00bb\u00a0\u00bb size=\u00a0\u00bb2&Prime; full_width=\u00a0\u00bb\u00a0\u00bb class=\u00a0\u00bbbouttontaille\u00a0\u00bb download=\u00a0\u00bb\u00a0\u00bb rel=\u00a0\u00bb\u00a0\u00bb]<\/p>\n<p>&nbsp;<\/p>\n<p class=\"manquante\" style=\"text-align: center;\">Taille ou couleur manquante ? <a href=\"mailto:serviceclients@yoga-nest.com\">Contactez-nous<\/a><\/p>\n","protected":false},"featured_media":0,"comment_status":"open","ping_status":"open","template":"","meta":[],"product_cat":[62,95],"product_tag":[29],"_links":{"self":[{"href":"https:\/\/yoganest.vaniseo.pro\/index.php\/wp-json\/wp\/v2\/product\/513"}],"collection":[{"href":"https:\/\/yoganest.vaniseo.pro\/index.php\/wp-json\/wp\/v2\/product"}],"about":[{"href":"https:\/\/yoganest.vaniseo.pro\/index.php\/wp-json\/wp\/v2\/types\/product"}],"replies":[{"embeddable":true,"href":"https:\/\/yoganest.vaniseo.pro\/index.php\/wp-json\/wp\/v2\/comments?post=513"}],"wp:attachment":[{"href":"https:\/\/yoganest.vaniseo.pro\/index.php\/wp-json\/wp\/v2\/media?parent=513"}],"wp:term":[{"taxonomy":"product_cat","embeddable":true,"href":"https:\/\/yoganest.vaniseo.pro\/index.php\/wp-json\/wp\/v2\/product_cat?post=513"},{"taxonomy":"product_tag","embeddable":true,"href":"https:\/\/yoganest.vaniseo.pro\/index.php\/wp-json\/wp\/v2\/product_tag?post=513"}],"curies":[{"name":"wp","href":"https:\/\/api.w.org\/{rel}","templated":true}]}}