{"id":501,"date":"2021-04-02T00:23:18","date_gmt":"2021-04-01T22:23:18","guid":{"rendered":"https:\/\/yoganest.vaniseo.pro\/index.php\/product\/hoodie-yoga\/"},"modified":"2024-03-06T14:26:52","modified_gmt":"2024-03-06T13:26:52","slug":"hoodie-yoga","status":"publish","type":"product","link":"https:\/\/yoganest.vaniseo.pro\/index.php\/product\/hoodie-yoga\/","title":{"rendered":"Sweat \u00e0 capuche | Yo Ga"},"content":{"rendered":"<p><span style=\"font-weight: 400;\">Ce pull unisexe de Enso Tribe est un sweat \u00e0 capuche super confortable pour votre s\u00e9ance de yoga et m\u00eame apr\u00e8s. D\u00e9contract\u00e9, \u00e0 la mode avec un grand imprim\u00e9 YO GA \u00e0 l\u2019avant.\u00a0<\/span><\/p>\n<p><span style=\"font-weight: 400;\">L&rsquo;int\u00e9rieur doux et moelleux et la coupe droite offrent une chaleur agr\u00e9able lors des temp\u00e9ratures plus fra\u00eeches. La qualit\u00e9 des tissus utilis\u00e9s procure une sensation agr\u00e9able sur la peau. Une fois enfil\u00e9, on ne veut plus l\u2019enlever.<\/span><\/p>\n<p><span style=\"font-weight: 400;\">Sa forme simple et ses couleurs neutres nous permettent de le porter qu\u2019on soit une femme ou un homme. De plus, il peut \u00eatre accord\u00e9 \u00e0 un look sportif autant qu\u2019\u00e0 un look streetwear. Le sweat YO GA vous offre un confort dans toutes les situations.<\/span><\/p>\n<p><span style=\"font-weight: 400;\">La marque Enso Tribe se d\u00e9passe jour apr\u00e8s jour afin de produire des articles durables et respectueux de l\u2019environnement pour la pratique du yoga. Ce pull est presque enti\u00e8rement produit \u00e0 partir de coton bio. L\u2019impression est r\u00e9alis\u00e9e \u00e0 la commande, pour \u00eatre s\u00fbre de ne pas g\u00e2cher de mati\u00e8re premi\u00e8re.<\/span><\/p>\n<p>[accordion title=\u00a0\u00bb\u00a0\u00bb open1st=\u00a0\u00bb0&Prime; openAll=\u00a0\u00bb0&Prime;][accordion_item title=\u00a0\u00bbEntretien\u00a0\u00bb]<\/p>\n<p><span style=\"font-weight: 400;\">Voici quelques conseils pour laver et entretenir le plus longtemps possible votre pull\u00a0:\u00a0<\/span><\/p>\n<ul>\n<li style=\"font-weight: 400;\" aria-level=\"1\"><span style=\"font-weight: 400;\">Lavez de pr\u00e9f\u00e9rence \u00e0 la main<\/span><\/li>\n<li style=\"font-weight: 400;\" aria-level=\"1\"><span style=\"font-weight: 400;\">Evitez l\u2019utilisation du s\u00e8che-linge<\/span><\/li>\n<li style=\"font-weight: 400;\" aria-level=\"1\"><span style=\"font-weight: 400;\">Suspendre le sweat \u00e0 l\u2019air libre pour le faire s\u00e9cher<\/span><\/li>\n<\/ul>\n<p>[\/accordion_item][\/accordion][accordion title=\u00a0\u00bb\u00a0\u00bb open1st=\u00a0\u00bb0&Prime; openAll=\u00a0\u00bb0&Prime;][accordion_item title=\u00a0\u00bbTypes d&rsquo;activit\u00e9s\u00a0\u00bb]<span style=\"font-weight: 400;\">Yin Yoga, Yoga Restauratif, Yoga Nidra, M\u00e9ditation, Mindfulness, Yoga en plein air, Streetwear, Casual wear, Cocooning \u00e0 la maison<\/span>[\/accordion_item][\/accordion]<span style=\"font-weight: 400;\">[accordion title=\u00a0\u00bb\u00a0\u00bb open1st=\u00a0\u00bb0&Prime; openAll=\u00a0\u00bb0&Prime;][accordion_item title=\u00a0\u00bbPourquoi on adore ce produit\u00a0\u00bb]<\/span><span style=\"font-weight: 400;\">On adore <\/span><span style=\"font-weight: 400;\">sa contemporalit\u00e9 : pour elle et pour lui. On peut le piquer dans le dressing de notre ch\u00e9ri.e ou se l\u2019acheter ensemble.<\/span><\/p>\n<p><span style=\"font-weight: 400;\">On s&rsquo;affirme haut et fort gr\u00e2ce \u00e0 l\u2019imprim\u00e9 et les couleurs vives.\u00a0<\/span><\/p>\n<p><span style=\"font-weight: 400;\">On se r\u00e9fugie dans sa capuche lorsqu&rsquo;il fait frais, avant ou apr\u00e8s notre pratique sportive et en chemin vers le studio. La texture douce nous offre un confort extr\u00eame qui nous donne envie de le porter tout le temps. Il a m\u00eame des poches qui nous sont d\u2019une grande utilit\u00e9.<\/span><br \/>\n[\/accordion_item][\/accordion][accordion title=\u00a0\u00bb\u00a0\u00bb open1st=\u00a0\u00bb0&Prime; openAll=\u00a0\u00bb0&Prime; style=\u00a0\u00bb\u00a0\u00bb][accordion_item title=\u00a0\u00bbPaiement, livraison &amp; retours\u00a0\u00bb]Pour les informations sur les alternatives de paiement, de livraison et les retours, merci de cliquer <a class=\"linkcgv\" href=\"https:\/\/www.yoga-nest.com\/paiement-livraison-retours\/\" target=\"_blank\" rel=\"noopener\">ICI<\/a>.[\/accordion_item][\/accordion]<\/p>\n<p><span style=\"color: #b01da4;\"><b>La Marque<\/b><\/span><\/p>\n<p><strong>Enso Tribe &#8211;\u00a0produits \u00e9thiques, durables et respectueux de l&rsquo;environnement<\/strong><\/p>\n<p>The enso tribe of sweden AB est une marque su\u00e9doise qui propose un large choix de v\u00eatements de yoga. Sa mission est de proposer au monde du yoga des produits durables, \u00e9thiques et respectueux de l&rsquo;environnement.<\/p>\n<p>Elle valorise au premier plan des mati\u00e8res premi\u00e8res biologiques, des conditions de travail \u00e9quitable, une impression \u00e9cologique et les meilleurs moyens de transport possibles. Enso Tribe contribue ainsi \u00e0 un monde meilleur et plus durable.<\/p>\n<p><a class=\"boutonmarque\" title=\"Enso Tribe\" href=\"http:\/\/yoga-nest.com\/enso-tribe\/\" target=\"&quot;\" rel=\"noopener\"><span style=\"font-weight: 400;\">Read more<\/span><\/a><\/p>\n","protected":false},"excerpt":{"rendered":"<p>Sweat \u00e0 capuche fabriqu\u00e9 \u00e0 80% de coton biologique certifi\u00e9 et 20% de polyester. Il est orn\u00e9 d\u2019un imprim\u00e9 YO GA pour \u00eatre vu par tous et partout.<\/p>\n<p>Pour \u00eatre le plus pratique possible, le sweat a aussi des poches lat\u00e9rales pour y mettre des petites choses que vous voulez emporter.<\/p>\n<p>Il est produit de mani\u00e8re \u00e9thique et l&rsquo;impression est faite \u00e0 la main apr\u00e8s la commande.<\/p>\n<p>Ce sweat \u00e0 col rond de la marque su\u00e9doise Enso Tribe offre un look tendance. Il peut \u00eatre port\u00e9 aussi bien par des femmes que par des hommes.<\/p>\n<p>&nbsp;<\/p>\n<p class=\"manquante\" style=\"text-align: center;\">Taille ou couleur manquante ? <a href=\"mailto:serviceclients@yoga-nest.com\">Contactez-nous<\/a><\/p>\n","protected":false},"featured_media":502,"comment_status":"open","ping_status":"open","template":"","meta":[],"product_cat":[67,43,62,66,64,93,94],"product_tag":[68],"_links":{"self":[{"href":"https:\/\/yoganest.vaniseo.pro\/index.php\/wp-json\/wp\/v2\/product\/501"}],"collection":[{"href":"https:\/\/yoganest.vaniseo.pro\/index.php\/wp-json\/wp\/v2\/product"}],"about":[{"href":"https:\/\/yoganest.vaniseo.pro\/index.php\/wp-json\/wp\/v2\/types\/product"}],"replies":[{"embeddable":true,"href":"https:\/\/yoganest.vaniseo.pro\/index.php\/wp-json\/wp\/v2\/comments?post=501"}],"wp:featuredmedia":[{"embeddable":true,"href":"https:\/\/yoganest.vaniseo.pro\/index.php\/wp-json\/wp\/v2\/media\/502"}],"wp:attachment":[{"href":"https:\/\/yoganest.vaniseo.pro\/index.php\/wp-json\/wp\/v2\/media?parent=501"}],"wp:term":[{"taxonomy":"product_cat","embeddable":true,"href":"https:\/\/yoganest.vaniseo.pro\/index.php\/wp-json\/wp\/v2\/product_cat?post=501"},{"taxonomy":"product_tag","embeddable":true,"href":"https:\/\/yoganest.vaniseo.pro\/index.php\/wp-json\/wp\/v2\/product_tag?post=501"}],"curies":[{"name":"wp","href":"https:\/\/api.w.org\/{rel}","templated":true}]}}