{"id":497,"date":"2021-04-02T00:19:20","date_gmt":"2021-04-01T22:19:20","guid":{"rendered":"https:\/\/yoganest.vaniseo.pro\/index.php\/product\/sweat-venus\/"},"modified":"2024-03-06T14:26:17","modified_gmt":"2024-03-06T13:26:17","slug":"sweat-venus","status":"publish","type":"product","link":"https:\/\/yoganest.vaniseo.pro\/index.php\/product\/sweat-venus\/","title":{"rendered":"Sweat | V\u00e9nus"},"content":{"rendered":"<p><span style=\"font-weight: 400;\">Les femmes adorent ce sweat tr\u00e8s confortable, \u00e0 l\u2019int\u00e9rieur molletonn\u00e9. Son look d\u00e9contract\u00e9 arbore n\u00e9anmoins une coupe f\u00e9minine. Il se porte dans n\u2019importe quelle situation, au sport, \u00e0 la maison ou en ext\u00e9rieur.<\/span><\/p>\n<p><span style=\"font-weight: 400;\">Il est orn\u00e9 d\u2019un imprim\u00e9 \u00e0 l\u2019avant. Ce symbole repr\u00e9sente la plan\u00e8te v\u00e9nus mais \u00e9galement le symbole de la femme. Dans de nombreux cas, il est \u00e9galement un symbole de f\u00e9minit\u00e9, de fertilit\u00e9, ou plus g\u00e9n\u00e9ralement de la vie.<\/span><\/p>\n<p><span style=\"font-weight: 400;\">Ce pull vous garde bien au chaud tout en \u00e9tant agr\u00e9able et l\u00e9ger. Prot\u00e8ge efficacement du froid en hiver sous une veste ou simplement sans rien lors de journ\u00e9e plus chaude au printemps.<\/span><\/p>\n<p><span style=\"font-weight: 400;\">La marque Enso Tribe se d\u00e9m\u00e8ne afin de produire des v\u00eatements durables et respectueux de l\u2019environnement pour la pratique du sport et la vie de tous les jours. Ce pull est fabriqu\u00e9 \u00e0 100% \u00e0 partir de coton biologique.<\/span><\/p>\n<p>[accordion title=\u00a0\u00bb\u00a0\u00bb open1st=\u00a0\u00bb0&Prime; openAll=\u00a0\u00bb0&Prime;][accordion_item title=\u00a0\u00bbEntretien\u00a0\u00bb]<\/p>\n<p><span style=\"font-weight: 400;\">Voici quelques conseils pour laver et entretenir le plus longtemps possible votre pull\u00a0:\u00a0<\/span><\/p>\n<ul>\n<li style=\"font-weight: 400;\" aria-level=\"1\"><span style=\"font-weight: 400;\">Si possible, laver \u00e0 la main<\/span><\/li>\n<li style=\"font-weight: 400;\" aria-level=\"1\"><span style=\"font-weight: 400;\">Ne pas utiliser de s\u00e8che-linge et le suspendre \u00e0 l\u2019air libre pour le faire s\u00e9cher<\/span><\/li>\n<\/ul>\n<p>[\/accordion_item][\/accordion][accordion title=\u00a0\u00bb\u00a0\u00bb open1st=\u00a0\u00bb0&Prime; openAll=\u00a0\u00bb0&Prime;][accordion_item title=\u00a0\u00bbTypes d&rsquo;activit\u00e9s\u00a0\u00bb]<span style=\"font-weight: 400;\">Yin Yoga, Yoga Restauratif, Yoga Nidra, M\u00e9ditation, Mindfulness, Yoga en plein air, Streetwear, Casual wear, Cocooning \u00e0 la maison<\/span>[\/accordion_item][\/accordion]<span style=\"font-weight: 400;\">[accordion title=\u00a0\u00bb\u00a0\u00bb open1st=\u00a0\u00bb0&Prime; openAll=\u00a0\u00bb0&Prime;][accordion_item title=\u00a0\u00bbPourquoi on adore ce produit\u00a0\u00bb]<\/span><\/p>\n<p><span style=\"font-weight: 400;\">On adore ce sweat qui affirme notre f\u00e9minit\u00e9. Le pouvoir de la femme est de plus en plus mis en avant et on est fi\u00e8re de porter un v\u00eatement tel que celui-ci.\u00a0<\/span><\/p>\n<p><span style=\"font-weight: 400;\">On aime l\u2019effet de l\u00e9g\u00e8ret\u00e9 que le sweat nous apporte. Les textiles utilis\u00e9s conviennent parfaitement \u00e0 notre peau et nous font nous sentir si bien \u00e0 l\u2019int\u00e9rieur. L&rsquo;encolure large met en valeur le cou et les \u00e9paules des femmes qui le portent.<\/span><\/p>\n<p><span style=\"font-weight: 400;\">Il est produit \u00e0 100% avec du coton bio, un beau geste pour la plan\u00e8te.<\/span><\/p>\n<p><span style=\"font-weight: 400;\">[\/accordion_item][\/accordion]<\/span>[accordion title=\u00a0\u00bb\u00a0\u00bb open1st=\u00a0\u00bb0&Prime; openAll=\u00a0\u00bb0&Prime; style=\u00a0\u00bb\u00a0\u00bb][accordion_item title=\u00a0\u00bbPaiement, livraison &amp; retours\u00a0\u00bb]Pour les informations sur les alternatives de paiement, de livraison et les retours, merci de cliquer <a class=\"linkcgv\" href=\"https:\/\/www.yoga-nest.com\/paiement-livraison-retours\/\" target=\"_blank\" rel=\"noopener\">ICI<\/a>.[\/accordion_item][\/accordion]<\/p>\n<p><span style=\"color: #b01da4;\"><b>La Marque<\/b><\/span><\/p>\n<p><strong>Enso Tribe &#8211; produits \u00e9thiques, durables et respectueux de l&rsquo;environnement<\/strong><\/p>\n<p>The enso tribe of sweden AB est une marque su\u00e9doise qui propose un large choix de v\u00eatements de yoga. Sa mission est de proposer au monde du yoga des produits durables, \u00e9thiques et respectueux de l&rsquo;environnement.<\/p>\n<p>Elle valorise au premier plan des mati\u00e8res premi\u00e8res biologiques, des conditions de travail \u00e9quitable, une impression \u00e9cologique et les meilleurs moyens de transport possibles. Enso Tribe contribue ainsi \u00e0 un monde meilleur et plus durable.<\/p>\n<p><a class=\"boutonmarque\" title=\"Enso Tribe\" href=\"http:\/\/yoga-nest.com\/enso-tribe\/\" target=\"&quot;\" rel=\"noopener\"><span style=\"font-weight: 400;\">En savoir plus<\/span><\/a><\/p>\n","protected":false},"excerpt":{"rendered":"<p><span style=\"font-weight: 400;\">Ce sweat de la marque su\u00e9doise Enso Tribe met en avant un signe de f\u00e9minit\u00e9 gr\u00e2ce au symbole de V\u00e9nus. Il est muni d\u2019une capuche aussi douce que l\u2019int\u00e9rieur du pull. Il offre un confort optimal gr\u00e2ce \u00e0 des tissus de qualit\u00e9.\u00a0<\/span><\/p>\n<p><span style=\"font-weight: 400;\">Vous pouvez le porter autant lors de vos s\u00e9ances de yoga, de pilates ou de n\u2019importe quel sport, que dans une journ\u00e9e banale \u00e0 la maison ou en ext\u00e9rieur.<\/span><\/p>\n<p><span style=\"font-weight: 400;\">Pull en 100% coton biologique certifi\u00e9, avec l&rsquo;affirmation tr\u00e8s claire de la f\u00e9minit\u00e9, de la puissance dans le signe de V\u00e9nus.<\/span><\/p>\n<p>&nbsp;<\/p>\n<p class=\"manquante\" style=\"text-align: center;\">Taille ou couleur manquante ? <a href=\"mailto:serviceclients@yoga-nest.com\">Contactez-nous<\/a><\/p>\n","protected":false},"featured_media":0,"comment_status":"open","ping_status":"open","template":"","meta":[],"product_cat":[62,64,93,94],"product_tag":[68],"_links":{"self":[{"href":"https:\/\/yoganest.vaniseo.pro\/index.php\/wp-json\/wp\/v2\/product\/497"}],"collection":[{"href":"https:\/\/yoganest.vaniseo.pro\/index.php\/wp-json\/wp\/v2\/product"}],"about":[{"href":"https:\/\/yoganest.vaniseo.pro\/index.php\/wp-json\/wp\/v2\/types\/product"}],"replies":[{"embeddable":true,"href":"https:\/\/yoganest.vaniseo.pro\/index.php\/wp-json\/wp\/v2\/comments?post=497"}],"wp:attachment":[{"href":"https:\/\/yoganest.vaniseo.pro\/index.php\/wp-json\/wp\/v2\/media?parent=497"}],"wp:term":[{"taxonomy":"product_cat","embeddable":true,"href":"https:\/\/yoganest.vaniseo.pro\/index.php\/wp-json\/wp\/v2\/product_cat?post=497"},{"taxonomy":"product_tag","embeddable":true,"href":"https:\/\/yoganest.vaniseo.pro\/index.php\/wp-json\/wp\/v2\/product_tag?post=497"}],"curies":[{"name":"wp","href":"https:\/\/api.w.org\/{rel}","templated":true}]}}