{"id":490,"date":"2021-04-02T00:08:07","date_gmt":"2021-04-01T22:08:07","guid":{"rendered":"https:\/\/yoganest.vaniseo.pro\/index.php\/product\/sweat-yoga-vibe-tribe\/"},"modified":"2024-03-06T14:26:17","modified_gmt":"2024-03-06T13:26:17","slug":"sweat-yoga-vibe-tribe","status":"publish","type":"product","link":"https:\/\/yoganest.vaniseo.pro\/index.php\/product\/sweat-yoga-vibe-tribe\/","title":{"rendered":"Sweat | Yoga Vibe Tribe"},"content":{"rendered":"<p><span style=\"font-weight: 400;\">Pull unisexe avec un message \u00ab\u00a0Yoga Vibe Tribe\u00a0\u00bb imprim\u00e9 en s\u00e9rigraphie\u00a0sur l\u2019avant et le logo de la marque brod\u00e9 sur l\u2019arri\u00e8re.\u00a0<\/span><\/p>\n<p><span style=\"font-weight: 400;\">Id\u00e9al pour vos s\u00e9ances de Yoga Yin et Restorative, mais \u00e9galement pour la m\u00e9ditation ou tout simplement pour une journ\u00e9e cocooning \u00e0 la maison.\u00a0<\/span><\/p>\n<p><span style=\"font-weight: 400;\">Ce sweat \u00e0 manches longues vous offre un look d\u00e9contract\u00e9, il s&rsquo;assortit aussi bien avec un jeans et une paire de baskets pour vos looks en ext\u00e9rieur, qu\u2019un legging ou jogging pour un style cosy \u00e0 la maison ou lorsque vous vous rendez \u00e0 la salle de sport.\u00a0<\/span><\/p>\n<p><span style=\"font-weight: 400;\">La marque su\u00e9doise a bien r\u00e9fl\u00e9chi \u00e0 son produit dans un principe d\u2019\u00e9thique et de respect de l\u2019environnement, elle nous d\u00e9montre que l\u2019on peut avoir un look tendance tout en respectant notre plan\u00e8te et les droits de chacun.<\/span>[accordion title=\u00a0\u00bb\u00a0\u00bb open1st=\u00a0\u00bb0&Prime; openAll=\u00a0\u00bb0&Prime;][accordion_item title=\u00a0\u00bbEntretien\u00a0\u00bb]<span style=\"font-weight: 400;\">Voici quelques conseils pour laver et entretenir le plus longtemps possible votre pull Yoga Vibe Tribe\u00a0:\u00a0<\/span><\/p>\n<ul>\n<li>Lavez-le de pr\u00e9f\u00e9rence \u00e0 la main<\/li>\n<li>N\u2019utilisez pas de s\u00e8che-linge, le suspendre \u00e0 l\u2019air libre pour le s\u00e9chage[\/accordion_item][\/accordion][accordion title=\u00a0\u00bb\u00a0\u00bb open1st=\u00a0\u00bb0&Prime; openAll=\u00a0\u00bb0&Prime;][accordion_item title=\u00a0\u00bbTypes d&rsquo;activit\u00e9s\u00a0\u00bb]Yin Yoga, Yoga Restauratif, Yoga Nidra, M\u00e9ditation, Mindfulness, Yoga en plein air, streetwear, casual wear, cocooning \u00e0 la maison.[\/accordion_item][\/accordion][accordion title=\u00a0\u00bb\u00a0\u00bb open1st=\u00a0\u00bb0&Prime; openAll=\u00a0\u00bb0&Prime;][accordion_item title=\u00a0\u00bbPourquoi on adore ce produit\u00a0\u00bb]On adore sa texture l\u00e9g\u00e8re et confortable, son tissu en coton bio qui pense \u00e0 notre plan\u00e8te et \u00e0 l\u2019environnement. On appr\u00e9cie l\u2019\u00e9thique de la marque et la qualit\u00e9 du produit, ses finitions sont travaill\u00e9es. Sa forme plut\u00f4t large permet une libert\u00e9 de mouvement totale pendant nos s\u00e9ances de m\u00e9ditation et de Yin Yoga.<\/li>\n<\/ul>\n<p><span style=\"font-weight: 400;\">L\u2019encolure large de ce sweat met notre cou et nos \u00e9paules en valeur. Sa couleur unie avec un message floqu\u00e9 sur l\u2019avant nous rappelle l\u2019importance du bien-\u00eatre et de la positivit\u00e9.<\/span><span style=\"font-weight: 400;\">[\/accordion_item][\/accordion]<\/span>[accordion title=\u00a0\u00bb\u00a0\u00bb open1st=\u00a0\u00bb0&Prime; openAll=\u00a0\u00bb0&Prime; style=\u00a0\u00bb\u00a0\u00bb][accordion_item title=\u00a0\u00bbPaiement, livraison &amp; retours\u00a0\u00bb]Pour les informations sur les alternatives de paiement, de livraison et les retours, merci de cliquer <a class=\"linkcgv\" href=\"https:\/\/www.yoga-nest.com\/paiement-livraison-retours\/\" target=\"_blank\" rel=\"noopener\">ICI<\/a>.[\/accordion_item][\/accordion]<\/p>\n<p><span style=\"color: #b01da4;\"><b>La Marque<\/b><\/span><\/p>\n<p><strong>Enso Tribe &#8211; produits \u00e9thiques, durables et respectueux de l&rsquo;environnement<\/strong><\/p>\n<p>The enso tribe of sweden AB est une marque su\u00e9doise qui propose un large choix de v\u00eatements de yoga. Sa mission est de proposer au monde du yoga des produits durables, \u00e9thiques et respectueux de l&rsquo;environnement.<\/p>\n<p>Elle valorise au premier plan des mati\u00e8res premi\u00e8res biologiques, des conditions de travail \u00e9quitable, une impression \u00e9cologique et les meilleurs moyens de transport possibles. Enso Tribe contribue ainsi \u00e0 un monde meilleur et plus durable.<\/p>\n<p><a class=\"boutonmarque\" title=\"Enso Tribe\" href=\"http:\/\/yoga-nest.com\/enso-tribe\/\" target=\"&quot;\" rel=\"noopener\"><span style=\"font-weight: 400;\">En savoir plus<\/span><\/a><\/p>\n","protected":false},"excerpt":{"rendered":"<p><span style=\"font-weight: 400;\">Sweatshirt de la marque su\u00e9doise Enso Tribe \u00e0 col rond et coupe droite. Il offre un look tendance et peut aller aussi bien aux femmes qu\u2019aux hommes.\u00a0<\/span><\/p>\n<p><span style=\"font-weight: 400;\">Fabriqu\u00e9 en coton biologique, ce sweat \u00e0 message est confortable et agr\u00e9able \u00e0 porter. Par sa phrase \u201cYoga Vibe Tribe\u201d vous montrez votre appartenance \u00e0 la bonne \u00e9nergie que transmet la pratique du yoga.\u00a0<\/span><\/p>\n<p><span style=\"font-weight: 400;\">La marque Enso Tribe a pour mission de fournir des produits durables et respectueux de l\u2019environnement aux pratiquants de yoga.\u00a0<\/span><\/p>\n<p>&nbsp;<\/p>\n<p class=\"manquante\" style=\"text-align: center;\">Taille ou couleur manquante ? <a href=\"mailto:serviceclients@yoga-nest.com\">Contactez-nous<\/a><\/p>\n","protected":false},"featured_media":0,"comment_status":"open","ping_status":"open","template":"","meta":[],"product_cat":[67,62,66,64,94,93],"product_tag":[68],"_links":{"self":[{"href":"https:\/\/yoganest.vaniseo.pro\/index.php\/wp-json\/wp\/v2\/product\/490"}],"collection":[{"href":"https:\/\/yoganest.vaniseo.pro\/index.php\/wp-json\/wp\/v2\/product"}],"about":[{"href":"https:\/\/yoganest.vaniseo.pro\/index.php\/wp-json\/wp\/v2\/types\/product"}],"replies":[{"embeddable":true,"href":"https:\/\/yoganest.vaniseo.pro\/index.php\/wp-json\/wp\/v2\/comments?post=490"}],"wp:attachment":[{"href":"https:\/\/yoganest.vaniseo.pro\/index.php\/wp-json\/wp\/v2\/media?parent=490"}],"wp:term":[{"taxonomy":"product_cat","embeddable":true,"href":"https:\/\/yoganest.vaniseo.pro\/index.php\/wp-json\/wp\/v2\/product_cat?post=490"},{"taxonomy":"product_tag","embeddable":true,"href":"https:\/\/yoganest.vaniseo.pro\/index.php\/wp-json\/wp\/v2\/product_tag?post=490"}],"curies":[{"name":"wp","href":"https:\/\/api.w.org\/{rel}","templated":true}]}}