{"id":486,"date":"2021-04-02T00:01:10","date_gmt":"2021-04-01T22:01:10","guid":{"rendered":"https:\/\/yoganest.vaniseo.pro\/index.php\/product\/t-shirt-so-hum\/"},"modified":"2024-03-06T14:26:12","modified_gmt":"2024-03-06T13:26:12","slug":"t-shirt-so-hum","status":"publish","type":"product","link":"https:\/\/yoganest.vaniseo.pro\/index.php\/product\/t-shirt-so-hum\/","title":{"rendered":"T-shirt | So Hum"},"content":{"rendered":"<p>Ce T-shirt de la marque Enso Tribe a tout pour plaire : il est \u00e0 la fois beau, confortable et \u00e9co-responsable.<\/p>\n<p>Son esth\u00e9tique est en m\u00eame temps simple, mais \u00e9galement dans l\u2019air du temps avec ses lettres d\u2019imprimerie et ses dessins graphiques. Le t-shirt est blanc avec le mot \u201cSo Hum\u201d imprim\u00e9 sur la poitrine.<\/p>\n<p>So Hum est un mantra, une sorte de m\u00e9ditation. Cela signifie \u201cJe suis\u201d et implique de faire partie de l\u2019Univers, de former un tout.<\/p>\n<p>Tr\u00e8s confortable, ce t-shirt peut autant \u00eatre utilis\u00e9 comme v\u00eatement de sport &#8211; il est id\u00e9al pour toutes les formes de yoga doux et la pratique de la m\u00e9ditation &#8211; mais \u00e9galement pour nos tenues quotidiennes. Sa longueur au niveau des hanches permet d\u2019avoir toujours une bonne couvrance m\u00eame lorsqu\u2019on l\u00e8ve les bras.<\/p>\n<p>Enso Tribe a int\u00e9gr\u00e9 dans ses valeurs des notions d\u2019\u00e9co-responsabilit\u00e9. Cela se traduit notamment par un choix de mati\u00e8res durables. Ici, c\u2019est le coton biologique qui a \u00e9t\u00e9 privil\u00e9gi\u00e9. Le processus de coloration est neutre sur le plan climatique et chaque pi\u00e8ce a \u00e9t\u00e9 teinte individuellement pour obtenir un effet de couleur unique.<\/p>\n<p>L&rsquo;imprim\u00e9 lui-m\u00eame est fait \u00e0 la main en Su\u00e8de apr\u00e8s la commande. Cela permet de r\u00e9duire les ressources et les d\u00e9chets. Ce proc\u00e9d\u00e9 am\u00e8ne un c\u00f4t\u00e9 artisanal \u00e0 chaque pi\u00e8ce qui est ainsi totalement unique. Les conditions de travail les plus \u00e9quitables sont \u00e9galement \u00e9videmment contr\u00f4l\u00e9es.<\/p>\n<p>Le t-shirt So Hum peut \u00eatre port\u00e9 \u00e0 la fois par les hommes et par les femmes.<\/p>\n<p>[accordion title=\u00a0\u00bb\u00a0\u00bb open1st=\u00a0\u00bb0&Prime; openAll=\u00a0\u00bb0&Prime;][accordion_item title=\u00a0\u00bbEntretien\u00a0\u00bb]<span lang=\"fr\">Pour pr\u00e9server la qualit\u00e9 des mati\u00e8res et de l&rsquo;imprim\u00e9, lavez de pr\u00e9f\u00e9rence \u00e0 la main ou \u00e0 tr\u00e8s basse temp\u00e9rature. Suspendre pour faire s\u00e9cher.<\/span>[\/accordion_item][\/accordion][accordion title=\u00a0\u00bb\u00a0\u00bb open1st=\u00a0\u00bb0&Prime; openAll=\u00a0\u00bb0&Prime;][accordion_item title=\u00a0\u00bbTypes d&rsquo;activit\u00e9s\u00a0\u00bb]Yoga yin, Yoga restauratif, Yoga Nidra, Yoga en plein air, M\u00e9ditation, Mindfulness, Streetwear, Casualwear, Style relax, En route vers le studio, Cocooning \u00e0 la maison[\/accordion_item][\/accordion]<span style=\"font-weight: 400;\">[accordion title=\u00a0\u00bb\u00a0\u00bb open1st=\u00a0\u00bb0&Prime; openAll=\u00a0\u00bb0&Prime;][accordion_item title=\u00a0\u00bbPourquoi on adore ce produit\u00a0\u00bb]<\/span>On adore la philosophie de la marque : des coupes simples, des coloris unis qui s\u2019accordent avec toutes les pi\u00e8ces de notre dressing, des messages inspirants et des valeurs \u00e9cologiques et \u00e9thiques difficilement \u00e9galables.<\/p>\n<p>Chacun et chacune et libre de choisir le message ou le mantra qui lui parle le plus parmi la gamme propos\u00e9e par Enso Tribe. On affiche fi\u00e8rement ces mots dans notre pratique sportive ou dans notre quotidien.<\/p>\n<p>Les mat\u00e9riaux utilis\u00e9s sont d\u2019une tr\u00e8s grande qualit\u00e9 et cela se ressent lorsqu\u2019on porte les v\u00eatements. Ils sont doux, l\u00e9gers, agr\u00e9ables sur la peau, respirants et ils s\u00e8chent rapidement.<\/p>\n<p>Ce t-shirt So Hum ne d\u00e9roge pas \u00e0 la r\u00e8gle. On aime son design minimaliste et moderne. \u201cJe suis\u201d pour affirmer sa personnalit\u00e9 haut et fort !<span style=\"font-weight: 400;\">[\/accordion_item][\/accordion]<\/span>[accordion title=\u00a0\u00bb\u00a0\u00bb open1st=\u00a0\u00bb0&Prime; openAll=\u00a0\u00bb0&Prime; style=\u00a0\u00bb\u00a0\u00bb][accordion_item title=\u00a0\u00bbPaiement, livraison &amp; retours\u00a0\u00bb]Pour les informations sur les alternatives de paiement, de livraison et les retours, merci de cliquer <a class=\"linkcgv\" href=\"https:\/\/www.yoga-nest.com\/paiement-livraison-retours\/\" target=\"_blank\" rel=\"noopener\">ICI<\/a>.[\/accordion_item][\/accordion]<\/p>\n<p><span style=\"color: #b01da4;\"><b>La Marque<\/b><\/span><\/p>\n<p><strong>Enso Tribe &#8211; produits \u00e9thiques, durables et respectueux de l&rsquo;environnement<\/strong><\/p>\n<p>The enso tribe of sweden AB est une marque su\u00e9doise qui propose un large choix de v\u00eatements de yoga. Sa mission est de proposer au monde du yoga des produits durables, \u00e9thiques et respectueux de l&rsquo;environnement.<\/p>\n<p>Elle valorise au premier plan des mati\u00e8res premi\u00e8res biologiques, des conditions de travail \u00e9quitable, une impression \u00e9cologique et les meilleurs moyens de transport possibles. Enso Tribe contribue ainsi \u00e0 un monde meilleur et plus durable.<\/p>\n<p><a class=\"boutonmarque\" title=\"Enso Tribe\" href=\"http:\/\/yoga-nest.com\/enso-tribe\/\" target=\"><span style=\"font-weight: 400;\">En savoir plus<\/span><\/a><\/p>\n","protected":false},"excerpt":{"rendered":"<p><span style=\"font-weight: 400;\">T-shirt unisexe de la marque Enso Tribe. Il est imprim\u00e9 de l\u2019inscription So Hum qui signifie \u201cJe suis\u201d en sanskrit.\u00a0<\/span><\/p>\n<p><span style=\"font-weight: 400;\">Ce v\u00eatement est id\u00e9al pour lui comme pour elle, pour la pratique du yoga ou d&rsquo;une activit\u00e9 sportive. Il est \u00e9galement tr\u00e8s appr\u00e9ci\u00e9 comme haut de tous les jours \u00e0 associer avec un jean, des shorts ou un bermuda.<\/span><\/p>\n<p><span style=\"font-weight: 400;\">Fabriqu\u00e9 en coton biologique certifi\u00e9, le t-shirt est \u00e9co-responsable et durable. La marque a \u00e0 coeur de proposer des v\u00eatements produits \u00e9thiquement.<\/span><\/p>\n<p>&nbsp;<\/p>\n<p class=\"manquante\" style=\"text-align: center;\">Taille manquante ? <a href=\"mailto:serviceclients@yoga-nest.com\">Contactez-nous<\/a><\/p>\n","protected":false},"featured_media":0,"comment_status":"open","ping_status":"open","template":"","meta":[],"product_cat":[67,62,66,64,96,95],"product_tag":[68],"_links":{"self":[{"href":"https:\/\/yoganest.vaniseo.pro\/index.php\/wp-json\/wp\/v2\/product\/486"}],"collection":[{"href":"https:\/\/yoganest.vaniseo.pro\/index.php\/wp-json\/wp\/v2\/product"}],"about":[{"href":"https:\/\/yoganest.vaniseo.pro\/index.php\/wp-json\/wp\/v2\/types\/product"}],"replies":[{"embeddable":true,"href":"https:\/\/yoganest.vaniseo.pro\/index.php\/wp-json\/wp\/v2\/comments?post=486"}],"wp:attachment":[{"href":"https:\/\/yoganest.vaniseo.pro\/index.php\/wp-json\/wp\/v2\/media?parent=486"}],"wp:term":[{"taxonomy":"product_cat","embeddable":true,"href":"https:\/\/yoganest.vaniseo.pro\/index.php\/wp-json\/wp\/v2\/product_cat?post=486"},{"taxonomy":"product_tag","embeddable":true,"href":"https:\/\/yoganest.vaniseo.pro\/index.php\/wp-json\/wp\/v2\/product_tag?post=486"}],"curies":[{"name":"wp","href":"https:\/\/api.w.org\/{rel}","templated":true}]}}