{"id":482,"date":"2021-04-01T23:53:24","date_gmt":"2021-04-01T21:53:24","guid":{"rendered":"https:\/\/yoganest.vaniseo.pro\/index.php\/product\/t-shirt-venus\/"},"modified":"2024-03-06T14:26:12","modified_gmt":"2024-03-06T13:26:12","slug":"t-shirt-venus","status":"publish","type":"product","link":"https:\/\/yoganest.vaniseo.pro\/index.php\/product\/t-shirt-venus\/","title":{"rendered":"T-shirt | V\u00e9nus"},"content":{"rendered":"<p>T-shirt \u00e0 manches roul\u00e9es avec un imprim\u00e9 qui met en avant le pouvoir f\u00e9minin.<\/p>\n<p>Il a une belle forme qui vous permet de le porter en ville et chez vous. De plus, il est tr\u00e8s confortable et vous offre une grande libert\u00e9 de mouvement, id\u00e9al pour la pratique de yoga ou de pilates. C\u2019est un v\u00eatement tr\u00e8s polyvalent.<\/p>\n<p>Cette pi\u00e8ce est fabriqu\u00e9e en coton 100% biologique certifi\u00e9. Le processus de coloration est neutre pour le climat et chaque pi\u00e8ce a \u00e9t\u00e9 teint\u00e9e individuellement, dans des conditions de travail \u00e9quitables, pour obtenir un effet de couleur unique. L&rsquo;impression des motifs est faite \u00e0 la main en Su\u00e8de apr\u00e8s la commande, ce qui rend chaque pi\u00e8ce unique en son genre.<\/p>\n<p>La marque Enso Tribe fait son maximum pour produire des v\u00eatements durables et respectueux de l\u2019environnement, pour la pratique du sport ainsi que pour la vie de tous les jours.<\/p>\n<p>[accordion title=\u00a0\u00bb\u00a0\u00bb open1st=\u00a0\u00bb0&Prime; openAll=\u00a0\u00bb0&Prime;][accordion_item title=\u00a0\u00bbEntretien\u00a0\u00bb]Voici quelques conseils pour laver et entretenir le plus longtemps possible votre v\u00eatement\u00a0:<\/p>\n<ul>\n<li>Laver de pr\u00e9f\u00e9rence \u00e0 la main<\/li>\n<li>Suspendre pour s\u00e9cher afin de pr\u00e9server la dur\u00e9e de vie de ce t-shirt[\/accordion_item][\/accordion][accordion title=\u00a0\u00bb\u00a0\u00bb open1st=\u00a0\u00bb0&Prime; openAll=\u00a0\u00bb0&Prime;][accordion_item title=\u00a0\u00bbTypes d&rsquo;activit\u00e9s\u00a0\u00bb]<span lang=\"fr\">Yin Yoga, Yoga Restauratif, Yoga Nidra, M\u00e9ditation, Mindfulness, Yoga en plein air, Streetwear, Casual wear, Cocooning \u00e0 la maison<\/span>[\/accordion_item][\/accordion][accordion title=\u00a0\u00bb\u00a0\u00bb open1st=\u00a0\u00bb0&Prime; openAll=\u00a0\u00bb0&Prime;][accordion_item title=\u00a0\u00bbPourquoi on adore ce produit\u00a0\u00bb]On porte volontiers ce genre de t-shirt toute l\u2019ann\u00e9e, seul ou sous un pull. On a toujours besoin de t-shirts alors pourquoi ne pas en profiter pour passer un beau message?<\/li>\n<\/ul>\n<p>On aime bien le porter plus large en le rentrant dans un jeans ou alors plus serr\u00e9 et associ\u00e9 \u00e0 un legging pour mettre en avant nos formes.<\/p>\n<p>Ce haut polyvalent est fait en coton certifi\u00e9 100% bio. Cette petite marque fait tout juste en termes d\u2019\u00e9co-responsabilit\u00e9 et on appr\u00e9cie cela.<span style=\"font-weight: 400;\">[\/accordion_item][\/accordion]<\/span>[accordion title=\u00a0\u00bb\u00a0\u00bb open1st=\u00a0\u00bb0&Prime; openAll=\u00a0\u00bb0&Prime; style=\u00a0\u00bb\u00a0\u00bb][accordion_item title=\u00a0\u00bbPaiement, livraison &amp; retours\u00a0\u00bb]Pour les informations sur les alternatives de paiement, de livraison et les retours, merci de cliquer <a class=\"linkcgv\" href=\"https:\/\/www.yoga-nest.com\/paiement-livraison-retours\/\" target=\"_blank\" rel=\"noopener\">ICI<\/a>.[\/accordion_item][\/accordion]<\/p>\n<p><span style=\"color: #b01da4;\"><b>La Marque<\/b><\/span><\/p>\n<p><strong>Enso Tribe &#8211; produits \u00e9thiques, durables et respectueux de l&rsquo;environnement<\/strong><\/p>\n<p>The enso tribe of sweden AB est une marque su\u00e9doise qui propose un large choix de v\u00eatements de yoga. Sa mission est de proposer au monde du yoga des produits durables, \u00e9thiques et respectueux de l&rsquo;environnement.<\/p>\n<p>Elle valorise au premier plan des mati\u00e8res premi\u00e8res biologiques, des conditions de travail \u00e9quitable, une impression \u00e9cologique et les meilleurs moyens de transport possibles. Enso Tribe contribue ainsi \u00e0 un monde meilleur et plus durable.<\/p>\n<p><a class=\"boutonmarque\" title=\"Enso Tribe\" href=\"http:\/\/yoga-nest.com\/enso-tribe\/\" target=\"&quot;\" rel=\"noopener\"><span style=\"font-weight: 400;\">En savoir plus<\/span><\/a><\/p>\n","protected":false},"excerpt":{"rendered":"<p><span style=\"font-weight: 400;\">Cr\u00e9\u00e9 par la marque Enso Tribe, ce T-shirt se caract\u00e9rise par un col rond ajust\u00e9 au cou. Les manches sont courtes et peuvent \u00eatre roul\u00e9es.<\/span><\/p>\n<p><span style=\"font-weight: 400;\">De couleur noire, le top V\u00e9nus affiche fi\u00e8rement \u00e0 l\u2019avant un grand imprim\u00e9 V\u00e9nus en rose fuchsia. <\/span><span style=\"font-weight: 400;\">Ce symbole qui repr\u00e9sente la plan\u00e8te v\u00e9nus est \u00e9galement le signe universel de la femme, symbole de f\u00e9minit\u00e9, de fertilit\u00e9 et plus g\u00e9n\u00e9ralement de la vie.<\/span><\/p>\n<p><span style=\"font-weight: 400;\">Ce v\u00eatement a une longueur parfaite. Il peut \u00eatre port\u00e9 dans une plus grande taille, plus large et gliss\u00e9 dans le pantalon, ou dans une plus petite taille si on aime qu\u2019il soit plus moulant pour mette en valeur nos formes.<\/span><\/p>\n<p class=\"manquante\" style=\"text-align: center;\">Taille ou couleur manquante ? <a href=\"mailto:serviceclients@yoga-nest.com\">Contactez-nous<\/a><\/p>\n","protected":false},"featured_media":477,"comment_status":"open","ping_status":"open","template":"","meta":[],"product_cat":[47,48,62,64,96,95],"product_tag":[68],"_links":{"self":[{"href":"https:\/\/yoganest.vaniseo.pro\/index.php\/wp-json\/wp\/v2\/product\/482"}],"collection":[{"href":"https:\/\/yoganest.vaniseo.pro\/index.php\/wp-json\/wp\/v2\/product"}],"about":[{"href":"https:\/\/yoganest.vaniseo.pro\/index.php\/wp-json\/wp\/v2\/types\/product"}],"replies":[{"embeddable":true,"href":"https:\/\/yoganest.vaniseo.pro\/index.php\/wp-json\/wp\/v2\/comments?post=482"}],"wp:featuredmedia":[{"embeddable":true,"href":"https:\/\/yoganest.vaniseo.pro\/index.php\/wp-json\/wp\/v2\/media\/477"}],"wp:attachment":[{"href":"https:\/\/yoganest.vaniseo.pro\/index.php\/wp-json\/wp\/v2\/media?parent=482"}],"wp:term":[{"taxonomy":"product_cat","embeddable":true,"href":"https:\/\/yoganest.vaniseo.pro\/index.php\/wp-json\/wp\/v2\/product_cat?post=482"},{"taxonomy":"product_tag","embeddable":true,"href":"https:\/\/yoganest.vaniseo.pro\/index.php\/wp-json\/wp\/v2\/product_tag?post=482"}],"curies":[{"name":"wp","href":"https:\/\/api.w.org\/{rel}","templated":true}]}}