{"id":460,"date":"2021-04-01T23:30:52","date_gmt":"2021-04-01T21:30:52","guid":{"rendered":"https:\/\/yoganest.vaniseo.pro\/index.php\/product\/debardeur-sat-nam\/"},"modified":"2024-03-06T14:25:57","modified_gmt":"2024-03-06T13:25:57","slug":"debardeur-sat-nam","status":"publish","type":"product","link":"https:\/\/yoganest.vaniseo.pro\/index.php\/product\/debardeur-sat-nam\/","title":{"rendered":"D\u00e9bardeur | Sat Nam"},"content":{"rendered":"<p><span style=\"font-weight: 400;\">D\u00e9bardeur f\u00e9minin et polyvalent. Il est muni d\u2019un col rond et plut\u00f4t \u00e9chancr\u00e9. Propos\u00e9 en gris style d\u00e9lav\u00e9 pour l&rsquo;assortir facilement avec tout.<\/span><\/p>\n<p><span style=\"font-weight: 400;\">Il offre un grand confort et une grande libert\u00e9 de mouvement. Il se porte dans toutes les situations et de plein de mani\u00e8res diff\u00e9rentes. C\u2019est le genre de top qu\u2019on aime avoir dans sa garde-robe.<\/span><\/p>\n<p><span style=\"font-weight: 400;\">Ce haut repr\u00e9sente la conscience \u00e0 la fois dans le mat\u00e9riau, le design et la d\u00e9claration. Restez fid\u00e8le \u00e0 vous-m\u00eame et faites l&rsquo;exp\u00e9rience du pouvoir divin de l&rsquo;honn\u00eatet\u00e9 dans chaque pas que vous faites sur votre chemin de vie.<\/span><\/p>\n<p><span style=\"font-weight: 400;\">A l\u2019avant, il est \u00e9crit Sat Nam qui veut dire \u201cla v\u00e9rit\u00e9 est mon identit\u00e9\u201d. Ce mantra est un concentr\u00e9 de bonnes vibrations, une graine pleine de possibilit\u00e9s. A l\u2019arri\u00e8re du d\u00e9bardeur, on y trouve discr\u00e8tement le logo Enso Tribe pr\u00e8s de l\u2019encolure et plus proche des hanches, l&rsquo;inscription \u201cTruth is my identity\u201d. Phrase tr\u00e8s inspirante qu\u2019on aime \u00e0 se rappeler.<\/span><\/p>\n<p><span style=\"font-weight: 400;\">Le processus de coloration du v\u00eatement est neutre pour le climat et chaque pi\u00e8ce a \u00e9t\u00e9 teint\u00e9e individuellement pour obtenir un effet de couleur unique dans des conditions de travail \u00e9quitables. L&rsquo;impression est faite \u00e0 la main en Su\u00e8de apr\u00e8s la commande pour r\u00e9duire les ressources et les d\u00e9chets, ce qui rend chaque pi\u00e8ce totalement unique.<\/span><\/p>\n<p>[accordion title=\u00a0\u00bb\u00a0\u00bb open1st=\u00a0\u00bb0&Prime; openAll=\u00a0\u00bb0&Prime;][accordion_item title=\u00a0\u00bbEntretien\u00a0\u00bb]Voici quelques conseils pour laver et entretenir le plus longtemps possible votre Racerbank Tank :<\/p>\n<ul>\n<li>Lavez-le \u00e0 la main<\/li>\n<li>N\u2019utilisez pas de s\u00e8che-linge, suspendez-le plut\u00f4t \u00e0 l\u2019air libre pour le s\u00e9chage[\/accordion_item][\/accordion][accordion title=\u00a0\u00bb\u00a0\u00bb open1st=\u00a0\u00bb0&Prime; openAll=\u00a0\u00bb0&Prime;][accordion_item title=\u00a0\u00bbTypes d&rsquo;activit\u00e9s\u00a0\u00bb]Pilates, Yoga styles Yin (Yin, Restauratif), Yoga styles Yang (Hatha, Vinyasa-Flow, Ashtanga, Power\u2026), Yoga Nidra, M\u00e9ditation, Mindfulness, Iyengar yoga, Yoga a\u00e9rien, Yoga en plein air, Yoga en voyage, Automassage Myofascial, Stretching, Workout, gymnastique, Crossift, Sports en ext\u00e9rieur (bootcamp, running, marche nordique, randonn\u00e9e\u2026), streetwear, casualwear, style relax, cocooning \u00e0 la maison.[\/accordion_item][\/accordion][accordion title=\u00a0\u00bb\u00a0\u00bb open1st=\u00a0\u00bb0&Prime; openAll=\u00a0\u00bb0&Prime;][accordion_item title=\u00a0\u00bbPourquoi on adore ce produit\u00a0\u00bb]Fabriqu\u00e9 en coton biologique certifi\u00e9 \u00e0 100 %, les d\u00e9bardeurs Enso Tribe\u00a0sont tous agr\u00e9ables \u00e0 porter au yoga et au pilates tout autant que pour des activit\u00e9s plus transpirantes. Ils communiquent un look hyper tendance avec leur coupe qui va aux femmes et aux hommes.<\/li>\n<\/ul>\n<p><span style=\"font-weight: 400;\">On appr\u00e9cie de porter ce v\u00eatement tous les jours. On aime aussi que, par le mantra imprim\u00e9 \u00e0 l&rsquo;avant et \u00e0 l&rsquo;arri\u00e8re, il nous donne une occasion de plus de r\u00e9fl\u00e9chir \u00e0 ce \u00e0 quoi on croit et de partager cela avec les gens qu&rsquo;on rencontrera ce jour-l\u00e0.\u00a0<\/span><\/p>\n<p><span style=\"font-weight: 400;\">Sat Nam est un Bija Mantra, un Mantra Semence ou Mantra Graine. Autrement dit, c\u2019est un concentr\u00e9 de bonnes vibrations, une graine pleine de possibilit\u00e9s. Sat Nam nous dit que chacun d\u2019entre nous porte la V\u00e9rit\u00e9 et la lumi\u00e8re en soi. Il est important de prendre le temps de se connecter avec notre propre v\u00e9rit\u00e9 profonde puis de la cultiver !<\/span><span style=\"font-weight: 400;\">[\/accordion_item][\/accordion]<\/span>[accordion title=\u00a0\u00bb\u00a0\u00bb open1st=\u00a0\u00bb0&Prime; openAll=\u00a0\u00bb0&Prime; style=\u00a0\u00bb\u00a0\u00bb][accordion_item title=\u00a0\u00bbPaiement, livraison &amp; retours\u00a0\u00bb]Pour les informations sur les alternatives de paiement, de livraison et les retours, merci de cliquer <a class=\"linkcgv\" href=\"https:\/\/www.yoga-nest.com\/paiement-livraison-retours\/\" target=\"_blank\" rel=\"noopener\">ICI<\/a>.[\/accordion_item][\/accordion]<\/p>\n<p><span style=\"color: #b01da4;\"><b>La Marque<\/b><\/span><\/p>\n<p><strong>Enso Tribe &#8211; produits \u00e9thiques, durables et respectueux de l&rsquo;environnement<\/strong><\/p>\n<p>The enso tribe of sweden AB est une marque su\u00e9doise qui propose un large choix de v\u00eatements de yoga. Sa mission est de proposer au monde du yoga des produits durables, \u00e9thiques et respectueux de l&rsquo;environnement.<\/p>\n<p>Elle valorise au premier plan des mati\u00e8res premi\u00e8res biologiques, des conditions de travail \u00e9quitable, une impression \u00e9cologique et les meilleurs moyens de transport possibles. Enso Tribe contribue ainsi \u00e0 un monde meilleur et plus durable.<\/p>\n<p><a class=\"boutonmarque\" title=\"Enso Tribe\" href=\"http:\/\/yoga-nest.com\/enso-tribe\/\" target=\"&quot;\" rel=\"noopener\"><span style=\"font-weight: 400;\">En savoir plus<\/span><\/a><\/p>\n","protected":false},"excerpt":{"rendered":"<p><span style=\"font-weight: 400;\">D\u00e9bardeur avec un col rond et d\u00e9gag\u00e9. Hyper tendance, ce haut met en avant les \u00e9paules et la poitrine. Il ne montre pas pour autant vos formes.<\/span><\/p>\n<p><span style=\"font-weight: 400;\">Il a une coupe ample qui le rend tr\u00e8s confortable et offre une grande libert\u00e9 de mouvement. On a la possibilit\u00e9 de rentrer le bas du d\u00e9bardeur dans notre leggings ou jeans, pour arborer un joli look.<\/span><\/p>\n<p><span style=\"font-weight: 400;\">Sur l\u2019avant de ce haut, il est inscrit \u201cSat Nam\u201d en blanc selon la couleur du tissu gris stone-washed. <\/span><span style=\"font-weight: 400;\">Ce mantra veut dire \u00ab Vrai nom, Vraie Vibration \u00bb ou aussi \u00ab Je suis la V\u00e9rit\u00e9, la V\u00e9rit\u00e9 est mon identit\u00e9 \u00bb. <\/span><span style=\"font-weight: 400;\">Il est accompagn\u00e9 d\u2019un joli motif de soleil.<\/span><\/p>\n<p>&nbsp;<\/p>\n<p class=\"manquante\" style=\"text-align: center;\">Taille ou couleur manquante ? <a href=\"mailto:serviceclients@yoga-nest.com\">Contactez-nous<\/a><\/p>\n","protected":false},"featured_media":461,"comment_status":"open","ping_status":"open","template":"","meta":[],"product_cat":[65,63,67,47,48,62,66,64],"product_tag":[68],"_links":{"self":[{"href":"https:\/\/yoganest.vaniseo.pro\/index.php\/wp-json\/wp\/v2\/product\/460"}],"collection":[{"href":"https:\/\/yoganest.vaniseo.pro\/index.php\/wp-json\/wp\/v2\/product"}],"about":[{"href":"https:\/\/yoganest.vaniseo.pro\/index.php\/wp-json\/wp\/v2\/types\/product"}],"replies":[{"embeddable":true,"href":"https:\/\/yoganest.vaniseo.pro\/index.php\/wp-json\/wp\/v2\/comments?post=460"}],"wp:featuredmedia":[{"embeddable":true,"href":"https:\/\/yoganest.vaniseo.pro\/index.php\/wp-json\/wp\/v2\/media\/461"}],"wp:attachment":[{"href":"https:\/\/yoganest.vaniseo.pro\/index.php\/wp-json\/wp\/v2\/media?parent=460"}],"wp:term":[{"taxonomy":"product_cat","embeddable":true,"href":"https:\/\/yoganest.vaniseo.pro\/index.php\/wp-json\/wp\/v2\/product_cat?post=460"},{"taxonomy":"product_tag","embeddable":true,"href":"https:\/\/yoganest.vaniseo.pro\/index.php\/wp-json\/wp\/v2\/product_tag?post=460"}],"curies":[{"name":"wp","href":"https:\/\/api.w.org\/{rel}","templated":true}]}}