{"id":453,"date":"2021-04-01T23:26:13","date_gmt":"2021-04-01T21:26:13","guid":{"rendered":"https:\/\/yoganest.vaniseo.pro\/index.php\/product\/debardeur-breathe-hold-move\/"},"modified":"2024-03-06T14:26:00","modified_gmt":"2024-03-06T13:26:00","slug":"debardeur-breathe-hold-move","status":"publish","type":"product","link":"https:\/\/yoganest.vaniseo.pro\/index.php\/product\/debardeur-breathe-hold-move\/","title":{"rendered":"D\u00e9bardeur | Breathe Move Hold"},"content":{"rendered":"<p><span style=\"font-weight: 400;\">D\u00e9bardeur Breathe Move Hold d&rsquo;Enso Tribe. Il a une jolie forme, simple et en m\u00eame temps indispensable \u00e0 notre garde-robe.<\/span><\/p>\n<p><span style=\"font-weight: 400;\">Cette pi\u00e8ce est fabriqu\u00e9e en bambou naturellement durable, combin\u00e9 \u00e0 30% de coton biologique certifi\u00e9. Le bambou est la plus durable des fibres naturelles et il est \u00e9galement hypoallerg\u00e9nique, absorbant et s\u00e8che rapidement.\u00a0<\/span><\/p>\n<p><span style=\"font-weight: 400;\">L&rsquo;impression est faite \u00e0 la main en Su\u00e8de apr\u00e8s la commande (pour r\u00e9duire les ressources et les d\u00e9chets), ce qui rend chaque pi\u00e8ce unique en son genre.\u00a0\u00a0<\/span><\/p>\n<p><span style=\"font-weight: 400;\">Sur ce d\u00e9bardeur il est inscrit \u201cBREATHE MOVE HOLD\u201d en blanc \u00e0 l\u2019avant. A l\u2019arri\u00e8re, le logo d\u2019Enso Tribe est imprim\u00e9. La couleur noire avec un effet d\u00e9lav\u00e9 donne un super look au v\u00eatement.<\/span><\/p>\n<p><span style=\"font-weight: 400;\">Ce top s\u2019enfile pour toutes les activit\u00e9s. Pour une s\u00e9ance de yoga, une journ\u00e9e \u00e0 la maison ou une sortie \u00e0 la plage. Il s\u2019accorde tr\u00e8s bien avec un jeans, un bas de sport ou un maillot de bain l\u2019\u00e9t\u00e9. Il est hyper tendance et ind\u00e9modable.<\/span><\/p>\n<p>[accordion title=\u00a0\u00bb\u00a0\u00bb open1st=\u00a0\u00bb0&Prime; openAll=\u00a0\u00bb0&Prime;][accordion_item title=\u00a0\u00bbEntretien\u00a0\u00bb]<span style=\"font-weight: 400;\">Voici quelques conseils pour laver et entretenir le plus longtemps possible votre d\u00e9bardeur de yoga \u00a0:\u00a0<\/span><\/p>\n<ul>\n<li style=\"font-weight: 400;\" aria-level=\"1\"><span style=\"font-weight: 400;\">Lavez de pr\u00e9f\u00e9rence \u00e0 la main<\/span><\/li>\n<li style=\"font-weight: 400;\" aria-level=\"1\"><span style=\"font-weight: 400;\">N\u2019utilisez pas de s\u00e8che-linge, le suspendre \u00e0 l\u2019air libre pour le s\u00e9chage<\/span><\/li>\n<\/ul>\n<p>[\/accordion_item][\/accordion][accordion title=\u00a0\u00bb\u00a0\u00bb open1st=\u00a0\u00bb0&Prime; openAll=\u00a0\u00bb0&Prime;][accordion_item title=\u00a0\u00bbTypes d&rsquo;activit\u00e9s\u00a0\u00bb]<span style=\"font-weight: 400;\">Pilates, Yin Yoga, Yoga Restauratif, Hatha Yoga, Flow Yoga, Yoga Nidra, M\u00e9ditation, Iyengar Yoga, Yoga en plein air, Yoga en voyage, Automassage myofascial, Stretching, Sports en ext\u00e9rieure (bootcamp, running, course \u00e0 pied, marche nordique, randonn\u00e9e, v\u00e9lo, grimpe,\u2026), Streetwear, Casualwear, Style relax et Cocooning \u00e0 la maison<\/span>[\/accordion_item][\/accordion]<span style=\"font-weight: 400;\">[accordion title=\u00a0\u00bb\u00a0\u00bb open1st=\u00a0\u00bb0&Prime; openAll=\u00a0\u00bb0&Prime;][accordion_item title=\u00a0\u00bbPourquoi on adore ce produit\u00a0\u00bb]<\/span><\/p>\n<p><span style=\"font-weight: 400;\">On adore ce genre de d\u00e9bardeurs indispensables qui donnent un look tr\u00e8s actuel \u00e0 toutes nos tenues. L\u2019\u00e9criture est simple mais donne toute la beaut\u00e9 et l\u2019originalit\u00e9 de l\u2019article.\u00a0<\/span><\/p>\n<p><span style=\"font-weight: 400;\">Sa couleur d\u00e9lav\u00e9e est tr\u00e8s tendance, on peut le mettre tout le temps. Port\u00e9 avec une brassi\u00e8re de sport c\u2019est l\u2019accord parfait. Ils se superposent et on ne voit pas le sous-v\u00eatement. Contrairement \u00e0 un soutien-gorge qui laisse appara\u00eetre ses bretelles.<\/span><\/p>\n<p><span style=\"font-weight: 400;\">En coton certifi\u00e9 100% biologique, il est agr\u00e9able \u00e0 porter au yoga et au pilates, autant que pour des activit\u00e9s plus transpirantes. On le porte aussi tous les jours et on affiche fi\u00e8rement le mantra \u201cBreathe Move Hold\u201d.<\/span><\/p>\n<p><span style=\"font-weight: 400;\">[\/accordion_item][\/accordion]<\/span>[accordion title=\u00a0\u00bb\u00a0\u00bb open1st=\u00a0\u00bb0&Prime; openAll=\u00a0\u00bb0&Prime; style=\u00a0\u00bb\u00a0\u00bb][accordion_item title=\u00a0\u00bbPaiement, livraison &amp; retours\u00a0\u00bb]Pour les informations sur les alternatives de paiement, de livraison et les retours, merci de cliquer <a class=\"linkcgv\" href=\"https:\/\/www.yoga-nest.com\/paiement-livraison-retours\/\" target=\"_blank\" rel=\"noopener\">ICI<\/a>.[\/accordion_item][\/accordion]<\/p>\n<p><span style=\"color: #b01da4;\"><b>La Marque<\/b><\/span><\/p>\n<p><strong>Enso Tribe &#8211; produits \u00e9thiques, durables et respectueux de l&rsquo;environnement<\/strong><\/p>\n<p>The enso tribe of sweden AB est une marque su\u00e9doise qui propose un large choix de v\u00eatements de yoga. Sa mission est de proposer au monde du yoga des produits durables, \u00e9thiques et respectueux de l&rsquo;environnement.<\/p>\n<p>Elle valorise au premier plan des mati\u00e8res premi\u00e8res biologiques, des conditions de travail \u00e9quitable, une impression \u00e9cologique et les meilleurs moyens de transport possibles. Enso Tribe contribue ainsi \u00e0 un monde meilleur et plus durable.<\/p>\n<p><a class=\"boutonmarque\" title=\"Enso Tribe\" href=\"http:\/\/yoga-nest.com\/enso-tribe\/\" target=\"&quot;\" rel=\"noopener\"><span style=\"font-weight: 400;\">En savoir plus<\/span><\/a><\/p>\n","protected":false},"excerpt":{"rendered":"<p><span style=\"font-weight: 400;\">Top de yoga de la marque Enso Tribe. Ce haut est splendide et s\u2019enfile \u00e0 n\u2019importe quelle occasion. Le col rond l\u00e9g\u00e8rement \u00e9chancr\u00e9 d\u00e9voile les \u00e9paules d\u2019une fa\u00e7on parfaite. Il a des bretelles large qui se rejoignent \u00e0 l\u2019arri\u00e8re. Elles sont centr\u00e9es au milieu du haut du dos ce qui laisse appara\u00eetre les omoplates. Cette forme est parfaite pour le porter sur un soutien-gorge de sport. Ainsi le top se superpose et on ne per\u00e7oit aucunement la brassi\u00e8re en dessous.<\/span><\/p>\n<p><span style=\"font-weight: 400;\">Ce haut sans manches est imprim\u00e9 d\u2019un texte \u201cBreathe Move Hold\u201d en blanc \u00e0 l\u2019avant. A l\u2019arri\u00e8re, juste au-dessous de la nuque, le logo ainsi que le nom de la marque Enso Tribe sont pr\u00e9sents.<\/span><\/p>\n<p><span style=\"font-weight: 400;\">Le d\u00e9bardeur a une couleur noir un peu d\u00e9lav\u00e9 qui donne un effet super tendance \u00e0 l\u2019article de yoga.<\/span><\/p>\n<p>&nbsp;<\/p>\n<p class=\"manquante\" style=\"text-align: center;\">Taille ou couleur manquante ? <a href=\"mailto:serviceclients@yoga-nest.com\">Contactez-nous<\/a><\/p>\n","protected":false},"featured_media":454,"comment_status":"open","ping_status":"open","template":"","meta":[],"product_cat":[63,65,67,62,66,64],"product_tag":[68],"_links":{"self":[{"href":"https:\/\/yoganest.vaniseo.pro\/index.php\/wp-json\/wp\/v2\/product\/453"}],"collection":[{"href":"https:\/\/yoganest.vaniseo.pro\/index.php\/wp-json\/wp\/v2\/product"}],"about":[{"href":"https:\/\/yoganest.vaniseo.pro\/index.php\/wp-json\/wp\/v2\/types\/product"}],"replies":[{"embeddable":true,"href":"https:\/\/yoganest.vaniseo.pro\/index.php\/wp-json\/wp\/v2\/comments?post=453"}],"wp:featuredmedia":[{"embeddable":true,"href":"https:\/\/yoganest.vaniseo.pro\/index.php\/wp-json\/wp\/v2\/media\/454"}],"wp:attachment":[{"href":"https:\/\/yoganest.vaniseo.pro\/index.php\/wp-json\/wp\/v2\/media?parent=453"}],"wp:term":[{"taxonomy":"product_cat","embeddable":true,"href":"https:\/\/yoganest.vaniseo.pro\/index.php\/wp-json\/wp\/v2\/product_cat?post=453"},{"taxonomy":"product_tag","embeddable":true,"href":"https:\/\/yoganest.vaniseo.pro\/index.php\/wp-json\/wp\/v2\/product_tag?post=453"}],"curies":[{"name":"wp","href":"https:\/\/api.w.org\/{rel}","templated":true}]}}