{"id":439,"date":"2021-03-29T18:00:39","date_gmt":"2021-03-29T16:00:39","guid":{"rendered":"https:\/\/yoganest.vaniseo.pro\/index.php\/product\/bracelet-mala-silver\/"},"modified":"2024-03-06T14:25:46","modified_gmt":"2024-03-06T13:25:46","slug":"bracelet-mala-silver","status":"publish","type":"product","link":"https:\/\/yoganest.vaniseo.pro\/index.php\/product\/bracelet-mala-silver\/","title":{"rendered":"Bracelet Mala | Silver"},"content":{"rendered":"<p><span style=\"font-weight: 400;\">Si vous ne connaissez pas encore les malas, il s\u2019agit d\u2019un objet traditionnel bouddhiste et hindouiste. Utilis\u00e9 dans la pratique m\u00e9ditative, il permet de centrer son esprit sur la r\u00e9citation des mantras, selon un rituel sp\u00e9cifique. Les perles d\u00e9ploy\u00e9es une \u00e0 une permettent la concentration.\u00a0<\/span><\/p>\n<p><span style=\"font-weight: 400;\">Collier compos\u00e9 d\u2019un nombre de perles se rapportant au chiffre 108 (porteur de nombreuses significations dans la culture bouddhiste), il est traditionnellement compos\u00e9 de perles de Rudraksha. Il s\u2019agit en fait de graines issues d\u2019un arbre qui pousse en Inde. Les graines sont r\u00e9colt\u00e9es et pr\u00e9cieusement conserv\u00e9es pour leurs vertus. Elles sont consid\u00e9r\u00e9es comme sacr\u00e9es dans de nombreuses cultures d\u2019Asie et vectrices d\u2019une \u00e9nergie sp\u00e9cifique. Plus les perles de Rudraksha sont petites et plus elles sont sacr\u00e9es, car consid\u00e9r\u00e9es comme rares et porteuses d\u2019une grande \u00e9nergie.<\/span><\/p>\n<p><span style=\"font-weight: 400;\">Les perles de Rudraksha sont parfois altern\u00e9es avec d\u2019autres pierres pr\u00e9cieuses ou semi-pr\u00e9cieuses. Chacune a ses propres vertus et leur synergie vous permet de b\u00e9n\u00e9ficier de tous leurs bienfaits selon vos besoins.<\/span><\/p>\n<p><span style=\"font-weight: 400;\">Dans sa forme de bracelet, le mala Silver est compos\u00e9 de 42 petites perles de Rudraksha et de perles d\u2019argent fabriqu\u00e9es \u00e0 la main. Celles-ci s\u00e9parent les perles rustiques pour leur apporter de la lumi\u00e8re.<\/span><\/p>\n<div><span lang=\"fr\">Ce bracelet r\u00e9sonne avec le 6\u00e8me chakra. Le chakra du troisi\u00e8me \u0153il aide \u00e0 \u00eatre capable d&rsquo;ind\u00e9pendance, d&rsquo;inspiration et d\u2019intuitions profondes.<\/span><\/div>\n<p>[accordion title=\u00a0\u00bb\u00a0\u00bb open1st=\u00a0\u00bb0&Prime; openAll=\u00a0\u00bb0&Prime;][accordion_item title=\u00a0\u00bbEntretien\u00a0\u00bb]<span style=\"font-weight: 400;\">Si cela vous parle, nous vous sugg\u00e9rons ici une c\u00e9r\u00e9monie qui permet de transmettre aux perles ses intentions et ainsi les charger d\u2019\u00e9nergies positives. Le bracelet peut \u00e9galement \u00eatre port\u00e9 d\u00e8s sa r\u00e9ception, cependant nous vous conseillons ces quelques \u00e9tapes pour d\u00e9cupler ses bienfaits :<\/span><\/p>\n<ul>\n<li style=\"font-weight: 400;\" aria-level=\"1\"><span style=\"font-weight: 400;\">Lundi est le jour \u00e0 privil\u00e9gier pour cette proc\u00e9dure. Il s\u2019agit en effet du jour consacr\u00e9 \u00e0 Shiva.<\/span><\/li>\n<li style=\"font-weight: 400;\" aria-level=\"1\"><span style=\"font-weight: 400;\">Choisissez une pi\u00e8ce ou un espace calme, favorable \u00e0 la relaxation et au l\u00e2cher-prise.\u00a0<\/span><\/li>\n<li style=\"font-weight: 400;\" aria-level=\"1\"><span style=\"font-weight: 400;\">Dans un r\u00e9cipient, versez de l\u2019eau et quelques fleurs fraiches. Ajoutez votre bracelet mala Silver.<\/span><\/li>\n<li style=\"font-weight: 400;\" aria-level=\"1\"><span style=\"font-weight: 400;\">Si vous le souhaitez, allumez un b\u00e2ton d\u2019encens pour purifier l\u2019atmosph\u00e8re.<\/span><\/li>\n<li style=\"font-weight: 400;\" aria-level=\"1\"><span style=\"font-weight: 400;\">Lorsque vous vous sentez relax\u00e9.e, saisissez votre mala entre vos mains et massez\u00a0 chaque perle l\u2019une apr\u00e8s l\u2019autre. Pensez \u00e0 vos intentions pour ces perles et transmettez-les au travers de vos doigts. Votre mala d\u00e9gagera une \u00e9nergie protectrice.<\/span><\/li>\n<li style=\"font-weight: 400;\" aria-level=\"1\"><span style=\"font-weight: 400;\">R\u00e9citez le mantra \u00ab OM HREEM NAMAH SHIVAYA OM \u00bb. Il repr\u00e9sente les larmes de Shiva.<\/span><\/li>\n<li style=\"font-weight: 400;\" aria-level=\"1\"><span style=\"font-weight: 400;\">Votre bracelet est maintenant pr\u00eat \u00e0 \u00eatre port\u00e9 pour la m\u00e9ditation ou dans votre quotidien. Les perles sont charg\u00e9es en \u00e9nergies et pr\u00eates \u00e0 vous offrir leurs vertus.<\/span><\/li>\n<\/ul>\n<p><span style=\"font-weight: 400;\">Les perles de votre bracelet vont se gorger d\u2019\u00e9nergies. Au bout d\u2019un certain temps, il est utile de les d\u00e9charger. Pour les remettre \u00e0 z\u00e9ro, quelques \u00e9tapes sont n\u00e9cessaires:<\/span><\/p>\n<ul>\n<li><span style=\"font-weight: 400;\">Placez le mala sous l\u2019eau du robinet et touchez chaque perle avec l\u2019intention de la nettoyer<\/span><\/li>\n<li><span style=\"font-weight: 400;\">D\u00e9posez votre bracelet \u00e0 l\u2019ext\u00e9rieur pour le faire s\u00e9cher<\/span><\/li>\n<li><span style=\"font-weight: 400;\">Lorsqu\u2019il est sec, vous avez la possibilit\u00e9 de passer sur chacune des perles un peu d\u2019huile naturelle pour les pr\u00e9server et les lustrer.<\/span>[\/accordion_item][\/accordion]<\/li>\n<\/ul>\n<p>[accordion title=\u00a0\u00bb\u00a0\u00bb open1st=\u00a0\u00bb0&Prime; openAll=\u00a0\u00bb0&Prime;][accordion_item title=\u00a0\u00bbTypes d&rsquo;activit\u00e9s\u00a0\u00bb]<span style=\"font-weight: 400;\">Yin yoga, Yoga restauratif, Yoga nidra, <\/span><span style=\"font-weight: 400;\">Hatha yoga, Vinyasa yoga, Flow yoga, Ashtanga yoga, Power yoga, Kundalini yoga, Yoga pr\u00e9natal, Yoga en plein air, Yoga en voyage, <\/span><span style=\"font-weight: 400;\">M\u00e9ditation, Mindfulness, Casual wear, En route vers le studio, Style relax, Cocooning \u00e0 la maison<\/span>[\/accordion_item][\/accordion]<\/p>\n<p>[accordion title=\u00a0\u00bb\u00a0\u00bb open1st=\u00a0\u00bb0&Prime; openAll=\u00a0\u00bb0&Prime;][accordion_item title=\u00a0\u00bbPourquoi on adore ce produit\u00a0\u00bb]<span style=\"font-weight: 400;\">Ce bracelet apporte le bon \u00e9quilibre entre les perles de Rudraksha qui repr\u00e9sentent la Terre, la nature, et l\u2019argent qui transmet la lumi\u00e8re, la puret\u00e9.\u00a0<\/span><\/p>\n<p><span style=\"font-weight: 400;\">Le mala Silver se marie facilement avec toutes les pi\u00e8ces de notre dressing ainsi qu&rsquo;avec d\u2019autres bijoux en argent ou en pierres. Les hommes comme les femmes appr\u00e9cieront son design et son style.<\/span><\/p>\n<p><span style=\"font-weight: 400;\">Du c\u00f4t\u00e9 de la lithoth\u00e9rapie, l\u2019argent est consid\u00e9r\u00e9 comme un vecteur de confiance en soi et de charisme. Il est connu pour d\u00e9velopper le pouvoir des pierres gemmes qu\u2019il c\u00f4toie. Ainsi, dans le bracelet Silver, les perles de Rudraksha auront d\u2019autant plus un effet apaisant sur l\u2019esprit.<\/span><\/p>\n<p><span style=\"font-weight: 400;\">L\u2019argent est \u00e9galement reli\u00e9 au f\u00e9minin (dont nous avons tous une part, femmes et hommes) et \u00e0 l\u2019astre de la lune. Signe de puret\u00e9 et de douceur, on appr\u00e9cie particuli\u00e8rement ces perles fabriqu\u00e9es \u00e0 la main qui apportent un c\u00f4t\u00e9 artisanal et unique au bracelet Silver.<\/span>[\/accordion_item][\/accordion]<\/p>\n<p>[accordion title=\u00a0\u00bb\u00a0\u00bb open1st=\u00a0\u00bb0&Prime; openAll=\u00a0\u00bb0&Prime; style=\u00a0\u00bb\u00a0\u00bb][accordion_item title=\u00a0\u00bbPaiement, livraison &amp; retours\u00a0\u00bb]Pour les informations sur les alternatives de paiement, de livraison et les retours, merci de cliquer <a class=\"linkcgv\" href=\"https:\/\/www.yoga-nest.com\/paiement-livraison-retours\/\" target=\"_blank\" rel=\"noopener\">ICI<\/a>[\/accordion_item][\/accordion]<\/p>\n<p>&nbsp;<\/p>\n<p><span style=\"color: #b01da4;\"><strong>La Marque<\/strong><\/span><\/p>\n<p><strong>Mala Spirit &#8211; Made with love, an offering from Bali<\/strong><\/p>\n<p>Le c\u0153ur des cr\u00e9ations Mala Spirit est la perle Rudraksha, issue de l\u2019arbre Eleocarpus, qui apporte la sagesse et le pouvoir des anciens sages au monde d\u2019aujourd\u2019hui sous la forme de malas contemporains. Le Rudraksha est associ\u00e9 \u00e0 des pierres pr\u00e9cieuses, qui diff\u00e9rent pour chaque pi\u00e8ce et lui conf\u00e8rent sa personnalit\u00e9 en termes de couleurs et ses b\u00e9n\u00e9fices associ\u00e9s aux chakras. Chaque pi\u00e8ce est fabriqu\u00e9e \u00e0 la main et b\u00e9nie \u00e0 Bali.<\/p>\n<p><a class=\"boutonmarque\" title=\"Mala Spirit\" href=\"http:\/\/yoga-nest.com\/mala-spirit\/\" target=\"_blank\" rel=\"noopener\">En savoir plus<\/a><\/p>\n","protected":false},"excerpt":{"rendered":"<p><span style=\"font-weight: 400;\">Bracelet mala unisexe compos\u00e9 de perles sacr\u00e9es de Rudraksha et de perles d\u2019argent fabriqu\u00e9es \u00e0 la main.\u00a0<\/span><\/p>\n<p><span style=\"font-weight: 400;\">Ce bracelet peut \u00eatre utilis\u00e9 pour la pratique m\u00e9ditative, mais on aime aussi beaucoup le porter dans la vie de tous les jours. Plut\u00f4t discret, il se marie \u00e0 merveille avec toutes nos tenues.\u00a0<\/span><\/p>\n<p><span style=\"font-weight: 400;\">Le mala Silver vous apporte de l\u2019\u00e9nergie et la paix int\u00e9rieure pour une m\u00e9ditation et un quotidien sereins.<\/span><\/p>\n<div><span lang=\"fr\">Il r\u00e9sonne avec le 6\u00e8me chakra pour r\u00e9v\u00e9ler vos intuitions.\u00a0 <\/span><\/div>\n<p>&nbsp;<\/p>\n<p class=\"manquante\" style=\"text-align: center;\">Mod\u00e8le manquant ? <a href=\"mailto:serviceclients@yoga-nest.com\">Contactez-nous<\/a><\/p>\n","protected":false},"featured_media":440,"comment_status":"open","ping_status":"open","template":"","meta":[],"product_cat":[55,83,47,48],"product_tag":[57],"_links":{"self":[{"href":"https:\/\/yoganest.vaniseo.pro\/index.php\/wp-json\/wp\/v2\/product\/439"}],"collection":[{"href":"https:\/\/yoganest.vaniseo.pro\/index.php\/wp-json\/wp\/v2\/product"}],"about":[{"href":"https:\/\/yoganest.vaniseo.pro\/index.php\/wp-json\/wp\/v2\/types\/product"}],"replies":[{"embeddable":true,"href":"https:\/\/yoganest.vaniseo.pro\/index.php\/wp-json\/wp\/v2\/comments?post=439"}],"wp:featuredmedia":[{"embeddable":true,"href":"https:\/\/yoganest.vaniseo.pro\/index.php\/wp-json\/wp\/v2\/media\/440"}],"wp:attachment":[{"href":"https:\/\/yoganest.vaniseo.pro\/index.php\/wp-json\/wp\/v2\/media?parent=439"}],"wp:term":[{"taxonomy":"product_cat","embeddable":true,"href":"https:\/\/yoganest.vaniseo.pro\/index.php\/wp-json\/wp\/v2\/product_cat?post=439"},{"taxonomy":"product_tag","embeddable":true,"href":"https:\/\/yoganest.vaniseo.pro\/index.php\/wp-json\/wp\/v2\/product_tag?post=439"}],"curies":[{"name":"wp","href":"https:\/\/api.w.org\/{rel}","templated":true}]}}