{"id":436,"date":"2021-03-29T17:57:48","date_gmt":"2021-03-29T15:57:48","guid":{"rendered":"https:\/\/yoganest.vaniseo.pro\/index.php\/product\/bracelet-mala-wisdom\/"},"modified":"2024-03-06T14:25:40","modified_gmt":"2024-03-06T13:25:40","slug":"bracelet-mala-wisdom","status":"publish","type":"product","link":"https:\/\/yoganest.vaniseo.pro\/index.php\/product\/bracelet-mala-wisdom\/","title":{"rendered":"Bracelet Mala | Wisdom"},"content":{"rendered":"<p><span style=\"font-weight: 400;\">Depuis toujours, le mala est utilis\u00e9 par les bouddhistes et les hindouistes pendant la r\u00e9citation des mantras. Compar\u00e9 au chapelet de pri\u00e8res, il permet en effet de concentrer son esprit sur la m\u00e9ditation.<\/span><\/p>\n<p><span style=\"font-weight: 400;\">Traditionnellement, il se pr\u00e9sente sous forme d&rsquo;un long collier compos\u00e9 de 108 perles de Rudraksha qui peuvent \u00eatre altern\u00e9es avec d\u2019autres perles ou pierres semi-pr\u00e9cieuses. Ce chiffre est porteur de nombreuses significations dans la tradition bouddhiste.<\/span><\/p>\n<p><span style=\"font-weight: 400;\">Dans sa forme de bracelet, le mala Wisdom est compos\u00e9 de 24 petites perles de Rudraksha et de 23 perles gemmes d\u2019am\u00e9thyste. Cultiv\u00e9es en Inde, les perles de Rudraksha sont en fait des graines issues de l\u2019arbre <\/span><span style=\"font-weight: 400;\">Elaeocarpus angustifolius. Elles sont consid\u00e9r\u00e9es comme sacr\u00e9es dans de nombreuses cultures asiatiques et sont connues pour apporter la paix int\u00e9rieure, la clart\u00e9 d\u2019esprit et un chemin de vie. Plus les perles de Rudraksha sont petites et plus elles sont sacr\u00e9es, car consid\u00e9r\u00e9es comme plus rares et porteuses d\u2019une \u00e9nergie accrue. <\/span><\/p>\n<p><span style=\"font-weight: 400;\">La pierre d\u2019Am\u00e9thyste, de par sa couleur violette, a une grande signification dans la pratique du yoga. Symbole de la spiritualit\u00e9, c\u2019est \u00e9galement une couleur apaisante qui aide l\u2019esprit \u00e0 se concentrer.<\/span><\/p>\n<p>Ce bracelet Wisdom r\u00e9sonne avec le 6\u00e8me chakra (Ajna) celui du 3\u00e8me \u0153il (d\u00e9veloppement de soi et volont\u00e9), et le 7\u00e8me chakra (Sahaswrara) celui de la couronne (clart\u00e9 et conscience).<\/p>\n<p>[accordion title=\u00a0\u00bb\u00a0\u00bb open1st=\u00a0\u00bb0&Prime; openAll=\u00a0\u00bb0&Prime;][accordion_item title=\u00a0\u00bbEntretien\u00a0\u00bb]<span style=\"font-weight: 400;\">Pour ressentir toutes les vertus des perles de Rudraksha et d\u2019am\u00e9thyste, nous vous conseillons de transmettre aux perles vos intentions. Cela les chargera en \u00e9nergie et cr\u00e9era une connexion avec votre bracelet. Le jour de Shiva, le lundi, est id\u00e9al pour proc\u00e9der \u00e0 la c\u00e9r\u00e9monie suivante :\u00a0<\/span><\/p>\n<ul>\n<li style=\"font-weight: 400;\" aria-level=\"1\"><span style=\"font-weight: 400;\">Installez-vous dans un endroit calme o\u00f9 vous avez le loisir de vous d\u00e9tendre et de vous sentir \u00e0 l\u2019aise<\/span><\/li>\n<li style=\"font-weight: 400;\" aria-level=\"1\"><span style=\"font-weight: 400;\">Choisissez un r\u00e9cipient d\u2019eau dans lequel vous d\u00e9poserez quelques fleurs fraiches. Ajoutez votre bracelet Wisdom.<\/span><\/li>\n<li style=\"font-weight: 400;\" aria-level=\"1\"><span style=\"font-weight: 400;\">Allumez un b\u00e2ton d\u2019encens afin d\u2019accentuer l\u2019atmosph\u00e8re relaxante<\/span><\/li>\n<li style=\"font-weight: 400;\" aria-level=\"1\"><span style=\"font-weight: 400;\">Quand vous \u00eates pr\u00eat.e, prenez votre mala dans vos mains et nettoyez\u00a0 chaque perle l\u2019une apr\u00e8s l\u2019autre. Visualisez vos intentions et transmettez-les aux perles. Une \u00e9nergie protectrice va se d\u00e9gager du mala<\/span><\/li>\n<li style=\"font-weight: 400;\" aria-level=\"1\"><span style=\"font-weight: 400;\">Chantez le mantra \u00ab OM HREEM NAMAH SHIVAYA OM \u00bb. Il se traduit par les larmes de Shiva<\/span><\/li>\n<li style=\"font-weight: 400;\" aria-level=\"1\"><span style=\"font-weight: 400;\">Vous pouvez maintenant porter votre bracelet pour la m\u00e9ditation ou dans votre quotidien. Les perles sont charg\u00e9es et pr\u00eates \u00e0 vous transmettre leurs b\u00e9n\u00e9fices<\/span><\/li>\n<\/ul>\n<p><span style=\"font-weight: 400;\">Les perles qui le composent ont naturellement des vertus bienfaisantes et vous pouvez ainsi porter votre bracelet mala sans passer par la c\u00e9r\u00e9monie ci-dessus.<\/span><\/p>\n<p><span style=\"font-weight: 400;\">A force de les porter, les perles de votre mala vont accumuler des \u00e9nergies. A un moment donn\u00e9, vous ressentirez que c\u2019est le moment de le nettoyer. Pratiquer la proc\u00e9dure suivante est important pour d\u00e9charger et remettre \u00e0 z\u00e9ro les \u00e9nergies de votre bracelet. Placez le mala sous l\u2019eau du robinet et touchez chaque perle avec l\u2019intention de la nettoyer. Faites-le s\u00e9cher \u00e0 l\u2019air libre. Une fois sec, vous pouvez ensuite passer sur chacune des perles un peu d\u2019huile naturelle<\/span>[\/accordion_item][\/accordion]<\/p>\n<p>[accordion title=\u00a0\u00bb\u00a0\u00bb open1st=\u00a0\u00bb0&Prime; openAll=\u00a0\u00bb0&Prime;][accordion_item title=\u00a0\u00bbTypes d&rsquo;activit\u00e9s\u00a0\u00bb]<span style=\"font-weight: 400;\">Yin yoga, Yoga restauratif, Yoga nidra, <\/span><span style=\"font-weight: 400;\">Hatha yoga, Vinyasa yoga, Flow yoga, Ashtanga yoga, Power yoga, Kundalini yoga, Yoga pr\u00e9natal, Yoga en plein air, Yoga en voyage, <\/span><span style=\"font-weight: 400;\">M\u00e9ditation, Mindfulness, Casual wear, En route vers le studio, Style relax, Cocooning \u00e0 la maison<\/span>[\/accordion_item][\/accordion]<\/p>\n<p>[accordion title=\u00a0\u00bb\u00a0\u00bb open1st=\u00a0\u00bb0&Prime; openAll=\u00a0\u00bb0&Prime;][accordion_item title=\u00a0\u00bbPourquoi on adore ce produit\u00a0\u00bb]<span style=\"font-weight: 400;\">On adore sa couleur violette qui nous apaise dans les moments de stress du quotidien. L\u2019am\u00e9thyste favorise en effet le calme mental et aide \u00e0 dissiper les angoisses et la col\u00e8re. Trouver un bon \u00e9quilibre nerveux est essentiel pour passer une vie sereine et entretenir des relations fructueuses.\u00a0<\/span><\/p>\n<p><span style=\"font-weight: 400;\">L\u2019am\u00e9thyste est largement reli\u00e9e au spirituel et favorise la m\u00e9ditation en cr\u00e9ant un espace de d\u00e9tente et de s\u00e9r\u00e9nit\u00e9 dans son esprit.\u00a0<\/span><\/p>\n<p><span style=\"font-weight: 400;\">Vecteur d\u2019\u00e9nergie positive et d\u2019un sommeil paisible, on conseille ce bracelet aux personnes qui ont de la peine \u00e0 s\u2019endormir ou qui ont tendance \u00e0 se r\u00e9veiller au milieu de la nuit avec des pens\u00e9es qui tournent en boucle.<\/span><\/p>\n<p><span style=\"font-weight: 400;\">Ce bracelet r\u00e9sonne avec les 6\u00e8me et 7\u00e8me chakras. Le sixi\u00e8me chakra se situe entre les deux sourcils. Appel\u00e9 \u201c3\u00e8me oeil\u201d, il est synonyme de vision claire et d\u2019intuition. Lorsqu\u2019il est d\u00e9s\u00e9quilibr\u00e9, il peut amener de la confusion et un manque de reconnaissance de soi.<\/span><\/p>\n<p><span style=\"font-weight: 400;\">Le septi\u00e8me chakra est celui qui se situe au sommet du cr\u00e2ne et qui est reli\u00e9 \u00e0 la sagesse. Il permet de se sentir ancr\u00e9 dans le monde, dans l&rsquo;instant pr\u00e9sent et en connection avec les personnes qui nous entourent.<\/span>[\/accordion_item][\/accordion]<\/p>\n<p>[accordion title=\u00a0\u00bb\u00a0\u00bb open1st=\u00a0\u00bb0&Prime; openAll=\u00a0\u00bb0&Prime; style=\u00a0\u00bb\u00a0\u00bb][accordion_item title=\u00a0\u00bbPaiement, livraison &amp; retours\u00a0\u00bb]Pour les informations sur les alternatives de paiement, de livraison et les retours, merci de cliquer <a class=\"linkcgv\" href=\"https:\/\/www.yoga-nest.com\/paiement-livraison-retours\/\" target=\"_blank\" rel=\"noopener\">ICI<\/a>[\/accordion_item][\/accordion]<\/p>\n<p>[one]<\/p>\n<p><span style=\"color: #b01da4;\"><strong>La Marque<\/strong><\/span><\/p>\n<p><strong>Mala Spirit &#8211; Made with love, an offering from Bali<\/strong><\/p>\n<p>Le c\u0153ur des cr\u00e9ations Mala Spirit est la perle Rudraksha, issue de l\u2019arbre Eleocarpus, qui apporte la sagesse et le pouvoir des anciens sages au monde d\u2019aujourd\u2019hui sous la forme de malas contemporains. Le Rudraksha est associ\u00e9 \u00e0 des pierres pr\u00e9cieuses, qui diff\u00e9rent pour chaque pi\u00e8ce et lui conf\u00e8rent sa personnalit\u00e9 en termes de couleurs et ses b\u00e9n\u00e9fices associ\u00e9s aux chakras. Chaque pi\u00e8ce est fabriqu\u00e9e \u00e0 la main et b\u00e9nie \u00e0 Bali.<\/p>\n<p><a class=\"boutonmarque\" title=\"Mala Spirit\" href=\"http:\/\/yoga-nest.com\/mala-spirit\/\" target=\"_blank\" rel=\"noopener\">En savoir plus<\/a><\/p>\n<p>&nbsp;<\/p>\n","protected":false},"excerpt":{"rendered":"<p><span style=\"font-weight: 400;\">Magnifique bracelet mala compos\u00e9 de petites perles de Rudraksha et de pierres semi-pr\u00e9cieuses d\u2019am\u00e9thyste. La couleur violette de la gemme est un v\u00e9ritable vecteur d\u2019apaisement mental et physique.\u00a0\u00a0<\/span><\/p>\n<p><span style=\"font-weight: 400;\">Ce bracelet peut \u00eatre utilis\u00e9 pour la m\u00e9ditation, comme aide \u00e0 la concentration et \u00e0 la r\u00e9citation des mantras. Ou alors simplement \u00eatre port\u00e9 comme accessoire pour r\u00e9hausser toutes ses tenues d\u2019une touche de couleur vivifiante.<\/span><\/p>\n<p><span style=\"font-weight: 400;\">Le mala Wisdom r\u00e9sonne avec le 6\u00e8me et le 7\u00e8me chakra.<\/span><\/p>\n<p>&nbsp;<\/p>\n<p class=\"manquante\" style=\"text-align: center;\">Mod\u00e8le manquant ? <a href=\"mailto:serviceclients@yoga-nest.com\">Contactez-nous<\/a><\/p>\n","protected":false},"featured_media":437,"comment_status":"open","ping_status":"open","template":"","meta":[],"product_cat":[55,83,47,48],"product_tag":[57],"_links":{"self":[{"href":"https:\/\/yoganest.vaniseo.pro\/index.php\/wp-json\/wp\/v2\/product\/436"}],"collection":[{"href":"https:\/\/yoganest.vaniseo.pro\/index.php\/wp-json\/wp\/v2\/product"}],"about":[{"href":"https:\/\/yoganest.vaniseo.pro\/index.php\/wp-json\/wp\/v2\/types\/product"}],"replies":[{"embeddable":true,"href":"https:\/\/yoganest.vaniseo.pro\/index.php\/wp-json\/wp\/v2\/comments?post=436"}],"wp:featuredmedia":[{"embeddable":true,"href":"https:\/\/yoganest.vaniseo.pro\/index.php\/wp-json\/wp\/v2\/media\/437"}],"wp:attachment":[{"href":"https:\/\/yoganest.vaniseo.pro\/index.php\/wp-json\/wp\/v2\/media?parent=436"}],"wp:term":[{"taxonomy":"product_cat","embeddable":true,"href":"https:\/\/yoganest.vaniseo.pro\/index.php\/wp-json\/wp\/v2\/product_cat?post=436"},{"taxonomy":"product_tag","embeddable":true,"href":"https:\/\/yoganest.vaniseo.pro\/index.php\/wp-json\/wp\/v2\/product_tag?post=436"}],"curies":[{"name":"wp","href":"https:\/\/api.w.org\/{rel}","templated":true}]}}