{"id":433,"date":"2021-03-29T17:54:08","date_gmt":"2021-03-29T15:54:08","guid":{"rendered":"https:\/\/yoganest.vaniseo.pro\/index.php\/product\/bracelet-mala-pray-and-love\/"},"modified":"2024-03-06T14:25:34","modified_gmt":"2024-03-06T13:25:34","slug":"bracelet-mala-pray-and-love","status":"publish","type":"product","link":"https:\/\/yoganest.vaniseo.pro\/index.php\/product\/bracelet-mala-pray-and-love\/","title":{"rendered":"Bracelet Mala | Pray and Love"},"content":{"rendered":"<p>Depuis toujours, le mala est utilis\u00e9 par les bouddhistes et les hindouistes pendant la r\u00e9citation des mantras. Compar\u00e9 au chapelet de pri\u00e8res, il permet en effet de concentrer son esprit sur la m\u00e9ditation. Traditionnellement, il est compos\u00e9 de perles de Rudraksha qui peuvent \u00eatre altern\u00e9es avec d\u2019autres perles ou pierres semi-pr\u00e9cieuses.<\/p>\n<p>Il est compos\u00e9 de perles de Rudraksha qui sont consid\u00e9r\u00e9es comme sacr\u00e9es dans diff\u00e9rentes cultures asiatiques et porteuses d\u2019une grande \u00e9nergie. Cultiv\u00e9es en Inde, les perles de Rudraksha sont des graines issues de l\u2019arbre Elaeocarpus angustifolius. Elles sont connues pour apporter la paix int\u00e9rieure, la clart\u00e9 d\u2019esprit et un chemin de vie.<\/p>\n<p>Les perles de cornaline permettent de diriger notre cr\u00e9ation et nous aident \u00e0 faire ressortir nos \u00e9motions gr\u00e2ce \u00e0 leur connexion avec le chakra sacr\u00e9. Elles renforcent notre courage et notre confiance en nous.<\/p>\n<p>L\u2019argent donne acc\u00e8s \u00e0 notre subconscient, il nous guide dans le monde de l\u2019auto-r\u00e9flexion profonde et int\u00e9rieure, de la visualisation et de l\u2019amour empathique.<\/p>\n<p>Ce bracelet Pray &amp; Love r\u00e9sonne avec le 2\u00e8me chakra, le chakra sacr\u00e9. Vecteur de cr\u00e9ativit\u00e9, il nous aide \u00e0 entretenir des relations fructueuses.<\/p>\n<p>[accordion title=\u00a0\u00bb\u00a0\u00bb open1st=\u00a0\u00bb0&Prime; openAll=\u00a0\u00bb0&Prime;][accordion_item title=\u00a0\u00bbEntretien\u00a0\u00bb]<\/p>\n<p>Pour ressentir toutes les vertus des perles, vous devriez leur transmettre vos intentions. Cela les chargera en \u00e9nergie et cr\u00e9era une connexion avec votre bracelet. Le jour de Shiva, le lundi, est id\u00e9al pour proc\u00e9der \u00e0 la c\u00e9r\u00e9monie suivante :<\/p>\n<ul>\n<li>Installez-vous dans un endroit calme o\u00f9 vous aurez le loisir de vous d\u00e9tendre et de vous sentir \u00e0 l\u2019aise.<\/li>\n<li>Choisissez un r\u00e9cipient d\u2019eau dans lequel vous d\u00e9poserez quelques fleurs fraiches. Ajoutez votre bracelet Wisdom.<\/li>\n<li>Allumez un b\u00e2ton d\u2019encens afin d\u2019accentuer l\u2019atmosph\u00e8re relaxante.<\/li>\n<li>Quand vous \u00eates pr\u00eat.e, prenez votre mala dans vos mains et nettoyez chaque perle l\u2019une apr\u00e8s l\u2019autre. Visualisez vos intentions et transmettez-les aux perles. Une \u00e9nergie protectrice va se d\u00e9gager du mala.<\/li>\n<li>Chantez le mantra \u00ab OM HREEM NAMAH SHIVAYA OM \u00bb. Il se traduit par les larmes de Shiva.<\/li>\n<li>Vous pouvez maintenant porter votre bracelet pour la m\u00e9ditation ou dans votre quotidien. Les perles sont charg\u00e9es et pr\u00eates \u00e0 vous transmettre leurs b\u00e9n\u00e9fices.<\/li>\n<\/ul>\n<p>Les perles qui le composent ont naturellement des vertus bienfaisantes et vous pouvez ainsi porter votre bracelet mala sans passer par la c\u00e9r\u00e9monie ci-dessus.<\/p>\n<p>Avec le temps, les perles de votre mala vont accumuler des \u00e9nergies. \u00c0 un moment donn\u00e9, vous ressentirez que c\u2019est le moment de le nettoyer. Pratiquer la proc\u00e9dure suivante est important pour d\u00e9charger et remettre \u00e0 z\u00e9ro les \u00e9nergies de votre bracelet:<\/p>\n<ul>\n<li>Placez le mala sous l\u2019eau du robinet et touchez chaque perle avec l\u2019intention de la nettoyer<\/li>\n<li>Faites-le s\u00e9cher \u00e0 l\u2019air libre<\/li>\n<li>Une fois sec, vous pouvez ensuite passer sur chacune des perles un peu d\u2019huile naturelle.<\/li>\n<\/ul>\n<p>[\/accordion_item][\/accordion]<\/p>\n<p>[accordion title=\u00a0\u00bb\u00a0\u00bb open1st=\u00a0\u00bb0&Prime; openAll=\u00a0\u00bb0&Prime;][accordion_item title=\u00a0\u00bbTypes d&rsquo;activit\u00e9s\u00a0\u00bb]<span lang=\"fr\">Yin yoga, Yoga restauratif, Yoga nidra, <\/span><span lang=\"fr\">Hatha yoga, Vinyasa yoga, Flow yoga, Ashtanga yoga, Power yoga, Kundalini yoga, Yoga pr\u00e9natal, Yoga en plein air, Yoga en voyage, <\/span><span lang=\"fr\">M\u00e9ditation, Mindfulness, Casual wear, En route vers le studio, Style relax, Cocooning \u00e0 la maison<\/span><\/p>\n<p>[\/accordion_item][\/accordion]<\/p>\n<p>[accordion title=\u00a0\u00bb\u00a0\u00bb open1st=\u00a0\u00bb0&Prime; openAll=\u00a0\u00bb0&Prime;][accordion_item title=\u00a0\u00bbPourquoi on adore ce produit\u00a0\u00bb]<\/p>\n<p>Compos\u00e9 de perles semi-pr\u00e9cieuses de cornaline, ce mala vous guidera vers le courage et la confiance en vous. Cette pierre vous aide \u00e0 aimer et \u00e0 accepter la vie comme elle vient. Pensez \u00e0 adopter cette pierre si vous effectuez des changements dans votre vie. Elle vous aidera \u00e0 accepter les nouveaux d\u00e9parts.<\/p>\n<p>On adore sa couleur orange qui nous apporte du courage. La cornaline est connue pour renforcer le corps, aider \u00e0 accepter sa sensualit\u00e9 et sa sexualit\u00e9 et am\u00e9liorer la f\u00e9condit\u00e9 gr\u00e2ce \u00e0 son association au second chakra. Pour les futures mamans, la pierre de cornaline est particuli\u00e8rement connue pour apporter une protection au b\u00e9b\u00e9.<\/p>\n<p>On aime porter ce bracelet, que ce soit pour une s\u00e9ance de m\u00e9ditation, pendant un cours de yoga ou tout simplement comme accessoire pour agr\u00e9menter nos tenues et profiter de ses bonnes vertus.<\/p>\n<p>[\/accordion_item][\/accordion]<\/p>\n<p>[accordion title=\u00a0\u00bb\u00a0\u00bb open1st=\u00a0\u00bb0&Prime; openAll=\u00a0\u00bb0&Prime; style=\u00a0\u00bb\u00a0\u00bb][accordion_item title=\u00a0\u00bbPaiement, livraison &amp; retours\u00a0\u00bb]<br \/>\nPour les informations sur les alternatives de paiement, de livraison et les retours, merci de cliquer <a class=\"linkcgv\" href=\"https:\/\/www.yoga-nest.com\/paiement-livraison-retours\/\" target=\"_blank\" rel=\"noopener\">ICI<\/a><br \/>\n[\/accordion_item][\/accordion]<\/p>\n<p>[one]<\/p>\n<p><span style=\"color: #b01da4;\"><strong>La Marque<\/strong><\/span><\/p>\n<p><strong>Mala Spirit &#8211; Made with love, an offering from Bali<\/strong><\/p>\n<p>Le c\u0153ur des cr\u00e9ations Mala Spirit est la perle Rudraksha, issue de l\u2019arbre Eleocarpus, qui apporte la sagesse et le pouvoir des anciens sages au monde d\u2019aujourd\u2019hui sous la forme de malas contemporains. Le Rudraksha est associ\u00e9 \u00e0 des pierres pr\u00e9cieuses, qui diff\u00e9rent pour chaque pi\u00e8ce et lui conf\u00e8rent sa personnalit\u00e9 en termes de couleurs et ses b\u00e9n\u00e9fices associ\u00e9s aux chakras. Chaque pi\u00e8ce est fabriqu\u00e9e \u00e0 la main et b\u00e9nie \u00e0 Bali.<\/p>\n<p><a class=\"boutonmarque\" title=\"Mala Spirit\" href=\"http:\/\/yoga-nest.com\/mala-spirit\/\" target=\"_blank\" rel=\"noopener\">En savoir plus<\/a><\/p>\n<p>&nbsp;<\/p>\n","protected":false},"excerpt":{"rendered":"<p>Ce beau bracelet mala \u201cPray &amp; Love\u201d est compos\u00e9 de 20 perles de Rudraksha et de 5 pierres semi-pr\u00e9cieuses de cornaline. Il a \u00e9galement des petites perles en argent plaqu\u00e9 or.<\/p>\n<p>Il peut \u00eatre utilis\u00e9 pour la m\u00e9ditation, comme aide \u00e0 la concentration et \u00e0 la r\u00e9citation des mantras. Ou alors, simplement \u00eatre port\u00e9 comme accessoire pour r\u00e9hausser toutes ses tenues d\u2019une touche de couleur vivifiante.<\/p>\n<p>Les perles de Rudraksha offrent la paix, la clart\u00e9 et la direction. Elles permettent de laisser place aux pens\u00e9es positives. Elles font partie des perles les plus rares et elles sont extr\u00eamement puissantes en \u00e9nergie.<\/p>\n<p>La cornaline quant \u00e0 elle se rapporte \u00e0 la f\u00e9minit\u00e9 et \u00e0 la f\u00e9condit\u00e9. Ce bracelet r\u00e9sonne d\u2019ailleurs avec le second chakra, qui est synonyme de sexualit\u00e9. Sa belle couleur orange rappelle le sang et apporte donc de la vitalit\u00e9 \u00e0 la personne qui la porte.<\/p>\n<p>&nbsp;<\/p>\n<p class=\"manquante\" style=\"text-align: center;\">Mod\u00e8le manquant ? <a href=\"mailto:serviceclients@yoga-nest.com\">Contactez-nous<\/a><\/p>\n","protected":false},"featured_media":434,"comment_status":"open","ping_status":"open","template":"","meta":[],"product_cat":[55,83],"product_tag":[57],"_links":{"self":[{"href":"https:\/\/yoganest.vaniseo.pro\/index.php\/wp-json\/wp\/v2\/product\/433"}],"collection":[{"href":"https:\/\/yoganest.vaniseo.pro\/index.php\/wp-json\/wp\/v2\/product"}],"about":[{"href":"https:\/\/yoganest.vaniseo.pro\/index.php\/wp-json\/wp\/v2\/types\/product"}],"replies":[{"embeddable":true,"href":"https:\/\/yoganest.vaniseo.pro\/index.php\/wp-json\/wp\/v2\/comments?post=433"}],"wp:featuredmedia":[{"embeddable":true,"href":"https:\/\/yoganest.vaniseo.pro\/index.php\/wp-json\/wp\/v2\/media\/434"}],"wp:attachment":[{"href":"https:\/\/yoganest.vaniseo.pro\/index.php\/wp-json\/wp\/v2\/media?parent=433"}],"wp:term":[{"taxonomy":"product_cat","embeddable":true,"href":"https:\/\/yoganest.vaniseo.pro\/index.php\/wp-json\/wp\/v2\/product_cat?post=433"},{"taxonomy":"product_tag","embeddable":true,"href":"https:\/\/yoganest.vaniseo.pro\/index.php\/wp-json\/wp\/v2\/product_tag?post=433"}],"curies":[{"name":"wp","href":"https:\/\/api.w.org\/{rel}","templated":true}]}}