{"id":429,"date":"2021-03-29T17:50:53","date_gmt":"2021-03-29T15:50:53","guid":{"rendered":"https:\/\/yoganest.vaniseo.pro\/index.php\/product\/bracelet-mala-no-fear\/"},"modified":"2024-03-06T14:25:20","modified_gmt":"2024-03-06T13:25:20","slug":"bracelet-mala-no-fear","status":"publish","type":"product","link":"https:\/\/yoganest.vaniseo.pro\/index.php\/product\/bracelet-mala-no-fear\/","title":{"rendered":"Bracelet Mala | No Fear"},"content":{"rendered":"<p>Les bracelets mala sont utilis\u00e9s dans les religions bouddhistes et hindouistes dans la pratique m\u00e9ditative. Ils se rapprochent des chapelets de pri\u00e8re utilis\u00e9s dans d\u2019autres religions. En suivant un rituel bien d\u00e9fini, le mala permet au pratiquant de se concentrer sur ses mantras.<\/p>\n<p>Ce bracelet mala est compos\u00e9 de perles de Rudraksha qui sont issues de l\u2019arbre Elaeocarpus angustifolius, cultiv\u00e9 en Inde. Consid\u00e9r\u00e9es comme sacr\u00e9es dans de nombreuses cultures d\u2019Asie, on leur donne parfois le nom de \u201clarmes de Shiva\u201d. Les perles les plus petites sont les plus recherch\u00e9es, car elles sont consid\u00e9r\u00e9es comme plus rares et plus \u00e9nerg\u00e9tiques. Les Rudrakshas purifient nos pens\u00e9es et nous donnent un esprit paisible. Cela nous permet de r\u00e9fl\u00e9chir aux changements positifs que nous souhaitons dans notre vie.<\/p>\n<p>L\u2019onyx est quant \u00e0 elle la pierre de la conscience et r\u00e9alisation de soi. Elle nous donne une force int\u00e9rieure et nous aide \u00e0 prendre conscience de nos sch\u00e9mas et nos habitudes. Dans le cadre de la m\u00e9ditation, cette pierre est connue pour aider l\u2019esprit \u00e0 se connecter et \u00e0 atteindre un haut niveau spirituel.<\/p>\n<p>Les cinq petites perles de bronze situ\u00e9es \u00e0 l\u2019avant et l\u2019arri\u00e8re du bracelet guident nos images int\u00e9rieures sup\u00e9rieures et nos anciennes connaissances vers notre existence quotidienne.<\/p>\n<p>No Fear r\u00e9sonne avec le 1<sup>er<\/sup> chakra appel\u00e9 le chakra racine. Il nous apporte une connexion avec la Terre et un ancrage dans le moment pr\u00e9sent.<\/p>\n<p>[accordion title=\u00a0\u00bb\u00a0\u00bb open1st=\u00a0\u00bb0&Prime; openAll=\u00a0\u00bb0&Prime;][accordion_item title=\u00a0\u00bbEntretien\u00a0\u00bb]<\/p>\n<p>Si vous souhaitez transmettre vos intentions aux perles qui composent votre bracelet mala, attendez d\u2019\u00eatre un lundi, jour consacr\u00e9 \u00e0 Shiva, et r\u00e9alisez la c\u00e9r\u00e9monie suivante :<\/p>\n<ul>\n<li>Asseyez-vous confortablement dans un lieu calme et reposant.<\/li>\n<li>Remplissez un r\u00e9cipient d\u2019eau dans lequel vous d\u00e9poserez des fleurs. Plongez-y votre bracelet No Fear<\/li>\n<li>Utiliser un b\u00e2ton d\u2019encens pour vous aider \u00e0 relaxer votre corps et votre esprit.<\/li>\n<li>Une fois que vous avez atteint un stade de relaxation que vous jugez suffisant, nettoyez chacune des perles de votre mala. En m\u00eame temps, visualisez vos intentions et transmettez-les aux perles. Imaginez-les comme des protectrices et des vectrices de bonnes \u00e9nergies.<\/li>\n<li>Chantez le mantra \u00ab OM HREEM NAMAH SHIVAYA OM \u00bb. Il est synonyme des larmes de Shiva.<\/li>\n<li>Vous pouvez maintenant porter votre bracelet et b\u00e9n\u00e9ficier de ses vertus.<\/li>\n<\/ul>\n<p>Si vous avez l\u2019impression que votre bracelet a accumul\u00e9 beaucoup d\u2019\u00e9nergies au fil du temps, prenez le temps de le laver pour le remettre \u00e0 z\u00e9ro. Pour r\u00e9aliser cela<\/p>\n<ul>\n<li>Ouvrez votre robinet et placez votre bracelet sous l\u2019eau courante<\/li>\n<li>Touchez chaque perle avec l\u2019intention de la nettoyer<\/li>\n<li>Laissez s\u00e9cher votre mala \u00e0 l\u2019air libre, puis massez chacune des perles avec un peu d\u2019huile naturelle.<\/li>\n<\/ul>\n<p>[\/accordion_item][\/accordion]<\/p>\n<p>[accordion title=\u00a0\u00bb\u00a0\u00bb open1st=\u00a0\u00bb0&Prime; openAll=\u00a0\u00bb0&Prime;][accordion_item title=\u00a0\u00bbTypes d&rsquo;activit\u00e9s\u00a0\u00bb]<span lang=\"fr\">Yin yoga, Yoga restauratif, Yoga nidra, <\/span><span lang=\"fr\">Hatha yoga, Vinyasa yoga, Flow yoga, Ashtanga yoga, Power yoga, Kundalini yoga, Yoga pr\u00e9natal, Yoga en plein air, Yoga en voyage, <\/span><span lang=\"fr\">M\u00e9ditation, Mindfulness, Casual wear, En route vers le studio, Style relax, Cocooning \u00e0 la maison<\/span>[\/accordion_item][\/accordion]<\/p>\n<p>[accordion title=\u00a0\u00bb\u00a0\u00bb open1st=\u00a0\u00bb0&Prime; openAll=\u00a0\u00bb0&Prime;][accordion_item title=\u00a0\u00bbPourquoi on adore ce produit\u00a0\u00bb]<\/p>\n<p>On appr\u00e9cie de porter ce collier, pour une s\u00e9ance de m\u00e9ditation, un cours de yoga et \u00e9galement au quotidien comme simple accessoire pour profiter de ses vertus.<\/p>\n<p>Chaque bracelet mala est soigneusement fait \u00e0 la main avec des perles de Rudraksha originales. Elles sont authentiques, r\u00e9colt\u00e9es de mani\u00e8re durable et produites de mani\u00e8re \u00e9thique.<\/p>\n<p>Les malas sont compos\u00e9s de produits naturels, ce qui peut faire varier les couleurs des pierres pr\u00e9cieuses, cela rend chaque produit unique, il n\u2019y en a pas deux identiques.<\/p>\n<p>La pierre d\u2019onyx nous redonne confiance en nous. Le noir profond qui la caract\u00e9rise nous ancre au moment pr\u00e9sent et nous apporte une meilleure ma\u00eetrise de nos \u00e9motions. Si vous traversez en ce moment des \u00e9preuves difficiles, l\u2019onyx vous aidera \u00e0 les surpasser.<\/p>\n<p>[\/accordion_item][\/accordion]<\/p>\n<p>[accordion title=\u00a0\u00bb\u00a0\u00bb open1st=\u00a0\u00bb0&Prime; openAll=\u00a0\u00bb0&Prime; style=\u00a0\u00bb\u00a0\u00bb][accordion_item title=\u00a0\u00bbPaiement, livraison &amp; retours\u00a0\u00bb]<br \/>\nPour les informations sur les alternatives de paiement, de livraison et les retours, merci de cliquer <a class=\"linkcgv\" href=\"https:\/\/www.yoga-nest.com\/paiement-livraison-retours\/\" target=\"_blank\" rel=\"noopener\">ICI<\/a><br \/>\n[\/accordion_item][\/accordion]<\/p>\n<p>[one]<\/p>\n<p><span style=\"color: #b01da4;\"><strong>La Marque<\/strong><\/span><\/p>\n<p><strong>Mala Spirit &#8211; Made with love, an offering from Bali<\/strong><\/p>\n<p>Le c\u0153ur des cr\u00e9ations Mala Spirit est la perle Rudraksha, issue de l\u2019arbre Eleocarpus, qui apporte la sagesse et le pouvoir des anciens sages au monde d\u2019aujourd\u2019hui sous la forme de malas contemporains. Le Rudraksha est associ\u00e9 \u00e0 des pierres pr\u00e9cieuses, qui diff\u00e9rent pour chaque pi\u00e8ce et lui conf\u00e8rent sa personnalit\u00e9 en termes de couleurs et ses b\u00e9n\u00e9fices associ\u00e9s aux chakras. Chaque pi\u00e8ce est fabriqu\u00e9e \u00e0 la main et b\u00e9nie \u00e0 Bali.<\/p>\n<p><a class=\"boutonmarque\" title=\"Mala Spirit\" href=\"http:\/\/yoga-nest.com\/mala-spirit\/\" target=\"_blank\" rel=\"noopener\">En savoir plus<\/a><\/p>\n<p>&nbsp;<\/p>\n","protected":false},"excerpt":{"rendered":"<p>Le bracelet mala \u201cNo Fear\u201d est compos\u00e9 de 12 perles de Rudraksha, de 8 perles d\u2019onyx et de 5 perles de bronze.<\/p>\n<p>G\u00e9n\u00e9ralement utilis\u00e9 dans la pratique de m\u00e9ditation ou du yoga, ce bracelet peut aussi \u00eatre joliment port\u00e9 au quotidien. Ainsi, il vous offrira chaque jour des \u00e9nergies positives et un esprit paisible.<\/p>\n<p>Les perles Rudraksha Mala offrent au porteur la paix, la clart\u00e9 et la direction, c&rsquo;est ainsi qu&rsquo;elles donnent de l&rsquo;espace pour l&rsquo;\u00e9nergie et les pens\u00e9es positives.<\/p>\n<p>No Fear, de l\u2019anglais \u201caucune peur\u201d signifie que ce bracelet vous aidera \u00e0 vous lib\u00e9rer de vos pens\u00e9es n\u00e9gatives et \u00e0 gagner en force et en audace. Les pierres semi-pr\u00e9cieuses qui composent ce bijou vous apporteront de la motivation et un esprit positif. Elles r\u00e9sonnent avec le 1er chakra.<\/p>\n<p>&nbsp;<\/p>\n<p class=\"manquante\" style=\"text-align: center;\">Mod\u00e8le manquant ? <a href=\"mailto:serviceclients@yoga-nest.com\">Contactez-nous<\/a><\/p>\n","protected":false},"featured_media":430,"comment_status":"open","ping_status":"open","template":"","meta":[],"product_cat":[55,83],"product_tag":[57],"_links":{"self":[{"href":"https:\/\/yoganest.vaniseo.pro\/index.php\/wp-json\/wp\/v2\/product\/429"}],"collection":[{"href":"https:\/\/yoganest.vaniseo.pro\/index.php\/wp-json\/wp\/v2\/product"}],"about":[{"href":"https:\/\/yoganest.vaniseo.pro\/index.php\/wp-json\/wp\/v2\/types\/product"}],"replies":[{"embeddable":true,"href":"https:\/\/yoganest.vaniseo.pro\/index.php\/wp-json\/wp\/v2\/comments?post=429"}],"wp:featuredmedia":[{"embeddable":true,"href":"https:\/\/yoganest.vaniseo.pro\/index.php\/wp-json\/wp\/v2\/media\/430"}],"wp:attachment":[{"href":"https:\/\/yoganest.vaniseo.pro\/index.php\/wp-json\/wp\/v2\/media?parent=429"}],"wp:term":[{"taxonomy":"product_cat","embeddable":true,"href":"https:\/\/yoganest.vaniseo.pro\/index.php\/wp-json\/wp\/v2\/product_cat?post=429"},{"taxonomy":"product_tag","embeddable":true,"href":"https:\/\/yoganest.vaniseo.pro\/index.php\/wp-json\/wp\/v2\/product_tag?post=429"}],"curies":[{"name":"wp","href":"https:\/\/api.w.org\/{rel}","templated":true}]}}