{"id":426,"date":"2021-03-29T17:47:02","date_gmt":"2021-03-29T15:47:02","guid":{"rendered":"https:\/\/yoganest.vaniseo.pro\/index.php\/product\/bracelet-mala-heart-of-protection\/"},"modified":"2024-03-06T14:25:14","modified_gmt":"2024-03-06T13:25:14","slug":"bracelet-mala-heart-of-protection","status":"publish","type":"product","link":"https:\/\/yoganest.vaniseo.pro\/index.php\/product\/bracelet-mala-heart-of-protection\/","title":{"rendered":"Bracelet Mala | Heart of Protection"},"content":{"rendered":"<p>Le mala fait partie de la tradition bouddhiste et hindouiste. Souvent utilis\u00e9 dans la pratique m\u00e9ditative, il permet de centrer son esprit sur la r\u00e9citation des mantras, selon un rituel sp\u00e9cifique. Les perles d\u00e9ploy\u00e9es une \u00e0 une permettent la concentration.<\/p>\n<p>L\u2019Inde est le pays de production des perles de Rudraksha. Les graines sont r\u00e9colt\u00e9es et pr\u00e9cieusement conserv\u00e9es pour leurs vertus. Elles sont consid\u00e9r\u00e9es comme sacr\u00e9es dans de nombreuses cultures d\u2019Asie et vectrices d\u2019une \u00e9nergie sp\u00e9cifique. Plus les perles de Rudraksha sont petites et plus elles sont sacr\u00e9es, car consid\u00e9r\u00e9es comme rares et porteuses d\u2019une grande \u00e9nergie.<\/p>\n<p>Les perles de Rudraksha sont parfois combin\u00e9es avec d\u2019autres pierres pr\u00e9cieuses ou semi-pr\u00e9cieuses. Comme ici, elles sont altern\u00e9es avec des perles d\u2019Agate Mousse. Chacune a ses propres vertus et leur synergie vous permet de b\u00e9n\u00e9ficier de tous leurs bienfaits selon vos besoins.<\/p>\n<p>L\u2019agate mousse apporte d\u00e9tente et r\u00e9cup\u00e9ration pour l\u2019\u00e2me. Elle nous permet d\u2019exp\u00e9rimenter une connexion consciente avec la nature et la Terre. Elle nous donne la force et l\u2019inspiration pour recommencer plein d\u2019optimisme.<\/p>\n<p>Ce bracelet r\u00e9sonne avec les 4\u00e8me, 5\u00e8me et 6\u00e8me chakras.<\/p>\n<p>Quatri\u00e8me chakra, celui du c\u0153ur : il se situe au niveau de la poitrine et travaille sur l\u2019amour de soi et toutes les \u00e9motions qui permettent d\u2019accueillir l\u2019autre (pardon, indulgence, sympathie).<\/p>\n<p>Cinqui\u00e8me chakra, celui de la gorge : symbole de la cr\u00e9ativit\u00e9 et de la communication.<\/p>\n<p>Sixi\u00e8me chakra, celui du 3\u00e8me \u0153il : il est synonyme d\u2019intuition et se rapporte \u00e0 la m\u00e9ditation. Il permet de se recentrer sur ses \u00e9motions.<\/p>\n<p>[accordion title=\u00a0\u00bb\u00a0\u00bb open1st=\u00a0\u00bb0&Prime; openAll=\u00a0\u00bb0&Prime;][accordion_item title=\u00a0\u00bbEntretien\u00a0\u00bb]Une c\u00e9r\u00e9monie permet de transmettre aux perles ses intentions et ainsi les charger d\u2019\u00e9nergies positives. Le bracelet peut \u00e9galement \u00eatre port\u00e9 d\u00e8s sa r\u00e9ception, cependant, nous vous conseillons ces quelques \u00e9tapes pour d\u00e9cupler ses bienfaits:<\/p>\n<ul>\n<li>Lundi est le jour \u00e0 privil\u00e9gier pour cette proc\u00e9dure. Il s\u2019agit en effet du jour consacr\u00e9 \u00e0 Shiva<\/li>\n<li>Choisissez une pi\u00e8ce ou un espace calme, favorable \u00e0 la relaxation et au l\u00e2cher-prise<\/li>\n<li>Dans un r\u00e9cipient, versez de l\u2019eau et quelques fleurs fraiches. Ajoutez votre bracelet mala<\/li>\n<li>Si vous le souhaitez, allumez un b\u00e2ton d\u2019encens pour purifier l\u2019atmosph\u00e8re<\/li>\n<li>Lorsque vous vous sentez relax\u00e9.e, saisissez votre mala entre vos mains et massez chaque perle l\u2019une apr\u00e8s l\u2019autre.<\/li>\n<li>Pensez \u00e0 vos intentions pour ces perles et transmettez-les au travers de vos doigts. Votre mala d\u00e9gagera une \u00e9nergie protectrice<\/li>\n<li>R\u00e9citez le mantra \u00ab OM HREEM NAMAH SHIVAYA OM \u00bb. Il repr\u00e9sente les larmes de Shiva<\/li>\n<li>Votre bracelet est maintenant pr\u00eat \u00e0 \u00eatre port\u00e9 pour la m\u00e9ditation ou dans votre quotidien. Les perles sont charg\u00e9es en \u00e9nergies et pr\u00eates \u00e0 vous offrir leurs vertus<\/li>\n<\/ul>\n<p>Les perles de votre bracelet vont se gorger d&rsquo;\u00e9nergie. Au bout d\u2019un certain temps, il est utile de les d\u00e9charger. Pour les remettre \u00e0 z\u00e9ro, quelques \u00e9tapes sont n\u00e9cessaires :<\/p>\n<ul>\n<li>Placez le mala sous l\u2019eau du robinet et touchez chaque perle avec l\u2019intention de la nettoyer<\/li>\n<li>D\u00e9posez votre bracelet \u00e0 l\u2019ext\u00e9rieur pour le faire s\u00e9cher<\/li>\n<li>Lorsqu\u2019il est sec, vous avez la possibilit\u00e9 de passer sur chacune des perles un peu d\u2019huile naturelle pour les pr\u00e9server et les lustrer.[\/accordion_item][\/accordion][accordion title=\u00a0\u00bb\u00a0\u00bb open1st=\u00a0\u00bb0&Prime; openAll=\u00a0\u00bb0&Prime;][accordion_item title=\u00a0\u00bbTypes d&rsquo;activit\u00e9s\u00a0\u00bb]<span lang=\"fr\">Yin yoga, Yoga restauratif, Yoga nidra,\u00a0<\/span><span lang=\"fr\">Hatha yoga, Vinyasa yoga, Flow yoga, Ashtanga yoga, Power yoga, Kundalini yoga, Yoga pr\u00e9natal, Yoga en plein air, Yoga en voyage, <\/span><span lang=\"fr\">M\u00e9ditation, Mindfulness, Casual wear, En route vers le studio, Style relax, Cocooning \u00e0 la maison<\/span>[\/accordion_item][\/accordion][accordion title=\u00a0\u00bb\u00a0\u00bb open1st=\u00a0\u00bb0&Prime; openAll=\u00a0\u00bb0&Prime;][accordion_item title=\u00a0\u00bbPourquoi on adore ce produit\u00a0\u00bb]Les perles de Rudraksha utilis\u00e9es par Mala Spirit sont r\u00e9colt\u00e9es de mani\u00e8re durable, \u00e9quitable et produites de fa\u00e7on \u00e9thique. Les Rudrakshas purifient nos pens\u00e9es et nous donnent un esprit paisible.<\/li>\n<\/ul>\n<p>L\u2019Agate mousse inspire de nouvelles id\u00e9es, elle am\u00e9liore le bien-\u00eatre et \u00e9veille l&rsquo;esprit. Gr\u00e2ce \u00e0 elle, nous sommes plus conscients de notre vie, nous trouvons la force de la changer si elle ne nous convient plus. En m\u00e9ditation, elle offre plus de stabilit\u00e9 et procure force et paix, d\u00e9tente et optimisme.<\/p>\n<p>Le m\u00e9lange des Rudrakshas et de l\u2019Agate mousse nous apporte spiritualit\u00e9 et force au quotidien.[\/accordion_item][\/accordion][accordion title=\u00a0\u00bb\u00a0\u00bb open1st=\u00a0\u00bb0&Prime; openAll=\u00a0\u00bb0&Prime; style=\u00a0\u00bb\u00a0\u00bb][accordion_item title=\u00a0\u00bbPaiement, livraison &amp; retours\u00a0\u00bb]<br \/>\nPour les informations sur les alternatives de paiement, de livraison et les retours, merci de cliquer <a class=\"linkcgv\" href=\"https:\/\/www.yoga-nest.com\/paiement-livraison-retours\/\" target=\"_blank\" rel=\"noopener\">ICI<\/a><br \/>\n[\/accordion_item][\/accordion]<\/p>\n<p><span style=\"color: #b01da4;\"><strong>La Marque<\/strong><\/span><\/p>\n<p><strong>Mala Spirit &#8211; Made with love, an offering from Bali<\/strong><\/p>\n<p>Le c\u0153ur des cr\u00e9ations Mala Spirit est la perle Rudraksha, issue de l\u2019arbre Eleocarpus, qui apporte la sagesse et le pouvoir des anciens sages au monde d\u2019aujourd\u2019hui sous la forme de malas contemporains. Le Rudraksha est associ\u00e9 \u00e0 des pierres pr\u00e9cieuses, qui diff\u00e9rent pour chaque pi\u00e8ce et lui conf\u00e8rent sa personnalit\u00e9 en termes de couleurs et ses b\u00e9n\u00e9fices associ\u00e9s aux chakras. Chaque pi\u00e8ce est fabriqu\u00e9e \u00e0 la main et b\u00e9nie \u00e0 Bali.<\/p>\n<p><a class=\"boutonmarque\" title=\"Mala Spirit\" href=\"http:\/\/yoga-nest.com\/mala-spirit\/\" target=\"_blank\" rel=\"noopener\">En savoir plus<\/a><\/p>\n<p>&nbsp;<\/p>\n","protected":false},"excerpt":{"rendered":"<p>Le bracelet &lsquo;Heart of Protection&rsquo; est compos\u00e9 de perles Rudraksha mala associ\u00e9es \u00e0 des perles d&rsquo;Agate Mousse de la m\u00eame taille. Ce mala r\u00e9sonne avec les 4\u00e8me, 5\u00e8me et 6\u00e8me chakras.<\/p>\n<p>L&rsquo;Agate Mousse est connue comme une forme forte d&rsquo;agate et est souvent appel\u00e9e la pierre de l&rsquo;abondance. D&rsquo;autres l&rsquo;appellent la pierre des nouveaux commencements, comme la mousse poussant sur un rocher.<\/p>\n<p>Les perles de Rudraksha sont trait\u00e9es comme sacr\u00e9es dans de nombreuses cultures. Elles offrent au porteur paix, clart\u00e9 et direction. L&rsquo;\u00e9nergie et les pens\u00e9es positives ont ainsi l\u2019espace de se d\u00e9velopper. Les petites perles de Rudraksha sont les plus rares et les plus puissantes en \u00e9nergie.<\/p>\n<p>Parfois utilis\u00e9 dans la pratique de la m\u00e9ditation, ce bracelet compos\u00e9 de tr\u00e8s belles couleurs pourra aussi vous accompagner quotidiennement comme bijou esth\u00e9tique.<\/p>\n<p>&nbsp;<\/p>\n<p class=\"manquante\" style=\"text-align: center;\">Mod\u00e8le manquant ? <a href=\"mailto:serviceclients@yoga-nest.com\">Contactez-nous<\/a><\/p>\n","protected":false},"featured_media":427,"comment_status":"open","ping_status":"open","template":"","meta":[],"product_cat":[55,83],"product_tag":[57],"_links":{"self":[{"href":"https:\/\/yoganest.vaniseo.pro\/index.php\/wp-json\/wp\/v2\/product\/426"}],"collection":[{"href":"https:\/\/yoganest.vaniseo.pro\/index.php\/wp-json\/wp\/v2\/product"}],"about":[{"href":"https:\/\/yoganest.vaniseo.pro\/index.php\/wp-json\/wp\/v2\/types\/product"}],"replies":[{"embeddable":true,"href":"https:\/\/yoganest.vaniseo.pro\/index.php\/wp-json\/wp\/v2\/comments?post=426"}],"wp:featuredmedia":[{"embeddable":true,"href":"https:\/\/yoganest.vaniseo.pro\/index.php\/wp-json\/wp\/v2\/media\/427"}],"wp:attachment":[{"href":"https:\/\/yoganest.vaniseo.pro\/index.php\/wp-json\/wp\/v2\/media?parent=426"}],"wp:term":[{"taxonomy":"product_cat","embeddable":true,"href":"https:\/\/yoganest.vaniseo.pro\/index.php\/wp-json\/wp\/v2\/product_cat?post=426"},{"taxonomy":"product_tag","embeddable":true,"href":"https:\/\/yoganest.vaniseo.pro\/index.php\/wp-json\/wp\/v2\/product_tag?post=426"}],"curies":[{"name":"wp","href":"https:\/\/api.w.org\/{rel}","templated":true}]}}