{"id":423,"date":"2021-03-29T17:42:58","date_gmt":"2021-03-29T15:42:58","guid":{"rendered":"https:\/\/yoganest.vaniseo.pro\/index.php\/product\/bracelet-mala-abundance\/"},"modified":"2024-03-06T14:25:08","modified_gmt":"2024-03-06T13:25:08","slug":"bracelet-mala-abundance","status":"publish","type":"product","link":"https:\/\/yoganest.vaniseo.pro\/index.php\/product\/bracelet-mala-abundance\/","title":{"rendered":"Bracelet Mala | Abundance"},"content":{"rendered":"<p>Les malas font partie de la tradition bouddhiste et hindouiste. Souvent utilis\u00e9 dans la pratique m\u00e9ditative, il permet de centrer son esprit sur la r\u00e9citation des mantras, selon un rituel sp\u00e9cifique. Les perles d\u00e9ploy\u00e9es une \u00e0 une permettent la concentration.<\/p>\n<p>Les perles de Rudraksha sont issues d&rsquo;un arbre qui pousse en Inde. Les graines sont r\u00e9colt\u00e9es et pr\u00e9cieusement conserv\u00e9es pour leurs vertus. Elles sont consid\u00e9r\u00e9es comme sacr\u00e9es dans de nombreuses cultures d\u2019Asie et vectrices d\u2019une \u00e9nergie sp\u00e9cifique. Plus les perles de Rudraksha sont petites et plus elles sont sacr\u00e9es, car consid\u00e9r\u00e9es comme rares et porteuses d\u2019une grande \u00e9nergie.<\/p>\n<p>Parfois altern\u00e9es avec d\u2019autres pierres pr\u00e9cieuses ou semi-pr\u00e9cieuses, chacune a ses propres vertus et leur synergie vous permet de b\u00e9n\u00e9ficier de tous leurs bienfaits selon vos besoins. Comme par exemple, pour ce bracelet, elles sont altern\u00e9es avec des perles de pyrite.<\/p>\n<p>La pyrite relie en vous les multiples \u00e9l\u00e9ments qui vous composent. Elle vous permet de d\u00e9velopper votre capacit\u00e9 de mener plusieurs actions de front et vous soulage de tout le stress \u00e9motionnel que vous pouvez cumuler en vous. Aussi surnomm\u00e9e la pierre de la chance, la pyrite est une gemme qui accro\u00eet la prosp\u00e9rit\u00e9, attire la richesse et l\u2019abondance dans votre vie.<\/p>\n<p>Ce bracelet est connect\u00e9 aux 1er, 2\u00e8me et 3\u00e8me chakras. Voici leurs principales caract\u00e9ristiques :<\/p>\n<p>1er : le chakra racine, ou chakra de la base, nous donne une connexion solide avec la Terre et nos besoins fondamentaux. C&rsquo;est le chakra de la fondation et de l&rsquo;ancrage.<\/p>\n<p>2\u00e8me : le chakra sacr\u00e9 laisse couler nos sentiments et cr\u00e9e la possibilit\u00e9 de relations fructueuses. C&rsquo;est le chakra de la cr\u00e9ativit\u00e9.<\/p>\n<p>3\u00e8me : le chakra du plexus solaire nous aide \u00e0 mettre nos talents au service des autres et donne de la force au d\u00e9veloppement de soi. C&rsquo;est le chakra de la volont\u00e9.<\/p>\n<p>[accordion title=\u00a0\u00bb\u00a0\u00bb open1st=\u00a0\u00bb0&Prime; openAll=\u00a0\u00bb0&Prime;][accordion_item title=\u00a0\u00bbEntretien\u00a0\u00bb]<\/p>\n<p>Une c\u00e9r\u00e9monie permet de transmettre aux perles ses intentions et ainsi les charger d\u2019\u00e9nergies positives. Le bracelet peut \u00e9galement \u00eatre port\u00e9 d\u00e8s sa r\u00e9ception, cependant nous vous conseillons ces quelques \u00e9tapes pour d\u00e9cupler ses bienfaits:<\/p>\n<ul>\n<li>Lundi est le jour \u00e0 privil\u00e9gier pour cette proc\u00e9dure. Il s\u2019agit en effet du jour consacr\u00e9 \u00e0 Shiva.<\/li>\n<li>Choisissez une pi\u00e8ce ou un espace calme, favorable \u00e0 la relaxation et au l\u00e2cher-prise.<\/li>\n<li>Dans un r\u00e9cipient, versez de l\u2019eau et quelques fleurs fraiches. Ajoutez votre bracelet mala Silver.<\/li>\n<li>Si vous le souhaitez, allumez un b\u00e2ton d\u2019encens pour purifier l\u2019atmosph\u00e8re.<\/li>\n<li>Lorsque vous vous sentez relax\u00e9.e, saisissez votre mala entre vos mains et massez chaque perle l\u2019une apr\u00e8s l\u2019autre. Pensez \u00e0 vos intentions pour ces perles et transmettez-les au travers de vos doigts. Votre mala d\u00e9gagera une \u00e9nergie protectrice.<\/li>\n<li>R\u00e9citez le mantra \u00ab OM HREEM NAMAH SHIVAYA OM \u00bb. Il repr\u00e9sente les larmes de Shiva.<\/li>\n<li>Votre bracelet est maintenant pr\u00eat \u00e0 \u00eatre port\u00e9 pour la m\u00e9ditation ou dans votre quotidien. Les perles sont charg\u00e9es en \u00e9nergies et pr\u00eates \u00e0 vous offrir leurs vertus.<\/li>\n<\/ul>\n<p>Les perles de votre bracelet vont se gorger d&rsquo;\u00e9nergie. Au bout d\u2019un certain temps, il est utile de les d\u00e9charger. Pour les remettre \u00e0 z\u00e9ro, quelques \u00e9tapes sont n\u00e9cessaires:<\/p>\n<ul>\n<li>Placez le mala sous l\u2019eau du robinet et touchez chaque perle avec l\u2019intention de la nettoyer<\/li>\n<li>D\u00e9posez votre bracelet \u00e0 l\u2019ext\u00e9rieur pour le faire s\u00e9cher<\/li>\n<li>Lorsqu\u2019il est sec, vous avez la possibilit\u00e9 de passer sur chacune des perles un peu d\u2019huile naturelle pour les pr\u00e9server et les lustrer.<\/li>\n<\/ul>\n<p>[\/accordion_item][\/accordion]<\/p>\n<p>[accordion title=\u00a0\u00bb\u00a0\u00bb open1st=\u00a0\u00bb0&Prime; openAll=\u00a0\u00bb0&Prime;][accordion_item title=\u00a0\u00bbTypes d&rsquo;activit\u00e9s\u00a0\u00bb]<span lang=\"fr\">Yin yoga, Yoga restauratif, Yoga nidra, <\/span><span lang=\"fr\">Hatha yoga, Vinyasa yoga, Flow yoga, Ashtanga yoga, Power yoga, Kundalini yoga, Yoga pr\u00e9natal, Yoga en plein air, Yoga en voyage, <\/span><span lang=\"fr\">M\u00e9ditation, Mindfulness, Casual wear, En route vers le studio, Style relax, Cocooning \u00e0 la maison<\/span>[\/accordion_item][\/accordion]<\/p>\n<p>[accordion title=\u00a0\u00bb\u00a0\u00bb open1st=\u00a0\u00bb0&Prime; openAll=\u00a0\u00bb0&Prime;][accordion_item title=\u00a0\u00bbPourquoi on adore ce produit\u00a0\u00bb]Les perles de Rudraksha utilis\u00e9es par Mala Spirit sont r\u00e9colt\u00e9es de mani\u00e8re durable, \u00e9quitable et produites de fa\u00e7on \u00e9thique.<\/p>\n<p>On aime les pierres de pyrite qui composent ce bracelet car elles apportent des bonnes \u00e9nergies qui nous donnent force physique, clart\u00e9 mentale et motivation. Ses \u00e9nergies cr\u00e9atives vous aideront \u00e0 manifester vos d\u00e9sirs et vous encouragent \u00e0 poursuivre vos r\u00eaves.<\/p>\n<p>Le m\u00e9lange des Rudrakshas et des Pyrites nous apporte \u00e9nergie positive et force pour affronter la vie. Les Rudrakshas purifient nos pens\u00e9es et nous donnent un esprit paisible, les Pyrites nous donnent de l\u2019\u00e9nergie cr\u00e9ative et augmentent notre vitalit\u00e9.[\/accordion_item][\/accordion]<\/p>\n<p>[accordion title=\u00a0\u00bb\u00a0\u00bb open1st=\u00a0\u00bb0&Prime; openAll=\u00a0\u00bb0&Prime; style=\u00a0\u00bb\u00a0\u00bb][accordion_item title=\u00a0\u00bbPaiement, livraison &amp; retours\u00a0\u00bb]<br \/>\nPour les informations sur les alternatives de paiement, de livraison et les retours, merci de cliquer <a class=\"linkcgv\" href=\"https:\/\/www.yoga-nest.com\/paiement-livraison-retours\/\" target=\"_blank\" rel=\"noopener\">ICI<\/a><br \/>\n[\/accordion_item][\/accordion]<\/p>\n<p>[one]<\/p>\n<p><span style=\"color: #b01da4;\"><strong>La Marque<\/strong><\/span><\/p>\n<p><strong>Mala Spirit &#8211; Made with love, an offering from Bali<\/strong><\/p>\n<p>Le c\u0153ur des cr\u00e9ations Mala Spirit est la perle Rudraksha, issue de l\u2019arbre Eleocarpus, qui apporte la sagesse et le pouvoir des anciens sages au monde d\u2019aujourd\u2019hui sous la forme de malas contemporains. Le Rudraksha est associ\u00e9 \u00e0 des pierres pr\u00e9cieuses, qui diff\u00e9rent pour chaque pi\u00e8ce et lui conf\u00e8rent sa personnalit\u00e9 en termes de couleurs et ses b\u00e9n\u00e9fices associ\u00e9s aux chakras. Chaque pi\u00e8ce est fabriqu\u00e9e \u00e0 la main et b\u00e9nie \u00e0 Bali.<\/p>\n<p><a class=\"boutonmarque\" title=\"Mala Spirit\" href=\"http:\/\/yoga-nest.com\/mala-spirit\/\" target=\"_blank\" rel=\"noopener\">En savoir plus<\/a><\/p>\n<p>&nbsp;<\/p>\n","protected":false},"excerpt":{"rendered":"<p>Le bracelet &lsquo;Abundance mala&rsquo; est compos\u00e9 de perles de Rudraksha altern\u00e9es avec des perles de pyrite de la m\u00eame taille. Ce mala r\u00e9sonne avec les 1er, 2\u00e8me et 3\u00e8me chakra et nous permet l\u2019ouverture d\u2019esprit et l\u2019honn\u00eatet\u00e9.<\/p>\n<p>Ce bracelet est souvent utilis\u00e9 dans la pratique de la m\u00e9ditation ou du yoga, mais il peut \u00e9galement \u00eatre port\u00e9 au quotidien. En effet, par ses belles couleurs et son style sophistiqu\u00e9, ce bracelet vous apportera positivit\u00e9 et cr\u00e9ativit\u00e9.<\/p>\n<p>Les perles Rudraksha Mala sont trait\u00e9es comme sacr\u00e9es dans de nombreuses cultures. Elles offrent au porteur la paix, la clart\u00e9 et la direction, c&rsquo;est ainsi qu&rsquo;elles donnent de l&rsquo;espace pour l&rsquo;\u00e9nergie et les pens\u00e9es positives. Les petites perles Rudraksha sont les plus rares et les plus puissantes en \u00e9nergie.<\/p>\n<p>&nbsp;<\/p>\n<p class=\"manquante\" style=\"text-align: center;\">Mod\u00e8le manquant ? <a href=\"mailto:serviceclients@yoga-nest.com\">Contactez-nous<\/a><\/p>\n","protected":false},"featured_media":424,"comment_status":"open","ping_status":"open","template":"","meta":[],"product_cat":[55,83,47,48],"product_tag":[57],"_links":{"self":[{"href":"https:\/\/yoganest.vaniseo.pro\/index.php\/wp-json\/wp\/v2\/product\/423"}],"collection":[{"href":"https:\/\/yoganest.vaniseo.pro\/index.php\/wp-json\/wp\/v2\/product"}],"about":[{"href":"https:\/\/yoganest.vaniseo.pro\/index.php\/wp-json\/wp\/v2\/types\/product"}],"replies":[{"embeddable":true,"href":"https:\/\/yoganest.vaniseo.pro\/index.php\/wp-json\/wp\/v2\/comments?post=423"}],"wp:featuredmedia":[{"embeddable":true,"href":"https:\/\/yoganest.vaniseo.pro\/index.php\/wp-json\/wp\/v2\/media\/424"}],"wp:attachment":[{"href":"https:\/\/yoganest.vaniseo.pro\/index.php\/wp-json\/wp\/v2\/media?parent=423"}],"wp:term":[{"taxonomy":"product_cat","embeddable":true,"href":"https:\/\/yoganest.vaniseo.pro\/index.php\/wp-json\/wp\/v2\/product_cat?post=423"},{"taxonomy":"product_tag","embeddable":true,"href":"https:\/\/yoganest.vaniseo.pro\/index.php\/wp-json\/wp\/v2\/product_tag?post=423"}],"curies":[{"name":"wp","href":"https:\/\/api.w.org\/{rel}","templated":true}]}}