{"id":420,"date":"2021-03-29T17:13:58","date_gmt":"2021-03-29T15:13:58","guid":{"rendered":"https:\/\/yoganest.vaniseo.pro\/index.php\/product\/bracelet-mala-silver-aum\/"},"modified":"2024-03-06T14:25:01","modified_gmt":"2024-03-06T13:25:01","slug":"bracelet-mala-silver-aum","status":"publish","type":"product","link":"https:\/\/yoganest.vaniseo.pro\/index.php\/product\/bracelet-mala-silver-aum\/","title":{"rendered":"Bracelet Mala | Silver Aum"},"content":{"rendered":"<p><span style=\"font-weight: 400;\">Les malas sont des sortes de chapelets utilis\u00e9s dans la religion bouddhiste et hindouiste. Ils aident les pratiquants \u00e0 r\u00e9p\u00e9ter leurs mantras en focalisant leur esprit sur le moment pr\u00e9sent. Les perles sont utilis\u00e9es une \u00e0 une pour r\u00e9citer les paroles sacr\u00e9es.<\/span><\/p>\n<p><span style=\"font-weight: 400;\">Compos\u00e9 de perles de Rudraksha, ce bracelet mala vous apportera \u00e9nergie et ondes positives. La perle de Rudraksha est en r\u00e9alit\u00e9 une graine r\u00e9colt\u00e9e sur l\u2019arbre <\/span><span style=\"font-weight: 400;\">Elaeocarpus angustifolius. Plus elle est petite et plus elle est consid\u00e9r\u00e9e comme rare et vectrice d\u2019\u00e9nergie.\u00a0<\/span><\/p>\n<p><span style=\"font-weight: 400;\">Dans de nombreuses cultures, cette perle est consid\u00e9r\u00e9e comme sacr\u00e9e et porteuse de paix, de clart\u00e9 et d&rsquo;orientation pour la personne qui la porte.<\/span><\/p>\n<p><span style=\"font-weight: 400;\">Ce bracelet est compos\u00e9 de 29 perles de Rudraksha et finalis\u00e9 par une perle en argent sterling 9.25. Cette perle en argent est marquet\u00e9e du symbole Aum (ou Om). En sanskrit, la syllabe Aum est consid\u00e9r\u00e9e comme le son originel. En yoga, le son Om est parfois r\u00e9cit\u00e9 pendant la s\u00e9ance pour ses vertus sur le corps. En effet, en plus de provoquer une vibration des cordes vocales, il permet de vider enti\u00e8rement ses poumons et de cr\u00e9er un renouveau d\u2019air dans sa cage thoracique.<\/span><\/p>\n<div><span lang=\"fr\">Le 6\u00e8me chakra est connect\u00e9 \u00e0 ce bracelet unisexe. Vecteur d\u2019intuitions, il aide \u00e0 accepter l\u2019ind\u00e9pendance et \u00e0 recevoir l\u2019inspiration.<\/span><\/div>\n<p>[accordion title=\u00a0\u00bb\u00a0\u00bb open1st=\u00a0\u00bb0&Prime; openAll=\u00a0\u00bb0&Prime;][accordion_item title=\u00a0\u00bbEntretien\u00a0\u00bb]<span style=\"font-weight: 400;\">Votre bracelet mala peut \u00eatre port\u00e9 imm\u00e9diatement \u00e0 sa r\u00e9ception. Mais vous aurez peut-\u00eatre envie de transmettre vos intentions aux perles sacr\u00e9es. Ceci permet \u00e0 votre bracelet de recevoir votre \u00e9nergie et de cr\u00e9er une connexion avec vous. La c\u00e9r\u00e9monie suivante peut \u00eatre entreprise un lundi, jour consacr\u00e9 \u00e0 Shiva :<\/span><\/p>\n<ul>\n<li style=\"font-weight: 400;\" aria-level=\"1\"><span style=\"font-weight: 400;\">Cherchez un endroit calme et asseyez-vous confortablement.<\/span><\/li>\n<li style=\"font-weight: 400;\" aria-level=\"1\"><span style=\"font-weight: 400;\">Remplissez un r\u00e9cipient d\u2019eau. D\u00e9posez-y quelques fleurs avant d\u2019y ajouter votre bracelet.<\/span><\/li>\n<li style=\"font-weight: 400;\" aria-level=\"1\"><span style=\"font-weight: 400;\">Pour relaxer davantage votre corps et votre esprit, allumez un b\u00e2ton d\u2019encens.<\/span><\/li>\n<li style=\"font-weight: 400;\" aria-level=\"1\"><span style=\"font-weight: 400;\">Une fois la s\u00e9r\u00e9nit\u00e9 atteinte, nettoyez chacune des perles de Rudraksha et d\u2019argent. En faisant cela, visualisez vos intentions et transmettez-les aux perles afin qu\u2019elles vous apportent protection et \u00e9nergie.<\/span><\/li>\n<li style=\"font-weight: 400;\" aria-level=\"1\"><span style=\"font-weight: 400;\">R\u00e9citez le mantra \u00ab OM HREEM NAMAH SHIVAYA OM \u00bb, repr\u00e9sentation des larmes de Shiva.<\/span><\/li>\n<li style=\"font-weight: 400;\" aria-level=\"1\"><span style=\"font-weight: 400;\">Votre bracelet mala est fin pr\u00eat \u00e0 \u00eatre port\u00e9 et \u00e0 vous apporter ses vertus.<\/span><\/li>\n<\/ul>\n<p><span style=\"font-weight: 400;\">Au fil des jours, votre bracelet mala va absorber des \u00e9nergies. Vous avez la possibilit\u00e9 de le laver pour le d\u00e9charger et le remettre \u00e0 z\u00e9ro. Pour ce faire:<\/span><\/p>\n<ul>\n<li><span style=\"font-weight: 400;\">Placez votre collier sous l\u2019eau courante du robinet<\/span><\/li>\n<li><span style=\"font-weight: 400;\">Touchez chaque perle avec l\u2019intention de la nettoyer<\/span><\/li>\n<li><span style=\"font-weight: 400;\">Suspendez votre bracelet \u00e0 l\u2019ext\u00e9rieur pour le laisser s\u00e9cher<\/span><\/li>\n<li><span style=\"font-weight: 400;\">Ensuite, chaque perle peut \u00eatre mass\u00e9e avec un peu d\u2019huile naturelle.<\/span>[\/accordion_item][\/accordion]<\/li>\n<\/ul>\n<p>[accordion title=\u00a0\u00bb\u00a0\u00bb open1st=\u00a0\u00bb0&Prime; openAll=\u00a0\u00bb0&Prime;][accordion_item title=\u00a0\u00bbTypes d&rsquo;activit\u00e9s\u00a0\u00bb]<span style=\"font-weight: 400;\">Yin yoga, Yoga restauratif, Yoga nidra, <\/span><span style=\"font-weight: 400;\">Hatha yoga, Vinyasa yoga, Flow yoga, Ashtanga yoga, Power yoga, Kundalini yoga, Yoga pr\u00e9natal, Yoga en plein air, Yoga en voyage, <\/span><span style=\"font-weight: 400;\">M\u00e9ditation, Mindfulness, Casual wear, En route vers le studio, Style relax, Cocooning \u00e0 la maison<\/span>[\/accordion_item][\/accordion]<\/p>\n<p>[accordion title=\u00a0\u00bb\u00a0\u00bb open1st=\u00a0\u00bb0&Prime; openAll=\u00a0\u00bb0&Prime;][accordion_item title=\u00a0\u00bbPourquoi on adore ce produit\u00a0\u00bb]<span style=\"font-weight: 400;\">On adore le c\u00f4t\u00e9 tr\u00e8s naturel et rustique de ce bracelet en perles sacr\u00e9es de Rudraksha qui nous ram\u00e8ne \u00e0 la terre et \u00e0 la nature.\u00a0<\/span><\/p>\n<p><span style=\"font-weight: 400;\">Le symbole Aum prend une grande place dans la pratique du yoga. On appr\u00e9cie donc de symboliquement toujours le porter au plus pr\u00e8s de nous.\u00a0<\/span><\/p>\n<p><span style=\"font-weight: 400;\">Alors que l\u2019or est apparent\u00e9 au soleil par sa couleur lumineuse, l\u2019argent est lui associ\u00e9 \u00e0 la lune. Sa couleur froide lui a valu de devenir la repr\u00e9sentation de la douceur et de la puret\u00e9. Par extension, dans de nombreuses croyances l\u2019argent \u00e9tait le symbole des d\u00e9esses de la f\u00e9minit\u00e9, de la puret\u00e9 et de la fertilit\u00e9.<\/span><\/p>\n<p><span style=\"font-weight: 400;\">En plus de ces repr\u00e9sentations, l\u2019argent est connu pour d\u00e9cupler les effets des autres pierres avec lesquelles il est associ\u00e9.<\/span>[\/accordion_item][\/accordion]<\/p>\n<p>[accordion title=\u00a0\u00bb\u00a0\u00bb open1st=\u00a0\u00bb0&Prime; openAll=\u00a0\u00bb0&Prime; style=\u00a0\u00bb\u00a0\u00bb][accordion_item title=\u00a0\u00bbPaiement, livraison &amp; retours\u00a0\u00bb]Pour les informations sur les alternatives de paiement, de livraison et les retours, merci de cliquer <a class=\"linkcgv\" href=\"https:\/\/www.yoga-nest.com\/paiement-livraison-retours\/\" target=\"_blank\" rel=\"noopener\">ICI<\/a>[\/accordion_item][\/accordion]<\/p>\n<p>[one]<\/p>\n<p><span style=\"color: #b01da4;\"><strong>La Marque<\/strong><\/span><\/p>\n<p><strong>Mala Spirit &#8211; Made with love, an offering from Bali<\/strong><\/p>\n<p>Le c\u0153ur des cr\u00e9ations Mala Spirit est la perle Rudraksha, issue de l\u2019arbre Eleocarpus, qui apporte la sagesse et le pouvoir des anciens sages au monde d\u2019aujourd\u2019hui sous la forme de malas contemporains. Le Rudraksha est associ\u00e9 \u00e0 des pierres pr\u00e9cieuses, qui diff\u00e9rent pour chaque pi\u00e8ce et lui conf\u00e8rent sa personnalit\u00e9 en termes de couleurs et ses b\u00e9n\u00e9fices associ\u00e9s aux chakras. Chaque pi\u00e8ce est fabriqu\u00e9e \u00e0 la main et b\u00e9nie \u00e0 Bali.<\/p>\n<p><a class=\"boutonmarque\" title=\"Mala Spirit\" href=\"http:\/\/yoga-nest.com\/mala-spirit\/\" target=\"_blank\" rel=\"noopener\">En savoir plus<\/a><\/p>\n<p>&nbsp;<\/p>\n","protected":false},"excerpt":{"rendered":"<p><span style=\"font-weight: 400;\">Bracelet mala en perles de Rudraksha utilis\u00e9 pour la pratique m\u00e9ditative ou comme accessoire tendance.<\/span><\/p>\n<p><span style=\"font-weight: 400;\">Ce bracelet est compos\u00e9 de 29 perles de Rudraksha et d\u2019une perle en argent sterling 9.25 joliment marquet\u00e9e du symbole bouddhiste Aum. Ce bijou vous apportera la paix et l\u2019\u00e9nergie n\u00e9cessaires pour une s\u00e9ance de yoga productive ou un quotidien bien charg\u00e9.<\/span><\/p>\n<p>Silver Aum r\u00e9sonne avec le chakra de l\u2019intuition (6\u00e8me chakra).<\/p>\n<p>&nbsp;<\/p>\n<p class=\"manquante\" style=\"text-align: center;\">Mod\u00e8le manquant ? <a href=\"mailto:serviceclients@yoga-nest.com\">Contactez-nous<\/a><\/p>\n","protected":false},"featured_media":421,"comment_status":"open","ping_status":"open","template":"","meta":[],"product_cat":[55,83],"product_tag":[57],"_links":{"self":[{"href":"https:\/\/yoganest.vaniseo.pro\/index.php\/wp-json\/wp\/v2\/product\/420"}],"collection":[{"href":"https:\/\/yoganest.vaniseo.pro\/index.php\/wp-json\/wp\/v2\/product"}],"about":[{"href":"https:\/\/yoganest.vaniseo.pro\/index.php\/wp-json\/wp\/v2\/types\/product"}],"replies":[{"embeddable":true,"href":"https:\/\/yoganest.vaniseo.pro\/index.php\/wp-json\/wp\/v2\/comments?post=420"}],"wp:featuredmedia":[{"embeddable":true,"href":"https:\/\/yoganest.vaniseo.pro\/index.php\/wp-json\/wp\/v2\/media\/421"}],"wp:attachment":[{"href":"https:\/\/yoganest.vaniseo.pro\/index.php\/wp-json\/wp\/v2\/media?parent=420"}],"wp:term":[{"taxonomy":"product_cat","embeddable":true,"href":"https:\/\/yoganest.vaniseo.pro\/index.php\/wp-json\/wp\/v2\/product_cat?post=420"},{"taxonomy":"product_tag","embeddable":true,"href":"https:\/\/yoganest.vaniseo.pro\/index.php\/wp-json\/wp\/v2\/product_tag?post=420"}],"curies":[{"name":"wp","href":"https:\/\/api.w.org\/{rel}","templated":true}]}}