{"id":396,"date":"2021-03-26T16:37:55","date_gmt":"2021-03-26T15:37:55","guid":{"rendered":"https:\/\/yoganest.vaniseo.pro\/index.php\/product\/bloc-de-yoga-mousse-recyclee\/"},"modified":"2024-03-06T15:35:39","modified_gmt":"2024-03-06T14:35:39","slug":"bloc-de-yoga-mousse-recyclee","status":"publish","type":"product","link":"https:\/\/yoganest.vaniseo.pro\/index.php\/product\/bloc-de-yoga-mousse-recyclee\/","title":{"rendered":"Bloc de yoga | Mousse recycl\u00e9e"},"content":{"rendered":"<p><span style=\"font-weight: 400;\">Dans la pratique du yoga, le positionnement du corps est important pour optimiser les b\u00e9n\u00e9fices de chaque posture. Les briques de yoga sont l\u00e0 pour \u00e7a : elles viennent prolonger votre corps, vous apportent un certain confort et vous aident \u00e0 mieux vous positionner.\u00a0<\/span><\/p>\n<p><span style=\"font-weight: 400;\">La brique de yoga en mousse vous aide par ailleurs \u00e0 progresser dans votre pratique. D\u00e9butant, le bloc vous aidera \u00e0 gagner en souplesse et flexibilit\u00e9, il vous permettra d\u2019effectuer plus facilement vos asanas sans aller au-del\u00e0 de ce qui est appropri\u00e9 pour votre corps. Pour les yogis plus exp\u00e9riment\u00e9s, il vous aidera alors \u00e0 aller plus en profondeur et \u00e0 tenir vos postures plus longtemps. Il permet donc \u00e0 chacun de retirer le meilleur b\u00e9n\u00e9fice de chaque s\u00e9quence.\u00a0<\/span><\/p>\n<p><span style=\"font-weight: 400;\">Les blocs de yoga sont utiles dans une multitude de situations. Ils permettent par exemple de travailler votre \u00e9quilibre: lors d\u2019une posture de Demi-lune (Ardha Chandrasana), vous pourrez placer une brique sous votre main au sol, en choisissant la hauteur ad\u00e9quate (\u00e0 plat, sur la tranche ou verticale). Dans une posture de Fente basse (Anjaneyasana) ou de Roi des singes (Hanumanasana), les briques vous assisteront dans la recherche de plus de souplesse, en toute s\u00e9curit\u00e9.\u00a0\u00a0<\/span><\/p>\n<p><span style=\"font-weight: 400;\">Que ce soit en styles de yoga passifs Yin (Yin yoga, Restorative yoga) ou pour les pratiques Yang actives (Hatha, Iyengar,&#8230;), les briques de yoga sont des accessoires con\u00e7us pour faciliter votre pratique et de progresser \u00e0 votre rythme tout en \u00e9coutant votre corps.\u00a0<\/span><\/p>\n<p><span style=\"font-weight: 400;\">Elles sont \u00e9galement tr\u00e8s utilis\u00e9es en m\u00e9ditation. Plac\u00e9es sous les fessiers, elles permettent de maintenir le dos bien droit et de trouver un bon alignement de l&rsquo;assise au sommet du cr\u00e2ne, favorisant ainsi une bonne circulation de l&rsquo;\u00e9nergie. Une relaxation optimale du corps facilitera alors votre pr\u00e9sence \u00e0 l&rsquo;instant pr\u00e9sent et donc les bienfaits de votre m\u00e9ditation.<\/span><\/p>\n<p>Ce bloc de mousse Moonchild est ferme, solide et souple \u00e0 la fois, i<span style=\"font-weight: 400;\">l peut donc s\u2019adapter \u00e0 vos diff\u00e9rents besoins et \u00e0 votre \u00e9volution. <\/span>Vous le garderez pendant des ann\u00e9es et l&rsquo;aurez toujours \u00e0 vos c\u00f4t\u00e9s lorsque vous serez sur votre tapis.<\/p>\n<p>[accordion title=\u00a0\u00bb\u00a0\u00bb open1st=\u00a0\u00bb0&Prime; openAll=\u00a0\u00bb0&Prime;][accordion_item title=\u00a0\u00bbEntretien\u00a0\u00bb]<span style=\"font-weight: 400;\">Vous pouvez nettoyer votre bloc de yoga avec un chiffon humide ou un spray pour tapis de yoga.<\/span>[\/accordion_item][\/accordion][accordion title=\u00a0\u00bb\u00a0\u00bb open1st=\u00a0\u00bb0&Prime; openAll=\u00a0\u00bb0&Prime;][accordion_item title=\u00a0\u00bbTypes d&rsquo;activit\u00e9s\u00a0\u00bb]<span style=\"font-weight: 400;\">Yin Yoga, Yoga Restorative, Hatha Yoga, Vinyasa Flow Yoga, Ashtanga Yoga, Power Yoga, Iyengar yoga, Yoga pr\u00e9natal, Automassage Myofascial, Stretching, Cocooning \u00e0 la maison<\/span>[\/accordion_item][\/accordion]<span style=\"font-weight: 400;\">[accordion title=\u00a0\u00bb\u00a0\u00bb open1st=\u00a0\u00bb0&Prime; openAll=\u00a0\u00bb0&Prime;][accordion_item title=\u00a0\u00bbPourquoi on adore ce produit\u00a0\u00bb]Ces blocs en mousse<\/span><span style=\"font-weight: 400;\">\u00a0nous offrent une bonne stabilit\u00e9 lors de nos diff\u00e9rentes postures et nous permettent une progression \u00e0 notre rythme.\u00a0<\/span><\/p>\n<p><span style=\"font-weight: 400;\">Ils sont utilisables pour diff\u00e9rentes pratiques de yoga et m\u00e9ditation. Leur texture est confortable et nous offre un soutien agr\u00e9able, plus en douceur que d&rsquo;autres blocs plus rigides.\u00a0<\/span><\/p>\n<p><span style=\"font-weight: 400;\">Les blocs de yoga facilitent la pratique et permettent ainsi \u00e0 tous les pratiquants, exp\u00e9riment\u00e9s aussi bien que d\u00e9butants, d\u2019\u00eatre \u00e0 l\u2019aise dans certaines postures.<\/span>[\/accordion_item][\/accordion][accordion title=\u00a0\u00bb\u00a0\u00bb open1st=\u00a0\u00bb0&Prime; openAll=\u00a0\u00bb0&Prime; style=\u00a0\u00bb\u00a0\u00bb][accordion_item title=\u00a0\u00bbPaiement, livraison &amp; retours\u00a0\u00bb]Pour les informations sur les alternatives de paiement, de livraison et les retours, merci de cliquer <a class=\"linkcgv\" href=\"https:\/\/www.yoga-nest.com\/paiement-livraison-retours\/\" target=\"_blank\" rel=\"noopener\">ICI<\/a>[\/accordion_item][\/accordion]<\/p>\n<p><span style=\"color: #b01da4;\"><b>La Marque<\/b><\/span><\/p>\n<p><b>Moonchild Yoga Wear &#8211; Une marque n\u00e9e au Danemark et soucieuse du monde<\/b><\/p>\n<p><span style=\"font-weight: 400;\">Cette marque familiale a \u00e9t\u00e9 fond\u00e9e au Danemark en 2015 par Louise Wang Nielsen. Les collections de v\u00eatements de yoga et de loungewear de Moonchild sont inspir\u00e9es des couleurs et des lumi\u00e8res de la nature scandinave m\u00e9lang\u00e9es \u00e0 un minimalisme magnifique et f\u00e9minin.<\/span><\/p>\n<p><a class=\"boutonmarque\" title=\"Moonchild\" href=\"http:\/\/yoga-nest.com\/moonchild\/\" target=\"_blank\" rel=\"noopener\">En savoir plus<\/a><\/p>\n","protected":false},"excerpt":{"rendered":"<p><span style=\"font-weight: 400;\">Le bloc de mousse recycl\u00e9e Moonchild est un accessoire durable, avec des bords arrondis pour une fonctionnalit\u00e9 am\u00e9lior\u00e9e. Fabriqu\u00e9 avec soin dans des mat\u00e9riaux durables utilisant plus de 50% de mousse EVA recycl\u00e9e, ce bloc de yoga est l\u00e9ger et assure une excellente adh\u00e9rence au sol.<\/span><\/p>\n<p><span style=\"font-weight: 400;\">Appel\u00e9 parfois aussi brique de yoga, c&rsquo;est un accessoire<\/span> <span style=\"font-weight: 400;\">utilis\u00e9 lors de votre pratique de yoga qui permet notamment de soulager vos articulations. Positionn\u00e9 g\u00e9n\u00e9ralement sous vos mains, vos pieds ou votre torse, il vous aide \u00e0 maintenir une bonne stabilit\u00e9 et \u00e0 effectuer vos asanas d&rsquo;une fa\u00e7on bien appropri\u00e9e \u00e0 votre corps.<\/span><\/p>\n<p>&nbsp;<\/p>\n<p class=\"manquante\" style=\"text-align: center;\">Couleur manquante ? <a href=\"mailto:serviceclients@yoga-nest.com\">Contactez-nous<\/a><\/p>\n","protected":false},"featured_media":397,"comment_status":"open","ping_status":"open","template":"","meta":[],"product_cat":[54,20],"product_tag":[81],"_links":{"self":[{"href":"https:\/\/yoganest.vaniseo.pro\/index.php\/wp-json\/wp\/v2\/product\/396"}],"collection":[{"href":"https:\/\/yoganest.vaniseo.pro\/index.php\/wp-json\/wp\/v2\/product"}],"about":[{"href":"https:\/\/yoganest.vaniseo.pro\/index.php\/wp-json\/wp\/v2\/types\/product"}],"replies":[{"embeddable":true,"href":"https:\/\/yoganest.vaniseo.pro\/index.php\/wp-json\/wp\/v2\/comments?post=396"}],"wp:featuredmedia":[{"embeddable":true,"href":"https:\/\/yoganest.vaniseo.pro\/index.php\/wp-json\/wp\/v2\/media\/397"}],"wp:attachment":[{"href":"https:\/\/yoganest.vaniseo.pro\/index.php\/wp-json\/wp\/v2\/media?parent=396"}],"wp:term":[{"taxonomy":"product_cat","embeddable":true,"href":"https:\/\/yoganest.vaniseo.pro\/index.php\/wp-json\/wp\/v2\/product_cat?post=396"},{"taxonomy":"product_tag","embeddable":true,"href":"https:\/\/yoganest.vaniseo.pro\/index.php\/wp-json\/wp\/v2\/product_tag?post=396"}],"curies":[{"name":"wp","href":"https:\/\/api.w.org\/{rel}","templated":true}]}}