{"id":385,"date":"2021-03-26T16:11:11","date_gmt":"2021-03-26T15:11:11","guid":{"rendered":"https:\/\/yoganest.vaniseo.pro\/index.php\/product\/yoga-mat-moonchild\/"},"modified":"2024-03-06T15:52:54","modified_gmt":"2024-03-06T14:52:54","slug":"yoga-mat-moonchild","status":"publish","type":"product","link":"https:\/\/yoganest.vaniseo.pro\/index.php\/product\/yoga-mat-moonchild\/","title":{"rendered":"Tapis de yoga | Moonchild"},"content":{"rendered":"<p><span style=\"font-weight: 400;\">Plut\u00f4t l\u00e9ger, il ne p\u00e8se que 2,3 kg, vous pourrez donc le transporter facilement vers le studio de yoga, de Pilates ou vers votre salle de gym.\u00a0<\/span><\/p>\n<p><span style=\"font-weight: 400;\">Son \u00e9paisseur de 4 mm fournit un bon soutien \u00e0 vos hanches et \u00e0 vos articulations, soulageant votre \u00e9ventuelle sensibilit\u00e9 aux coudes ou aux genoux lors de certaines positions de yoga. Une pratique confortable et sereine s\u2019offre \u00e0 vous.\u00a0<\/span><\/p>\n<p><span style=\"font-weight: 400;\">Avec sa longueur de 183 cm, ce tapis est particuli\u00e8rement long. Les personnes de grande taille y seront \u00e0 l\u2019aise, \u00a0m\u00eame pendant les exercices au sol. <\/span><span style=\"font-weight: 400;\">Votre espace de pratique est augment\u00e9, m\u00eame si vous \u00eates tr\u00e8s souple, vos pieds et mains restent sur le tapis. Que vous effectuiez des exercices de m\u00e9ditation ou des encha\u00eenements de postures, vous n\u2019aurez plus envie de quitter l&rsquo;espace agr\u00e9able de votre tapis. Large de 61 cm, il est plus \u00e9troit et donc plus facile \u00e0 emmener avec nous que la Collection SuperGrip (68 cm).<\/span><\/p>\n<p><span style=\"font-weight: 400;\">La ligne centrale et les phases de lune embl\u00e9matiques sont grav\u00e9es dans la surface pour vous aider \u00e0 rester centr\u00e9 et \u00e9quilibr\u00e9 \u00e0 chaque transition.<\/span><\/p>\n<p><span style=\"font-weight: 400;\">Sans PVC ni autres substances nocives, ce tapis est fabriqu\u00e9 en caoutchouc naturel.\u00a0<\/span><\/p>\n<p><span style=\"font-weight: 400;\">Les tapis de yoga en caoutchouc \u00a0de la marque Moonchild sont \u00e0 99% sans latex et sans danger pour la plupart des personnes souffrant d&rsquo;hypersensibilit\u00e9 au latex. Toutefois, en cas d&rsquo;allergie tr\u00e8s s\u00e9v\u00e8re, le contact avec le tapis n&rsquo;est pas recommand\u00e9.<\/span><\/p>\n<p>[accordion title=\u00a0\u00bb\u00a0\u00bb open1st=\u00a0\u00bb0&Prime; openAll=\u00a0\u00bb0&Prime;][accordion_item title=\u00a0\u00bbEntretien\u00a0\u00bb]<\/p>\n<p><span style=\"font-weight: 400;\">En raison des mat\u00e9riaux plut\u00f4t absorbants utilis\u00e9s pour ce tapis, les huiles naturelles de votre peau, ainsi que les cr\u00e8mes cosm\u00e9tiques ou le maquillage peuvent marquer et tacher la surface du tapis. Veillez \u00e0 \u00e9viter de vous entra\u00eener sur votre tapis avec ces produits, afin de le maintenir le plus longtemps possible propre et performant.\u00a0<\/span><\/p>\n<p><span style=\"font-weight: 400;\">La plupart des t\u00e2ches s\u2019estomperont progressivement avec le temps, toutefois le tapis est lavable et facile \u00e0 nettoyer, il vous suffit d\u2019utiliser un spray adapt\u00e9 au nettoyage de tapis de yoga. <\/span><\/p>\n<p>[\/accordion_item][\/accordion][accordion title=\u00a0\u00bb\u00a0\u00bb open1st=\u00a0\u00bb0&Prime; openAll=\u00a0\u00bb0&Prime;][accordion_item title=\u00a0\u00bbTypes d&rsquo;activit\u00e9s\u00a0\u00bb]<span style=\"font-weight: 400;\">Pilates, Yin yoga, Yoga restauratif, Hatha-yoga, Flow yoga, Ashtanga yoga, Power yoga, Yoga nidra, M\u00e9ditation, Mindfulness, Iyengar yoga, Yoga a\u00e9rien, Acro yoga, Yoga en plein air, Automassage myofascial, Stretching<\/span>[\/accordion_item][\/accordion]<span style=\"font-weight: 400;\">[accordion title=\u00a0\u00bb\u00a0\u00bb open1st=\u00a0\u00bb0&Prime; openAll=\u00a0\u00bb0&Prime;][accordion_item title=\u00a0\u00bbPourquoi on adore ce produit\u00a0\u00bb]<\/span><\/p>\n<p><span style=\"font-weight: 400;\">On adore sa surface \u00e0 haute-adh\u00e9rence qui nous permet d\u2019effectuer tous nos asanas et de tenir plus longtemps nos positions sans glisser, sans tension, l&rsquo;esprit l\u00e9ger.<\/span><\/p>\n<p><span style=\"font-weight: 400;\">Le poids du tapis de yoga Moonchild facilite son transport, on peut l\u2019emmener partout avec nous.\u00a0<\/span><\/p>\n<p><span style=\"font-weight: 400;\">On appr\u00e9cie particuli\u00e8rement les motifs de phases de lunes embl\u00e9matiques qui sont grav\u00e9s \u00e0 la surface et qui nous aident \u00e0 rester centr\u00e9 sur notre espace de pratique et aussi \u00e0 nous sentir \u00e9quilibr\u00e9.e. <\/span><\/p>\n<p>[\/accordion_item][\/accordion][accordion title=\u00a0\u00bb\u00a0\u00bb open1st=\u00a0\u00bb0&Prime; openAll=\u00a0\u00bb0&Prime; style=\u00a0\u00bb\u00a0\u00bb][accordion_item title=\u00a0\u00bbPaiement, livraison &amp; retours\u00a0\u00bb]Pour les informations sur les alternatives de paiement, de livraison et les retours, merci de cliquer <a class=\"linkcgv\" href=\"https:\/\/www.yoga-nest.com\/paiement-livraison-retours\/\" target=\"_blank\" rel=\"noopener\">ICI<\/a>.[\/accordion_item][\/accordion]<\/p>\n<p><span style=\"color: #b01da4;\"><b>La Marque<\/b><\/span><\/p>\n<p><b>Moonchild Yoga Wear &#8211; Une marque n\u00e9e au Danemark et soucieuse du monde<\/b><\/p>\n<p><span style=\"font-weight: 400;\">Cette marque familiale a \u00e9t\u00e9 fond\u00e9e au Danemark en 2015 par Louise Wang Nielsen. Les collections de v\u00eatements de yoga et de loungewear de Moonchild sont inspir\u00e9es des couleurs et des lumi\u00e8res de la nature scandinave m\u00e9lang\u00e9es \u00e0 un minimalisme magnifique et f\u00e9minin.<\/span><\/p>\n<p><a class=\"boutonmarque\" title=\"Moonchild\" href=\"http:\/\/yoga-nest.com\/moonchild\/\" target=\"_blank\" rel=\"noopener\">En savoir plus<\/a><\/p>\n","protected":false},"excerpt":{"rendered":"<p>Le tapis de yoga de la marque Moonchild, vous offre un toucher et un confort optimaux. D\u00e9tendu.e, vous \u00eates concentr\u00e9.e sur votre pratique et vous pouvez maintenir les postures plus longtemps selon la guidance de Patanjali \u00ab\u00a0Sthira Sukham Asanam\u00a0\u00bb (une posture stable et confortable). De plus, les dessins grav\u00e9s sur le tapis vous donnent d\u2019un coup d\u2019\u0153il des rep\u00e8res utiles \u00e0 votre placement.<\/p>\n<p>Ce tapis haute-adh\u00e9rence a \u00e9t\u00e9 soigneusement con\u00e7u avec l\u2019\u00e9quilibre parfait entre une prise ferme et un soutien doux.<\/p>\n<p>Antid\u00e9rapant, sa texture en caoutchouc d\u2019un c\u00f4t\u00e9 et en PU (polyur\u00e9thane) de l\u2019autre vous permet de ne pas glisser, cela m\u00eame lors de vos s\u00e9ances intensives et transpirantes.<\/p>\n<p>Le tapis Moonchild est <strong>aussi disponible en dimension XL extra-long et extra-large (200x66x5mm)<\/strong> au prix de 114.-. Contactez-nous pour conna\u00eetre la disponibilit\u00e9 de couleurs.<\/p>\n<p>&nbsp;<\/p>\n<p>[button title=\u00a0\u00bbGuide comparatif des tapis\u00a0\u00bb link=\u00a0\u00bbhttps:\/\/www.yoga-nest.com\/tapis_de_yoga_mat\/\u00a0\u00bb target=\u00a0\u00bb_blank\u00a0\u00bb align=\u00a0\u00bbcenter\u00a0\u00bb icon=\u00a0\u00bb\u00a0\u00bb icon_position=\u00a0\u00bb\u00a0\u00bb color=\u00a0\u00bb\u00a0\u00bb font_color=\u00a0\u00bb\u00a0\u00bb size=\u00a0\u00bb2&Prime; full_width=\u00a0\u00bb\u00a0\u00bb class=\u00a0\u00bbbouttontaille\u00a0\u00bb download=\u00a0\u00bb\u00a0\u00bb rel=\u00a0\u00bb\u00a0\u00bb]<\/p>\n<p>&nbsp;<\/p>\n<p class=\"manquante\" style=\"text-align: center;\">Mod\u00e8le ou coloris manquant ? <a href=\"mailto:serviceclients@yoga-nest.com\">Contactez-nous<\/a><\/p>\n","protected":false},"featured_media":386,"comment_status":"open","ping_status":"open","template":"","meta":[],"product_cat":[27,26],"product_tag":[81],"_links":{"self":[{"href":"https:\/\/yoganest.vaniseo.pro\/index.php\/wp-json\/wp\/v2\/product\/385"}],"collection":[{"href":"https:\/\/yoganest.vaniseo.pro\/index.php\/wp-json\/wp\/v2\/product"}],"about":[{"href":"https:\/\/yoganest.vaniseo.pro\/index.php\/wp-json\/wp\/v2\/types\/product"}],"replies":[{"embeddable":true,"href":"https:\/\/yoganest.vaniseo.pro\/index.php\/wp-json\/wp\/v2\/comments?post=385"}],"wp:featuredmedia":[{"embeddable":true,"href":"https:\/\/yoganest.vaniseo.pro\/index.php\/wp-json\/wp\/v2\/media\/386"}],"wp:attachment":[{"href":"https:\/\/yoganest.vaniseo.pro\/index.php\/wp-json\/wp\/v2\/media?parent=385"}],"wp:term":[{"taxonomy":"product_cat","embeddable":true,"href":"https:\/\/yoganest.vaniseo.pro\/index.php\/wp-json\/wp\/v2\/product_cat?post=385"},{"taxonomy":"product_tag","embeddable":true,"href":"https:\/\/yoganest.vaniseo.pro\/index.php\/wp-json\/wp\/v2\/product_tag?post=385"}],"curies":[{"name":"wp","href":"https:\/\/api.w.org\/{rel}","templated":true}]}}