{"id":363,"date":"2021-03-26T00:04:02","date_gmt":"2021-03-25T23:04:02","guid":{"rendered":"https:\/\/yoganest.vaniseo.pro\/index.php\/product\/incense-burner-mandala\/"},"modified":"2024-03-06T14:23:52","modified_gmt":"2024-03-06T13:23:52","slug":"incense-burner-mandala","status":"publish","type":"product","link":"https:\/\/yoganest.vaniseo.pro\/index.php\/product\/incense-burner-mandala\/","title":{"rendered":"Br\u00fble-encens | Mandala"},"content":{"rendered":"<p><span style=\"font-weight: 400;\">Un magnifique br\u00fbleur d&rsquo;encens rond fabriqu\u00e9 \u00e0 la main, arborant l&rsquo;image d&rsquo;un mandala. D\u2019un diam\u00e8tre de 12 centim\u00e8tres, il est id\u00e9al pour laisser votre b\u00e2ton d\u2019encens se consumer sans que la cendre ne tombe sur votre table ou votre sol.<\/span><\/p>\n<p><span style=\"font-weight: 400;\">Dans la tradition bouddhiste, le mandala original a \u00e9t\u00e9 r\u00e9alis\u00e9 par des moines japonais et sculpt\u00e9 dans un \u00e9norme carreau. Il a ensuite \u00e9t\u00e9 offert \u00e0 un monast\u00e8re de Java. La fleur au centre, est un symbole de nouveau d\u00e9part et de fertilit\u00e9. N\u00e9e d&rsquo;une graine, elle fleurit magnifiquement et devient un engrais pour quelque chose de nouveau.<\/span><\/p>\n<p><span style=\"font-weight: 400;\">Ce porte-encens est disponible en diff\u00e9rentes couleurs. Il est 100% fait \u00e0 la main aux Pays-Bas. Vous ne trouverez pas deux produits identiques de par sa fabrication artisanale.\u00a0<\/span><\/p>\n<p>[accordion title=\u00a0\u00bb\u00a0\u00bb open1st=\u00a0\u00bb0&Prime; openAll=\u00a0\u00bb0&Prime;][accordion_item title=\u00a0\u00bbEntretien\u00a0\u00bb]<span style=\"font-weight: 400;\">Laver le porte-encens \u00e0 la main<\/span>[\/accordion_item][\/accordion]<\/p>\n<p>[accordion title=\u00a0\u00bb\u00a0\u00bb open1st=\u00a0\u00bb0&Prime; openAll=\u00a0\u00bb0&Prime;][accordion_item title=\u00a0\u00bbTypes d&rsquo;activit\u00e9s\u00a0\u00bb]<span style=\"font-weight: 400;\">Yin Yoga, Yoga Restauratif, Hatha Yoga, Flow Yoga, Yoga Nidra, M\u00e9ditation, Acro yoga, Automassage Myofascial, Cocooning \u00e0 la maison<\/span>[\/accordion_item][\/accordion]<\/p>\n<p>[accordion title=\u00a0\u00bb\u00a0\u00bb open1st=\u00a0\u00bb0&Prime; openAll=\u00a0\u00bb0&Prime;][accordion_item title=\u00a0\u00bbPourquoi on adore ce produit\u00a0\u00bb]<\/p>\n<p>Nous adorons que ce produit soit fait main, que chaque pi\u00e8ce soit diff\u00e9rente. En tant que produit d&rsquo;artisanat, la profondeur de la gravure peut \u00eatre plus ou moins importante, et les irr\u00e9gularit\u00e9s font partie de l&rsquo;originalit\u00e9 de chacun, de son unicit\u00e9.<\/p>\n<p>Le symbolisme du mandala qui l&rsquo;orne est \u00e0 la fois inspirant et juste magnifique. Sans oublier ses couleurs vives, nous les aimons toutes. Laquelle choisirez-vous ?<\/p>\n<p>[\/accordion_item][\/accordion]<\/p>\n<p>[accordion title=\u00a0\u00bb\u00a0\u00bb open1st=\u00a0\u00bb0&Prime; openAll=\u00a0\u00bb0&Prime; style=\u00a0\u00bb\u00a0\u00bb][accordion_item title=\u00a0\u00bbPaiement, livraison &amp; retours\u00a0\u00bb]<br \/>\nPour les informations sur les alternatives de paiement, de livraison et les retours, merci de cliquer <a class=\"linkcgv\" href=\"https:\/\/www.yoga-nest.com\/paiement-livraison-retours\/\" target=\"_blank\" rel=\"noopener\">ICI<\/a><br \/>\n[\/accordion_item][\/accordion]<\/p>\n<p>[one]<\/p>\n<p><span style=\"color: #b01da4;\"><strong>La Marque<\/strong><\/span><\/p>\n<p><strong>Mala Spirit &#8211; Made with love, an offering from Bali<\/strong><\/p>\n<p>Le c\u0153ur des cr\u00e9ations Mala Spirit est la perle Rudraksha, issue de l\u2019arbre Eleocarpus, qui apporte la sagesse et le pouvoir des anciens sages au monde d\u2019aujourd\u2019hui sous la forme de malas contemporains. Le Rudraksha est associ\u00e9 \u00e0 des pierres pr\u00e9cieuses, qui diff\u00e9rent pour chaque pi\u00e8ce et lui conf\u00e8rent sa personnalit\u00e9 en termes de couleurs et ses b\u00e9n\u00e9fices associ\u00e9s aux chakras. Chaque pi\u00e8ce est fabriqu\u00e9e \u00e0 la main et b\u00e9nie \u00e0 Bali.<\/p>\n<p><a class=\"boutonmarque\" title=\"Mala Spirit\" href=\"http:\/\/yoga-nest.com\/mala-spirit\/\" target=\"_blank\" rel=\"noopener\">En savoir plus<\/a><\/p>\n<p>&nbsp;<\/p>\n","protected":false},"excerpt":{"rendered":"<p>Porte-encens de la marque Mala Spirit, magnifiquement sculpt\u00e9s d\u2019un mandala. Les couleurs disponibles sont vives et positives.<\/p>\n<p>Ce porte-encens a le diam\u00e8tre id\u00e9al pour faire br\u00fbler votre b\u00e2ton d&rsquo;encens et profiter ainsi d&rsquo;une ambiance parfum\u00e9e.<\/p>\n<p>Allumez un b\u00e2tonnet d&rsquo;encens sur ce support, afin de vous apporter de la s\u00e9r\u00e9nit\u00e9 et une superbe odeur. La pi\u00e8ce dans laquelle vous vous trouvez se transformera en havre de paix et de relaxation. Parfait pour d\u00e9marrer votre s\u00e9ance de yoga d\u00e9tendu.e.<\/p>\n<p>&nbsp;<\/p>\n<p class=\"manquante\" style=\"text-align: center;\">Couleur manquante ? <a href=\"mailto:serviceclients@yoga-nest.com\">Contactez-nous<\/a><\/p>\n","protected":false},"featured_media":364,"comment_status":"open","ping_status":"open","template":"","meta":[],"product_cat":[84,20],"product_tag":[57],"_links":{"self":[{"href":"https:\/\/yoganest.vaniseo.pro\/index.php\/wp-json\/wp\/v2\/product\/363"}],"collection":[{"href":"https:\/\/yoganest.vaniseo.pro\/index.php\/wp-json\/wp\/v2\/product"}],"about":[{"href":"https:\/\/yoganest.vaniseo.pro\/index.php\/wp-json\/wp\/v2\/types\/product"}],"replies":[{"embeddable":true,"href":"https:\/\/yoganest.vaniseo.pro\/index.php\/wp-json\/wp\/v2\/comments?post=363"}],"wp:featuredmedia":[{"embeddable":true,"href":"https:\/\/yoganest.vaniseo.pro\/index.php\/wp-json\/wp\/v2\/media\/364"}],"wp:attachment":[{"href":"https:\/\/yoganest.vaniseo.pro\/index.php\/wp-json\/wp\/v2\/media?parent=363"}],"wp:term":[{"taxonomy":"product_cat","embeddable":true,"href":"https:\/\/yoganest.vaniseo.pro\/index.php\/wp-json\/wp\/v2\/product_cat?post=363"},{"taxonomy":"product_tag","embeddable":true,"href":"https:\/\/yoganest.vaniseo.pro\/index.php\/wp-json\/wp\/v2\/product_tag?post=363"}],"curies":[{"name":"wp","href":"https:\/\/api.w.org\/{rel}","templated":true}]}}