{"id":348,"date":"2021-03-25T20:43:21","date_gmt":"2021-03-25T19:43:21","guid":{"rendered":"https:\/\/yoganest.vaniseo.pro\/index.php\/product\/bloc-de-yoga-liege\/"},"modified":"2024-03-06T14:21:47","modified_gmt":"2024-03-06T13:21:47","slug":"bloc-de-yoga-liege","status":"publish","type":"product","link":"https:\/\/yoganest.vaniseo.pro\/index.php\/product\/bloc-de-yoga-liege\/","title":{"rendered":"Bloc de yoga | Li\u00e8ge"},"content":{"rendered":"<p>Les briques en li\u00e8ge sont particuli\u00e8rement adapt\u00e9es pour un yoga dynamique. Plus dures et lourdes que celles en mousse, vous les pr\u00e9f\u00e8rerez peut-\u00eatre pour avoir plus de stabilit\u00e9.<\/p>\n<p>Dans la pratique du yoga, le placement du corps \u00e0 de l\u2019importance pour optimiser les b\u00e9n\u00e9fices des postures. Les blocs de yoga ont pour but de prolonger votre corps, vous apportant ainsi plus de confort et un positionnement adapt\u00e9 \u00e0 votre corps.<\/p>\n<p><span style=\"font-style: inherit;\">Ces blocs vous aideront dans multiples asanas, que ce soit pour am\u00e9liorer votre \u00e9quilibre, votre souplesse ou soulager une partie de votre corps. Que vous soyez d\u00e9butant en yoga ou tr\u00e8s exp\u00e9riment\u00e9, ils seront l\u00e0 pour vous permettre de pratiquer les postures en restant dans la profondeur qui est appropri\u00e9e pour votre corps. En Yin et Restorative yoga comme en Hatha ou Iyengar yoga, ce sont des accessoires tr\u00e8s utiles, vous permettant de progresser \u00e0 votre rythme en \u00e9coutant votre corps.\u00a0Chacun y trouvera donc un b\u00e9n\u00e9fice et une brique de yoga est un investissement pour la vie.<\/span><\/p>\n<p>Par exemple en posture de Ardha Chandrasana (Demi-lune), un bloc plac\u00e9 \u00e0 la bonne hauteur sous votre main au sol vous permettra de trouver votre meilleur alignement en toute stabilit\u00e9. Dans Anjaneyasana (Fente basse) ou Hanumanasana (posture du Roi des singes), une brique dans chaque main ou en soutien \u00e0 votre bassin vous permettra de travailler votre souplesse en toute s\u00e9curit\u00e9.<\/p>\n<p><span style=\"font-style: inherit;\">Notre bloc de yoga est aussi tr\u00e8s utile en m\u00e9ditation. Plac\u00e9 sous les fessiers, il stabilise votre assise, aide \u00e0 votre ancrage et vous permet de garder le dos droit avec un bon alignement des hanches au sommet du cr\u00e2ne. La circulation d\u2019\u00e9nergie sera optimis\u00e9e, votre corps sera relax et vous serez plus attentif.ve \u00e0 l\u2019instant pr\u00e9sent, donc \u00e0 votre m\u00e9ditation.<\/span><\/p>\n<p>[accordion title=\u00a0\u00bb\u00a0\u00bb open1st=\u00a0\u00bb0&Prime; openAll=\u00a0\u00bb0&Prime;][accordion_item title=\u00a0\u00bbEntretien\u00a0\u00bb]<span lang=\"FR-CH\">Gr\u00e2ce aux cellules en li\u00e8ge, dites naturellement ferm\u00e9es, il est quasiment \u00ab\u00a0autonettoyant\u00a0\u00bb et tr\u00e8s facile d&rsquo;entretien. Le bloc de yoga en li\u00e8ge peut \u00eatre simplement nettoy\u00e9 avec un chiffon humide ou avec un spray pour tapis de yoga<\/span>[\/accordion_item][\/accordion]<\/p>\n<p>[accordion title=\u00a0\u00bb\u00a0\u00bb open1st=\u00a0\u00bb0&Prime; openAll=\u00a0\u00bb0&Prime; style=\u00a0\u00bb\u00a0\u00bb][accordion_item title=\u00a0\u00bbTypes d&rsquo;activit\u00e9s\u00a0\u00bb]<span style=\"font-weight: 400;\">Yin Yoga, Yoga Restorative, Hatha Yoga, Vinyasa Flow Yoga, Ashtanga Yoga, Power Yoga, Iyengar yoga, Yoga pr\u00e9natal, Automassage Myofascial, Stretching, Cocooning \u00e0 la maison<\/span>[\/accordion_item][\/accordion]<\/p>\n<p>[accordion title=\u00a0\u00bb\u00a0\u00bb open1st=\u00a0\u00bb0&Prime; openAll=\u00a0\u00bb0&Prime; style=\u00a0\u00bb\u00a0\u00bb][accordion_item title=\u00a0\u00bbPourquoi on adore ce produit\u00a0\u00bb]On adore sa mati\u00e8re naturelle, hygi\u00e9nique et saine.<\/p>\n<p>De par son poids, il constitue un soutien fiable et tr\u00e8s stable et nous permet d\u2019adopter chaque posture \u00e0 notre rythme, selon notre corps et notre humeur du jour.<\/p>\n<p>Son message \u201cLove is the Key\u201d nous inspire bien-\u00eatre et s\u00e9r\u00e9nit\u00e9 pendant nos asanas.[\/accordion_item][\/accordion]<\/p>\n<p>[accordion title=\u00a0\u00bb\u00a0\u00bb open1st=\u00a0\u00bb0&Prime; openAll=\u00a0\u00bb0&Prime; style=\u00a0\u00bb\u00a0\u00bb][accordion_item title=\u00a0\u00bbPaiements, livraison &amp; retours\u00a0\u00bb]Pour les informations sur les alternatives de paiement, de livraison et les retours, merci de cliquer\u00a0<a class=\"linkcgv\" href=\"https:\/\/www.yoga-nest.com\/paiement-livraison-retours\/\" target=\"_blank\" rel=\"noopener\">ICI<\/a>[\/accordion_item][\/accordion]<\/p>\n<p>[one]<br \/>\n<span style=\"color: #b01da4;\"><b>La Marque<\/b><\/span><\/p>\n<p><b>Yoga Boutique \u2013 Des articles pour le yoga exclusifs, fonctionnels et \u00e9thiques<\/b><\/p>\n<p><span style=\"font-weight: 400;\">Yoga Boutique est une <\/span><b>start-up familiale suisse<\/b><span style=\"font-weight: 400;\">, n\u00e9e en 2018. Leur gamme est soigneusement s\u00e9lectionn\u00e9e : <\/span><b>tapis de yoga fabriqu\u00e9s \u00e0 partir de mat\u00e9riaux durables, beaux coussins de m\u00e9ditation, v\u00eatements de yoga super confortables pour tous. <\/b><span style=\"font-weight: 400;\">Les produits sont con\u00e7us directement par les fondateurs et sont donc exclusifs. Un soin particulier est donn\u00e9 \u00e0 la provenance des mat\u00e9riaux, aux designs et aux fonctionnalit\u00e9s.<\/span><\/p>\n<p><a class=\"boutonmarque\" title=\"Yoga Boutique\" href=\"http:\/\/www.yoga-nest.com\/yoga-boutique\/\"><span style=\"font-weight: 400;\">En savoir plus<\/span><\/a><\/p>\n<p>[\/one]<\/p>\n","protected":false},"excerpt":{"rendered":"<div class=\"j-module n j-hr \">\n<p>Le bloc de yoga, appel\u00e9 parfois aussi brique de yoga, est un accessoire utilis\u00e9 lors de votre pratique du yoga afin, notamment, de soulager vos articulations.<\/p>\n<p>Il sert g\u00e9n\u00e9ralement de socle pour vos mains, vos pieds et votre torse lors de certaines postures, il vous aide pour maintenir une bonne stabilit\u00e9 et \u00e0 effectuer vos asanas d\u2019une fa\u00e7on ad\u00e9quate pour votre corps.<\/p>\n<p>Fabriqu\u00e9 en li\u00e8ge naturel pur, il offre une sensation agr\u00e9able au toucher et tient bien ancr\u00e9 \u00a0au sol.<\/p>\n<\/div>\n<p>&nbsp;<\/p>\n<p style=\"text-align: center;\">Article manquant ? <a href=\"mailto:serviceclients@yoga-nest.com\">Contactez-nous<\/a><\/p>\n","protected":false},"featured_media":349,"comment_status":"open","ping_status":"open","template":"","meta":[],"product_cat":[54,20],"product_tag":[29],"_links":{"self":[{"href":"https:\/\/yoganest.vaniseo.pro\/index.php\/wp-json\/wp\/v2\/product\/348"}],"collection":[{"href":"https:\/\/yoganest.vaniseo.pro\/index.php\/wp-json\/wp\/v2\/product"}],"about":[{"href":"https:\/\/yoganest.vaniseo.pro\/index.php\/wp-json\/wp\/v2\/types\/product"}],"replies":[{"embeddable":true,"href":"https:\/\/yoganest.vaniseo.pro\/index.php\/wp-json\/wp\/v2\/comments?post=348"}],"wp:featuredmedia":[{"embeddable":true,"href":"https:\/\/yoganest.vaniseo.pro\/index.php\/wp-json\/wp\/v2\/media\/349"}],"wp:attachment":[{"href":"https:\/\/yoganest.vaniseo.pro\/index.php\/wp-json\/wp\/v2\/media?parent=348"}],"wp:term":[{"taxonomy":"product_cat","embeddable":true,"href":"https:\/\/yoganest.vaniseo.pro\/index.php\/wp-json\/wp\/v2\/product_cat?post=348"},{"taxonomy":"product_tag","embeddable":true,"href":"https:\/\/yoganest.vaniseo.pro\/index.php\/wp-json\/wp\/v2\/product_tag?post=348"}],"curies":[{"name":"wp","href":"https:\/\/api.w.org\/{rel}","templated":true}]}}