{"id":338,"date":"2021-03-25T18:17:21","date_gmt":"2021-03-25T17:17:21","guid":{"rendered":"https:\/\/yoganest.vaniseo.pro\/index.php\/product\/pantalon-homme-jogging\/"},"modified":"2024-03-06T14:23:07","modified_gmt":"2024-03-06T13:23:07","slug":"pantalon-homme-jogging","status":"publish","type":"product","link":"https:\/\/yoganest.vaniseo.pro\/index.php\/product\/pantalon-homme-jogging\/","title":{"rendered":"Pantalon | Jogging Homme"},"content":{"rendered":"<p><span style=\"font-weight: 400;\">Ce pantalon de jogging convient au yoga ainsi qu\u2019\u00e0 la m\u00e9ditation et \u00e0 bien d\u2019autres disciplines sportives comme la course, le fitness, un bootcamp, etc.<\/span><\/p>\n<p><span style=\"font-weight: 400;\">Vous pouvez \u00e9galement le porter en style d\u00e9contract\u00e9 le weekend en l\u2019associant \u00e0 un sweat et un t-shirt ou un hoodie.\u00a0<\/span><\/p>\n<p><span style=\"font-weight: 400;\">Compos\u00e9 \u00e0 95 % de coton, son toucher est tr\u00e8s agr\u00e9able et confortable sur la peau.\u00a0<\/span><\/p>\n<p><span style=\"font-weight: 400;\">La marque a r\u00e9fl\u00e9chi \u00e0 une coupe adapt\u00e9e au mouvement, la zone des genoux est sp\u00e9cialement con\u00e7ue de fa\u00e7on \u00e0 ce que le pantalon suive chacun de vos mouvements. Vous serez donc \u00e0 l&rsquo;aise lors de vos s\u00e9ances sportives sans devoir remettre en place votre pantalon de surv\u00eatement lorsque vous plierez les genoux.\u00a0<\/span><\/p>\n<p><span style=\"font-weight: 400;\">Dot\u00e9 d&rsquo;un cordon de serrage \u00e0 la taille, ce pantalon pour homme tient bien en place. De plus, son tissu est respirant pour que vous y soyez confortable, m\u00eame lors de vos entrainements les plus transpirants.\u00a0<\/span><\/p>\n<p><span style=\"font-weight: 400;\">Et pour encore plus de confort dans le mouvement, la marque a \u00e9tudi\u00e9 une coupe plut\u00f4t\u00a0serr\u00e9e sur le bas des jambes et plut\u00f4t large au niveau des cuisses.\u00a0<\/span><\/p>\n<p>[accordion title=\u00a0\u00bb\u00a0\u00bb open1st=\u00a0\u00bb0&Prime; openAll=\u00a0\u00bb0&Prime;][accordion_item title=\u00a0\u00bbEntretien\u00a0\u00bb]<span style=\"font-weight: 400;\">Voici quelques conseils pour laver et entretenir votre pantalon de jogging :\u00a0<\/span><\/p>\n<ul>\n<li style=\"font-weight: 400;\" aria-level=\"1\"><span style=\"font-weight: 400;\">Lavez ce pantalon de sport \u00e0 la main ou au lave-linge \u00e0 une temp\u00e9rature maximale de 30\u00b0<\/span><\/li>\n<li style=\"font-weight: 400;\" aria-level=\"1\"><span style=\"font-weight: 400;\">N\u2019utilisez pas de s\u00e8che-linge, afin qu\u2019il ne r\u00e9tr\u00e9cisse pas<\/span><\/li>\n<li style=\"font-weight: 400;\" aria-level=\"1\"><span style=\"font-weight: 400;\">N\u2019utilisez pas de javel<\/span>[\/accordion_item][\/accordion][accordion title=\u00a0\u00bb\u00a0\u00bb open1st=\u00a0\u00bb0&Prime; openAll=\u00a0\u00bb0&Prime;][accordion_item title=\u00a0\u00bbTypes d&rsquo;activit\u00e9s\u00a0\u00bb]Pilates, Yoga styles Yin (Yin, Restauratif), Yoga styles Yang (Hatha, Vinyasa-Flow, Ashtanga, Power, Yoga Nidra, M\u00e9ditation, Mindfulness, Iyengar Yoga, Kundalini Yoga, Yoga a\u00e9rien, Yoga en plein air, Yoga en voyage, Stretching, Workout, gymnastique, Crossfit, sports en ext\u00e9rieur (bootcamp, running, marche nordique, randonn\u00e9e\u2026), streetwear, casualwear, cocooning \u00e0 la maison[\/accordion_item][\/accordion][accordion title=\u00a0\u00bb\u00a0\u00bb open1st=\u00a0\u00bb0&Prime; openAll=\u00a0\u00bb0&Prime;][accordion_item title=\u00a0\u00bbPourquoi on adore ce produit\u00a0\u00bb]On adore sa polyvalence, le fait qu\u2019on puisse le porter en tout temps et pour diff\u00e9rentes activit\u00e9s.On aime sa mati\u00e8re douce qui ne gratte pas et sa taille \u00e9lastique et son cordon de serrage pour s\u2019adapter aux diff\u00e9rentes morphologies. Sa coupe slim donne une touche tendance \u00e0 ce surv\u00eatement, il a toutefois \u00e9t\u00e9 dessin\u00e9 de fa\u00e7on \u00e0 ce que l\u2019on ne s&rsquo;y sente pas \u00e0 l\u2019\u00e9troit.On approuve ses poches lat\u00e9rales qui nous permettent de garder de petits objets personnels lors de nos entrainements de sport ou en chemin.[\/accordion_item][\/accordion][accordion title=\u00a0\u00bb\u00a0\u00bb open1st=\u00a0\u00bb0&Prime; openAll=\u00a0\u00bb0&Prime; style=\u00a0\u00bb\u00a0\u00bb][accordion_item title=\u00a0\u00bbPaiement, livraison &amp; retours\u00a0\u00bb]Pour les informations sur les alternatives de paiement, de livraison et les retours, merci de cliquer <a class=\"linkcgv\" href=\"https:\/\/www.yoga-nest.com\/paiement-livraison-retours\/\" target=\"_blank\" rel=\"noopener\">ICI<\/a>.[\/accordion_item][\/accordion]<\/li>\n<\/ul>\n<p><span style=\"color: #b01da4;\"><b>La Marque<\/b><\/span><\/p>\n<p><b>Yoga Boutique \u2013 Des articles pour le yoga exclusifs, fonctionnels et \u00e9thiques<\/b><\/p>\n<p><span style=\"font-weight: 400;\">Yoga Boutique est une <\/span><b>start-up familiale suisse<\/b><span style=\"font-weight: 400;\">, n\u00e9e en 2018. Leur gamme est soigneusement s\u00e9lectionn\u00e9e : <\/span><b>tapis de yoga fabriqu\u00e9s \u00e0 partir de mat\u00e9riaux durables, beaux coussins de m\u00e9ditation, v\u00eatements de yoga super confortables pour tous. <\/b><span style=\"font-weight: 400;\">Les produits sont con\u00e7us directement par les fondateurs et sont donc exclusifs. Un soin particulier est donn\u00e9 \u00e0 la provenance des mat\u00e9riaux, aux designs et aux fonctionnalit\u00e9s.<\/span><\/p>\n<p><a class=\"boutonmarque\" title=\"Yoga Boutique\" href=\"http:\/\/www.yoga-nest.com\/yoga-boutique\/\"><span style=\"font-weight: 400;\">En savoir plus<\/span><\/a><\/p>\n","protected":false},"excerpt":{"rendered":"<p><span style=\"font-weight: 400;\">Jogging en coton pour homme destin\u00e9 \u00e0 diff\u00e9rentes pratiques sportives.\u00a0<\/span><\/p>\n<p><span style=\"font-weight: 400;\">Sa ceinture \u00e9lastique permet de s\u2019adapter \u00e0 toutes les morphologies, son tissu est doux et agr\u00e9able \u00e0 sentir sur la peau.\u00a0<\/span><\/p>\n<p><span style=\"font-weight: 400;\">Ce pantalon de surv\u00eatement est un basique qui peut s\u2019adapter \u00e0 toutes les circonstances. <\/span><span style=\"font-weight: 400;\">Que vous vous projetiez en s\u00e9ance de yoga, en salle ou en ext\u00e9rieur, ce jogging, vous plaira.\u00a0<\/span><\/p>\n<p><span style=\"font-weight: 400;\">Il s&rsquo;assortit tr\u00e8s bien \u00e0 un sweat \u00e0 capuche pour un style sportswear. Vous pouvez adopter ce look pour vos s\u00e9ances de sport ou pour vos balades dominicales.\u00a0<\/span><\/p>\n<p><span style=\"font-weight: 400;\">Dot\u00e9 d\u2019un tissu l\u00e9g\u00e8rement \u00e9pais, ce bas de jogging est parfaitement adapt\u00e9 \u00e0 la saison froide.\u00a0<\/span><\/p>\n<p><span style=\"font-weight: 400;\">Un surv\u00eatement de sport qui pla\u00eet beaucoup pour son confort et le bien-\u00eatre qu&rsquo;il procure. <\/span><\/p>\n<p>&nbsp;<\/p>\n<p class=\"manquante\" style=\"text-align: center;\">Taille ou couleur manquante ? <a href=\"mailto:serviceclients@yoga-nest.com\">Contactez-nous<\/a><\/p>\n","protected":false},"featured_media":0,"comment_status":"open","ping_status":"open","template":"","meta":[],"product_cat":[75,66],"product_tag":[29],"_links":{"self":[{"href":"https:\/\/yoganest.vaniseo.pro\/index.php\/wp-json\/wp\/v2\/product\/338"}],"collection":[{"href":"https:\/\/yoganest.vaniseo.pro\/index.php\/wp-json\/wp\/v2\/product"}],"about":[{"href":"https:\/\/yoganest.vaniseo.pro\/index.php\/wp-json\/wp\/v2\/types\/product"}],"replies":[{"embeddable":true,"href":"https:\/\/yoganest.vaniseo.pro\/index.php\/wp-json\/wp\/v2\/comments?post=338"}],"wp:attachment":[{"href":"https:\/\/yoganest.vaniseo.pro\/index.php\/wp-json\/wp\/v2\/media?parent=338"}],"wp:term":[{"taxonomy":"product_cat","embeddable":true,"href":"https:\/\/yoganest.vaniseo.pro\/index.php\/wp-json\/wp\/v2\/product_cat?post=338"},{"taxonomy":"product_tag","embeddable":true,"href":"https:\/\/yoganest.vaniseo.pro\/index.php\/wp-json\/wp\/v2\/product_tag?post=338"}],"curies":[{"name":"wp","href":"https:\/\/api.w.org\/{rel}","templated":true}]}}