{"id":263,"date":"2021-03-24T17:28:29","date_gmt":"2021-03-24T16:28:29","guid":{"rendered":"https:\/\/yoganest.vaniseo.pro\/index.php\/product\/mala-collier-pray-and-love\/"},"modified":"2024-03-06T14:16:23","modified_gmt":"2024-03-06T13:16:23","slug":"mala-collier-pray-and-love","status":"publish","type":"product","link":"https:\/\/yoganest.vaniseo.pro\/index.php\/product\/mala-collier-pray-and-love\/","title":{"rendered":"Mala Collier | Pray and Love"},"content":{"rendered":"<p>Traditionnellement, dans la religion bouddhiste et hindouiste, le mala est utilis\u00e9 en tant que support aux pri\u00e8res.<\/p>\n<p>Dans la pratique du yoga, le mala est souvent utilis\u00e9 en m\u00e9ditation. D\u00e9pos\u00e9 dans la main, les perles tenues entre les doigts, il permet une concentration absolue lors de la r\u00e9citation de vos diff\u00e9rents mantras. L\u2019\u00e9nergie positive qui se d\u00e9gage de ses perles suffira \u00e0 vous transporter dans un \u00e9tat de relaxation intense. Chaque mala peut bien \u00e9videmment vous apporter des vertus suppl\u00e9mentaires en fonction de sa composition.<\/p>\n<p>Le chiffre 108 a une signification particuli\u00e8re dans la tradition bouddhiste, car c\u2019est notamment le nombre d\u2019\u00e9preuves que Bouddha a d\u00fb traverser avant d\u2019atteindre l\u2019\u00e9veil spirituel. Le collier mala est donc toujours cr\u00e9\u00e9 d\u2019un nombre de perles en rapport avec le chiffre 108.<\/p>\n<p>Dans la tradition hindouiste et bouddhiste, les perles Rudraksha sont les plus anciennes perles de m\u00e9ditation. Elles sont consid\u00e9r\u00e9es comme sacr\u00e9es dans plusieurs cultures. Appel\u00e9es \u00e9galement \u201clarmes de Shiva\u201d, ces perles sont en r\u00e9alit\u00e9 les graines d\u2019un arbre.<\/p>\n<p>Les perles de cornaline quant \u00e0 elles, permettent de diriger notre cr\u00e9ation et nous aident \u00e0 faire ressortir nos \u00e9motions gr\u00e2ce \u00e0 leur connexion avec le chakra sacr\u00e9.<\/p>\n<p>Chaque collier est fait \u00e0 la main avec des perles authentiques et naturelles. Chaque mala est donc unique, il n\u2019en existe pas deux identiques.<\/p>\n<p>[accordion title=\u00a0\u00bb\u00a0\u00bb open1st=\u00a0\u00bb0&Prime; openAll=\u00a0\u00bb0&Prime;][accordion_item title=\u00a0\u00bbEntretien\u00a0\u00bb]<span style=\"font-weight: 400;\">En recevant votre mala, vous avez deux choix : le porter tout de suite, ou lui transmettre vos intentions. Les perles sacr\u00e9es seront ainsi porteuses d\u2019\u00e9nergie, une sorte de connexion vous reliera avec votre collier. Pour cela, nous vous conseillons la c\u00e9r\u00e9monie suivante :<\/span><\/p>\n<ul>\n<li style=\"font-weight: 400;\" aria-level=\"1\"><span style=\"font-weight: 400;\">Le lundi est le jour sacr\u00e9 consacr\u00e9 \u00e0 Shiva. Commencez donc \u00e0 porter votre mala en ce premier jour de semaine.<\/span><\/li>\n<li style=\"font-weight: 400;\" aria-level=\"1\"><span style=\"font-weight: 400;\">Trouvez un endroit calme, propice \u00e0 la d\u00e9tente.\u00a0<\/span><\/li>\n<li style=\"font-weight: 400;\" aria-level=\"1\"><span style=\"font-weight: 400;\">Dans un r\u00e9cipient d\u2019eau, d\u00e9posez quelques fleurs et plongez-y votre mala.<\/span><\/li>\n<li style=\"font-weight: 400;\" aria-level=\"1\"><span style=\"font-weight: 400;\">Allumez un b\u00e2ton d\u2019encens pour aider votre esprit et votre corps \u00e0 se relaxer.<\/span><\/li>\n<li style=\"font-weight: 400;\" aria-level=\"1\"><span style=\"font-weight: 400;\">Une fois que vous avez atteint un niveau de s\u00e9r\u00e9nit\u00e9, nettoyez chacune des perles de votre mala. Prenez le temps de leur transmettre vos intentions et imaginez qu\u2019elles vous prot\u00e8gent et vous apportent la paix int\u00e9rieure.\u00a0<\/span><\/li>\n<li style=\"font-weight: 400;\" aria-level=\"1\"><span style=\"font-weight: 400;\">R\u00e9p\u00e9tez le mantra \u00ab OM HREEM NAMAH SHIVAYA OM \u00bb qui repr\u00e9sente les larmes de Shiva.<\/span><\/li>\n<li style=\"font-weight: 400;\" aria-level=\"1\"><span style=\"font-weight: 400;\">Il ne vous reste plus qu\u2019\u00e0 porter votre mala et \u00e0 profiter de ses bienfaits.<\/span><\/li>\n<\/ul>\n<p><span style=\"font-weight: 400;\">En portant r\u00e9guli\u00e8rement votre mala, les perles vont absorber beaucoup d\u2019\u00e9nergie. Il faut donc parfois les d\u00e9charger afin de repartir \u00e0 z\u00e9ro. Pour ce faire, ouvrez votre robinet et positionnez le collier sous l\u2019eau courante. Touchez chaque perle avec l\u2019intention de la nettoyer. Pour le faire s\u00e9cher, l\u2019id\u00e9al est de suspendre le collier \u00e0 l\u2019ext\u00e9rieur. Une fois sec, un peu d\u2019huile naturelle sur chaque perle leur permettra de gagner en brillance.<\/span>[\/accordion_item][\/accordion]<\/p>\n<p>[accordion title=\u00a0\u00bb\u00a0\u00bb open1st=\u00a0\u00bb0&Prime; openAll=\u00a0\u00bb0&Prime;][accordion_item title=\u00a0\u00bbTypes d&rsquo;activit\u00e9s\u00a0\u00bb]<span style=\"font-weight: 400;\">Yin Yoga, Yoga Restauratif, Yoga Nidra, M\u00e9ditation, Mindfulness, Casual wear, En route vers le studio, Cocooning \u00e0 la maison<\/span>[\/accordion_item][\/accordion]<\/p>\n<p>[accordion title=\u00a0\u00bb\u00a0\u00bb open1st=\u00a0\u00bb0&Prime; openAll=\u00a0\u00bb0&Prime;][accordion_item title=\u00a0\u00bbPourquoi on adore ce produit\u00a0\u00bb]Compos\u00e9 de perles semi-pr\u00e9cieuses de cornaline, ce mala vous guidera vers le courage et la confiance en soi. Cette pierre vous aide \u00e0 aimer et \u00e0 accepter la vie comme elle vient. Pensez \u00e0 adopter cette pierre si vous effectuez des changements dans votre vie. Elle vous aidera \u00e0 accepter ces changements et les nouveaux d\u00e9parts qu\u2019ils peuvent engendrer.<\/p>\n<p>La cornaline est connue pour renforcer le corps, aider \u00e0 accepter sa sensualit\u00e9 et sa sexualit\u00e9 et am\u00e9liorer la f\u00e9condit\u00e9 gr\u00e2ce \u00e0 son association au second chakra. Si vous \u00eates enceinte, la pierre de cornaline est particuli\u00e8rement adapt\u00e9e pour apporter une protection au futur b\u00e9b\u00e9.<\/p>\n<p>On aime porter ce collier, que ce soit pour une s\u00e9ance de m\u00e9ditation, pendant un cours de yoga ou tout simplement comme accessoire pour agr\u00e9menter nos tenues et profiter de ses bonnes vertus. Il peut \u00e9galement se porter comme bracelet, enroul\u00e9 autour du poignet.[\/accordion_item][\/accordion]<\/p>\n<p>[accordion title=\u00a0\u00bb\u00a0\u00bb open1st=\u00a0\u00bb0&Prime; openAll=\u00a0\u00bb0&Prime; style=\u00a0\u00bb\u00a0\u00bb][accordion_item title=\u00a0\u00bbPaiement, livraison &amp; retours\u00a0\u00bb]<br \/>\nPour les informations sur les alternatives de paiement, de livraison et les retours, merci de cliquer <a class=\"linkcgv\" href=\"https:\/\/www.yoga-nest.com\/paiement-livraison-retours\/\" target=\"_blank\" rel=\"noopener\">ICI<\/a>[\/accordion_item][\/accordion]<\/p>\n<p>[one]<\/p>\n<p><span style=\"color: #b01da4;\"><strong>La Marque<\/strong><\/span><\/p>\n<p><strong>Mala Spirit &#8211; Made with love, an offering from Bali<\/strong><\/p>\n<p>Le c\u0153ur des cr\u00e9ations Mala Spirit est la perle Rudraksha, issue de l\u2019arbre Eleocarpus, qui apporte la sagesse et le pouvoir des anciens sages au monde d\u2019aujourd\u2019hui sous la forme de malas contemporains. Le Rudraksha est associ\u00e9 \u00e0 des pierres pr\u00e9cieuses, qui diff\u00e9rent pour chaque pi\u00e8ce et lui conf\u00e8rent sa personnalit\u00e9 en termes de couleurs et ses b\u00e9n\u00e9fices associ\u00e9s aux chakras. Chaque pi\u00e8ce est fabriqu\u00e9e \u00e0 la main et b\u00e9nie \u00e0 Bali.<\/p>\n<p><a class=\"boutonmarque\" title=\"Mala Spirit\" href=\"http:\/\/yoga-nest.com\/mala-spirit\/\" target=\"_blank\" rel=\"noopener\">En savoir plus<\/a><\/p>\n<p>&nbsp;<\/p>\n","protected":false},"excerpt":{"rendered":"<p>Le collier mala \u201cPray &amp; Love\u201d est compos\u00e9 de perles Rudraksha, de pierres pr\u00e9cieuses en cornaline ainsi que de perles en argent sterling plaqu\u00e9 or. Au bout du mala se trouve une grande pierre pr\u00e9cieuse de cornaline qui est utilis\u00e9e comme pendentif.<\/p>\n<p>Les perles Rudraksha offrent la paix, la clart\u00e9 et la direction, elles permettent de laisser place aux pens\u00e9es positives. C\u2019est une mati\u00e8re tr\u00e8s rare. Elle est extr\u00eamement puissante en \u00e9nergie.<\/p>\n<p>La cornaline quant \u00e0 elle nous aide \u00e0 prendre le courage n\u00e9cessaire pour r\u00e9aliser ce qui nous fait du bien. La confiance en soi et la revendication de nos id\u00e9aux sont d\u00e9cupl\u00e9es gr\u00e2ce \u00e0 cette pierre semi-pr\u00e9cieuse.<\/p>\n<p>Cette gemme r\u00e9sonne d\u2019ailleurs avec le 2\u00e8me chakra, le sacr\u00e9, qui pousse \u00e0 la cr\u00e9ativit\u00e9 et \u00e0 l\u2019acceptation de nos sentiments.<\/p>\n<p>&nbsp;<\/p>\n<p class=\"manquante\" style=\"text-align: center;\">Mod\u00e8le manquant ? <a href=\"mailto:serviceclients@yoga-nest.com\">Contactez-nous<\/a><\/p>\n","protected":false},"featured_media":264,"comment_status":"open","ping_status":"open","template":"","meta":[],"product_cat":[55,56,47,48],"product_tag":[57],"_links":{"self":[{"href":"https:\/\/yoganest.vaniseo.pro\/index.php\/wp-json\/wp\/v2\/product\/263"}],"collection":[{"href":"https:\/\/yoganest.vaniseo.pro\/index.php\/wp-json\/wp\/v2\/product"}],"about":[{"href":"https:\/\/yoganest.vaniseo.pro\/index.php\/wp-json\/wp\/v2\/types\/product"}],"replies":[{"embeddable":true,"href":"https:\/\/yoganest.vaniseo.pro\/index.php\/wp-json\/wp\/v2\/comments?post=263"}],"wp:featuredmedia":[{"embeddable":true,"href":"https:\/\/yoganest.vaniseo.pro\/index.php\/wp-json\/wp\/v2\/media\/264"}],"wp:attachment":[{"href":"https:\/\/yoganest.vaniseo.pro\/index.php\/wp-json\/wp\/v2\/media?parent=263"}],"wp:term":[{"taxonomy":"product_cat","embeddable":true,"href":"https:\/\/yoganest.vaniseo.pro\/index.php\/wp-json\/wp\/v2\/product_cat?post=263"},{"taxonomy":"product_tag","embeddable":true,"href":"https:\/\/yoganest.vaniseo.pro\/index.php\/wp-json\/wp\/v2\/product_tag?post=263"}],"curies":[{"name":"wp","href":"https:\/\/api.w.org\/{rel}","templated":true}]}}