{"id":259,"date":"2021-03-24T17:24:12","date_gmt":"2021-03-24T16:24:12","guid":{"rendered":"https:\/\/yoganest.vaniseo.pro\/index.php\/product\/mala-collier-wisdom\/"},"modified":"2024-03-06T14:16:08","modified_gmt":"2024-03-06T13:16:08","slug":"mala-collier-wisdom","status":"publish","type":"product","link":"https:\/\/yoganest.vaniseo.pro\/index.php\/product\/mala-collier-wisdom\/","title":{"rendered":"Mala Collier | Wisdom"},"content":{"rendered":"<p><span style=\"font-weight: 400;\">Le chiffre 108 est r\u00e9guli\u00e8rement pr\u00e9sent dans la spiritualit\u00e9, c\u2019est un chiffre cl\u00e9 dans la religion bouddhiste et hindouiste. C\u2019est notamment le nombre d\u2019asanas existants dans la pratique du yoga. Les malas sont donc g\u00e9n\u00e9ralement fabriqu\u00e9s avec un nombre de perles se rapportant \u00e0 108. Ainsi, son propri\u00e9taire peut dire le nombre de mantras correctement, sans se tromper.<\/span><\/p>\n<p><span style=\"font-weight: 400;\">En effet, le mala sert de support aux pri\u00e8res. Le pratiquant utilise le mala pour concentrer son esprit sur la r\u00e9citation des mantras. Il peut \u00eatre assimil\u00e9 aux chapelets dans d\u2019autres religions.\u00a0<\/span><\/p>\n<p><span style=\"font-weight: 400;\">Les perles de Rudraksha sont symbole de compassion et de spiritualit\u00e9, elles purifient nos pens\u00e9es et nous donnent un esprit paisible. Elles sont tr\u00e8s souvent v\u00e9n\u00e9r\u00e9es dans les pays d\u2019Asie, car elles sont connues pour renfermer une grande \u00e9nergie. Elles nous donnent la force d\u2019exp\u00e9rimenter et de propager les changements positifs que nous voulons dans nos vies. Les plus petites perles de Rudraksha sont consid\u00e9r\u00e9es comme sacr\u00e9es et rares. Sur le collier Wisdom, ces perles sont altern\u00e9es avec des perles d\u2019am\u00e9thyste.\u00a0<\/span><\/p>\n<p><span style=\"font-weight: 400;\">L\u2019am\u00e9thyste fournit une \u00e9nergie b\u00e9n\u00e9fique pour la m\u00e9ditation, elle nous permet de d\u00e9ployer notre spiritualit\u00e9. Cette pierre nous aide \u00e0 transcender les vieux sch\u00e9mas et les habitudes qui ne nous servent plus.\u00a0<\/span><\/p>\n<p><span style=\"font-weight: 400;\">Cette combinaison de pierres nous connecte aux sixi\u00e8me et septi\u00e8me chakras. Le 6\u00e8me chakra, aussi appel\u00e9 l&rsquo;\u0153il d\u2019Ajna, troisi\u00e8me \u0153il ou sixi\u00e8me sens, a pour r\u00f4le d\u2019ouvrir l\u2019esprit. Il est le chemin vers la sagesse.\u00a0<\/span><span style=\"font-weight: 400;\">Le 7\u00e8me chakra, qui se trouve au sommet de la t\u00eate, est notre point \u00e9nerg\u00e9tique faisant le lien avec les cosmos, le spirituel et l\u2019infini.\u00a0<\/span><\/p>\n<p>[accordion title=\u00a0\u00bb\u00a0\u00bb open1st=\u00a0\u00bb0&Prime; openAll=\u00a0\u00bb0&Prime;][accordion_item title=\u00a0\u00bbEntretien\u00a0\u00bb]<\/p>\n<p><span style=\"font-weight: 400;\">Lorsque vous recevrez votre mala, nous vous invitons \u00e0 r\u00e9aliser le rituel suivant :\u00a0<\/span><\/p>\n<ul>\n<li style=\"font-weight: 400;\" aria-level=\"1\"><span style=\"font-weight: 400;\">Le lundi est le jour sacr\u00e9 consacr\u00e9 \u00e0 Shiva, nous vous conseillons donc de commencer \u00e0 porter votre mala ce jour-l\u00e0<\/span><\/li>\n<li style=\"font-weight: 400;\" aria-level=\"1\"><span style=\"font-weight: 400;\">Installez-vous dans une pi\u00e8ce calme. Trouvez l\u2019endroit dans lequel vous pourrez vous d\u00e9tendre<\/span><\/li>\n<li style=\"font-weight: 400;\" aria-level=\"1\"><span style=\"font-weight: 400;\">Dans un r\u00e9cipient d\u2019eau, d\u00e9posez quelques fleurs et plongez-y votre mala<\/span><\/li>\n<li style=\"font-weight: 400;\" aria-level=\"1\"><span style=\"font-weight: 400;\">Pour aider votre esprit et votre corps \u00e0 se relaxer, allumez un b\u00e2ton d\u2019encens<\/span><\/li>\n<li style=\"font-weight: 400;\" aria-level=\"1\"><span style=\"font-weight: 400;\">Une fois que vous avez atteint un niveau de s\u00e9r\u00e9nit\u00e9, nettoyez chacune des perles de votre mala. Transmettez-lui vos intentions et imaginez qu\u2019elles vous prot\u00e8gent et vous apportent la paix int\u00e9rieure<\/span><\/li>\n<li style=\"font-weight: 400;\" aria-level=\"1\"><span style=\"font-weight: 400;\">R\u00e9p\u00e9tez le mantra \u00ab OM HREEM NAMAH SHIVAYA OM \u00bb qui repr\u00e9sente les larmes de Shiva<\/span><\/li>\n<li style=\"font-weight: 400;\" aria-level=\"1\"><span style=\"font-weight: 400;\">Votre mala est maintenant porteur d\u2019\u00e9nergie. Il ne vous reste plus qu\u2019\u00e0 le porter et \u00e0 profiter de ses bienfaits<\/span><\/li>\n<\/ul>\n<p><span style=\"font-weight: 400;\">Ce rituel vous permettra de cr\u00e9er un lien personnel avec votre collier et ses pierres. Toutefois, votre mala est porteur d\u2019\u00e9nergie de par les mat\u00e9riaux qui le composent. Vous n\u2019\u00eates donc pas oblig\u00e9s de passer par cette c\u00e9r\u00e9monie.<\/span><\/p>\n<p><span style=\"font-weight: 400;\">En portant r\u00e9guli\u00e8rement votre mala, les perles vont absorber beaucoup d\u2019\u00e9nergie. Il faut donc de temps en temps les d\u00e9charger afin de repartir \u00e0 z\u00e9ro. Pour ce faire, ouvrez votre robinet et positionnez le collier sous l\u2019eau courante. Touchez chaque perle avec l\u2019intention de la nettoyer. Pour le faire s\u00e9cher, l\u2019id\u00e9al est de suspendre le collier \u00e0 l\u2019ext\u00e9rieur. Une fois sec, un peu d\u2019huile naturelle sur chaque perle leur permettra de gagner en brillance.<\/span><\/p>\n<p>[\/accordion_item][\/accordion]<\/p>\n<p>[accordion title=\u00a0\u00bb\u00a0\u00bb open1st=\u00a0\u00bb0&Prime; openAll=\u00a0\u00bb0&Prime;][accordion_item title=\u00a0\u00bbTypes d&rsquo;activit\u00e9s\u00a0\u00bb]Yin yoga, Yoga restauratif, Yoga Nidra, M\u00e9ditation, Mindfulness, Casual wear, En route vers le studio, Cocooning \u00e0 la maison[\/accordion_item][\/accordion]<\/p>\n<p>[accordion title=\u00a0\u00bb\u00a0\u00bb open1st=\u00a0\u00bb0&Prime; openAll=\u00a0\u00bb0&Prime;][accordion_item title=\u00a0\u00bbPourquoi on adore ce produit\u00a0\u00bb]<\/p>\n<p><span style=\"font-weight: 400;\">L\u2019am\u00e9thyste favorise le calme mental et aide \u00e0 dissiper les angoisses et la col\u00e8re. Largement reli\u00e9e au spirituel, elle favorise la m\u00e9ditation en cr\u00e9ant un espace de d\u00e9tente et de s\u00e9r\u00e9nit\u00e9 dans l\u2019esprit.\u00a0<\/span><\/p>\n<p><span style=\"font-weight: 400;\">On adore sa magnifique couleur violette qui nous apaise dans les moments de stress.<\/span><\/p>\n<p><span style=\"font-weight: 400;\">Ce collier r\u00e9sonne avec les 6\u00e8me et 7\u00e8me chakras. Le sixi\u00e8me chakra se situe entre les deux sourcils. Appel\u00e9 \u201c3\u00e8me oeil\u201d, il est synonyme de vision claire et d\u2019intuition. Lorsqu\u2019il est d\u00e9s\u00e9quilibr\u00e9, il peut amener de la confusion et un manque de reconnaissance de soi.<\/span><\/p>\n<p><span style=\"font-weight: 400;\">Le septi\u00e8me chakra est celui qui se situe au sommet du cr\u00e2ne et qui est reli\u00e9 \u00e0 la sagesse. Il permet de se sentir ancr\u00e9 dans l\u2019univers et avec les personnes qui nous entourent.<\/span><\/p>\n<p>[\/accordion_item][\/accordion]<\/p>\n<p>[accordion title=\u00a0\u00bb\u00a0\u00bb open1st=\u00a0\u00bb0&Prime; openAll=\u00a0\u00bb0&Prime; style=\u00a0\u00bb\u00a0\u00bb][accordion_item title=\u00a0\u00bbPaiement, livraison &amp; retours\u00a0\u00bb]<br \/>\nPour les informations sur les alternatives de paiement, de livraison et les retours, merci de cliquer <a class=\"linkcgv\" href=\"https:\/\/www.yoga-nest.com\/paiement-livraison-retours\/\" target=\"_blank\" rel=\"noopener\">ICI<\/a><br \/>\n[\/accordion_item][\/accordion]<\/p>\n<p>[one]<\/p>\n<p><span style=\"color: #b01da4;\"><strong>La Marque<\/strong><\/span><\/p>\n<p><strong>Mala Spirit &#8211; Made with love, an offering from Bali<\/strong><\/p>\n<p>Le c\u0153ur des cr\u00e9ations Mala Spirit est la perle Rudraksha, issue de l\u2019arbre Eleocarpus, qui apporte la sagesse et le pouvoir des anciens sages au monde d\u2019aujourd\u2019hui sous la forme de malas contemporains. Le Rudraksha est associ\u00e9 \u00e0 des pierres pr\u00e9cieuses, qui diff\u00e9rent pour chaque pi\u00e8ce et lui conf\u00e8rent sa personnalit\u00e9 en termes de couleurs et ses b\u00e9n\u00e9fices associ\u00e9s aux chakras. Chaque pi\u00e8ce est fabriqu\u00e9e \u00e0 la main et b\u00e9nie \u00e0 Bali.<\/p>\n<p><a class=\"boutonmarque\" title=\"Mala Spirit\" href=\"http:\/\/yoga-nest.com\/mala-spirit\/\" target=\"_blank\" rel=\"noopener\">En savoir plus<\/a><\/p>\n<p>&nbsp;<\/p>\n","protected":false},"excerpt":{"rendered":"<p><span style=\"font-weight: 400;\">Ce magnifique collier \u201cWisdom\u201d aux couleurs violettes est compos\u00e9 de perles de Rudraksha, altern\u00e9es avec des perles d\u2019am\u00e9thyste de la m\u00eame taille. Au bout du collier se trouve un gros pendentif de pierre d\u2019am\u00e9thyste, en forme de goutte. Ce collier est nou\u00e9 \u00e0 la main et fabriqu\u00e9 \u00e0 Bali dans la plus pure tradition.\u00a0<\/span><\/p>\n<p><span style=\"font-weight: 400;\">L\u2019am\u00e9thyste nous conduit \u00e0 une paix int\u00e9rieure profonde et \u00e0 la v\u00e9rit\u00e9 en nous-m\u00eame. Elle nous aide \u00e0 d\u00e9ployer notre spiritualit\u00e9.\u00a0<\/span><span style=\"font-weight: 400;\">Ce mala r\u00e9sonne avec le 6\u00e8me chakra. Celui du troisi\u00e8me \u0153il, qui nous permet d\u2019acqu\u00e9rir la sagesse profonde et de la comprendre. Il r\u00e9sonne \u00e9galement avec le 7\u00e8me chakra celui de la couronne qui est l\u2019\u00e9nergie m\u00eame de notre conscience<\/span><span style=\"font-weight: 400;\">.<\/span><\/p>\n<p>&nbsp;<\/p>\n<p class=\"manquante\" style=\"text-align: center;\">Mod\u00e8le manquant ? <a href=\"mailto:serviceclients@yoga-nest.com\">Contactez-nous<\/a><\/p>\n","protected":false},"featured_media":260,"comment_status":"open","ping_status":"open","template":"","meta":[],"product_cat":[55,56],"product_tag":[57],"_links":{"self":[{"href":"https:\/\/yoganest.vaniseo.pro\/index.php\/wp-json\/wp\/v2\/product\/259"}],"collection":[{"href":"https:\/\/yoganest.vaniseo.pro\/index.php\/wp-json\/wp\/v2\/product"}],"about":[{"href":"https:\/\/yoganest.vaniseo.pro\/index.php\/wp-json\/wp\/v2\/types\/product"}],"replies":[{"embeddable":true,"href":"https:\/\/yoganest.vaniseo.pro\/index.php\/wp-json\/wp\/v2\/comments?post=259"}],"wp:featuredmedia":[{"embeddable":true,"href":"https:\/\/yoganest.vaniseo.pro\/index.php\/wp-json\/wp\/v2\/media\/260"}],"wp:attachment":[{"href":"https:\/\/yoganest.vaniseo.pro\/index.php\/wp-json\/wp\/v2\/media?parent=259"}],"wp:term":[{"taxonomy":"product_cat","embeddable":true,"href":"https:\/\/yoganest.vaniseo.pro\/index.php\/wp-json\/wp\/v2\/product_cat?post=259"},{"taxonomy":"product_tag","embeddable":true,"href":"https:\/\/yoganest.vaniseo.pro\/index.php\/wp-json\/wp\/v2\/product_tag?post=259"}],"curies":[{"name":"wp","href":"https:\/\/api.w.org\/{rel}","templated":true}]}}