{"id":2583,"date":"2024-02-27T22:08:48","date_gmt":"2024-02-27T21:08:48","guid":{"rendered":"https:\/\/yoganest.vaniseo.pro\/index.php\/product\/tapis-de-yoga-en-caoutchouc-naturel-ecogrip\/"},"modified":"2024-03-06T19:43:51","modified_gmt":"2024-03-06T18:43:51","slug":"tapis-de-yoga-en-caoutchouc-naturel-ecogrip","status":"publish","type":"product","link":"https:\/\/yoganest.vaniseo.pro\/index.php\/product\/tapis-de-yoga-en-caoutchouc-naturel-ecogrip\/","title":{"rendered":"Tapis de yoga antid\u00e9rapant naturel | \u00c9coGrip"},"content":{"rendered":"<p><span style=\"font-weight: 400;\">Pour une pratique <strong>\u00e0 la maison ou en studio<\/strong>, le tapis de yoga antid\u00e9rapant EcoGrip est id\u00e9al.<\/span><\/p>\n<ul>\n<li style=\"font-weight: 400;\" aria-level=\"1\"><span style=\"font-weight: 400;\">Des <\/span><b>dimensions plus grandes que la plupart des tapis de yoga<\/b><span style=\"font-weight: 400;\"> : 183 cm de longueur, 66 cm de largeur et 5 mm d\u2019\u00e9paisseur. M\u00eame sur un sol dur, sa hauteur assure un amortissement id\u00e9al pour vos articulations, tout en assurant une stabilit\u00e9 et un confort parfaits pendant vos s\u00e9ances de yoga.<\/span><\/li>\n<li style=\"font-weight: 400;\" aria-level=\"1\"><span style=\"font-weight: 400;\">Un <\/span><b>antid\u00e9rapant tr\u00e8s pratique<\/b><span style=\"font-weight: 400;\"> : dot\u00e9 d&rsquo;une surface antid\u00e9rapante, le tapis de yoga EcoGrip assure un excellent maintien que vos mains et pieds soient secs ou l\u00e9g\u00e8rement humides*, que vous pratiquiez pieds nus ou en chaussettes.\u00a0<\/span><\/li>\n<li style=\"font-weight: 400;\" aria-level=\"1\"><span style=\"font-weight: 400;\">Une <\/span><b>fabrication durable<\/b><span style=\"font-weight: 400;\"> et des mat\u00e9riaux respectueux de l&rsquo;environnement : du caoutchouc naturel certifi\u00e9 FSC et du coton bio, aucune trace de PVC, de silicone et de phtalates (plastifiants).<\/span><\/li>\n<li style=\"font-weight: 400;\" aria-level=\"1\"><b>Facile \u00e0 entretenir<\/b><span style=\"font-weight: 400;\"> : le tapis de yoga EcoGrip est facile \u00e0 nettoyer. Vous pouvez le nettoyer \u00e0 la main avec un chiffon doux et de l&rsquo;eau ti\u00e8de, puis le laisser s\u00e9cher \u00e0 l&rsquo;air libre.<\/span><\/li>\n<li style=\"font-weight: 400;\" aria-level=\"1\"><span style=\"font-weight: 400;\"><strong>3 couleurs sont propos\u00e9es:<\/strong> Vert menthe tr\u00e8s douce et fra\u00eeche \u00e0 la fois, Aubergine tr\u00e8s gourmande et Anthracite-marron pour une discr\u00e9tion classique !<\/span><\/li>\n<\/ul>\n<p>[accordion title=\u00a0\u00bb\u00a0\u00bb open1st=\u00a0\u00bb0&Prime; openAll=\u00a0\u00bb0&Prime;][accordion_item title=\u00a0\u00bbEntretien\u00a0\u00bb]<\/p>\n<p><span style=\"font-weight: 400;\">Pour une dur\u00e9e de vie optimale de votre tapis de yoga :\u00a0<\/span><\/p>\n<ul>\n<li style=\"font-weight: 400;\" aria-level=\"1\"><span style=\"font-weight: 400;\">Enroulez le tapis de yoga de sorte que la surface color\u00e9e se retrouve \u00e0 l&rsquo;ext\u00e9rieur.<\/span><\/li>\n<li style=\"font-weight: 400;\" aria-level=\"1\"><span style=\"font-weight: 400;\">Apr\u00e8s usage, rangez votre tapis de yoga dans un endroit sec et \u00e0 l&rsquo;abri de la lumi\u00e8re directe du soleil ou dans un <\/span><a href=\"https:\/\/www.yoga-nest.com\/boutique-yoga-shop\/sac-a-tapis-taj-mahal\/\"><span style=\"font-weight: 400;\">sac \u00e0 tapis<\/span><\/a><span style=\"font-weight: 400;\">.<\/span><\/li>\n<li style=\"font-weight: 400;\" aria-level=\"1\"><span style=\"font-weight: 400;\">\u00c9vitez de laisser le tapis EcoGrip au soleil pendant une p\u00e9riode prolong\u00e9e, car les rayons UV peuvent endommager le caoutchouc naturel.<\/span><\/li>\n<li style=\"font-weight: 400;\" aria-level=\"1\"><span style=\"font-weight: 400;\">Lorsque les tapis en caoutchouc naturel ne sont pas utilis\u00e9s pendant une p\u00e9riode prolong\u00e9e, ils peuvent s&rsquo;oxyder, formant ainsi un film blanch\u00e2tre \u00e0 la surface. Ce processus est naturel et peut \u00eatre \u00e9limin\u00e9 en essuyant le tapis.\u00a0<\/span><\/li>\n<li style=\"font-weight: 400;\" aria-level=\"1\"><span style=\"font-weight: 400;\">Pour nettoyer un tapis plus sale, vous pouvez utiliser du vinaigre blanc. M\u00e9langez-le avec de l&rsquo;eau dans une proportion de 1 pour 20, puis essuyez soigneusement le tapis avec cette solution. Rincez ensuite \u00e0 l&rsquo;eau claire et laissez s\u00e9cher compl\u00e8tement.<\/span><\/li>\n<\/ul>\n<p>[\/accordion_item][\/accordion]<\/p>\n<p>[accordion title=\u00a0\u00bb\u00a0\u00bb open1st=\u00a0\u00bb0&Prime; openAll=\u00a0\u00bb0&Prime;][accordion_item title=\u00a0\u00bbTypes d&rsquo;activit\u00e9s\u00a0\u00bb]<\/p>\n<p>Yin yoga, Yoga restauratif, M\u00e9ditation, Hatha-yoga, Flow yoga, Ashtanga yoga, Power yoga, Yoga nidra, Mindfulness, Iyengar yoga, Yoga a\u00e9rien, Acro yoga, Yoga en plein air, Automassage myofascial, Pilates, Stretching, Workout, Gymnastique<\/p>\n<p>[\/accordion_item][\/accordion]<\/p>\n<p>[accordion title=\u00a0\u00bb\u00a0\u00bb open1st=\u00a0\u00bb0&Prime; openAll=\u00a0\u00bb0&Prime;][accordion_item title=\u00a0\u00bbPourquoi on adore ce produit\u00a0\u00bb]<\/p>\n<p><span style=\"font-weight: 400;\">Pour son c\u00f4t\u00e9 anti d\u00e9rapant et sa fabrication durable ! Quoi de mieux que de faire sa s\u00e9ance de yoga tout en respectant l\u2019environnement ?<\/span><\/p>\n<p><span style=\"font-weight: 400;\">La <\/span><b>jolie couleur Vert menthe est notre pr\u00e9f\u00e9r\u00e9e pour ce tapis de yoga antid\u00e9rapant<\/b><span style=\"font-weight: 400;\">, elle apporte un peu de fra\u00eecheur et de douceur pour votre s\u00e9ance de yoga. Il y en a d&rsquo;autres qui vous plairont aussi !<\/span>[\/accordion_item][\/accordion]<\/p>\n<p>[accordion title=\u00a0\u00bb\u00a0\u00bb open1st=\u00a0\u00bb0&Prime; openAll=\u00a0\u00bb0&Prime; style=\u00a0\u00bb\u00a0\u00bb][accordion_item title=\u00a0\u00bbPaiement, livraison &amp; retours\u00a0\u00bb]<br \/>\nPour les informations sur les alternatives de paiement, de livraison et les retours, merci de cliquer <a class=\"linkcgv\" href=\"https:\/\/www.yoga-nest.com\/paiement-livraison-retours\/\" target=\"_blank\" rel=\"noopener\">ICI<\/a>[\/accordion_item][\/accordion]<\/p>\n<p>&nbsp;<\/p>\n<p><span style=\"color: #b01da4;\"><strong>La Marque<\/strong><\/span><\/p>\n<p><strong>Yoga Boutique &#8211; Des articles pour le yoga exclusifs, fonctionnels et \u00e9thiques<\/strong><\/p>\n<p>Yoga Boutique est une <strong>start-up familiale suisse<\/strong>, n\u00e9e en 2018. Leur gamme est soigneusement s\u00e9lectionn\u00e9e : <strong>tapis de yoga fabriqu\u00e9s \u00e0 partir de mat\u00e9riaux durables, beaux coussins de m\u00e9ditation, v\u00eatements de yoga super confortables pour tous. <\/strong>Les produits sont con\u00e7us directement par les fondateurs et sont donc exclusifs. Un soin particulier est donn\u00e9 \u00e0 la provenance des mat\u00e9riaux, aux designs et aux fonctionnalit\u00e9s.<\/p>\n<p><a class=\"boutonmarque\" title=\"Yoga Boutique\" href=\"http:\/\/yoga-nest.com\/yoga-boutique\/\" target=\"_blank\" rel=\"noopener\">En savoir plus<\/a><\/p>\n","protected":false},"excerpt":{"rendered":"<p><b>Laissez-vous tenter par le tapis de yoga antid\u00e9rapant EcoGrip fabriqu\u00e9 avec en caoutchouc naturel.\u00a0<\/b><\/p>\n<p><span style=\"font-weight: 400;\">Ce tapis de yoga de la marque Yoga Boutique est votre alli\u00e9 id\u00e9al pour des s\u00e9ances de yoga en toute s\u00e9curit\u00e9 gr\u00e2ce \u00e0 son c\u00f4t\u00e9 antid\u00e9rapant*. Vous pouvez pratiquer en toute confiance, sans craindre de glisser ou de perdre l&rsquo;\u00e9quilibre, m\u00eame lors des postures les plus exigeantes.<\/span><\/p>\n<p><span style=\"font-weight: 400;\">Il est fabriqu\u00e9 en caoutchouc naturel certifi\u00e9 FSC avec un tissu central en coton bio. Votre s\u00e9ance de yoga se conjugue donc avec respect de l&rsquo;environnement.\u00a0<\/span><\/p>\n<p><b>Ce tapis antid\u00e9rapant offre une adh\u00e9rence exceptionnelle et une stabilit\u00e9 optimale pour vous permettre de vous concentrer pleinement sur votre pratique.<\/b><\/p>\n<p><span style=\"font-weight: 400;\">Sa taille est particuli\u00e8rement g\u00e9n\u00e9reuse en largeur et adapt\u00e9e \u00e0 toutes et tous : 183 cm x 66 cm x 5 mm.\u00a0<\/span><\/p>\n<p><span style=\"font-weight: 400;\">Optez pour le tapis de yoga EcoGrip de Yoga Boutique et pratiquez en toute s\u00e9r\u00e9nit\u00e9. Vous contribuez ainsi \u00e0 un mode de vie plus respectueux de l&rsquo;environnement tout en b\u00e9n\u00e9ficiant d&rsquo;un support optimal pour votre pratique du yoga.<\/span><\/p>\n<p><i><span style=\"font-weight: 400;\">*Si vous transpirez beaucoup, nous vous conseillons de prendre un <\/span><\/i><a href=\"https:\/\/www.yoga-nest.com\/?yith_wcan=1&amp;product_cat=velours\"><i><span style=\"font-weight: 400;\">tapis de yoga en velours<\/span><\/i><\/a><i><span style=\"font-weight: 400;\">.<\/span><\/i><\/p>\n<p>&nbsp;<\/p>\n<p>[button title=\u00a0\u00bbGuide comparatif des tapis\u00a0\u00bb link=\u00a0\u00bbhttps:\/\/www.yoga-nest.com\/tapis_de_yoga_mat\/\u00a0\u00bb target=\u00a0\u00bb_blank\u00a0\u00bb align=\u00a0\u00bbcenter\u00a0\u00bb icon=\u00a0\u00bb\u00a0\u00bb icon_position=\u00a0\u00bb\u00a0\u00bb color=\u00a0\u00bb\u00a0\u00bb font_color=\u00a0\u00bb\u00a0\u00bb size=\u00a0\u00bb2&Prime; full_width=\u00a0\u00bb\u00a0\u00bb class=\u00a0\u00bbbouttontaille\u00a0\u00bb download=\u00a0\u00bb\u00a0\u00bb rel=\u00a0\u00bb\u00a0\u00bb]<\/p>\n<p>&nbsp;<\/p>\n<p class=\"manquante\" style=\"text-align: center;\">Coloris manquant ? <a href=\"mailto:serviceclients@yoga-nest.com\">Contactez-nous<\/a><\/p>\n","protected":false},"featured_media":2584,"comment_status":"open","ping_status":"open","template":"","meta":[],"product_cat":[27,28,26],"product_tag":[29],"_links":{"self":[{"href":"https:\/\/yoganest.vaniseo.pro\/index.php\/wp-json\/wp\/v2\/product\/2583"}],"collection":[{"href":"https:\/\/yoganest.vaniseo.pro\/index.php\/wp-json\/wp\/v2\/product"}],"about":[{"href":"https:\/\/yoganest.vaniseo.pro\/index.php\/wp-json\/wp\/v2\/types\/product"}],"replies":[{"embeddable":true,"href":"https:\/\/yoganest.vaniseo.pro\/index.php\/wp-json\/wp\/v2\/comments?post=2583"}],"wp:featuredmedia":[{"embeddable":true,"href":"https:\/\/yoganest.vaniseo.pro\/index.php\/wp-json\/wp\/v2\/media\/2584"}],"wp:attachment":[{"href":"https:\/\/yoganest.vaniseo.pro\/index.php\/wp-json\/wp\/v2\/media?parent=2583"}],"wp:term":[{"taxonomy":"product_cat","embeddable":true,"href":"https:\/\/yoganest.vaniseo.pro\/index.php\/wp-json\/wp\/v2\/product_cat?post=2583"},{"taxonomy":"product_tag","embeddable":true,"href":"https:\/\/yoganest.vaniseo.pro\/index.php\/wp-json\/wp\/v2\/product_tag?post=2583"}],"curies":[{"name":"wp","href":"https:\/\/api.w.org\/{rel}","templated":true}]}}