{"id":2515,"date":"2024-01-24T00:55:21","date_gmt":"2024-01-23T23:55:21","guid":{"rendered":"https:\/\/yoganest.vaniseo.pro\/index.php\/product\/couverture-de-yoga-coton-bio\/"},"modified":"2024-03-06T19:42:49","modified_gmt":"2024-03-06T18:42:49","slug":"couverture-de-yoga-coton-bio","status":"publish","type":"product","link":"https:\/\/yoganest.vaniseo.pro\/index.php\/product\/couverture-de-yoga-coton-bio\/","title":{"rendered":"Couverture de yoga | Coton bio"},"content":{"rendered":"<p>Tiss\u00e9e \u00e0 la main, cette couverture est un objet artisanal. Il est normal que des petites imperfections soient visibles par ci par l\u00e0, notamment l\u00e0 o\u00f9 il y a eu un changement de bobine de fil. C&rsquo;est justement parce qu&rsquo;elle est irr\u00e9guli\u00e8re qu&rsquo;elle est particuli\u00e8re.<\/p>\n<p>[accordion title=\u00a0\u00bb\u00a0\u00bb open1st=\u00a0\u00bb0&Prime; openAll=\u00a0\u00bb0&Prime;][accordion_item title=\u00a0\u00bbEntretien\u00a0\u00bb]<\/p>\n<ul>\n<li>Lavage \u00e0 30 degr\u00e9s maximum \u00e0 la machine ou \u00e0 la main<\/li>\n<li>Penser \u00e0 bien s\u00e9parer les couleurs<\/li>\n<li>cette couverture pourrait r\u00e9tr\u00e9cir un peu au 1er lavage<\/li>\n<\/ul>\n<p>[\/accordion_item][\/accordion]<\/p>\n<p>[accordion title=\u00a0\u00bb\u00a0\u00bb open1st=\u00a0\u00bb0&Prime; openAll=\u00a0\u00bb0&Prime; style=\u00a0\u00bb\u00a0\u00bb][accordion_item title=\u00a0\u00bbTypes d&rsquo;activit\u00e9s\u00a0\u00bb]<\/p>\n<p><span style=\"font-weight: 400;\">Yin yoga, Yoga restauratif, M\u00e9ditation, Yoga nidra, Mindfulness, Hatha yoga, Ashtanga yoga, Power yoga, Flow yoga, Iyengar yoga, Kundalini yoga, Yoga pr\u00e9natal, Yoga en plein air, Yoga en voyage<\/span>[\/accordion_item][\/accordion]<\/p>\n<p>[accordion title=\u00a0\u00bb\u00a0\u00bb open1st=\u00a0\u00bb0&Prime; openAll=\u00a0\u00bb0&Prime; style=\u00a0\u00bb\u00a0\u00bb][accordion_item title=\u00a0\u00bbPourquoi on adore ce produit\u00a0\u00bb]<\/p>\n<p>On l&rsquo;adore pour se couvrir en Savasana, soutenir un genou ou une \u00e9paule pendant la pratique et aussi \u00e0 la maison sur le sofa ou la terrasse!<\/p>\n<p>[\/accordion_item][\/accordion]<\/p>\n<p>[accordion title=\u00a0\u00bb\u00a0\u00bb open1st=\u00a0\u00bb0&Prime; openAll=\u00a0\u00bb0&Prime; style=\u00a0\u00bb\u00a0\u00bb][accordion_item title=\u00a0\u00bbPaiements, livraison &amp; retours\u00a0\u00bb]<\/p>\n<p>Pour les informations sur les alternatives de paiement, de livraison et les retours, merci de cliquer\u00a0<a class=\"linkcgv\" href=\"https:\/\/www.yoga-nest.com\/paiement-livraison-retours\/\" target=\"_blank\" rel=\"noopener\">ICI<\/a><\/p>\n<p>[\/accordion_item][\/accordion]<\/p>\n<p>[one]<\/p>\n<p><span style=\"color: #b01da4;\"><b>La Marque<\/b><\/span><\/p>\n<p><b>Yoga Boutique \u2013 Des articles pour le yoga exclusifs, fonctionnels et \u00e9thiques<\/b><\/p>\n<p><span style=\"font-weight: 400;\">Yoga Boutique est une <\/span><b>start-up familiale suisse<\/b><span style=\"font-weight: 400;\">, n\u00e9e en 2018. Leur gamme est soigneusement s\u00e9lectionn\u00e9e : <\/span><b>tapis de yoga fabriqu\u00e9s \u00e0 partir de mat\u00e9riaux durables, beaux coussins de m\u00e9ditation, v\u00eatements de yoga super confortables pour tous. <\/b><span style=\"font-weight: 400;\">Les produits sont con\u00e7us directement par les fondateurs et sont donc exclusifs. Un soin particulier est donn\u00e9 \u00e0 la provenance des mat\u00e9riaux, aux designs et aux fonctionnalit\u00e9s.<\/span><\/p>\n<p><a class=\"boutonmarque\" title=\"Yoga Boutique\" href=\"http:\/\/www.yoga-nest.com\/yoga-boutique\/\"><span style=\"font-weight: 400;\">En savoir plus<\/span><\/a><\/p>\n<p>[\/one]<\/p>\n","protected":false},"excerpt":{"rendered":"<div class=\"j-module n j-hr \">\n<p>Couverture de grande taille 150x200cm qui accompagnera vos pratiques, vos moments de d\u00e9tente et toute la famille \u00e0 la maison.<\/p>\n<p>En coton 100% bio certifi\u00e9 GOTS, elle est tiss\u00e9e \u00e0 la main en Inde, dans des conditions socialement responsable et \u00e9thiques. Ses motifs en relief en diamant lui donne de la personnalit\u00e9. Elle est douce, bien couvrante sans \u00eatre lourde.<\/p>\n<p>C&rsquo;est aussi un cadeau appr\u00e9ci\u00e9 par les amis, pour s&rsquo;envelopper sur la terrasse en fin de soir\u00e9es d&rsquo;\u00e9t\u00e9 ou en hiver au salon.<\/p>\n<p>&nbsp;<\/p>\n<\/div>\n<p>&nbsp;<\/p>\n<p style=\"text-align: center;\">Couleur manquante ? <a href=\"mailto:serviceclients@yoga-nest.com\">Contactez-nous<\/a><\/p>\n","protected":false},"featured_media":2516,"comment_status":"open","ping_status":"open","template":"","meta":[],"product_cat":[54,20,28],"product_tag":[29],"_links":{"self":[{"href":"https:\/\/yoganest.vaniseo.pro\/index.php\/wp-json\/wp\/v2\/product\/2515"}],"collection":[{"href":"https:\/\/yoganest.vaniseo.pro\/index.php\/wp-json\/wp\/v2\/product"}],"about":[{"href":"https:\/\/yoganest.vaniseo.pro\/index.php\/wp-json\/wp\/v2\/types\/product"}],"replies":[{"embeddable":true,"href":"https:\/\/yoganest.vaniseo.pro\/index.php\/wp-json\/wp\/v2\/comments?post=2515"}],"wp:featuredmedia":[{"embeddable":true,"href":"https:\/\/yoganest.vaniseo.pro\/index.php\/wp-json\/wp\/v2\/media\/2516"}],"wp:attachment":[{"href":"https:\/\/yoganest.vaniseo.pro\/index.php\/wp-json\/wp\/v2\/media?parent=2515"}],"wp:term":[{"taxonomy":"product_cat","embeddable":true,"href":"https:\/\/yoganest.vaniseo.pro\/index.php\/wp-json\/wp\/v2\/product_cat?post=2515"},{"taxonomy":"product_tag","embeddable":true,"href":"https:\/\/yoganest.vaniseo.pro\/index.php\/wp-json\/wp\/v2\/product_tag?post=2515"}],"curies":[{"name":"wp","href":"https:\/\/api.w.org\/{rel}","templated":true}]}}