{"id":2492,"date":"2022-03-30T21:34:59","date_gmt":"2022-03-30T19:34:59","guid":{"rendered":"https:\/\/yoganest.vaniseo.pro\/index.php\/product\/bracelet-enjoy-3\/"},"modified":"2024-03-06T19:41:38","modified_gmt":"2024-03-06T18:41:38","slug":"bracelet-enjoy-3","status":"publish","type":"product","link":"https:\/\/yoganest.vaniseo.pro\/index.php\/product\/bracelet-enjoy-3\/","title":{"rendered":"Bracelet | Enjoy"},"content":{"rendered":"<p><span style=\"font-weight: 400;\">Le bracelet de pierres semi-pr\u00e9cieuses Enjoy est compos\u00e9 de jaspe dalmatien, de turquoise et de perles en bois. Par sa couleur bleu turquoise, il appelle \u00e0 l&rsquo;\u00e9vasion d&rsquo;une promenade en bord de mer.<\/span><\/p>\n<p><span style=\"font-weight: 400;\">Avec ses t\u00e2ches noires de tourmaline int\u00e9gr\u00e9e au jaspe blanc, le jaspe dalmatien joue l&rsquo;\u00e9quilibre du yin et du yang en tant qu&rsquo;\u00e9nergies compl\u00e9mentaires. La pierre noire aura tendance \u00e0 absorber les \u00e9nergies n\u00e9gatives et ainsi \u00e0 r\u00e9duire les inqui\u00e9tudes et apaiser le syst\u00e8me nerveux. Mettre le jaspe \u00e0 votre bras ou le placer dans un lieu de m\u00e9ditation renforce encore plus le pouvoir de la pierre sur le corps et l\u2019esprit. <\/span><\/p>\n<p><span style=\"font-weight: 400;\">La turquoise favorise quant \u00e0 elle le d\u00e9veloppement personnel. Elle apaise, favorise la confiance, l&#8217;empathie et donc l&rsquo;ouverture aux autres. Comme le jaspe dalmatien, la turquoise booste la joie de vivre et l&rsquo;optimisme.<\/span><\/p>\n<p><span style=\"font-weight: 400;\">Ce bracelet est unisexe et convient aussi bien aux femmes qu&rsquo;aux hommes. En plus de nous connecter \u00e0 notre bonne humeur, il est particuli\u00e8rement gai et original \u00a0Vous pouvez le porter en tout temps car l se marie \u00e0 toutes les tenues et circonstances. Pensez \u00e0 le prendre lors de vos sessions de yoga pour profiter de ses b\u00e9n\u00e9fices.<\/span><\/p>\n<p><span style=\"font-weight: 400;\">La circonf\u00e9rence du bracelet Enjoy est de 19 centim\u00e8tres et les perles ont un diam\u00e8tre de 8mm environ.<\/span><\/p>\n<p>[accordion title=\u00a0\u00bb\u00a0\u00bb open1st=\u00a0\u00bb0&Prime; openAll=\u00a0\u00bb0&Prime;][accordion_item title=\u00a0\u00bbEntretien\u00a0\u00bb]<span style=\"font-weight: 400;\">Voici quelques conseils pour le nettoyage du bracelet Enjoy :<\/span><\/p>\n<ul>\n<li style=\"font-weight: 400;\" aria-level=\"1\"><span style=\"font-weight: 400;\">Utiliser de l&rsquo;eau ti\u00e8de et un tout petit peu de liquide vaisselle tr\u00e8s doux<\/span><\/li>\n<li style=\"font-weight: 400;\" aria-level=\"1\"><span style=\"font-weight: 400;\">Utiliser un chiffon fin qui ne gratte pas et ne peluche pas et\/ou une brosse \u00e0 dents souple pour frotter tout doucement le bijou<\/span><\/li>\n<li style=\"font-weight: 400;\" aria-level=\"1\"><span style=\"font-weight: 400;\">Rincez ensuite abondamment \u00e0 l&rsquo;eau courante jusqu&rsquo;\u00e0 ce qu&rsquo;il n&rsquo;y ait plus de r\u00e9sidus de savon<\/span><\/li>\n<li style=\"font-weight: 400;\" aria-level=\"1\"><span style=\"font-weight: 400;\">Tapotez d\u00e9licatement pour enlever l&rsquo;exc\u00e9dent d&rsquo;eau et laissez-le s\u00e9cher \u00e0 plat et au sec<\/span><\/li>\n<\/ul>\n<p><span style=\"font-weight: 400;\">Lorsque vous ne portez pas le bijou, conservez-le dans un endroit sec et \u00e0 l&rsquo;abri de la lumi\u00e8re, id\u00e9alement dans une petite pochette ou su\u00e9dine..<\/span><\/p>\n<p><span style=\"font-weight: 400;\">Afin d\u2019en profiter plus longtemps, nous vous recommandons de toujours le pr\u00e9server en l\u2019enlevant pour la douche ou le bain. Il est \u00e9galement conseill\u00e9 de ne pas le porter \u00e0 la plage ainsi que dans de l&rsquo;eau sal\u00e9e ou chlor\u00e9e.<\/span><\/p>\n<p><span style=\"font-weight: 400;\">Afin d&rsquo;\u00e9viter qu&rsquo;il ne se salisse ou ne s&rsquo;accroche \u00e0 quelque chose, pensez \u00e0 l\u00a0\u00bbenlever lors d&rsquo;activit\u00e9s physiques telles que le jardinage, le sport ou les travaux manuels<\/span><span style=\"font-weight: 400;\">.<\/span>[\/accordion_item][\/accordion][accordion title=\u00a0\u00bb\u00a0\u00bb open1st=\u00a0\u00bb0&Prime; openAll=\u00a0\u00bb0&Prime; style=\u00a0\u00bb\u00a0\u00bb][accordion_item title=\u00a0\u00bbTypes d&rsquo;activit\u00e9s\u00a0\u00bb]<span style=\"font-weight: 400;\">Yin yoga, yoga restauratif, hatha-yoga, flow yoga, vinyasa yoga, ashtanga yoga, yoga nidra, m\u00e9ditation, mindfulness, hot yoga, Iyengar yoga, yoga a\u00e9rien, yoga en plein air, yoga en voyage, automassage myofascial, pilates, stretching.<\/span>[\/accordion_item][\/accordion][accordion title=\u00a0\u00bb\u00a0\u00bb open1st=\u00a0\u00bb0&Prime; openAll=\u00a0\u00bb0&Prime; style=\u00a0\u00bb\u00a0\u00bb][accordion_item title=\u00a0\u00bbPourquoi on adore ce produit\u00a0\u00bb]<span style=\"font-weight: 400;\">Splendide bijou avec des couleurs positives. Un bleu turquoise qu\u2019on adore et qui termine notre look \u00e0 merveille.<\/span><\/p>\n<p><span style=\"font-weight: 400;\">Un bracelet qu\u2019on porte sur nous tous les jours et avec lequel on cr\u00e9e des souvenirs et une belle connection. Les vertus qu\u2019il nous apporte nous tiennent \u00e0 coeur et il devient vite notre alli\u00e9.<\/span><\/p>\n<p><span style=\"font-weight: 400;\">On le porte au poignet en m\u00e9ditation et on le prend avec nous pour nos s\u00e9ances de yoga, en le posant \u00e0 c\u00f4t\u00e9 du tapis si c&rsquo;est une pratique de mouvements dynamiques.\u00a0<\/span><\/p>\n<p><span style=\"font-weight: 400;\">Ce genre de bijou peut \u00eatre port\u00e9 par une femme ou par un homme. Il est polyvalent et tr\u00e8s chic.<\/span>[\/accordion_item][\/accordion][accordion title=\u00a0\u00bb\u00a0\u00bb open1st=\u00a0\u00bb0&Prime; openAll=\u00a0\u00bb0&Prime; style=\u00a0\u00bb\u00a0\u00bb][accordion_item title=\u00a0\u00bbPaiements, livraison &amp; retours\u00a0\u00bb]Pour les informations sur les alternatives de paiement, de livraison et les retours, merci de cliquer\u00a0<a class=\"linkcgv\" href=\"https:\/\/www.yoga-nest.com\/paiement-livraison-retours\/\" target=\"_blank\" rel=\"noopener\">ICI<\/a>[\/accordion_item][\/accordion]<br \/>\n<span style=\"color: #b01da4;\"><b>La Marque<\/b><\/span><\/p>\n<p><b>Yoga Boutique \u2013 Des articles pour le yoga exclusifs, fonctionnels et \u00e9thiques<\/b><\/p>\n<p><span style=\"font-weight: 400;\">Yoga Boutique est une <\/span><b>start-up familiale suisse<\/b><span style=\"font-weight: 400;\">, n\u00e9e en 2018. Leur gamme est soigneusement s\u00e9lectionn\u00e9e : <\/span><b>tapis de yoga fabriqu\u00e9s \u00e0 partir de mat\u00e9riaux durables, beaux coussins de m\u00e9ditation, v\u00eatements de yoga super confortables pour tous. <\/b><span style=\"font-weight: 400;\">Les produits sont con\u00e7us directement par les fondateurs et sont donc exclusifs. Un soin particulier est donn\u00e9 \u00e0 la provenance des mat\u00e9riaux, aux designs et aux fonctionnalit\u00e9s.<\/span><\/p>\n<p><a class=\"boutonmarque\" title=\"Yoga Boutique\" href=\"http:\/\/www.yoga-nest.com\/yoga-boutique\/\"><span style=\"font-weight: 400;\">En savoir plus<\/span><\/a><\/p>\n","protected":false},"excerpt":{"rendered":"<div class=\"j-module n j-hr \">\n<p><span style=\"font-weight: 400;\">Bracelet compos\u00e9 de plusieurs types de perles diff\u00e9rentes qui nous aide \u00e0 profiter plus pleinement de la vie. Ses teintes contrast\u00e9es et surprenantes lui offrent son charme. Du turquoise, de l&rsquo;\u00e9cru tachet\u00e9 de noir, la chaleur du bois sombre et l&rsquo;\u00e9l\u00e9gance d&rsquo; un peu d\u2019or. Il est lumineux, gai et raffin\u00e9 et plaira autant aux hommes qu&rsquo;aux femmes.<\/span><\/p>\n<p><span style=\"font-weight: 400;\">La pierre de turquoise a une multitude de bienfaits tant sur les plans mental, physique que spirituel. Elle se r\u00e9v\u00e8le particuli\u00e8rement au niveau des 4\u00e8, 5\u00e8 et 6\u00e8 chakras, favorisant notamment l&#8217;empathie, la communication et l&rsquo;intuition.<\/span><\/p>\n<p><span style=\"font-weight: 400;\">Les perles blanches et noires sont en jaspe appel\u00e9e \u00ab\u00a0dalmatien\u00a0\u00bb. C\u2019est une pierre aux multiples facettes, \u00e0 l&rsquo;image de son mix de blanc et de noir, de yin et de yang. Comme la turquoise, elle est r\u00e9put\u00e9e comme pierre positive qui favorise la joie de vivre et la bonne humeur.<\/span><\/p>\n<\/div>\n<p><span style=\"font-weight: 400;\">Ce bijou a une circonf\u00e9rence de 19 centim\u00e8tres. La taille des perles est d\u2019environ 8 millim\u00e8tres. Il est fait \u00e0 base de pierres de lave dalmatien, de pierre de turquoise et de perles de bois.<\/span><\/p>\n<p style=\"text-align: center;\">Couleur manquante ? <a href=\"mailto:serviceclients@yoga-nest.com\">Contactez-nous<\/a><\/p>\n","protected":false},"featured_media":1213,"comment_status":"open","ping_status":"open","template":"","meta":[],"product_cat":[55,88,47,48],"product_tag":[29],"_links":{"self":[{"href":"https:\/\/yoganest.vaniseo.pro\/index.php\/wp-json\/wp\/v2\/product\/2492"}],"collection":[{"href":"https:\/\/yoganest.vaniseo.pro\/index.php\/wp-json\/wp\/v2\/product"}],"about":[{"href":"https:\/\/yoganest.vaniseo.pro\/index.php\/wp-json\/wp\/v2\/types\/product"}],"replies":[{"embeddable":true,"href":"https:\/\/yoganest.vaniseo.pro\/index.php\/wp-json\/wp\/v2\/comments?post=2492"}],"wp:featuredmedia":[{"embeddable":true,"href":"https:\/\/yoganest.vaniseo.pro\/index.php\/wp-json\/wp\/v2\/media\/1213"}],"wp:attachment":[{"href":"https:\/\/yoganest.vaniseo.pro\/index.php\/wp-json\/wp\/v2\/media?parent=2492"}],"wp:term":[{"taxonomy":"product_cat","embeddable":true,"href":"https:\/\/yoganest.vaniseo.pro\/index.php\/wp-json\/wp\/v2\/product_cat?post=2492"},{"taxonomy":"product_tag","embeddable":true,"href":"https:\/\/yoganest.vaniseo.pro\/index.php\/wp-json\/wp\/v2\/product_tag?post=2492"}],"curies":[{"name":"wp","href":"https:\/\/api.w.org\/{rel}","templated":true}]}}