{"id":2487,"date":"2022-03-24T21:15:25","date_gmt":"2022-03-24T20:15:25","guid":{"rendered":"https:\/\/yoganest.vaniseo.pro\/index.php\/product\/tapis-liege-tropical-2\/"},"modified":"2024-03-06T19:41:38","modified_gmt":"2024-03-06T18:41:38","slug":"tapis-liege-tropical-2","status":"publish","type":"product","link":"https:\/\/yoganest.vaniseo.pro\/index.php\/product\/tapis-liege-tropical-2\/","title":{"rendered":"Tapis Li\u00e8ge | Tropical"},"content":{"rendered":"<p>Le tapis de yoga en li\u00e8ge \u00ab\u00a0Tropical\u00a0\u00bb de Yoga Boutique pr\u00e9sente un magnifique motif naturel compos\u00e9 de papillons et de fleurs.<\/p>\n<p>Ce tapis de yoga est plus grand que la plupart des tapis de yoga classiques, avec une longueur de 183 cm et une largeur de 66 cm. Cela signifie que tout le monde peut se sentir \u00e0 l&rsquo;aise dans toutes les positions, m\u00eame en position allong\u00e9e, et que les personnes de grande taille n&rsquo;ont plus les pieds ou la t\u00eate qui d\u00e9passent.<\/p>\n<p>Vos genoux et vos poignets vous remercieront car l&rsquo;\u00e9paisseur de 5 mm assure un amortissement optimal de vos articulations, m\u00eame sur une surface dure. Il est confortable quelle que soit votre posture.<\/p>\n<p>En ce qui concerne sa composition, la face inf\u00e9rieure du tapis est faite de caoutchouc naturel durable. Le tapis offre ainsi une bonne adh\u00e9rence sur n&rsquo;importe quelle surface et ne glisse pas.<\/p>\n<p>[accordion title=\u00a0\u00bb\u00a0\u00bb open1st=\u00a0\u00bb0&Prime; openAll=\u00a0\u00bb0&Prime;][accordion_item title=\u00a0\u00bbEntretien\u00a0\u00bb]<\/p>\n<p><span style=\"font-weight: 400;\">Voici quelques conseils pour garantir que votre tapis de yoga aura une longue vie :<\/span><\/p>\n<ul>\n<li style=\"font-weight: 400;\" aria-level=\"1\"><span style=\"font-weight: 400;\">Pensez \u00e0 toujours le ranger dans un endroit sec et \u00e0 l\u2019abri de la lumi\u00e8re. Vous pouvez par exemple le mettre dans un sac pour tapis<\/span><\/li>\n<li style=\"font-weight: 400;\" aria-level=\"1\"><span style=\"font-weight: 400;\">Si vous avez besoin de nettoyer votre tapis pour enlever des taches, essuyez-le premi\u00e8rement avec un chiffon doux humide. Vaporisez-le ensuite avec un spray pour tapis de yoga et laissez-le bien s\u00e9cher.<\/span><\/li>\n<\/ul>\n<p>[\/accordion_item][\/accordion]<\/p>\n<p>[accordion title=\u00a0\u00bb\u00a0\u00bb open1st=\u00a0\u00bb0&Prime; openAll=\u00a0\u00bb0&Prime;][accordion_item title=\u00a0\u00bbTypes d&rsquo;activit\u00e9s\u00a0\u00bb]<\/p>\n<p><span style=\"font-weight: 400;\">Yin yoga, Yoga restauratif, Hatha yoga, Flow yoga, Power yoga, Vinyasa yoga, Ashtanga yoga, Yoga nidra, M\u00e9ditation, Mindfulness, Iyengar yoga, Yoga a\u00e9rien, Pilates, Stretching.<\/span><\/p>\n<p>[\/accordion_item][\/accordion]<\/p>\n<p>[accordion title=\u00a0\u00bb\u00a0\u00bb open1st=\u00a0\u00bb0&Prime; openAll=\u00a0\u00bb0&Prime;][accordion_item title=\u00a0\u00bbPourquoi on adore ce produit\u00a0\u00bb]<\/p>\n<p>Ses magnifiques motifs nous font r\u00eaver de la nature, des saisons de printemps et d&rsquo;\u00e9t\u00e9 ainsi que d&rsquo;\u00eatre \u00e0 l&rsquo;ext\u00e9rieur.<\/p>\n<p>Nous aimons \u00e9galement le mat\u00e9riau li\u00e8ge qui est naturel et confortable, et qui nous rapproche \u00e9galement de la terre. Et ce n&rsquo;est pas tout, le li\u00e8ge est \u00e9galement biod\u00e9gradable et respectueux de l&rsquo;environnement.<\/p>\n<p>Il ne glisse pas et peut donc \u00eatre utilis\u00e9 sur toutes les surfaces en toute s\u00e9curit\u00e9. De plus, gr\u00e2ce au mat\u00e9riau dont il est fait, nous ne ressentons pas le froid du sol. Ainsi, nous pouvons faire notre s\u00e9ance de yoga sur un sol carrel\u00e9 tout en \u00e9tant bien isol\u00e9s des basses temp\u00e9ratures.<\/p>\n<p>[\/accordion_item][\/accordion]<\/p>\n<p>[accordion title=\u00a0\u00bb\u00a0\u00bb open1st=\u00a0\u00bb0&Prime; openAll=\u00a0\u00bb0&Prime; style=\u00a0\u00bb\u00a0\u00bb][accordion_item title=\u00a0\u00bbPaiement, livraison &amp; retours\u00a0\u00bb]<br \/>\nPour les informations sur les alternatives de paiement, de livraison et les retours, merci de cliquer <a class=\"linkcgv\" href=\"https:\/\/www.yoga-nest.com\/paiement-livraison-retours\/\" target=\"_blank\" rel=\"noopener\">ICI<\/a><br \/>\n[\/accordion_item][\/accordion]<\/p>\n<p>[one_second][\/one_second]<\/p>\n<p>[one]<\/p>\n<p><span style=\"color: #b01da4;\"><strong>La Marque<\/strong><\/span><\/p>\n<p><strong>Yoga Boutique &#8211; Des articles pour le yoga exclusifs, fonctionnels et \u00e9thiques<\/strong><\/p>\n<p>Yoga Boutique est une <strong>start-up familiale suisse<\/strong>, n\u00e9e en 2018. Leur gamme est soigneusement s\u00e9lectionn\u00e9e : <strong>tapis de yoga fabriqu\u00e9s \u00e0 partir de mat\u00e9riaux durables, beaux coussins de m\u00e9ditation, v\u00eatements de yoga super confortables pour tous. <\/strong>Les produits sont con\u00e7us directement par les fondateurs et sont donc exclusifs. Un soin particulier est donn\u00e9 \u00e0 la provenance des mat\u00e9riaux, aux designs et aux fonctionnalit\u00e9s.<\/p>\n<p><a class=\"boutonmarque\" title=\"Yoga Boutique\" href=\"http:\/\/yoga-nest.com\/yoga-boutique\/\" target=\"_blank\" rel=\"noopener\">En savoir plus<\/a><\/p>\n<p><span style=\"font-weight: 400;\">[\/one] <\/span><\/p>\n<p>&nbsp;<\/p>\n","protected":false},"excerpt":{"rendered":"<p>Avec le mod\u00e8le Tropical, Yoga Boutique nous offre un magnifique tapis de yoga en li\u00e8ge avec des motifs naturels, des papillons et des fleurs et plantes tropicales.<\/p>\n<p>Le li\u00e8ge est un mat\u00e9riau tr\u00e8s int\u00e9ressant pour la pratique du yoga. Il est en effet antibact\u00e9rien, isolant, antid\u00e9rapant et convient aux personnes allergiques.<\/p>\n<p>Ce tapis est disponible en 5 mm d&rsquo;\u00e9paisseur, ce qui est id\u00e9al pour soulager vos articulations. Vous trouverez pr\u00e9cis\u00e9ment le niveau de confort qui vous convient.<\/p>\n<p>&nbsp;<\/p>\n<p>[button title=\u00a0\u00bbGuide comparatif des tapis\u00a0\u00bb link=\u00a0\u00bbhttps:\/\/www.yoga-nest.com\/tapis_de_yoga_mat\/\u00a0\u00bb target=\u00a0\u00bb_blank\u00a0\u00bb align=\u00a0\u00bbcenter\u00a0\u00bb icon=\u00a0\u00bb\u00a0\u00bb icon_position=\u00a0\u00bb\u00a0\u00bb color=\u00a0\u00bb\u00a0\u00bb font_color=\u00a0\u00bb\u00a0\u00bb size=\u00a0\u00bb2&Prime; full_width=\u00a0\u00bb\u00a0\u00bb class=\u00a0\u00bbbouttontaille\u00a0\u00bb download=\u00a0\u00bb\u00a0\u00bb rel=\u00a0\u00bb\u00a0\u00bb]<\/p>\n<p>&nbsp;<\/p>\n<p class=\"manquante\" style=\"text-align: center;\">Mod\u00e8le manquant ? <a href=\"mailto:serviceclients@yoga-nest.com\">Contactez-nous<\/a><\/p>\n","protected":false},"featured_media":1200,"comment_status":"open","ping_status":"open","template":"","meta":[],"product_cat":[33,26],"product_tag":[29],"_links":{"self":[{"href":"https:\/\/yoganest.vaniseo.pro\/index.php\/wp-json\/wp\/v2\/product\/2487"}],"collection":[{"href":"https:\/\/yoganest.vaniseo.pro\/index.php\/wp-json\/wp\/v2\/product"}],"about":[{"href":"https:\/\/yoganest.vaniseo.pro\/index.php\/wp-json\/wp\/v2\/types\/product"}],"replies":[{"embeddable":true,"href":"https:\/\/yoganest.vaniseo.pro\/index.php\/wp-json\/wp\/v2\/comments?post=2487"}],"wp:featuredmedia":[{"embeddable":true,"href":"https:\/\/yoganest.vaniseo.pro\/index.php\/wp-json\/wp\/v2\/media\/1200"}],"wp:attachment":[{"href":"https:\/\/yoganest.vaniseo.pro\/index.php\/wp-json\/wp\/v2\/media?parent=2487"}],"wp:term":[{"taxonomy":"product_cat","embeddable":true,"href":"https:\/\/yoganest.vaniseo.pro\/index.php\/wp-json\/wp\/v2\/product_cat?post=2487"},{"taxonomy":"product_tag","embeddable":true,"href":"https:\/\/yoganest.vaniseo.pro\/index.php\/wp-json\/wp\/v2\/product_tag?post=2487"}],"curies":[{"name":"wp","href":"https:\/\/api.w.org\/{rel}","templated":true}]}}