{"id":247,"date":"2021-03-24T02:07:18","date_gmt":"2021-03-24T01:07:18","guid":{"rendered":"https:\/\/yoganest.vaniseo.pro\/index.php\/product\/balle-automassage-coregeous-gonflable-20cm-3\/"},"modified":"2024-03-06T14:16:44","modified_gmt":"2024-03-06T13:16:44","slug":"balle-automassage-coregeous-gonflable-20cm-3","status":"publish","type":"product","link":"https:\/\/yoganest.vaniseo.pro\/index.php\/product\/balle-automassage-coregeous-gonflable-20cm-3\/","title":{"rendered":"Balle automassage Coregeous | gonflable 20cm"},"content":{"rendered":"<p>Notre r\u00e9gion abdominale abrite de nombreux organes et muscles qui sont primordiaux et pourtant souvent n\u00e9glig\u00e9s. Le ballon de massage Coregeous a \u00e9t\u00e9 con\u00e7u pour acc\u00e9der en douceur \u00e0 vos abdominaux inf\u00e9rieurs.<\/p>\n<p>Gonflez votre balle d\u2019air \u00e0 laide de la paille (fournie). Elle est dot\u00e9e d\u2019une texture douce et extensible, l\u2019utilisation de cette balle de mani\u00e8re r\u00e9guli\u00e8re peut soulager le stress et la tension gr\u00e2ce \u00e0 la stimulation du nerf vagal.<\/p>\n<p>De par sa douceur et sa souplesse particuli\u00e8re, la Coregeous peut \u00eatre utilis\u00e9e pour les soins pr\u00e9ventifs ou lors d\u2019une phase de r\u00e9cup\u00e9ration, notamment pendant et apr\u00e8s une grosesse ainsi qu\u2019en post-op\u00e9ratoire. Pour encore plus de b\u00e9n\u00e9fices et une remise en forme de l\u2019ensemble de votre corps, n\u2019h\u00e9sitez pas \u00e0 utiliser les balles d&rsquo;auto-massage de Yoga Tune Up comme les Original Therapy Balls en compl\u00e9ment de votre Coregeous. Vous re-prendrez ainsi progressivement en main le pouvoir de soigner votre corps.<\/p>\n<p>L\u2019automassage est une pratique qui vous apporte de nombreux bienfaits, notamment les suivants :<\/p>\n<ul>\n<li>Permet un massage en profondeur des tissus conjonctifs, muscles et fascias.<\/li>\n<li>Lib\u00e8re les n\u0153uds musculaires, aide \u00e0 d\u00e9tendre en profondeur les sensations de raideur de votre corps, assouplit et \u00e9tire toutes les parties du corps.<\/li>\n<li>Permet une posture plus juste en am\u00e9liorant sa proprioception (notre perception de la position et des mouvements de notre propre corps dans l\u2019espace). Dans nos habitudes quotidiennes, nous prenons g\u00e9n\u00e9ralement de mauvaises postures. Par exemple, pendant les longues heures de travail assises, durant lesquelles on a le r\u00e9flexe de contracter, sans m\u00eame le r\u00e9aliser, les muscles, les \u00e9paules, la nuque, le bas du dos, etc. Les \u00e9tirements r\u00e9alis\u00e9s en automassage permettent un rel\u00e2chement de l\u2019entier du corps.<\/li>\n<li>Aide les sportifs \u00e0 gagner en performances. Cette discipline est id\u00e9ale dans le cadre d\u2019une pratique sportive soutenue durant laquelle les muscles et les articulations sont beaucoup sollicit\u00e9s et les courbatures fr\u00e9quentes.<\/li>\n<li>Augmente votre flexibilit\u00e9 et l\u2019amplitude de mouvement des articulations. Am\u00e9liore votre souplesse.<\/li>\n<li>Renforce votre concentration.<\/li>\n<li>Apaise l\u2019esprit, calme votre syst\u00e8me nerveux, r\u00e9duit votre stress. Id\u00e9al si vous cherchez \u00e0 vous relaxer et \u00e0 red\u00e9marrer sur de bonnes bases. Le stress a de nombreux effets secondaires comme une inflammation des tissus, une mauvaise circulation sanguine, une tension musculaire. L\u2019automassage permet de prendre du temps pour soi et de remettre les compteurs \u00e0 z\u00e9ro.<\/li>\n<li>Am\u00e8ne une r\u00e9duction des douleurs dues \u00e0 une mauvaise \/ trop grande \/ trop faible sollicitation de certaines zones du corps (par exemple le mal de dos, des hanches, des cuisses, des genoux, des talons, des psoas\u2026).<\/li>\n<\/ul>\n<p>[accordion title=\u00a0\u00bb\u00a0\u00bb open1st=\u00a0\u00bb0&Prime; openAll=\u00a0\u00bb0&Prime;][accordion_item title=\u00a0\u00bbEntretien\u00a0\u00bb]Les balles Yoga Tune UP, y compris les gonflables Coregeous ne doivent pas \u00eatre laiss\u00e9es \u00e0 la lumi\u00e8re directe apr\u00e8s usage. Pour que leur mat\u00e9riau reste souple et adh\u00e9rent, conservez-les dans un sac de sport ou un contenant ferm\u00e9. Important: n&rsquo;utilisez pas et ne laissez pas votre balle Coregeous sur un meuble, un sol ou un quelconque \u00e2tre objet qui serait laqu\u00e9, vitrifi\u00e9, glac\u00e9, lamin\u00e9 ou de nature similaire car la texture de la balle pourrait endommager durablement ces surfaces.[\/accordion_item][\/accordion][accordion title=\u00a0\u00bb\u00a0\u00bb open1st=\u00a0\u00bb0&Prime; openAll=\u00a0\u00bb0&Prime;][accordion_item title=\u00a0\u00bbTypes d&rsquo;activit\u00e9s\u00a0\u00bb]Pilates, Yin yoga, Yoga Restauratif, Yoga pr\u00e9natal, Automassage Myofascial, Workout, Gymnastique, Crossfit[\/accordion_item][\/accordion][accordion title=\u00a0\u00bb\u00a0\u00bb open1st=\u00a0\u00bb0&Prime; openAll=\u00a0\u00bb0&Prime;][accordion_item title=\u00a0\u00bbPourquoi on adore ce produit \u00ab\u00a0]Ce ballon est d&rsquo;une taille id\u00e9ale pour stimuler diff\u00e9rentes parties du corps (diam\u00e8tre env. 20cm). D\u00e9gonflable et poids-plume, on le glisse facilement dans notre sac en voyage, en route vers le bureau ou le sport.<\/p>\n<p>On adore la balle Coregeous qui nous \u00e9duque sur l\u2019acc\u00e8s \u00e0 nos couches abdominales profondes avec pour b\u00e9n\u00e9fices destimuler notre digestion, d\u00e9tendre nos muscles et ouvrir notre fonction respiratoire.<\/p>\n<p>Lorsque nous sommes en stress ou sous tension, la Coregeous nous fait d\u00e9couvrir une m\u00e9thode pour nous soigner nous-m\u00eame, principalement en stimulant le nerf vagal.<\/p>\n<p>En renforcement musculaire (pilates et workout), en massage global actif, en r\u00e9\u00e9ducation post-partum ou post-op\u00e9ratoire, c&rsquo;est une merveille absolue pour travailler sur la conscience de la respiration et booster notre relaxation.<\/p>\n<p>Nous utilisons notamment ces balles dans nos cours d&rsquo;<a title=\"Automassage Myofascial\" href=\"http:\/\/yoga-nest.com\/portfolio-item\/french-mfr-roll-release\/\" target=\"_blank\" rel=\"noopener\">automassage myofascial<\/a>. Apprenez \u00e0 lib\u00e9rer vos tensions musculaires et gagnez en qualit\u00e9 de vie, retrouvez l&rsquo;harmonie entre le corps et l&rsquo;esprit.[\/accordion_item][\/accordion][accordion title=\u00a0\u00bb\u00a0\u00bb open1st=\u00a0\u00bb0&Prime; openAll=\u00a0\u00bb0&Prime; style=\u00a0\u00bb\u00a0\u00bb][accordion_item title=\u00a0\u00bbPaiement, livraison &amp; retours\u00a0\u00bb]Pour les informations sur les alternatives de paiement, de livraison et les retours, merci de cliquer <a class=\"linkcgv\" href=\"https:\/\/www.yoga-nest.com\/paiement-livraison-retours\/\" target=\"_blank\" rel=\"noopener\">ICI<\/a>[\/accordion_item][\/accordion]<\/p>\n<p><span style=\"color: #b01da4;\"><strong>La Marque<\/strong><\/span><\/p>\n<p><strong>Yoga Tune Up\u00a0<\/strong><\/p>\n<p>La marque s&rsquo;est inspir\u00e9e du yoga traditionnel pour d\u00e9velopper sa propre m\u00e9thode th\u00e9rapeutique. Gr\u00e2ce \u00e0 des \u00e9tirements en profondeur, vous rel\u00e2chez les tensions, lib\u00e9rez vos crispations et oubliez vos douleurs install\u00e9es depuis bien trop longtemps. Yoga Tune Up a d\u00e9velopp\u00e9 des accessoires autour de cette m\u00e9thode dont des balles d&rsquo;automassage.<\/p>\n<p><a class=\"boutonmarque\" title=\"Yoga Tune Up\" href=\"http:\/\/yoga-nest.com\/yoga-tune-up\/\" target=\"_blank\" rel=\"noopener\">En savoir plus<\/a><\/p>\n","protected":false},"excerpt":{"rendered":"<p>La balle Coregeous\u00ae est une balle gonflable dot\u00e9e d\u2019une mati\u00e8re douce et extensible, tout \u00e0 fait unique telle une \u00ab\u00a0peau\u00a0\u00bb qui imite le toucher de la paume d&rsquo;un \u00eatre humain. Elle est inimitable pour am\u00e9liorer la m\u00e9canique respiratoire, travailler sur les tissus cicatriciels, lib\u00e9rer les tensions myofasciales et initier vos r\u00e9ponses inn\u00e9es de relaxation via notamment le nerf vague.<\/p>\n<p>Utilisez-la par exemple pour rel\u00e2cher en douceur et en s\u00e9curit\u00e9 les tensions dans vos abdominaux les plus profonds, vos psoas et votre torse. En auto-massage et avec des exercices de respiration, elle est imm\u00e9diatement b\u00e9n\u00e9fique pour\u00a0r\u00e9tablir la connexion avec la respiration et soulager le stress. Elle permet plus largement de r\u00e9tablir\u00a0le mouvement dans tout le corps, d&rsquo;am\u00e9liorer votre mobilit\u00e9 et votre performance.<\/p>\n<p>Cette balle unique en son genre mesure environ 20 cm de diam\u00e8tre quand elle est gonfl\u00e9e et se fait toute petite dans votre sac une fois d\u00e9gonfl\u00e9e.<\/p>\n<p>&nbsp;<\/p>\n<p class=\"manquante\" style=\"text-align: center;\">Couleur manquante ? <a href=\"mailto:serviceclients@yoga-nest.com\">Contactez-nous<\/a><\/p>\n","protected":false},"featured_media":124,"comment_status":"open","ping_status":"open","template":"","meta":[],"product_cat":[21,20],"product_tag":[22],"_links":{"self":[{"href":"https:\/\/yoganest.vaniseo.pro\/index.php\/wp-json\/wp\/v2\/product\/247"}],"collection":[{"href":"https:\/\/yoganest.vaniseo.pro\/index.php\/wp-json\/wp\/v2\/product"}],"about":[{"href":"https:\/\/yoganest.vaniseo.pro\/index.php\/wp-json\/wp\/v2\/types\/product"}],"replies":[{"embeddable":true,"href":"https:\/\/yoganest.vaniseo.pro\/index.php\/wp-json\/wp\/v2\/comments?post=247"}],"wp:featuredmedia":[{"embeddable":true,"href":"https:\/\/yoganest.vaniseo.pro\/index.php\/wp-json\/wp\/v2\/media\/124"}],"wp:attachment":[{"href":"https:\/\/yoganest.vaniseo.pro\/index.php\/wp-json\/wp\/v2\/media?parent=247"}],"wp:term":[{"taxonomy":"product_cat","embeddable":true,"href":"https:\/\/yoganest.vaniseo.pro\/index.php\/wp-json\/wp\/v2\/product_cat?post=247"},{"taxonomy":"product_tag","embeddable":true,"href":"https:\/\/yoganest.vaniseo.pro\/index.php\/wp-json\/wp\/v2\/product_tag?post=247"}],"curies":[{"name":"wp","href":"https:\/\/api.w.org\/{rel}","templated":true}]}}