{"id":2440,"date":"2021-04-02T02:08:46","date_gmt":"2021-04-02T00:08:46","guid":{"rendered":"https:\/\/yoganest.vaniseo.pro\/index.php\/product\/sac-a-tapis-taj-mahal-2\/"},"modified":"2024-03-06T19:42:08","modified_gmt":"2024-03-06T18:42:08","slug":"sac-a-tapis-taj-mahal-2","status":"publish","type":"product","link":"https:\/\/yoganest.vaniseo.pro\/index.php\/product\/sac-a-tapis-taj-mahal-2\/","title":{"rendered":"Sac \u00e0 tapis | Taj Mahal"},"content":{"rendered":"<p>Ce sac de tapis de yoga dispose de deux compartiments pratiques avec fermetures \u00e9clairs. Le compartiment int\u00e9rieur mesure 15 cm de haut et 14 cm de large. Le compartiment ext\u00e9rieur mesure, lui, 24 cm de haut et 19 cm de large.\u00a0 Ainsi, en plus de votre tapis de yoga, vous pouvez transporter s\u00e9par\u00e9ment vos effets personnels lorsque vous vous rendez \u00e0 votre s\u00e9ance et les garder bien rang\u00e9s pendant votre pratique.<\/p>\n<p>Sa bandouli\u00e8re est ajustable et s\u2019adapte donc facilement \u00e0 votre taille et \u00e0 la mani\u00e8re dont vous d\u00e9sirez porter votre sac.<\/p>\n<p>Ses dimensions conviennent \u00e0 tous les tapis de yoga standards. Ce sac se ferme en haut par un cordon de serrage.<\/p>\n<p>Les tissus utilis\u00e9s pour les sacs de tapis de yoga de la collection \u00abTaj Mahal\u00bb sont en coton biologique et ont \u00e9t\u00e9 fabriqu\u00e9s dans une petite entreprise du Rajasthan (pour plus de d\u00e9tails sur la production, d\u00e9couvrez la Marque en bas de page).<\/p>\n<p>La technique d\u2019impression sur ses tissus, r\u00e9alis\u00e9e avec des tampons sp\u00e9cialement fabriqu\u00e9s \u00e0 cet effet, s\u2019appelle blockprint. Cette technique est une tradition indienne qui se transmet de g\u00e9n\u00e9ration en g\u00e9n\u00e9ration.<\/p>\n<p>[accordion title=\u00a0\u00bb\u00a0\u00bb open1st=\u00a0\u00bb0&Prime; openAll=\u00a0\u00bb0&Prime;][accordion_item title=\u00a0\u00bbEntretien\u00a0\u00bb]<\/p>\n<p>Ce sac de tapis de yoga peut \u00eatre lav\u00e9 facilement, privil\u00e9giez toutefois un lavage \u00e0 la main ou \u00e0 temp\u00e9rature tr\u00e8s basse.<\/p>\n<p>[\/accordion_item][\/accordion]<\/p>\n<p>[accordion title=\u00a0\u00bb\u00a0\u00bb open1st=\u00a0\u00bb0&Prime; openAll=\u00a0\u00bb0&Prime; style=\u00a0\u00bb\u00a0\u00bb][accordion_item title=\u00a0\u00bbTypes d&rsquo;activit\u00e9s\u00a0\u00bb]<\/p>\n<p>Pilates, Yin yoga, Yoga restauratif, M\u00e9ditation, Yoga nidra, Mindfulness, Hatha yoga, Ashtanga yoga, Power yoga, Flow yoga, Hot yoga, Iyengar yoga, Kundalini yoga, Yoga a\u00e9rien, Acro yoga, Yoga pr\u00e9natal, Yoga en plein air, Yoga en voyage, Automassage Myofascial, Stretching, Workout, Gymnastique, Crossfit, Streetwear, Casualwear<\/p>\n<p>[\/accordion_item][\/accordion]<\/p>\n<p>[accordion title=\u00a0\u00bb\u00a0\u00bb open1st=\u00a0\u00bb0&Prime; openAll=\u00a0\u00bb0&Prime; style=\u00a0\u00bb\u00a0\u00bb][accordion_item title=\u00a0\u00bbPourquoi on adore ce produit\u00a0\u00bb]On adore les petites irr\u00e9gularit\u00e9s que l\u2019on peut trouver dans les motifs de ce sac \u00e9tant donn\u00e9 qu\u2019il est fait \u00e0 la main. C\u2019est justement ce qui le rend unique et personnalis\u00e9.<\/p>\n<p>Suffisamment \u00e9pais, il prot\u00e8ge \u00e0 merveille notre tapis de yoga. Son tissu 100% bio est imprim\u00e9 dans le respect de l\u2019homme et de la plan\u00e8te.<\/p>\n<p>Il s&rsquo;assortit tr\u00e8s bien \u00e0 tous nos autres accessoires de la marque, comme le zafu \u201cTaj Mahal\u201d ou le bolster de l&rsquo;\u00e9dition Gold Print.[\/accordion_item][\/accordion]<\/p>\n<p>[accordion title=\u00a0\u00bb\u00a0\u00bb open1st=\u00a0\u00bb0&Prime; openAll=\u00a0\u00bb0&Prime; style=\u00a0\u00bb\u00a0\u00bb][accordion_item title=\u00a0\u00bbPaiements, livraison &amp; retours\u00a0\u00bb]<\/p>\n<p>Pour les informations sur les alternatives de paiement, de livraison et les retours, merci de cliquer\u00a0<a class=\"linkcgv\" href=\"https:\/\/www.yoga-nest.com\/paiement-livraison-retours\/\" target=\"_blank\" rel=\"noopener\">ICI<\/a><\/p>\n<p>[\/accordion_item][\/accordion]<\/p>\n<p>[one]<\/p>\n<p><span style=\"color: #b01da4;\"><b>La Marque<\/b><\/span><\/p>\n<p><b>Yoga Boutique \u2013 Des articles pour le yoga exclusifs, fonctionnels et \u00e9thiques<\/b><\/p>\n<p><span style=\"font-weight: 400;\">Yoga Boutique est une <\/span><b>start-up familiale suisse<\/b><span style=\"font-weight: 400;\">, n\u00e9e en 2018. Leur gamme est soigneusement s\u00e9lectionn\u00e9e : <\/span><b>tapis de yoga fabriqu\u00e9s \u00e0 partir de mat\u00e9riaux durables, beaux coussins de m\u00e9ditation, v\u00eatements de yoga super confortables pour tous. <\/b><span style=\"font-weight: 400;\">Les produits sont con\u00e7us directement par les fondateurs et sont donc exclusifs. Un soin particulier est donn\u00e9 \u00e0 la provenance des mat\u00e9riaux, aux designs et aux fonctionnalit\u00e9s.<\/span><\/p>\n<p><a class=\"boutonmarque\" title=\"Yoga Boutique\" href=\"http:\/\/www.yoga-nest.com\/yoga-boutique\/\"><span style=\"font-weight: 400;\">En savoir plus<\/span><\/a><\/p>\n<p>[\/one]<\/p>\n","protected":false},"excerpt":{"rendered":"<p>Ce magnifique sac \u00e0 tapis de yoga, avec ses imprim\u00e9s fa\u00e7on \u201cTaj Mahal\u201d, est id\u00e9al pour prot\u00e9ger votre tapis de la poussi\u00e8re et du soleil. Ainsi, vous conserverez votre tapis plus longtemps et pleinement performant.<\/p>\n<p>Gr\u00e2ce \u00e0 sa bandouli\u00e8re, vous pouvez transporter votre tapis de yoga partout avec vous, en toute facilit\u00e9.<\/p>\n<p>La marque Yoga Boutique a pens\u00e9 \u00e0 l&rsquo;esth\u00e9tique de ces sacs et elle a cr\u00e9\u00e9 une collection \u201cTaj Mahal\u201d. Vous pouvez ainsi l\u2019assortir \u00e0 votre zafu Taj Mahal et votre bolster Uni et vous aurez un ensemble d\u2019accessoires de yoga harmonieux.<\/p>\n<p>&nbsp;<\/p>\n<p style=\"text-align: center;\">Mod\u00e8le manquant ? <a href=\"mailto:serviceclients@yoga-nest.com\">Contactez-nous<\/a><\/p>\n","protected":false},"featured_media":592,"comment_status":"open","ping_status":"open","template":"","meta":[],"product_cat":[54,20],"product_tag":[29],"_links":{"self":[{"href":"https:\/\/yoganest.vaniseo.pro\/index.php\/wp-json\/wp\/v2\/product\/2440"}],"collection":[{"href":"https:\/\/yoganest.vaniseo.pro\/index.php\/wp-json\/wp\/v2\/product"}],"about":[{"href":"https:\/\/yoganest.vaniseo.pro\/index.php\/wp-json\/wp\/v2\/types\/product"}],"replies":[{"embeddable":true,"href":"https:\/\/yoganest.vaniseo.pro\/index.php\/wp-json\/wp\/v2\/comments?post=2440"}],"wp:featuredmedia":[{"embeddable":true,"href":"https:\/\/yoganest.vaniseo.pro\/index.php\/wp-json\/wp\/v2\/media\/592"}],"wp:attachment":[{"href":"https:\/\/yoganest.vaniseo.pro\/index.php\/wp-json\/wp\/v2\/media?parent=2440"}],"wp:term":[{"taxonomy":"product_cat","embeddable":true,"href":"https:\/\/yoganest.vaniseo.pro\/index.php\/wp-json\/wp\/v2\/product_cat?post=2440"},{"taxonomy":"product_tag","embeddable":true,"href":"https:\/\/yoganest.vaniseo.pro\/index.php\/wp-json\/wp\/v2\/product_tag?post=2440"}],"curies":[{"name":"wp","href":"https:\/\/api.w.org\/{rel}","templated":true}]}}