{"id":244,"date":"2021-03-24T01:16:09","date_gmt":"2021-03-24T00:16:09","guid":{"rendered":"https:\/\/yoganest.vaniseo.pro\/index.php\/product\/tapis-velours-mandala-3\/"},"modified":"2024-03-06T15:35:38","modified_gmt":"2024-03-06T14:35:38","slug":"tapis-velours-mandala-3","status":"publish","type":"product","link":"https:\/\/yoganest.vaniseo.pro\/index.php\/product\/tapis-velours-mandala-3\/","title":{"rendered":"Tapis Velours | Mandala"},"content":{"rendered":"<p><span style=\"font-weight: 400;\">Le tapis de yoga Mandala en velours a un design tendance avec une surface douce et velout\u00e9e. Ce tapis de yoga vous invite \u00e0 la pratique et met un sourire sur votre visage lorsque vous le d\u00e9roulez.\u00a0<\/span><\/p>\n<p><span style=\"font-weight: 400;\">Le mandala est souvent repr\u00e9sent\u00e9 dans l&rsquo;univers du yoga. Le mot mandala signifie \u201ccercle\u201d en sanskrit. Il aide \u00e0 canaliser son attention et se reconnecter pendant ses s\u00e9ances. Un mandala ram\u00e8ne toujours l&rsquo;attention en son centre.<\/span><\/p>\n<p><span style=\"font-weight: 400;\">Les tapis Yoga Boutique sont exempts de PVC, de silicone et de phtalates.<\/span><\/p>\n<p><span style=\"font-weight: 400;\">Le dessous du tapis est en caoutchouc naturel durable (biod\u00e9gradable), qui est un mat\u00e9riau tr\u00e8s antid\u00e9rapant. Cela vous assure une parfaire stabilit\u00e9 car le tapis ne glissera pas sur le sol quelques soient vos mouvements.<\/span><\/p>\n<p><span style=\"font-weight: 400;\">Sa face sup\u00e9rieure est constitu\u00e9e d&rsquo;un mat\u00e9riel sp\u00e9cial en microfibre qui est doux comme du velours au toucher.<\/span><\/p>\n<p><span style=\"font-weight: 400;\">La surface absorbante en microfibre du tapis Velours Mandala violet absorbe l&rsquo;humidit\u00e9. Les tapis de yoga \u00ab\u00a0Velours\u00a0\u00bb sont donc tr\u00e8s bien adapt\u00e9s aux pratiquants qui transpirent facilement. Contrairement aux autres tapis sur lesquels vous glissez plus rapidement lorsque vos mains et vos pieds sont mouill\u00e9s, cette surface en microfibre est con\u00e7ue pour vous donner plus d&rsquo;adh\u00e9rence lorsque vos mains et vos pieds sont l\u00e9g\u00e8rement humides. Ce tapis de yoga convient donc parfaitement aux personnes qui transpirent rapidement.<\/span><\/p>\n<p><span style=\"font-weight: 400;\">Le tapis de yoga en velours est \u00e9galement parfait pour vous si vous pratiquez un style de yoga plut\u00f4t tranquille o\u00f9 vous ne transpirez pas et\/ou si vous avez plut\u00f4t les mains et les pieds froids et secs, mais que la r\u00e9sistance au glissement n&rsquo;est pas une priorit\u00e9 absolue.\u00a0<\/span><\/p>\n<p><span style=\"font-weight: 400;\">Si vous recherchez un tapis de yoga tr\u00e8s antid\u00e9rapant et que vous avez tendance \u00e0 avoir les mains et les pieds secs et froids ou \u00e0 pratiquer en chaussettes, ce tapis de yoga n&rsquo;est pas fait pour vous. Dans ce cas, nous vous recommandons de choisir un tapis de la gamme SuperGrip.<\/span><\/p>\n<p>Poids: 2.4 kg pour 3.5mm \/ 3.4kg pour 5.5mm<\/p>\n<p>[accordion title=\u00a0\u00bb\u00a0\u00bb open1st=\u00a0\u00bb0&Prime; openAll=\u00a0\u00bb0&Prime;][accordion_item title=\u00a0\u00bbEntretien\u00a0\u00bb]<span style=\"font-weight: 400;\">Afin de profiter plus longtemps de votre tapis de yoga, nous vous recommandons de toujours ranger le tapis apr\u00e8s le yoga dans un endroit sec et prot\u00e9g\u00e9 de la lumi\u00e8re du soleil.<\/span><\/p>\n<p><span style=\"font-weight: 400;\">Si le tapis se salit, vous pouvez l&rsquo;essuyer d\u00e9licatement avec un chiffon humide (avec une surface douce), puis le laisser s\u00e9cher.\u00a0<\/span><\/p>\n<p><span style=\"font-weight: 400;\">Nous recommandons le lavage plus doux \u00e0 la main, mais si vous souhaitez laver le tapis m\u00e9caniquement, veuillez tenir compte des points suivants :<\/span><\/p>\n<ul>\n<li style=\"font-weight: 400;\" aria-level=\"1\"><span style=\"font-weight: 400;\">Temp\u00e9rature maximale de 30\u00b0 C<\/span><\/li>\n<li style=\"font-weight: 400;\" aria-level=\"1\"><span style=\"font-weight: 400;\">Lavez en cycle d\u00e9licat (faible rotation du tambour, pas d&rsquo;essorage).<\/span><\/li>\n<li style=\"font-weight: 400;\" aria-level=\"1\"><span style=\"font-weight: 400;\">Utilisez un d\u00e9tergent doux. Ne pas utiliser d&rsquo;adoucissant pour le linge\u00a0<\/span><\/li>\n<li style=\"font-weight: 400;\" aria-level=\"1\"><span style=\"font-weight: 400;\">Laissez s\u00e9cher le tapis de yoga \u00e0 l&rsquo;ombre dans un endroit a\u00e9r\u00e9<\/span>[\/accordion_item][\/accordion]<\/li>\n<\/ul>\n<p>[accordion title=\u00a0\u00bb\u00a0\u00bb open1st=\u00a0\u00bb0&Prime; openAll=\u00a0\u00bb0&Prime; style=\u00a0\u00bb\u00a0\u00bb][accordion_item title=\u00a0\u00bbTypes d&rsquo;activit\u00e9s\u00a0\u00bb]<span style=\"font-weight: 400;\">Pilates, Yin yoga, Yoga restauratif, M\u00e9ditation, Hatha-yoga, Flow yoga, Ashtanga yoga, Yoga nidra, Mindfulness, Iyengar yoga, Yoga a\u00e9rien, Automassage myofascial, Pilates, Stretching<\/span>[\/accordion_item][\/accordion]<\/p>\n<p>[accordion title=\u00a0\u00bb\u00a0\u00bb open1st=\u00a0\u00bb0&Prime; openAll=\u00a0\u00bb0&Prime; style=\u00a0\u00bb\u00a0\u00bb][accordion_item title=\u00a0\u00bbPourquoi on adore ce produit\u00a0\u00bb]<span style=\"font-weight: 400;\">Sa texture est incroyable. Une fois qu\u2019on l\u2019a essay\u00e9, il est adopt\u00e9.\u00a0<\/span><\/p>\n<p><span style=\"font-weight: 400;\">C&rsquo;est surprenant mais c&rsquo;est prouv\u00e9, la surface velours est id\u00e9ale pour les mains et les pieds qui ont tendance \u00e0 transpirer. On sait comme cela est d\u00e9sagr\u00e9able de glisser en permanence sur son tapis. Gr\u00e2ce au tapis de yoga en velours, vous n\u2019aurez plus qu\u2019\u00e0 vous concentrer sur vos positions sans vous soucier d\u2019un d\u00e9rapage.<\/span><\/p>\n<p><span style=\"font-weight: 400;\">En plus de cela, on peut choisir entre plusieurs \u00e9paisseurs selon nos pr\u00e9f\u00e9rences.<\/span><\/p>\n<p><span style=\"font-weight: 400;\">Cette gamme est divinement belle. Elle nous offre une vision magique \u00e0 l\u2019endroit ou \u00e0 l\u2019envers. Le mandala est un symbole important dans le yoga. Il s\u2019accorde tr\u00e8s bien avec cette pratique.<\/span>[\/accordion_item][\/accordion]<\/p>\n<p>[accordion title=\u00a0\u00bb\u00a0\u00bb open1st=\u00a0\u00bb0&Prime; openAll=\u00a0\u00bb0&Prime; style=\u00a0\u00bb\u00a0\u00bb][accordion_item title=\u00a0\u00bbPaiements, livraison &amp; retours\u00a0\u00bb]Pour les informations sur les alternatives de paiement, de livraison et les retours, merci de cliquer\u00a0<a class=\"linkcgv\" href=\"https:\/\/www.yoga-nest.com\/paiement-livraison-retours\/\" target=\"_blank\" rel=\"noopener\">ICI<\/a>[\/accordion_item][\/accordion]<\/p>\n<p>[one]<\/p>\n<p><span style=\"color: #b01da4;\"><b>La Marque<\/b><\/span><\/p>\n<p><b>Yoga Boutique \u2013 Des articles pour le yoga exclusifs, fonctionnels et \u00e9thiques<\/b><\/p>\n<p><span style=\"font-weight: 400;\">Yoga Boutique est une <\/span><b>start-up familiale suisse<\/b><span style=\"font-weight: 400;\">, n\u00e9e en 2018. Leur gamme est soigneusement s\u00e9lectionn\u00e9e : <\/span><b>tapis de yoga fabriqu\u00e9s \u00e0 partir de mat\u00e9riaux durables, beaux coussins de m\u00e9ditation, v\u00eatements de yoga super confortables pour tous. <\/b><span style=\"font-weight: 400;\">Les produits sont con\u00e7us directement par les fondateurs et sont donc exclusifs. Un soin particulier est donn\u00e9 \u00e0 la provenance des mat\u00e9riaux, aux designs et aux fonctionnalit\u00e9s.<\/span><\/p>\n<p><a class=\"boutonmarque\" title=\"Yoga Boutique\" href=\"http:\/\/www.yoga-nest.com\/yoga-boutique\/\"><span style=\"font-weight: 400;\">En savoir plus<\/span><\/a><\/p>\n<p>[\/one]<\/p>\n","protected":false},"excerpt":{"rendered":"<div class=\"j-module n j-hr \">\n<p><span style=\"font-weight: 400;\">Le tapis de yoga Mandala en velours vous offre une surface confortable pour pratiquer toutes sortes de yoga et m\u00e9ditation. Il est agr\u00e9able et permet de se sentir ancr\u00e9 dans le tapis. Les motifs Mandala lui donnent un visuel magnifique. La t\u00eate \u00e0 l\u2019envers, on peut admirer ce beau symbole dont on ne se lasse pas.<\/span><\/p>\n<p><span style=\"font-weight: 400;\">L\u00e9ger et au toucher velours, vous pouvez emmener ce tapis dans tous vos cours de yoga.<\/span><\/p>\n<p><span style=\"font-weight: 400;\">La gomme naturelle promet un amorti dense pour prot\u00e9ger efficacement les articulations. Antid\u00e9rapant sur sol sec ou mouill\u00e9, gr\u00e2ce \u00e0 ce tapis vous allez pouvoir r\u00e9aliser vos postures les plus acrobatiques. Sa texture velours extra douce est tr\u00e8s absorbante. Ce dernier est donc confortable et stable. <\/span><\/p>\n<p>&nbsp;<\/p>\n<p>[button title=\u00a0\u00bbGuide comparatif des tapis\u00a0\u00bb link=\u00a0\u00bbhttps:\/\/www.yoga-nest.com\/tapis_de_yoga_mat\/\u00a0\u00bb target=\u00a0\u00bb_blank\u00a0\u00bb align=\u00a0\u00bbcenter\u00a0\u00bb icon=\u00a0\u00bb\u00a0\u00bb icon_position=\u00a0\u00bb\u00a0\u00bb color=\u00a0\u00bb\u00a0\u00bb font_color=\u00a0\u00bb\u00a0\u00bb size=\u00a0\u00bb2&Prime; full_width=\u00a0\u00bb\u00a0\u00bb class=\u00a0\u00bbbouttontaille\u00a0\u00bb download=\u00a0\u00bb\u00a0\u00bb rel=\u00a0\u00bb\u00a0\u00bb]<\/p>\n<p>&nbsp;<\/p>\n<p class=\"manquante\" style=\"text-align: center;\">Mod\u00e8le manquant ? <a href=\"mailto:serviceclients@yoga-nest.com\">Contactez-nous<\/a><\/p>\n<p>&nbsp;<\/p>\n<\/div>\n","protected":false},"featured_media":116,"comment_status":"open","ping_status":"open","template":"","meta":[],"product_cat":[26,42],"product_tag":[29],"_links":{"self":[{"href":"https:\/\/yoganest.vaniseo.pro\/index.php\/wp-json\/wp\/v2\/product\/244"}],"collection":[{"href":"https:\/\/yoganest.vaniseo.pro\/index.php\/wp-json\/wp\/v2\/product"}],"about":[{"href":"https:\/\/yoganest.vaniseo.pro\/index.php\/wp-json\/wp\/v2\/types\/product"}],"replies":[{"embeddable":true,"href":"https:\/\/yoganest.vaniseo.pro\/index.php\/wp-json\/wp\/v2\/comments?post=244"}],"wp:featuredmedia":[{"embeddable":true,"href":"https:\/\/yoganest.vaniseo.pro\/index.php\/wp-json\/wp\/v2\/media\/116"}],"wp:attachment":[{"href":"https:\/\/yoganest.vaniseo.pro\/index.php\/wp-json\/wp\/v2\/media?parent=244"}],"wp:term":[{"taxonomy":"product_cat","embeddable":true,"href":"https:\/\/yoganest.vaniseo.pro\/index.php\/wp-json\/wp\/v2\/product_cat?post=244"},{"taxonomy":"product_tag","embeddable":true,"href":"https:\/\/yoganest.vaniseo.pro\/index.php\/wp-json\/wp\/v2\/product_tag?post=244"}],"curies":[{"name":"wp","href":"https:\/\/api.w.org\/{rel}","templated":true}]}}