{"id":2429,"date":"2021-04-02T01:34:29","date_gmt":"2021-04-01T23:34:29","guid":{"rendered":"https:\/\/yoganest.vaniseo.pro\/index.php\/product\/coussin-de-meditation-gold-print-2\/"},"modified":"2024-03-06T19:41:38","modified_gmt":"2024-03-06T18:41:38","slug":"coussin-de-meditation-gold-print-2","status":"publish","type":"product","link":"https:\/\/yoganest.vaniseo.pro\/index.php\/product\/coussin-de-meditation-gold-print-2\/","title":{"rendered":"Coussin de m\u00e9ditation | Gold Print"},"content":{"rendered":"<p><span style=\"font-weight: 400;\">Il est important et n\u00e9cessaire d\u2019\u00eatre bien install\u00e9 et confortable lors de vos s\u00e9ances de yoga et m\u00e9ditation, ainsi vous pouvez l\u00e2cher prise et vous concentrer uniquement sur votre bien-\u00eatre. Ces coussins que vous pourrez utiliser comme oreiller, support ou assise, vous offriront un confort et un soutien total, ce qui vous permettra de vous rel\u00e2cher \u00a0plus facilement dans les diff\u00e9rentes postures et de prolonger vos s\u00e9ances.\u00a0<\/span><\/p>\n<p><span style=\"font-weight: 400;\">Ces coussins ronds sont issus d\u2019une fabrication artisanale indienne. Imprim\u00e9s et cousus \u00e0 la main dans une petite entreprise familiale en Inde, les tissus utilis\u00e9s sont en coton durable. L\u2019impression sur le dessus se fait gr\u00e2ce \u00e0 des tampons sp\u00e9cialement fabriqu\u00e9s au Rajasthan. Appel\u00e9e blockprint, cette technique est une tradition qui se transmet de g\u00e9n\u00e9ration en g\u00e9n\u00e9ration depuis plusieurs ann\u00e9es et requiert beaucoup de pr\u00e9cision et d&rsquo;habilet\u00e9.\u00a0<\/span><\/p>\n<p><span style=\"font-weight: 400;\">Les coussins sont ensuite assembl\u00e9s en Suisse puis remplis avec la meilleure balle d\u2019\u00e9peautre suisse.\u00a0<\/span><\/p>\n<p>[accordion title=\u00a0\u00bb\u00a0\u00bb open1st=\u00a0\u00bb0&Prime; openAll=\u00a0\u00bb0&Prime;][accordion_item title=\u00a0\u00bbEntretien\u00a0\u00bb]<span style=\"font-weight: 400;\">Fabriqu\u00e9s \u00e0 partir d&rsquo;un tissu de coton durable, brut et non trait\u00e9, ces coussins ne doivent \u00eatre lav\u00e9s qu\u2019\u00e0 la main, car sinon le tissu de coton brut peut r\u00e9tr\u00e9cir rapidement.<\/span>[\/accordion_item][\/accordion]<\/p>\n<p>[accordion title=\u00a0\u00bb\u00a0\u00bb open1st=\u00a0\u00bb0&Prime; openAll=\u00a0\u00bb0&Prime; style=\u00a0\u00bb\u00a0\u00bb][accordion_item title=\u00a0\u00bbTypes d&rsquo;activit\u00e9s\u00a0\u00bb]<span style=\"font-weight: 400;\">Yin Yoga, Yoga Restorative, M\u00e9ditation, Yoga Nidra, Mindfulness, Iyengar yoga, Kundalini yoga, Yoga pr\u00e9natal, Cocooning \u00e0 la maison<\/span>[\/accordion_item][\/accordion]<\/p>\n<p>[accordion title=\u00a0\u00bb\u00a0\u00bb open1st=\u00a0\u00bb0&Prime; openAll=\u00a0\u00bb0&Prime; style=\u00a0\u00bb\u00a0\u00bb][accordion_item title=\u00a0\u00bbPourquoi on adore ce produit\u00a0\u00bb]<span style=\"font-weight: 400;\">Cet zafu est tr\u00e8s pratique : gr\u00e2ce \u00e0 sa poign\u00e9e de transport, on l\u2019emm\u00e8ne partout avec nous. Au studio ou en retraite de yoga, il nous accompagne pour toujours s\u2019installer confortablement.<\/span><\/p>\n<p><span style=\"font-weight: 400;\">Sa hauteur est id\u00e9ale pour celles et ceux qui appr\u00e9cient une assise bien sur\u00e9lev\u00e9e. Toutefois, elle<\/span><span style=\"font-weight: 400;\"> peut \u00eatre ajust\u00e9e \u00e0 tout moment \u00e0 vos besoins gr\u00e2ce \u00e0 la mall\u00e9abilit\u00e9 des grains qu&rsquo;elle contient. En Yin et en yoga Restauratif, on s&rsquo;en sert souvent en le calant l\u00e0 o\u00f9 il est n\u00e9cessaire, sous le bassin, un genou, la t\u00eate ou le front,&#8230;\u00a0<\/span><\/p>\n<p><span style=\"font-weight: 400;\">On appr\u00e9cie sa fabrication artisanale, dans un premier temps en Inde, pour le tissu du zafu puis ensuite en Suisse pour le remplissage interne.\u00a0<\/span><\/p>\n<p><span style=\"font-weight: 400;\">On adore les dessins en or sur le dessus du coussin qui le rendent magnifique et unique. Une pi\u00e8ce aux tons unis qui s&rsquo;assortit tr\u00e8s bien avec votre int\u00e9rieur.<\/span>[\/accordion_item][\/accordion]<\/p>\n<p>[accordion title=\u00a0\u00bb\u00a0\u00bb open1st=\u00a0\u00bb0&Prime; openAll=\u00a0\u00bb0&Prime; style=\u00a0\u00bb\u00a0\u00bb][accordion_item title=\u00a0\u00bbPaiements, livraison &amp; retours\u00a0\u00bb]Pour les informations sur les alternatives de paiement, de livraison et les retours, merci de cliquer\u00a0<a class=\"linkcgv\" href=\"https:\/\/www.yoga-nest.com\/paiement-livraison-retours\/\" target=\"_blank\" rel=\"noopener\">ICI<\/a>[\/accordion_item][\/accordion]<\/p>\n<p>[one]<\/p>\n<p><span style=\"color: #b01da4;\"><b>La Marque<\/b><\/span><\/p>\n<p><b>Yoga Boutique \u2013 Des articles pour le yoga exclusifs, fonctionnels et \u00e9thiques<\/b><\/p>\n<p><span style=\"font-weight: 400;\">Yoga Boutique est une <\/span><b>start-up familiale suisse<\/b><span style=\"font-weight: 400;\">, n\u00e9e en 2018. Leur gamme est soigneusement s\u00e9lectionn\u00e9e : <\/span><b>tapis de yoga fabriqu\u00e9s \u00e0 partir de mat\u00e9riaux durables, beaux coussins de m\u00e9ditation, v\u00eatements de yoga super confortables pour tous. <\/b><span style=\"font-weight: 400;\">Les produits sont con\u00e7us directement par les fondateurs et sont donc exclusifs. Un soin particulier est donn\u00e9 \u00e0 la provenance des mat\u00e9riaux, aux designs et aux fonctionnalit\u00e9s.<\/span><\/p>\n<p><a class=\"boutonmarque\" title=\"Yoga Boutique\" href=\"http:\/\/www.yoga-nest.com\/yoga-boutique\/\"><span style=\"font-weight: 400;\">En savoir plus<\/span><\/a><\/p>\n<p>[\/one]<\/p>\n","protected":false},"excerpt":{"rendered":"<div class=\"j-module n j-hr \">\n<p><span style=\"font-weight: 400;\">Ce zafu \u201cGold print\u201d de la marque Yoga Boutique est tr\u00e8s appr\u00e9ci\u00e9 pour la pratique de la m\u00e9ditation et du yoga. Gr\u00e2ce \u00e0 son assise tr\u00e8s confortable, il vous permet d\u2019\u00eatre tr\u00e8s \u00e0 l\u2019aise et bien install\u00e9 lors de diff\u00e9rentes postures assises. Mall\u00e9able, il vous offre aussi volontiers son soutien pour des postures allong\u00e9es sur le ventre, le dos ou les flancs en particulier en Yin yoga et en yoga Restauratif.<\/span><\/p>\n<p><span style=\"font-weight: 400;\">Dot\u00e9 d\u2019une housse amovible et d\u2019un coussin int\u00e9rieur poss\u00e9dant une fermeture \u00e9clair, vous pouvez ajuster la hauteur de votre coussin en ajoutant ou en retirant du rembourrage. Ainsi, vous pourrez le personnaliser afin qu\u2019il r\u00e9ponde au mieux \u00e0 vos besoins.<\/span><\/p>\n<p><span style=\"font-weight: 400;\">Son magnifique dessin couleur or apporte une belle esth\u00e9tique \u00e0 ce zafu et sa poign\u00e9e de transport vous permettra de l&#8217;emmener partout avec vous.\u00a0<\/span><\/p>\n<p><span style=\"font-weight: 400;\">Ce mod\u00e8le existe en plusieurs couleurs et avec des motifs vari\u00e9s. <strong>Plusieurs<\/strong>\u00a0<strong>autres coloris et motifs sont disponibles \u00e0 notre Boutique \u00e0 Gen\u00e8ve, contactez-nous<\/strong> par email ou t\u00e9l\u00e9phone pour les commander!<\/span><\/p>\n<\/div>\n<p>&nbsp;<\/p>\n<p style=\"text-align: center;\">Couleur ou mod\u00e8le manquant ? <a href=\"mailto:serviceclients@yoga-nest.com\">Contactez-nous<\/a><\/p>\n","protected":false},"featured_media":549,"comment_status":"open","ping_status":"open","template":"","meta":[],"product_cat":[54,20],"product_tag":[29],"_links":{"self":[{"href":"https:\/\/yoganest.vaniseo.pro\/index.php\/wp-json\/wp\/v2\/product\/2429"}],"collection":[{"href":"https:\/\/yoganest.vaniseo.pro\/index.php\/wp-json\/wp\/v2\/product"}],"about":[{"href":"https:\/\/yoganest.vaniseo.pro\/index.php\/wp-json\/wp\/v2\/types\/product"}],"replies":[{"embeddable":true,"href":"https:\/\/yoganest.vaniseo.pro\/index.php\/wp-json\/wp\/v2\/comments?post=2429"}],"wp:featuredmedia":[{"embeddable":true,"href":"https:\/\/yoganest.vaniseo.pro\/index.php\/wp-json\/wp\/v2\/media\/549"}],"wp:attachment":[{"href":"https:\/\/yoganest.vaniseo.pro\/index.php\/wp-json\/wp\/v2\/media?parent=2429"}],"wp:term":[{"taxonomy":"product_cat","embeddable":true,"href":"https:\/\/yoganest.vaniseo.pro\/index.php\/wp-json\/wp\/v2\/product_cat?post=2429"},{"taxonomy":"product_tag","embeddable":true,"href":"https:\/\/yoganest.vaniseo.pro\/index.php\/wp-json\/wp\/v2\/product_tag?post=2429"}],"curies":[{"name":"wp","href":"https:\/\/api.w.org\/{rel}","templated":true}]}}