{"id":2416,"date":"2021-04-02T01:09:46","date_gmt":"2021-04-01T23:09:46","guid":{"rendered":"https:\/\/yoganest.vaniseo.pro\/index.php\/product\/t-shirt-homme-2\/"},"modified":"2024-03-06T19:40:54","modified_gmt":"2024-03-06T18:40:54","slug":"t-shirt-homme-2","status":"publish","type":"product","link":"https:\/\/yoganest.vaniseo.pro\/index.php\/product\/t-shirt-homme-2\/","title":{"rendered":"T-shirt | Homme"},"content":{"rendered":"<p><span style=\"font-weight: 400;\">Le T-shirt pour homme de Yoga Boutique est muni d\u2019un col rond et se distingue par une coupe simple. Son tissu est tr\u00e8s doux et confortable. Il est votre alli\u00e9 sur le tapis de yoga, vous offrant une libert\u00e9 de mouvement gr\u00e2ce \u00e0 sa coupe cintr\u00e9e.<\/span><\/p>\n<p><span style=\"font-weight: 400;\">Il est con\u00e7u l\u00e9g\u00e8rement plus long qu\u2019un T-shirt de tous les jours. Ainsi, lorsque vous levez les bras en l&rsquo;air pour vos asanas, votre nombril reste bien au chaud. Et si vous \u00eates particuli\u00e8rement grand, vous trouverez ce tee-shirt de yoga parfaitement adapt\u00e9.<\/span><\/p>\n<p><span style=\"font-weight: 400;\">Fabriqu\u00e9 avec une texture de qualit\u00e9, ce haut est tr\u00e8s confortable sur la peau. Vous appr\u00e9cierez son tissu merveilleusement doux pour une sensation de bien-\u00eatre \u00e0 chaque instant.<\/span><\/p>\n<p><span style=\"font-weight: 400;\">Id\u00e9al pour vos s\u00e9ances de Yin yoga ou de Restorative Yoga ainsi qu&rsquo;en M\u00e9ditation ou tout simplement pour une balade ou une activit\u00e9 en ville.\u00a0<\/span><\/p>\n<p><span style=\"font-weight: 400;\">Notre T-shirt Homme contribue \u00e0 votre look d\u00e9contract\u00e9, il s&rsquo;assortit aussi bien avec un jean et une paire de baskets en ext\u00e9rieur qu\u2019un jogging pour un style cosy \u00e0 la maison ou lorsque vous vous rendez \u00e0 la salle de sport. <\/span><\/p>\n<p>[accordion title=\u00a0\u00bb\u00a0\u00bb open1st=\u00a0\u00bb0&Prime; openAll=\u00a0\u00bb0&Prime;][accordion_item title=\u00a0\u00bbEntretien\u00a0\u00bb]<\/p>\n<p><span style=\"font-weight: 400;\">Voici quelques conseils pour laver et entretenir le plus longtemps possible votre t-shirt\u00a0:\u00a0<\/span><\/p>\n<ul>\n<li style=\"font-weight: 400;\" aria-level=\"1\"><span style=\"font-weight: 400;\">Lavez-le de pr\u00e9f\u00e9rence \u00e0 la main<\/span><\/li>\n<li style=\"font-weight: 400;\" aria-level=\"1\"><span style=\"font-weight: 400;\">N\u2019utilisez pas de s\u00e8che-linge, le suspendre \u00e0 l\u2019air libre pour le s\u00e9chage<\/span><\/li>\n<\/ul>\n<p>[\/accordion_item][\/accordion][accordion title=\u00a0\u00bb\u00a0\u00bb open1st=\u00a0\u00bb0&Prime; openAll=\u00a0\u00bb0&Prime;][accordion_item title=\u00a0\u00bbTypes d&rsquo;activit\u00e9s\u00a0\u00bb]<span style=\"font-weight: 400;\">Pilates, Yin Yoga, Yoga Restauratif, Yoga Nidra, M\u00e9ditation, Mindfulness, Yoga en plein air, <\/span><span style=\"font-weight: 400;\">Yoga en voyage, Automassage Myofascial, Stretching, Workout, Gymnastique, Crossfit, Sports en ext\u00e9rieur (bootcamp, running, marche nordique, randonn\u00e9e, v\u00e9lo, grimpe,&#8230;),<\/span><span style=\"font-weight: 400;\"> Streetwear, Casual wear, Cocooning \u00e0 la maison<\/span><span style=\"font-weight: 400;\">\u00a0<\/span>[\/accordion_item][\/accordion]<span style=\"font-weight: 400;\">[accordion title=\u00a0\u00bb\u00a0\u00bb open1st=\u00a0\u00bb0&Prime; openAll=\u00a0\u00bb0&Prime;][accordion_item title=\u00a0\u00bbPourquoi on adore ce produit\u00a0\u00bb]<\/span><\/p>\n<p><span style=\"font-weight: 400;\">On adore sa texture l\u00e9g\u00e8re et confortable. Sa forme cintr\u00e9e et assez longue permet une libert\u00e9 de mouvement totale pendant nos s\u00e9ances de yoga ou pour la pratique de n\u2019importe quel sport.\u00a0<\/span><\/p>\n<p><span style=\"font-weight: 400;\">Sa coupe confortable met toutes les silhouettes en valeur. On aime l\u2019enfiler et ressentir la douceur du tissu sur notre peau.<\/span><\/p>\n<p><span style=\"font-weight: 400;\">Tr\u00e8s polyvalent, on adore autant le porter pour une activit\u00e9 sportive que pour la vie de tous les jours. C&rsquo;est le duo parfait avec le Pantalon homme, au sport comme dans les moments relax de votre quotidien. Une fois qu&rsquo;on l&rsquo;a port\u00e9, on le garde et on le veut m\u00eame dans toutes les couleurs.<\/span><\/p>\n<p><span style=\"font-weight: 400;\">[\/accordion_item][\/accordion]<\/span>[accordion title=\u00a0\u00bb\u00a0\u00bb open1st=\u00a0\u00bb0&Prime; openAll=\u00a0\u00bb0&Prime; style=\u00a0\u00bb\u00a0\u00bb][accordion_item title=\u00a0\u00bbPaiement, livraison &amp; retours\u00a0\u00bb]Pour les informations sur les alternatives de paiement, de livraison et les retours, merci de cliquer <a class=\"linkcgv\" href=\"https:\/\/www.yoga-nest.com\/paiement-livraison-retours\/\" target=\"_blank\" rel=\"noopener\">ICI<\/a>.[\/accordion_item][\/accordion]<\/p>\n<p><span style=\"color: #b01da4;\"><b>La Marque<\/b><\/span><\/p>\n<p><b>Yoga Boutique \u2013 Des articles pour le yoga exclusifs, fonctionnels et \u00e9thiques<\/b><\/p>\n<p><span style=\"font-weight: 400;\">Yoga Boutique est une <\/span><b>start-up familiale suisse<\/b><span style=\"font-weight: 400;\">, n\u00e9e en 2018. Leur gamme est soigneusement s\u00e9lectionn\u00e9e : <\/span><b>tapis de yoga fabriqu\u00e9s \u00e0 partir de mat\u00e9riaux durables, beaux coussins de m\u00e9ditation, v\u00eatements de yoga super confortables pour tous. <\/b><span style=\"font-weight: 400;\">Les produits sont con\u00e7us directement par les fondateurs et sont donc exclusifs. Un soin particulier est donn\u00e9 \u00e0 la provenance des mat\u00e9riaux, aux designs et aux fonctionnalit\u00e9s.<\/span><\/p>\n<p><a class=\"boutonmarque\" title=\"Yoga Boutique\" href=\"http:\/\/www.yoga-nest.com\/yoga-boutique\/\"><span style=\"font-weight: 400;\">En savoir plus<\/span><\/a><\/p>\n","protected":false},"excerpt":{"rendered":"<p><span style=\"font-weight: 400;\">T-shirt de la marque Yoga Boutique \u00e0 col rond et coupe droite. Il offre aux hommes un look aussi basique qu&rsquo;\u00e9l\u00e9gant.<\/span><\/p>\n<p><span style=\"font-weight: 400;\">Fabriqu\u00e9 avec des mat\u00e9riaux de qualit\u00e9, ce haut ultra confortable et agr\u00e9able \u00e0 porter vous suivra dans vos mouvements. Sa longueur id\u00e9ale vous permet de lever les bras ou de vous \u00e9tirer sans que le t-shirt ne se soul\u00e8ve, gardant vos hanches et votre ventre couverts. Pas besoin de vous soucier de votre v\u00eatement, uniquement de votre performance.<\/span><\/p>\n<p><span style=\"font-weight: 400;\">Un T-shirt de yoga classique cr\u00e9\u00e9 pour les hommes, id\u00e9al pour la pratique du yoga ou du sport. Vous le roterez aussi tr\u00e8s volontiers au quotidien avant et apr\u00e8s le sport car Il offre une coupe fit et sa mati\u00e8re est tr\u00e8s respirante.<\/span><\/p>\n<p><span style=\"font-weight: 400;\">La marque Yoga Boutique a pour valeurs de vous proposer des v\u00eatements adapt\u00e9s au sport dans le respect d&rsquo;une approche \u00e9quitable et durable.<\/span><\/p>\n<p>&nbsp;<\/p>\n<p>[button title=\u00a0\u00bbGuide des tailles\u00a0\u00bb link=\u00a0\u00bbhttps:\/\/www.yoga-nest.com\/tailles\u00a0\u00bb target=\u00a0\u00bb_blank\u00a0\u00bb align=\u00a0\u00bbcenter\u00a0\u00bb icon=\u00a0\u00bb\u00a0\u00bb icon_position=\u00a0\u00bb\u00a0\u00bb color=\u00a0\u00bb\u00a0\u00bb font_color=\u00a0\u00bb\u00a0\u00bb size=\u00a0\u00bb2&Prime; full_width=\u00a0\u00bb\u00a0\u00bb class=\u00a0\u00bbbouttontaille\u00a0\u00bb download=\u00a0\u00bb\u00a0\u00bb rel=\u00a0\u00bb\u00a0\u00bb]<\/p>\n<p>&nbsp;<\/p>\n<p class=\"manquante\" style=\"text-align: center;\">Taille ou couleur manquante ? <a href=\"mailto:serviceclients@yoga-nest.com\">Contactez-nous<\/a><\/p>\n","protected":false},"featured_media":0,"comment_status":"open","ping_status":"open","template":"","meta":[],"product_cat":[67,66],"product_tag":[29],"_links":{"self":[{"href":"https:\/\/yoganest.vaniseo.pro\/index.php\/wp-json\/wp\/v2\/product\/2416"}],"collection":[{"href":"https:\/\/yoganest.vaniseo.pro\/index.php\/wp-json\/wp\/v2\/product"}],"about":[{"href":"https:\/\/yoganest.vaniseo.pro\/index.php\/wp-json\/wp\/v2\/types\/product"}],"replies":[{"embeddable":true,"href":"https:\/\/yoganest.vaniseo.pro\/index.php\/wp-json\/wp\/v2\/comments?post=2416"}],"wp:attachment":[{"href":"https:\/\/yoganest.vaniseo.pro\/index.php\/wp-json\/wp\/v2\/media?parent=2416"}],"wp:term":[{"taxonomy":"product_cat","embeddable":true,"href":"https:\/\/yoganest.vaniseo.pro\/index.php\/wp-json\/wp\/v2\/product_cat?post=2416"},{"taxonomy":"product_tag","embeddable":true,"href":"https:\/\/yoganest.vaniseo.pro\/index.php\/wp-json\/wp\/v2\/product_tag?post=2416"}],"curies":[{"name":"wp","href":"https:\/\/api.w.org\/{rel}","templated":true}]}}