{"id":2404,"date":"2021-03-26T05:04:37","date_gmt":"2021-03-26T04:04:37","guid":{"rendered":"https:\/\/yoganest.vaniseo.pro\/index.php\/product\/sangle-de-yoga-coton-2\/"},"modified":"2024-03-06T19:42:49","modified_gmt":"2024-03-06T18:42:49","slug":"sangle-de-yoga-coton-2","status":"publish","type":"product","link":"https:\/\/yoganest.vaniseo.pro\/index.php\/product\/sangle-de-yoga-coton-2\/","title":{"rendered":"Sangle de yoga | Coton"},"content":{"rendered":"<p><span style=\"font-weight: 400;\">Si vous d\u00e9butez dans la pratique du yoga, la sangle de yoga peut vous \u00eatre tr\u00e8s utile pour pallier une souplesse peut-\u00eatre limit\u00e9e. Elle vous permet de faire connaissance avec votre corps, d&rsquo;en d\u00e9couvrir les limites et les r\u00e9sistances et aussi de travailler votre renforcement musculaire, le tout en assurant l&rsquo;alignement ad\u00e9quat pour votre corps.\u00a0<\/span><\/p>\n<p><span style=\"font-weight: 400;\">Que ce soit dans une pratique plut\u00f4t Yin ou tr\u00e8s Yang, si vous d\u00e9sirez mieux vous approprier certaines postures de yoga, la ceinture vous permettra de progresser petit \u00e0 petit, \u00e0 votre rythme, gr\u00e2ce \u00e0 sa longueur que vous pouvez ajuster selon vos besoins et votre niveau &#8211; et aussi selon les jours et votre humeur !<\/span><\/p>\n<p><span style=\"font-weight: 400;\">C\u2019est <\/span><span style=\"font-weight: 400;\">un accessoire indispensable \u00e0 la pratique de certaines postures (asanas). Elle vous permet de vous placer dans la posture en douceur, sans jamais forcer. En effet, la sangle s\u2019inscrit dans la pratique du yoga avec une envie de progression, d\u2019\u00e9tirement et de gain en souplesse, le tout avec une totale bienveillance pour votre corps.<\/span><\/p>\n<p><span style=\"font-weight: 400;\">Par exemple, en Hatha, dans la posture de la Pince assise (Paschimottasana en Sanskrit), la sangle positionn\u00e9e autour des hanches et des pieds vous aide \u00e0 \u00e9tirer votre dos et amener votre buste en direction de vos cuisses. L\u2019essentiel \u00e9tant toujours de travailler une posture et de la maintenir en respectant et en \u00e9coutant votre corps. En Yin et en Restorative yoga, la sangle sera par exemple tr\u00e8s appr\u00e9ci\u00e9e de toutes et tous dans les diff\u00e9rentes variations du Papillon. <\/span><\/p>\n<p><span style=\"font-weight: 400;\">C\u2019est un accessoire tr\u00e8s bien con\u00e7u pour vous aider \u00e0 r\u00e9aliser vos exercices de mani\u00e8re confortable et \u00e0 approfondir votre pratique au fil des jours. <\/span><\/p>\n<p>[accordion title=\u00a0\u00bb\u00a0\u00bb open1st=\u00a0\u00bb0&Prime; openAll=\u00a0\u00bb0&Prime;][accordion_item title=\u00a0\u00bbEntretien\u00a0\u00bb]<span style=\"font-weight: 400;\">Il est possible de laver votre ceinture de yoga \u00e0 la machine, veillez toutefois \u00e0 ne pas d\u00e9passer la temp\u00e9rature de 30 degr\u00e9s. Nous vous recommandons de la mettre dans un filet \u00e0 lingerie afin que les boucles ne percutent pas le tambour de la machine.<\/span>[\/accordion_item][\/accordion][accordion title=\u00a0\u00bb\u00a0\u00bb open1st=\u00a0\u00bb0&Prime; openAll=\u00a0\u00bb0&Prime;][accordion_item title=\u00a0\u00bbTypes d&rsquo;activit\u00e9s\u00a0\u00bb]<span style=\"font-weight: 400;\">Yin Yoga, Yoga Restorative, Hatha Yoga, Vinyasa Flow Yoga, Ashtanga Yog<\/span><span style=\"font-weight: 400;\">a<\/span><span style=\"font-weight: 400;\">, Power Yoga, Hot Yoga, Iyengar yoga, Yoga pr\u00e9natal, Yoga en plein air, Yoga en voyage, Stretching, Workout, Gymnastique, Crossfit<\/span>[\/accordion_item][\/accordion]<span style=\"font-weight: 400;\">[accordion title=\u00a0\u00bb\u00a0\u00bb open1st=\u00a0\u00bb0&Prime; openAll=\u00a0\u00bb0&Prime;][accordion_item title=\u00a0\u00bbPourquoi on adore ce produit\u00a0\u00bb]<\/span><span style=\"font-weight: 400;\">Tr\u00e8s fonctionnelle avec ses deux boucles en m\u00e9tal, elle nous permet de transporter facilement nos accessoires de yoga, tels que les bolsters et zafus. <\/span><\/p>\n<p><span style=\"font-weight: 400;\">Elle poss\u00e8de une longueur id\u00e9ale qui peut \u00eatre ajust\u00e9e en fonction de nos besoins et de la posture de yoga. <\/span><\/p>\n<p><span style=\"font-weight: 400;\">Un accessoire qui nous aide \u00e0 progresser et s\u2019am\u00e9liorer dans la pratique du yoga (yin ou yoga dynamique yang), tout en respectant le bien-\u00eatre de notre corps.<\/span>[\/accordion_item][\/accordion]<span style=\"font-weight: 400;\">[accordion title=\u00a0\u00bb\u00a0\u00bb open1st=\u00a0\u00bb0&Prime; openAll=\u00a0\u00bb0&Prime;][accordion_item title=\u00a0\u00bbPaiement, livraison &amp; retours\u00a0\u00bb]Pour les informations sur les alternatives de paiement, de livraison et les retours, merci de cliquer <a class=\"linkcgv\" href=\"https:\/\/www.yoga-nest.com\/paiement-livraison-retours\/\" target=\"_blank\" rel=\"noopener\">ICI<\/a>.[\/accordion_item][\/accordion]<\/span><\/p>\n<p><span style=\"color: #b01da4;\"><b>La Marque<\/b><\/span><\/p>\n<p><b>Yoga Boutique \u2013 Des articles pour le yoga exclusifs, fonctionnels et \u00e9thiques<\/b><\/p>\n<p><span style=\"font-weight: 400;\">Yoga Boutique est une <\/span><b>start-up familiale suisse<\/b><span style=\"font-weight: 400;\">, n\u00e9e en 2018. Leur gamme est soigneusement s\u00e9lectionn\u00e9e : <\/span><b>tapis de yoga fabriqu\u00e9s \u00e0 partir de mat\u00e9riaux durables, beaux coussins de m\u00e9ditation, v\u00eatements de yoga super confortables pour tous. <\/b><span style=\"font-weight: 400;\">Les produits sont con\u00e7us directement par les fondateurs et sont donc exclusifs. Un soin particulier est donn\u00e9 \u00e0 la provenance des mat\u00e9riaux, aux designs et aux fonctionnalit\u00e9s.<\/span><\/p>\n<p><a class=\"boutonmarque\" title=\"Yoga Boutique\" href=\"http:\/\/www.yoga-nest.com\/yoga-boutique\/\"><span style=\"font-weight: 400;\">En savoir plus<\/span><\/a><\/p>\n","protected":false},"excerpt":{"rendered":"<p><span style=\"font-weight: 400;\">Cette sangle de yoga mesurant 4 cm de large et 2,5 m de long vous sera utile pour de nombreuses utilisations. Vous pouvez ajuster sa longueur en fonction de vos besoins. Poss\u00e9dant deux boucles en D m\u00e9talliques, vous pourrez l\u2019accrocher \u00e0 la poign\u00e9e de votre zafu ou de votre bolster afin de faciliter son transport.\u00a0<\/span><\/p>\n<p><span style=\"font-weight: 400;\">Compos\u00e9e \u00e0 100% de coton, cette ceinture est douce pour la peau et agr\u00e9able au toucher. Elle ne glisse pas et permet donc un bon maintien.<\/span><\/p>\n<p><span style=\"font-weight: 400;\">Id\u00e9ale pour les \u00e9tirements et le renforcement musculaire, elle permet de faciliter vos postures et l\u2019alignement de votre corps. Elle am\u00e9liore votre pratique ainsi que votre souplesse.\u00a0<\/span><\/p>\n<p><span style=\"font-weight: 400;\">Notre sangle de yoga existe en diff\u00e9rentes couleurs et est adapt\u00e9e pour les d\u00e9butants comme les yogis confirm\u00e9s.<\/span><\/p>\n<p>&nbsp;<\/p>\n<p class=\"manquante\" style=\"text-align: center;\">Couleur manquante ? <a href=\"mailto:serviceclients@yoga-nest.com\">Contactez-nous<\/a><\/p>\n","protected":false},"featured_media":373,"comment_status":"open","ping_status":"open","template":"","meta":[],"product_cat":[54,20],"product_tag":[29],"_links":{"self":[{"href":"https:\/\/yoganest.vaniseo.pro\/index.php\/wp-json\/wp\/v2\/product\/2404"}],"collection":[{"href":"https:\/\/yoganest.vaniseo.pro\/index.php\/wp-json\/wp\/v2\/product"}],"about":[{"href":"https:\/\/yoganest.vaniseo.pro\/index.php\/wp-json\/wp\/v2\/types\/product"}],"replies":[{"embeddable":true,"href":"https:\/\/yoganest.vaniseo.pro\/index.php\/wp-json\/wp\/v2\/comments?post=2404"}],"wp:featuredmedia":[{"embeddable":true,"href":"https:\/\/yoganest.vaniseo.pro\/index.php\/wp-json\/wp\/v2\/media\/373"}],"wp:attachment":[{"href":"https:\/\/yoganest.vaniseo.pro\/index.php\/wp-json\/wp\/v2\/media?parent=2404"}],"wp:term":[{"taxonomy":"product_cat","embeddable":true,"href":"https:\/\/yoganest.vaniseo.pro\/index.php\/wp-json\/wp\/v2\/product_cat?post=2404"},{"taxonomy":"product_tag","embeddable":true,"href":"https:\/\/yoganest.vaniseo.pro\/index.php\/wp-json\/wp\/v2\/product_tag?post=2404"}],"curies":[{"name":"wp","href":"https:\/\/api.w.org\/{rel}","templated":true}]}}