{"id":2386,"date":"2021-03-24T00:25:53","date_gmt":"2021-03-23T23:25:53","guid":{"rendered":"https:\/\/yoganest.vaniseo.pro\/index.php\/product\/tapis-liege-mandala-om-4\/"},"modified":"2024-03-06T19:40:47","modified_gmt":"2024-03-06T18:40:47","slug":"tapis-liege-mandala-om-4","status":"publish","type":"product","link":"https:\/\/yoganest.vaniseo.pro\/index.php\/product\/tapis-liege-mandala-om-4\/","title":{"rendered":"Tapis Li\u00e8ge | Om"},"content":{"rendered":"<p><span style=\"font-weight: 400;\">Le tapis de yoga Mandala OM est accueillant, chaleureux et confortable.<\/span><\/p>\n<p><span style=\"font-weight: 400;\">Avec une longueur de 183 cm et une largeur de 66 cm, ce tapis de yoga est plus grand que la plupart des tapis de yoga classiques. La hauteur de 5 mm assure un amortissement optimal sur n\u2019importe quelles surfaces afin de ne jamais se faire mal.<\/span><\/p>\n<p><span style=\"font-weight: 400;\">La face inf\u00e9rieure du tapis de yoga en li\u00e8ge est constitu\u00e9e de caoutchouc naturel durable de 4,5 mm. C\u2019est pourquoi le tapis a des propri\u00e9t\u00e9s antid\u00e9rapantes. La face sup\u00e9rieure est faite de li\u00e8ge 100% naturel. Cette mati\u00e8re de super qualit\u00e9 est un antibact\u00e9rien naturel. Il est donc tr\u00e8s facile \u00e0 nettoyer.<\/span><\/p>\n<p><span style=\"font-weight: 400;\">La combinaison de caoutchouc naturel et de li\u00e8ge assure une bonne prise en main pendant les exercices, ainsi qu&rsquo;une sensation agr\u00e9able pendant les phases de relaxation.<\/span><\/p>\n<p><span style=\"font-weight: 400;\">Le li\u00e8ge est un mat\u00e9riau souple, de ce fait vous pourrez ranger votre tapis en le roulant et surtout sans aucun risque de l&rsquo;ab\u00eemer.<\/span><\/p>\n<p><span style=\"font-weight: 400;\">Il a un effet isolant qui lui procure une temp\u00e9rature agr\u00e9able tout le temps. C&rsquo;est un grand avantage, surtout sur les sols froids.\u00a0<\/span><\/p>\n<p><span style=\"font-weight: 400;\">Tous les tapis de la gamme Li\u00e8ge de Yoga Boutique sont exempts de PVC, de silicone et de phtalates (plastifiants). La marque met \u00e9galement en avant le fait qu\u2019ils sont biod\u00e9gradables et respectueux de l&rsquo;environnement.<\/span><\/p>\n<p><span style=\"font-weight: 400;\">Sur ce tapis de yoga, le symbole Om est dessin\u00e9 et entour\u00e9 d\u2019un magnifique mandala.<\/span><\/p>\n<p><span style=\"font-weight: 400;\">Om\u0310 provient de la fusion des <\/span><a href=\"https:\/\/fr.wikipedia.org\/wiki\/Phon%C3%A8mes\"><span style=\"font-weight: 400;\">phon\u00e8mes<\/span><\/a> <a href=\"https:\/\/fr.wikipedia.org\/wiki\/Sanskrit\"><span style=\"font-weight: 400;\">sanskrit<\/span><\/a><span style=\"font-weight: 400;\"> A, U et M :<\/span><\/p>\n<ol>\n<li style=\"font-weight: 400;\" aria-level=\"1\"><span style=\"font-weight: 400;\">A repr\u00e9sente le commencement, la naissance, et le dieu cr\u00e9ateur <\/span><a href=\"https:\/\/fr.wikipedia.org\/wiki\/Brahm%C4%81\"><span style=\"font-weight: 400;\">Brahm\u0101<\/span><\/a><\/li>\n<li style=\"font-weight: 400;\" aria-level=\"1\"><span style=\"font-weight: 400;\">U repr\u00e9sente la continuation, la vie, et le dieu <\/span><a href=\"https:\/\/fr.wikipedia.org\/wiki\/Vishnu\"><span style=\"font-weight: 400;\">Vishnu<\/span><\/a><span style=\"font-weight: 400;\">\u00a0<\/span><\/li>\n<li style=\"font-weight: 400;\" aria-level=\"1\"><span style=\"font-weight: 400;\">M repr\u00e9sente la fin, la mort, et le dieu destructeur <\/span><a href=\"https:\/\/fr.wikipedia.org\/wiki\/Shiva\"><span style=\"font-weight: 400;\">Shiva<\/span><\/a><\/li>\n<\/ol>\n<p><span style=\"font-weight: 400;\">C\u2019est le symbole le plus large et le plus \u00e9lev\u00e9 de la connaissance spirituelle hindoue, une syllabe sacr\u00e9e.<\/span><\/p>\n<p><span style=\"font-weight: 400;\">De plus, lors de la pratique du yoga, on effectue fr\u00e9quemment le son Om. <\/span><span style=\"font-weight: 400;\">Ce dernier repr\u00e9sente le son universel et primordial, il a tout son sens dans la pratique du yoga. On l\u2019appelle aussi souvent le pranava mantra. Au del\u00e0 de faire vibrer les cordes vocales, Om a des v\u00e9ritables vertus pour le corps.\u00a0 Il fait vibrer la cage thoracique et l\u2019int\u00e9rieur du corps vibre au son de celui-ci.<\/span><\/p>\n<p>[accordion title=\u00a0\u00bb\u00a0\u00bb open1st=\u00a0\u00bb0&Prime; openAll=\u00a0\u00bb0&Prime;][accordion_item title=\u00a0\u00bbEntretien\u00a0\u00bb]<span style=\"font-weight: 400;\">Voici quelques conseils pour offrir une longue vie \u00e0 votre tapis de yoga :<\/span><\/p>\n<ul>\n<li style=\"font-weight: 400;\" aria-level=\"1\"><span style=\"font-weight: 400;\">Essayez de toujours le mettre dans un endroit sec et \u00e0 l\u2019abri de la lumi\u00e8re. Il est pratique de pouvoir le ranger dans un sac pour tapis.<\/span><\/li>\n<li style=\"font-weight: 400;\" aria-level=\"1\"><span style=\"font-weight: 400;\">Pour nettoyer votre tapis et tenter d\u2019\u00f4ter les taches, commencez par l\u2019essuyer avec un chiffon doux humide. Par la suite, vaporiser-le avec un spray sp\u00e9cifique pour tapis de yoga et \u00e9tendez-le pour qu\u2019il s\u00e8che<\/span>[\/accordion_item][\/accordion][accordion title=\u00a0\u00bb\u00a0\u00bb open1st=\u00a0\u00bb0&Prime; openAll=\u00a0\u00bb0&Prime;][accordion_item title=\u00a0\u00bbTypes d&rsquo;activit\u00e9s\u00a0\u00bb]Yin yoga, Yoga restauratif, Hatha yoga, Flow yoga, Power yoga, Vinyasa yoga, Ashtanga yoga, Yoga nidra, M\u00e9ditation, Mindfulness, Iyengar yoga, Yoga a\u00e9rien, Pilates, Stretching[\/accordion_item][\/accordion][accordion title=\u00a0\u00bb\u00a0\u00bb open1st=\u00a0\u00bb0&Prime; openAll=\u00a0\u00bb0&Prime;][accordion_item title=\u00a0\u00bbPourquoi on adore ce produit\u00a0\u00bb]On adore ce tapis de yoga qu\u2019on peut emmener partout avec nous. Il se roule facilement et est vendu avec une sangle pour le transporter facilement.<\/li>\n<\/ul>\n<p><span style=\"font-weight: 400;\">On appr\u00e9cie le li\u00e8ge qui donne une splendide sensation de nature \u00e0 cet article de chez Yoga Boutique. De plus, cette mati\u00e8re, choisie de haute-qualit\u00e9 par Yoga Boutique, est incroyable : elle a des propri\u00e9t\u00e9s antid\u00e9rapantes et s&rsquo;entretient tr\u00e8s facilement.<\/span><\/p>\n<p><span style=\"font-weight: 400;\">On est inspir\u00e9 par le symbole Om et le mandala qui l\u2019entoure, la finesse des motifs nest douce et agr\u00e9able au regard et on appr\u00e9cie chaque jour d\u2019avoir un tapis qui nous supporte dans notre pratique et nous transmet un message en accord avec notre pens\u00e9e.<\/span><\/p>\n<p><span style=\"font-weight: 400;\">D&rsquo;ailleurs, le coussin de m\u00e9ditation Mandala OM de chez Yoga Boutique s&rsquo;y adapte parfaitement.<\/span>[\/accordion_item][\/accordion][accordion title=\u00a0\u00bb\u00a0\u00bb open1st=\u00a0\u00bb0&Prime; openAll=\u00a0\u00bb0&Prime; style=\u00a0\u00bb\u00a0\u00bb][accordion_item title=\u00a0\u00bbPaiement, livraison &amp; retours\u00a0\u00bb]<br \/>\nPour les informations sur les alternatives de paiement, de livraison et les retours, merci de cliquer <a class=\"linkcgv\" href=\"https:\/\/www.yoga-nest.com\/paiement-livraison-retours\/\" target=\"_blank\" rel=\"noopener\">ICI<\/a>[\/accordion_item][\/accordion]<\/p>\n<p><span style=\"color: #b01da4;\"><strong>La Marque<\/strong><\/span><\/p>\n<p><strong>Yoga Boutique &#8211; Des articles pour le yoga exclusifs, fonctionnels et \u00e9thiques<\/strong><\/p>\n<p>Yoga Boutique est une <strong>start-up familiale suisse<\/strong>, n\u00e9e en 2018. Leur gamme est soigneusement s\u00e9lectionn\u00e9e : <strong>tapis de yoga fabriqu\u00e9s \u00e0 partir de mat\u00e9riaux durables, beaux coussins de m\u00e9ditation, v\u00eatements de yoga super confortables pour tous. <\/strong>Les produits sont con\u00e7us directement par les fondateurs et sont donc exclusifs. Un soin particulier est donn\u00e9 \u00e0 la provenance des mat\u00e9riaux, aux designs et aux fonctionnalit\u00e9s.<\/p>\n<p><a class=\"boutonmarque\" title=\"Yoga Boutique\" href=\"http:\/\/yoga-nest.com\/yoga-boutique\/\" target=\"_blank\" rel=\"noopener\">En savoir plus<\/a><\/p>\n<p>&nbsp;<\/p>\n","protected":false},"excerpt":{"rendered":"<p><span style=\"font-weight: 400;\">Tapis en li\u00e8ge de grande qualit\u00e9. Fabriqu\u00e9 avec des mat\u00e9riaux naturels pour une adh\u00e9rence parfaite.<\/span><\/p>\n<p><span style=\"font-weight: 400;\">Id\u00e9al pour vos s\u00e9ances de yoga, de pilate, de relaxation et de toutes autres activit\u00e9s de mouvement. Ce tapis en li\u00e8ge et caoutchouc 100% naturels offre une adh\u00e9rence totale tout au long de votre s\u00e9ance, pour tenir et encha\u00eener les positions. Son \u00e9paisseur de 5 mm offre un grand confort \u00e0 toutes les pratiques. Il est antid\u00e9rapant.<\/span><\/p>\n<p><span style=\"font-weight: 400;\">Au-dessus du tapis un magnifique mandala OM est imprim\u00e9. Le symbole Aum (ou Om) est un signe issu de la religion hindouiste. Il d\u00e9tient une signification tr\u00e8s profonde qui d\u00e9passe largement la simple croyance religieuse. Selon les croyances bouddhistes, Om est un signe qui renferme en lui-m\u00eame tous les secrets de l\u2019Univers. Om repr\u00e9sente l\u2019abstrait, ce qui nous traverse et nous d\u00e9passe. Il repr\u00e9sente aussi toute la mati\u00e8re et les \u00e9nergies, il est \u00e0 la fois tr\u00e8s tangible et compl\u00e8tement \u00e9vanescent. Om est le Tout et le Rien.<\/span><\/p>\n<p><span style=\"font-weight: 400;\">Conseill\u00e9 pour toutes les pratiques de yoga y compris les plus intensives. Ce tapis est aussi confortable qu\u2019inspirant.<\/span><\/p>\n<p><span style=\"font-weight: 400;\">Cet article est livr\u00e9 avec sa sangle de transport.<\/span><\/p>\n<p>&nbsp;<\/p>\n<p>[button title=\u00a0\u00bbGuide comparatif des tapis\u00a0\u00bb link=\u00a0\u00bbhttps:\/\/www.yoga-nest.com\/tapis_de_yoga_mat\/\u00a0\u00bb target=\u00a0\u00bb_blank\u00a0\u00bb align=\u00a0\u00bbcenter\u00a0\u00bb icon=\u00a0\u00bb\u00a0\u00bb icon_position=\u00a0\u00bb\u00a0\u00bb color=\u00a0\u00bb\u00a0\u00bb font_color=\u00a0\u00bb\u00a0\u00bb size=\u00a0\u00bb2&Prime; full_width=\u00a0\u00bb\u00a0\u00bb class=\u00a0\u00bbbouttontaille\u00a0\u00bb download=\u00a0\u00bb\u00a0\u00bb rel=\u00a0\u00bb\u00a0\u00bb]<\/p>\n<p>&nbsp;<\/p>\n<p class=\"manquante\" style=\"text-align: center;\">Mod\u00e8le manquant ? <a href=\"mailto:serviceclients@yoga-nest.com\">Contactez-nous<\/a><\/p>\n","protected":false},"featured_media":100,"comment_status":"open","ping_status":"open","template":"","meta":[],"product_cat":[33,26],"product_tag":[29],"_links":{"self":[{"href":"https:\/\/yoganest.vaniseo.pro\/index.php\/wp-json\/wp\/v2\/product\/2386"}],"collection":[{"href":"https:\/\/yoganest.vaniseo.pro\/index.php\/wp-json\/wp\/v2\/product"}],"about":[{"href":"https:\/\/yoganest.vaniseo.pro\/index.php\/wp-json\/wp\/v2\/types\/product"}],"replies":[{"embeddable":true,"href":"https:\/\/yoganest.vaniseo.pro\/index.php\/wp-json\/wp\/v2\/comments?post=2386"}],"wp:featuredmedia":[{"embeddable":true,"href":"https:\/\/yoganest.vaniseo.pro\/index.php\/wp-json\/wp\/v2\/media\/100"}],"wp:attachment":[{"href":"https:\/\/yoganest.vaniseo.pro\/index.php\/wp-json\/wp\/v2\/media?parent=2386"}],"wp:term":[{"taxonomy":"product_cat","embeddable":true,"href":"https:\/\/yoganest.vaniseo.pro\/index.php\/wp-json\/wp\/v2\/product_cat?post=2386"},{"taxonomy":"product_tag","embeddable":true,"href":"https:\/\/yoganest.vaniseo.pro\/index.php\/wp-json\/wp\/v2\/product_tag?post=2386"}],"curies":[{"name":"wp","href":"https:\/\/api.w.org\/{rel}","templated":true}]}}