{"id":2380,"date":"2021-03-23T18:56:12","date_gmt":"2021-03-23T17:56:12","guid":{"rendered":"https:\/\/yoganest.vaniseo.pro\/index.php\/product\/tapis-supergrip-chakras-5\/"},"modified":"2024-03-06T19:40:47","modified_gmt":"2024-03-06T18:40:47","slug":"tapis-supergrip-chakras-5","status":"publish","type":"product","link":"https:\/\/yoganest.vaniseo.pro\/index.php\/product\/tapis-supergrip-chakras-5\/","title":{"rendered":"Tapis Supergrip | Chakras"},"content":{"rendered":"<p>Fabriqu\u00e9 en caoutchouc naturel durable et en rev\u00eatement en PU (polyur\u00e9thane), des mati\u00e8res s\u00e9lectionn\u00e9es pour leur performance tr\u00e8s antid\u00e9rapantes. En effet, la partie sup\u00e9rieure du tapis (celle avec les dessins) est fabriqu\u00e9e en polyur\u00e9thane, une mati\u00e8re qui offre une excellente adh\u00e9rence. La surface inf\u00e9rieure (celle en contact avec le sol) est compos\u00e9e de caoutchouc naturel durable qui offre une bonne tenue sur n\u2019importe quelle surface. M\u00eame lors d\u2019une pratique de yoga dynamique, vous \u00eates assur\u00e9.e.s de ne pas glisser et que votre tapis reste bien coll\u00e9 au sol.<\/p>\n<p>Son \u00e9paisseur de 4,5 mm le rend tr\u00e8s confortable, vos encha\u00eenements d\u2019asanas pourront donc \u00eatre tenus plus longtemps. Il vous offre un amorti optimal pour vos articulations, m\u00eame sur une surface dure.<\/p>\n<p>Tous les tapis de la gamme SuperGrip de Yoga Boutique sont exempts de PVC, silicone et phtalates. Ce tapis est donc biod\u00e9gradable et respectueux de l\u2019environnement.<\/p>\n<p>Avec ses dimensions de 183\u00d768 cm, il est particuli\u00e8rement long et large. Il donne la possibilit\u00e9 aux personnes les plus grandes d\u2019\u00eatre \u00e0 l\u2019aise sur leur tapis, m\u00eame pendant les exercices au sol. Votre espace de pratique est augment\u00e9, m\u00eame si vous \u00eates tr\u00e8s souple, vos pieds et mains restent sur le tapis. Que vous effectuiez des exercices de m\u00e9ditation ou des encha\u00eenements de postures, vous n\u2019aurez plus envie de quitter l\u2019espace accueillant de votre tapis.<\/p>\n<p>[accordion title=\u00a0\u00bb\u00a0\u00bb open1st=\u00a0\u00bb0&Prime; openAll=\u00a0\u00bb0&Prime;][accordion_item title=\u00a0\u00bbEntretien\u00a0\u00bb]<\/p>\n<p>\u00c9vitez d\u2019utiliser votre tapis lorsque vous avez des cr\u00e8mes esth\u00e9tiques ou du maquillage, il est sensible aux taches de graisse.<\/p>\n<p>Ce tapis est facile \u00e0 nettoyer. S\u2019il y a une tache, il vous suffit de vaporiser avec un spray pour tapis de yoga et de frotter doucement avec un chiffon fin qui ne raye pas (comme par exemple un chiffon microfibre JEMAKO). Puis laissez-le bien s\u00e9cher.<\/p>\n<p>Si avec le temps, votre tapis devient tr\u00e8s sale, vous pouvez utiliser de l\u2019eau citronn\u00e9e. Pour cela, pressez un peu de citron dans de l\u2019eau ti\u00e8de. Trempez un chiffon doux dans ce m\u00e9lange, essorez-le et nettoyez le tapis, essuyez-le bien et laissez-le s\u00e9cher \u00e0 l\u2019air libre.<\/p>\n<p>Rangez toujours votre tapis dans un endroit sec, \u00e0 l\u2019abri de la lumi\u00e8re et du soleil. L\u2019id\u00e9al est de le placer dans un sac \u00e0 tapis apr\u00e8s utilisation.<\/p>\n<p>\u00c0 noter\u00a0: au d\u00e9ballage, la surface du tapis de yoga peut sembler un peu \u00ab poudreuse \u00bb. Ceci est normal. Essuyez votre tapis avec un chiffon humide pour enlever cet effet si cela vous d\u00e9range.<\/p>\n<p>L\u2019adh\u00e9rence du tapis s\u2019am\u00e9liore \u00e0 l\u2019utilisation, il faut parfois un peu de patience et une pratique r\u00e9guli\u00e8re pour que le tapis atteigne son plein potentiel !<\/p>\n<p>[\/accordion_item][\/accordion]<\/p>\n<p>[accordion title=\u00a0\u00bb\u00a0\u00bb open1st=\u00a0\u00bb0&Prime; openAll=\u00a0\u00bb0&Prime;][accordion_item title=\u00a0\u00bbTypes d&rsquo;activit\u00e9s\u00a0\u00bb]<\/p>\n<div><span lang=\"fr\">Yin yoga, Yoga restauratif, Hatha yoga, Flow yoga, Ashtanga yoga, Yoga nidra, M\u00e9ditation, Mindfulness, Iyengar yoga, Yoga a\u00e9rien, Yoga en plein air, Automassage myofascial, Pilates, Stretching<\/span><\/div>\n<p>[\/accordion_item][\/accordion]<\/p>\n<p>[accordion title=\u00a0\u00bb\u00a0\u00bb open1st=\u00a0\u00bb0&Prime; openAll=\u00a0\u00bb0&Prime; style=\u00a0\u00bb\u00a0\u00bb][accordion_item title=\u00a0\u00bbPourquoi on adore ce produit\u00a0\u00bb]<\/p>\n<p>On adore sa mati\u00e8re antid\u00e9rapante dessus et dessous qui reste en place sur n\u2019importe quelle surface et sur lequel on tient dans toutes les positions. Finies les s\u00e9ances o\u00f9 vous devez sans cesse vous remettre en place, car vos mains ou vos pieds glissent. Fini l\u2019ins\u00e9curit\u00e9 et la nervosit\u00e9 li\u00e9es au risque de glissade. Vous pourrez pratiquer le yoga en toute s\u00e9r\u00e9nit\u00e9 et rester concentr\u00e9.e sur l\u2019instant pr\u00e9sent.<\/p>\n<p>Ce tapis plaira et est adapt\u00e9 \u00e0 tous les yogis, de par son \u00e9paisseur qui le rend tr\u00e8s confortable et facilite le maintien de nos asanas. Aussi, de par sa longueur qui convient m\u00eame aux plus grands, vous pourrez enfin vous y allonger sans avoir vos pieds ou votre t\u00eate qui d\u00e9passent du tapis.<\/p>\n<p>De plus, nous parions que personne ne restera indiff\u00e9rent \u00e0 ses beaux dessins de couleur or en plein centre du tapis, qui lui donnent cette allure tellement sophistiqu\u00e9e et \u00e9l\u00e9gante.<\/p>\n<p>Nous aimons aussi le fait que cet article ne contient aucun produit toxique, qu\u2019il est \u00e9co-responsable et recyclable, totalement en phase avec nos valeurs.<\/p>\n<p>[\/accordion_item][\/accordion]<\/p>\n<p>[accordion title=\u00a0\u00bb\u00a0\u00bb open1st=\u00a0\u00bb0&Prime; openAll=\u00a0\u00bb0&Prime; style=\u00a0\u00bb\u00a0\u00bb][accordion_item title=\u00a0\u00bbPaiement, livraison &amp; retours\u00a0\u00bb]<br \/>\nPour les informations sur les alternatives de paiement, de livraison et les retours, merci de cliquer <a class=\"linkcgv\" href=\"https:\/\/www.yoga-nest.com\/paiement-livraison-retours\/\" target=\"_blank\" rel=\"noopener\">ICI<\/a><br \/>\n[\/accordion_item][\/accordion]<\/p>\n<p>[one]<br \/>\n<span style=\"color: #b01da4;\"><strong>La Marque<\/strong><\/span><\/p>\n<p><b>Yoga Boutique \u2013 Des articles pour le yoga exclusifs, fonctionnels et \u00e9thiques<\/b><\/p>\n<p><span style=\"font-weight: 400;\">Yoga Boutique est une <\/span><b>start-up familiale suisse<\/b><span style=\"font-weight: 400;\">, n\u00e9e en 2018. Leur gamme est soigneusement s\u00e9lectionn\u00e9e : <\/span><b>tapis de yoga fabriqu\u00e9s \u00e0 partir de mat\u00e9riaux durables, beaux coussins de m\u00e9ditation, v\u00eatements de yoga super confortables pour tous. <\/b><span style=\"font-weight: 400;\">Les produits sont con\u00e7us directement par les fondateurs et sont donc exclusifs. Un soin particulier est donn\u00e9 \u00e0 la provenance des mat\u00e9riaux, aux designs et aux fonctionnalit\u00e9s.<\/span><\/p>\n<p><a class=\"boutonmarque\" title=\"Yoga Boutique\" href=\"http:\/\/yoga-nest.com\/yoga-boutique\/\" target=\"_blank\" rel=\"noopener\">En savoir plus<\/a><\/p>\n<p>&nbsp;<\/p>\n","protected":false},"excerpt":{"rendered":"<p>De grande taille, ce tapis de Yoga Boutique a \u00e9t\u00e9 sp\u00e9cialement travaill\u00e9 pour son adh\u00e9rence, pile et face\u00a0: il ne glisse pas sur le sol et vous ne glissez pas pendant votre pratique, quels que soient vos mouvements et sur n\u2019importe quelle surface.<\/p>\n<p>Astucieux, le motif en ligne droite vous sert de guide d\u2019alignement tant dans les postures de yoga statiques qu\u2019\u00e0 l\u2019occasion des transitions en Vinyasa-Flow.<\/p>\n<p>Les symboles sanskrits qui repr\u00e9sentent traditionnellement les 7 chakras (centres d&rsquo;\u00e9nergie) sont imprim\u00e9s en ton dor\u00e9 sur le tapis, cr\u00e9ant un magnifique contraste avec le fond noir.<\/p>\n<p>La gamme Supergrip est le meilleur choix pour tous les pratiquants, des d\u00e9butants aux yoginis et yogis de longue exp\u00e9rience, qui aiment les tapis offrant prioritairement une excellente adh\u00e9rence et un grand confort. Il est aussi id\u00e9al pour bien d\u2019autres disciplines que le yoga\u00a0: Pilates, gymnastique, workout\u2026 et sa surface se pr\u00eate tr\u00e8s bien \u00e0 une s\u00e9ance d\u2019Automassage myofascial (avec les balles Yoga Tune Up pour Yoga Nest).<\/p>\n<p>&nbsp;<\/p>\n<p>[button title=\u00a0\u00bbGuide comparatif des tapis\u00a0\u00bb link=\u00a0\u00bbhttps:\/\/www.yoga-nest.com\/tapis_de_yoga_mat\/\u00a0\u00bb target=\u00a0\u00bb_blank\u00a0\u00bb align=\u00a0\u00bbcenter\u00a0\u00bb icon=\u00a0\u00bb\u00a0\u00bb icon_position=\u00a0\u00bb\u00a0\u00bb color=\u00a0\u00bb\u00a0\u00bb font_color=\u00a0\u00bb\u00a0\u00bb size=\u00a0\u00bb2&Prime; full_width=\u00a0\u00bb\u00a0\u00bb class=\u00a0\u00bbbouttontaille\u00a0\u00bb download=\u00a0\u00bb\u00a0\u00bb rel=\u00a0\u00bb\u00a0\u00bb]<\/p>\n<p>&nbsp;<\/p>\n<p class=\"manquante\" style=\"text-align: center;\">Mod\u00e8le manquant ? <a href=\"mailto:serviceclients@yoga-nest.com\">Contactez-nous<\/a><\/p>\n","protected":false},"featured_media":87,"comment_status":"open","ping_status":"open","template":"","meta":[],"product_cat":[27,43,26],"product_tag":[29],"_links":{"self":[{"href":"https:\/\/yoganest.vaniseo.pro\/index.php\/wp-json\/wp\/v2\/product\/2380"}],"collection":[{"href":"https:\/\/yoganest.vaniseo.pro\/index.php\/wp-json\/wp\/v2\/product"}],"about":[{"href":"https:\/\/yoganest.vaniseo.pro\/index.php\/wp-json\/wp\/v2\/types\/product"}],"replies":[{"embeddable":true,"href":"https:\/\/yoganest.vaniseo.pro\/index.php\/wp-json\/wp\/v2\/comments?post=2380"}],"wp:featuredmedia":[{"embeddable":true,"href":"https:\/\/yoganest.vaniseo.pro\/index.php\/wp-json\/wp\/v2\/media\/87"}],"wp:attachment":[{"href":"https:\/\/yoganest.vaniseo.pro\/index.php\/wp-json\/wp\/v2\/media?parent=2380"}],"wp:term":[{"taxonomy":"product_cat","embeddable":true,"href":"https:\/\/yoganest.vaniseo.pro\/index.php\/wp-json\/wp\/v2\/product_cat?post=2380"},{"taxonomy":"product_tag","embeddable":true,"href":"https:\/\/yoganest.vaniseo.pro\/index.php\/wp-json\/wp\/v2\/product_tag?post=2380"}],"curies":[{"name":"wp","href":"https:\/\/api.w.org\/{rel}","templated":true}]}}