{"id":2376,"date":"2021-02-21T19:34:13","date_gmt":"2021-02-21T18:34:13","guid":{"rendered":"https:\/\/yoganest.vaniseo.pro\/index.php\/product\/tapis-velours-yoga-towel-voyage-5\/"},"modified":"2024-03-06T19:42:08","modified_gmt":"2024-03-06T18:42:08","slug":"tapis-velours-yoga-towel-voyage-5","status":"publish","type":"product","link":"https:\/\/yoganest.vaniseo.pro\/index.php\/product\/tapis-velours-yoga-towel-voyage-5\/","title":{"rendered":"Tapis Velours pliable | voyage &#038; sur-tapis"},"content":{"rendered":"<p><span style=\"font-weight: 400;\">Ce tapis de voyage est <\/span><b>extra-fin<\/b><span style=\"font-weight: 400;\">, ce qui le rend facile \u00e0 transporter. Avec ses 1,5mm d\u2019\u00e9paisseur, il est tr\u00e8s l\u00e9ger (1kg) et peu encombrant. <\/span><span style=\"font-weight: 400;\">Il peut \u00eatre roul\u00e9 avec la sangle de transport fournie ou pli\u00e9 pour se glisser facilement dans votre bagage \u00e0 main ou votre sac \u00e0 dos.<\/span><\/p>\n<p><span style=\"font-weight: 400;\">Astucieux, ce tapis est polyvalent et adapt\u00e9 \u00e0 2 utilisations :<\/span><\/p>\n<ul>\n<li style=\"font-weight: 400;\" aria-level=\"1\"><b>Tapis de voyage<\/b><span style=\"font-weight: 400;\"> : il convient au yoga en pleine nature ou en voyage, par exemple sur la moquette de votre chambre d\u2019h\u00f4tel ou chez des ami.e.s.<\/span><\/li>\n<li style=\"font-weight: 400;\" aria-level=\"1\"><b>Sur-tapis \/ serviette de yoga <\/b><span style=\"font-weight: 400;\">: il peut \u00eatre utilis\u00e9 pour recouvrir un tapis pr\u00eat\u00e9 au studio de yoga pour vous garantir une bonne hygi\u00e8ne. Vous vous sentirez toujours \u201cchez vous\u201d o\u00f9 que votre s\u00e9ance de yoga se d\u00e9roule. Gr\u00e2ce \u00e0 sa face inf\u00e9rieure en caoutchouc naturel, il tient bien en place sur l\u2019autre tapis pendant la pratique et ne bouge pas avec vous. M\u00eame si le tapis du dessous est glissant, sa surface antid\u00e9rapante vous garantit de ne pas glisser. Sa dimension est id\u00e9ale pour recouvrir un autre tapis sans pour autant d\u00e9border, vous garantissant une bonne stabilit\u00e9.<\/span><\/li>\n<\/ul>\n<p><span style=\"font-weight: 400;\">Vous vous demandez <\/span><b>pourquoi choisir son tapis en velours ?<\/b><span style=\"font-weight: 400;\"> Cette mati\u00e8re est id\u00e9ale pour les personnes qui ont tendance \u00e0 transpirer des mains et des pieds. Contrairement aux autres types de tapis de yoga qui ont tendance \u00e0 \u00eatre plus glissants lorsque l\u2019on transpire, la mati\u00e8re velours est tr\u00e8s absorbante. L\u2019humidit\u00e9 de la transpiration permet ainsi une meilleure adh\u00e9rence sur la surface en microfibre.<\/span><\/p>\n<p><span style=\"font-weight: 400;\">Si vous ne transpirez pas ou peu, que vous avez plut\u00f4t les mains et les pieds froids, mais que vous cherchez tout de m\u00eame un tapis de voyage ou un sur-tapis, voici une petite astuce pour bien l\u2019utiliser. Avant votre pratique, mouillez g\u00e9n\u00e9reusement la surface du tapis avec un spray d\u2019eau. N\u2019h\u00e9sitez pas \u00e0 r\u00e9it\u00e9rer ceci pendant votre s\u00e9ance de yoga pour bien humidifier la surface.<\/span><\/p>\n<p><span style=\"font-weight: 400;\">Ce tapis n\u2019est pas compatible avec la pratique en chaussettes ou en chaussons sauf bien entendu pour des styles statiques comme le Yin et le Restorative yoga. Il est en revanche id\u00e9al pour du yoga dynamique ou du hot yoga gr\u00e2ce \u00e0 son fort pouvoir d\u2019absorption.<\/span><\/p>\n<p><span style=\"font-weight: 400;\">Fid\u00e8le \u00e0 ses valeurs \u00e9thiques, Yoga Boutique a con\u00e7u ce tapis avec des mati\u00e8res \u00e9cologiques. La partie inf\u00e9rieure du tapis est en caoutchouc naturel durable, une mati\u00e8re qui permet une bonne adh\u00e9rence sur n\u2019importe quelle surface. Le dessus est fabriqu\u00e9 en textile microfibre effet velours, doux au toucher et absorbant. Exempt de PVC, silicone et phtalates, ce tapis est <\/span><b>\u00e9co-responsable, biod\u00e9gradable, non-toxique et respectueux de l\u2019environnement<\/b><span style=\"font-weight: 400;\">.<\/span><\/p>\n<p>[accordion title=\u00a0\u00bb\u00a0\u00bb open1st=\u00a0\u00bb0&Prime; openAll=\u00a0\u00bb0&Prime;][accordion_item title=\u00a0\u00bbEntretien\u00a0\u00bb]<span style=\"font-weight: 400;\">Facile \u00e0 ranger, ce tapis anti d\u00e9rapant peut tout aussi bien \u00eatre entrepos\u00e9 en rouleau ou en le pliant pour le mettre dans une armoire.<\/span><\/p>\n<p><span style=\"font-weight: 400;\">Ce mat est lavable \u00e0 la <\/span><span style=\"font-weight: 400;\">machine \u00e0 laver (max 30\u00b0 C, cycle d\u00e9licat sans essorage, d\u00e9tergent doux, pas d\u2019assouplissant). Une fois propre, laissez le s\u00e9cher \u00e0 l\u2019air libre, \u00e0 l\u2019abri du soleil.<\/span>[\/accordion_item][\/accordion]<\/p>\n<p>[accordion title=\u00a0\u00bb\u00a0\u00bb open1st=\u00a0\u00bb0&Prime; openAll=\u00a0\u00bb0&Prime; style=\u00a0\u00bb\u00a0\u00bb][accordion_item title=\u00a0\u00bbTypes d&rsquo;activit\u00e9s\u00a0\u00bb]<span style=\"font-weight: 400;\">Yin yoga, Restorative yoga, Hatha yoga, Flow yoga, Vinyasa yoga, Ashtanga yoga, yoga Nidra, M\u00e9ditation, Mindfulness, Hot yoga, Iyengar yoga, Yoga a\u00e9rien, Yoga en plein air, Yoga en voyage, Automassage myofascial, Pilates, Stretching<\/span>[\/accordion_item][\/accordion]<\/p>\n<p>[accordion title=\u00a0\u00bb\u00a0\u00bb open1st=\u00a0\u00bb0&Prime; openAll=\u00a0\u00bb0&Prime; style=\u00a0\u00bb\u00a0\u00bb][accordion_item title=\u00a0\u00bbPourquoi on adore ce produit\u00a0\u00bb]<span style=\"font-weight: 400;\">Un indispensable ! Pli\u00e9 ou roul\u00e9, on le prend avec nous en week-end, en retraite, en voyage. Et on l&rsquo;am\u00e8ne aux studios pour recouvrir les tapis de pr\u00eat pendant les cours collectifs.\u00a0<\/span><\/p>\n<p><span style=\"font-weight: 400;\">G\u00e9nial en Hot yoga, on appr\u00e9cie le fait qu\u2019il est facile \u00e0 nettoyer et qu\u2019il passe au lave-linge. Ce tapis est une petite r\u00e9volution pour les personnes qui ont rapidement les mains et les pieds humides et qui ont l\u2019habitude de glisser sur leur tapis.<\/span><\/p>\n<p><span style=\"font-weight: 400;\">On l\u2019a test\u00e9 et on peut vous l\u2019assurer : quelles que soient les postures que vous adoptez, ce tapis en caoutchouc naturel est antid\u00e9rapant. Que vous en ayez besoin pour un encha\u00eenement d\u2019asanas ou pour un instant de relaxation, vous pouvez choisir ce tapis en toute s\u00e9r\u00e9nit\u00e9.<\/span><\/p>\n<p><span style=\"font-weight: 400;\">Faire du yoga met en \u00e9veil tous les sens et c\u2019est pourquoi le design n\u2019a pas \u00e9t\u00e9 oubli\u00e9. On l\u2019adore dans toutes ses variantes de couleurs pleines d&rsquo;\u00e9nergie et de positivit\u00e9. <\/span>[\/accordion_item][\/accordion]<\/p>\n<p>[accordion title=\u00a0\u00bb\u00a0\u00bb open1st=\u00a0\u00bb0&Prime; openAll=\u00a0\u00bb0&Prime; style=\u00a0\u00bb\u00a0\u00bb][accordion_item title=\u00a0\u00bbPaiements, livraison &amp; retours\u00a0\u00bb]Pour les informations sur les alternatives de paiement, de livraison et les retours, merci de cliquer\u00a0<a class=\"linkcgv\" href=\"https:\/\/www.yoga-nest.com\/paiement-livraison-retours\/\" target=\"_blank\" rel=\"noopener\">ICI<\/a>[\/accordion_item][\/accordion]<\/p>\n<p>[one]<\/p>\n<p><span style=\"color: #b01da4;\"><b>La Marque<\/b><\/span><\/p>\n<p><b>Yoga Boutique \u2013 Des articles pour le yoga exclusifs, fonctionnels et \u00e9thiques<\/b><\/p>\n<p><span style=\"font-weight: 400;\">Yoga Boutique est une <\/span><b>start-up familiale suisse<\/b><span style=\"font-weight: 400;\">, n\u00e9e en 2018. Leur gamme est soigneusement s\u00e9lectionn\u00e9e : <\/span><b>tapis de yoga fabriqu\u00e9s \u00e0 partir de mat\u00e9riaux durables, beaux coussins de m\u00e9ditation, v\u00eatements de yoga super confortables pour tous. <\/b><span style=\"font-weight: 400;\">Les produits sont con\u00e7us directement par les fondateurs et sont donc exclusifs. Un soin particulier est donn\u00e9 \u00e0 la provenance des mat\u00e9riaux, aux designs et aux fonctionnalit\u00e9s.<\/span><\/p>\n<p><a class=\"boutonmarque\" title=\"Yoga Boutique\" href=\"http:\/\/www.yoga-nest.com\/yoga-boutique\/\"><span style=\"font-weight: 400;\">En savoir plus<\/span><\/a><\/p>\n<p>[\/one]<\/p>\n","protected":false},"excerpt":{"rendered":"<div class=\"j-module n j-hr \">\n<p><span style=\"font-weight: 400;\">Ce tapis velours deux-en-un vous accompagnera dans toutes vos s\u00e9ances de yoga : en voyage, au studio de yoga, en plein air,&#8230;<\/span><\/p>\n<p><span style=\"font-weight: 400;\">Il s\u2019agit \u00e0 la fois d\u2019une serviette qui vous permet de recouvrir un tapis en pr\u00eat pendant un cours de yoga ou un tapis de voyage pour les yogis et les yoginis qui veulent pouvoir pratiquer le yoga dans n\u2019importe quelle situation et en tout endroit.\u00a0<\/span><\/p>\n<p><span style=\"font-weight: 400;\">Sa maniabilit\u00e9, sa finesse et sa facilit\u00e9 de transport vous permettent de l\u2019emporter o\u00f9 vous voulez !\u00a0<\/span><\/p>\n<p><span style=\"font-weight: 400;\">Ce tapis pliable est donc extr\u00eamement pratique et \u00e9galement esth\u00e9tique. Disponible en 8 coloris et 2 motifs (couleur unie ou d\u00e9grad\u00e9 de couleurs), il est orn\u00e9 de mandalas dessin\u00e9s en ton sur ton sur la variante unie ou en blanc pour la variante d\u00e9grad\u00e9e.\u00a0<\/span><\/p>\n<p>&nbsp;<\/p>\n<p>[button title=\u00a0\u00bbGuide comparatif des tapis\u00a0\u00bb link=\u00a0\u00bbhttps:\/\/www.yoga-nest.com\/tapis_de_yoga_mat\/\u00a0\u00bb target=\u00a0\u00bb_blank\u00a0\u00bb align=\u00a0\u00bbcenter\u00a0\u00bb icon=\u00a0\u00bb\u00a0\u00bb icon_position=\u00a0\u00bb\u00a0\u00bb color=\u00a0\u00bb\u00a0\u00bb font_color=\u00a0\u00bb\u00a0\u00bb size=\u00a0\u00bb2&Prime; full_width=\u00a0\u00bb\u00a0\u00bb class=\u00a0\u00bbbouttontaille\u00a0\u00bb download=\u00a0\u00bb\u00a0\u00bb rel=\u00a0\u00bb\u00a0\u00bb]<\/p>\n<p>&nbsp;<\/p>\n<p class=\"manquante\" style=\"text-align: center;\">Mod\u00e8le ou coloris manquant ? <a href=\"mailto:serviceclients@yoga-nest.com\">Contactez-nous<\/a><\/p>\n<\/div>\n<p>&nbsp;<\/p>\n","protected":false},"featured_media":49,"comment_status":"open","ping_status":"open","template":"","meta":[],"product_cat":[41,26,42],"product_tag":[29],"_links":{"self":[{"href":"https:\/\/yoganest.vaniseo.pro\/index.php\/wp-json\/wp\/v2\/product\/2376"}],"collection":[{"href":"https:\/\/yoganest.vaniseo.pro\/index.php\/wp-json\/wp\/v2\/product"}],"about":[{"href":"https:\/\/yoganest.vaniseo.pro\/index.php\/wp-json\/wp\/v2\/types\/product"}],"replies":[{"embeddable":true,"href":"https:\/\/yoganest.vaniseo.pro\/index.php\/wp-json\/wp\/v2\/comments?post=2376"}],"wp:featuredmedia":[{"embeddable":true,"href":"https:\/\/yoganest.vaniseo.pro\/index.php\/wp-json\/wp\/v2\/media\/49"}],"wp:attachment":[{"href":"https:\/\/yoganest.vaniseo.pro\/index.php\/wp-json\/wp\/v2\/media?parent=2376"}],"wp:term":[{"taxonomy":"product_cat","embeddable":true,"href":"https:\/\/yoganest.vaniseo.pro\/index.php\/wp-json\/wp\/v2\/product_cat?post=2376"},{"taxonomy":"product_tag","embeddable":true,"href":"https:\/\/yoganest.vaniseo.pro\/index.php\/wp-json\/wp\/v2\/product_tag?post=2376"}],"curies":[{"name":"wp","href":"https:\/\/api.w.org\/{rel}","templated":true}]}}