{"id":2355,"date":"2023-11-09T00:15:08","date_gmt":"2023-11-08T23:15:08","guid":{"rendered":"https:\/\/yoganest.vaniseo.pro\/index.php\/product\/bougie-naturelles-500ml-hello-candle\/"},"modified":"2024-03-06T15:57:00","modified_gmt":"2024-03-06T14:57:00","slug":"bougie-naturelles-500ml-hello-candle","status":"publish","type":"product","link":"https:\/\/yoganest.vaniseo.pro\/index.php\/product\/bougie-naturelles-500ml-hello-candle\/","title":{"rendered":"Bougie naturelles 500ml | Hello candle"},"content":{"rendered":"<p><strong>Pour plus de d\u00e9tails sur les Fragrances<\/strong>, contactez-nous au 078.217.88.98 (t\u00e9l\u00e9phone ou WhatsApp).<\/p>\n<p>Merci de noter que <strong>pour les livraisons \u00e0 domicile ou par La Poste, nous demandons une commande d&rsquo;un minimum de 2 pi\u00e8ces<\/strong>.<\/p>\n<p>[accordion title=\u00a0\u00bb\u00a0\u00bb open1st=\u00a0\u00bb0&Prime; openAll=\u00a0\u00bb0&Prime;][accordion_item title=\u00a0\u00bbEntretien\u00a0\u00bb]<\/p>\n<p>N\/A<\/p>\n<p>[\/accordion_item][\/accordion]<\/p>\n<p>[accordion title=\u00a0\u00bb\u00a0\u00bb open1st=\u00a0\u00bb0&Prime; openAll=\u00a0\u00bb0&Prime; style=\u00a0\u00bb\u00a0\u00bb][accordion_item title=\u00a0\u00bbTypes d&rsquo;activit\u00e9s\u00a0\u00bb]<\/p>\n<p>Au quotidien, au yoga, \u00e0 la maison, au bureau, \u00e0 offrir en cadeau et \u00e0 s&rsquo;offrir \u00e0 soi<\/p>\n<p>[\/accordion_item][\/accordion]<\/p>\n<p>[accordion title=\u00a0\u00bb\u00a0\u00bb open1st=\u00a0\u00bb0&Prime; openAll=\u00a0\u00bb0&Prime; style=\u00a0\u00bb\u00a0\u00bb][accordion_item title=\u00a0\u00bbPourquoi on adore ce produit\u00a0\u00bb]Les bougies Hello Candle cochent toutes les cases de ce qui est important pour nous, chez YOGANEST: produites en Suisse, dans les r\u00e8gles de l&rsquo;artisanat, hyper s\u00e9lectives sur les composants naturels et bons pour nous, conscientes de l&rsquo;impact de l&#8217;emballage, et en plus elles sont magnifiques, tr\u00e8s originales en fragrances et elles sentent divinement bon![\/accordion_item][\/accordion]<\/p>\n<p>[accordion title=\u00a0\u00bb\u00a0\u00bb open1st=\u00a0\u00bb0&Prime; openAll=\u00a0\u00bb0&Prime; style=\u00a0\u00bb\u00a0\u00bb][accordion_item title=\u00a0\u00bbPaiements, livraison &amp; retours\u00a0\u00bb]<\/p>\n<p>Pour les informations sur les alternatives de paiement, de livraison et les retours, merci de cliquer\u00a0<a class=\"linkcgv\" href=\"https:\/\/www.yoga-nest.com\/paiement-livraison-retours\/\" target=\"_blank\" rel=\"noopener\">ICI<\/a><\/p>\n<p>[\/accordion_item][\/accordion]<\/p>\n<p>[one]<\/p>\n<p><span style=\"color: #b01da4;\"><b>La Marque<\/b><\/span><\/p>\n<p><b>Hello Candle \u2013<\/b><b>L&rsquo;\u00e9motion au travers du parfum<\/b><\/p>\n<p><span style=\"font-weight: 400;\">Une marque r\u00e9gionale (bas\u00e9e \u00e0 Grandson en Suisse romande), experte dans le domaine des senteurs et collaborants avec les meilleurs parfumeurs artisans de Grasse (France) qui mise compl\u00e8tement sur l&rsquo;origine naturelle des bougies et le d\u00e9veloppement d&#8217;emballages eco-friendly.<\/span><\/p>\n<p>[\/one]<\/p>\n","protected":false},"excerpt":{"rendered":"<p>C\u2019est en Suisse romande, \u00e0 Grandson (VD), qu\u2019est n\u00e9e et vit la marque Hello Candle qui con\u00e7oit avec amour, d\u00e9votion et expertise ses cr\u00e9ations uniques.<\/p>\n<p>Chaque parfum raconte une histoire, un voyage ou un r\u00eave (fermez les yeux et humez Dolce Vita, vous serez transport\u00e9s en Toscane).<\/p>\n<p>Respectent votre sant\u00e9 et la plan\u00e8te en \u00e9tant \u00e0 base de cire de soja garantie sans OGM, naturelle et de culture durable (aussi sans phtalates, ni CMR ajout\u00e9s, non test\u00e9 sur animaux et vegan).<\/p>\n<p>Choix attentif de contenants recyclables tout r\u00e9jouissant nos yeux aussi, avec ces bo\u00eetes en m\u00e9tal assorties aux emballages carton !<\/p>\n<p><strong>Superbes \u00e0 offrir &#8211; \u00e0 soi-m\u00eame &amp; aux autres!<\/strong><\/p>\n<p>Les parfums pr\u00e9sents \u00e0 la Boutique \u00e0 Carouge et en ligne peuvent varier, la disponibilit\u00e9 des<strong>\u00a0nouvelles fragrances sp\u00e9ciales Automne-Hiver-No\u00eal<\/strong><span class=\"Apple-converted-space\"> aussi. Ne tardez pas, plus No\u00ebl approchera, moins il y en aura&#8230;<\/span><\/p>\n<p style=\"text-align: center;\">Une question sur les fragrances ? <a href=\"mailto:serviceclients@yoga-nest.com\">Contactez-nous<\/a><\/p>\n","protected":false},"featured_media":2356,"comment_status":"open","ping_status":"open","template":"","meta":[],"product_cat":[],"product_tag":[],"_links":{"self":[{"href":"https:\/\/yoganest.vaniseo.pro\/index.php\/wp-json\/wp\/v2\/product\/2355"}],"collection":[{"href":"https:\/\/yoganest.vaniseo.pro\/index.php\/wp-json\/wp\/v2\/product"}],"about":[{"href":"https:\/\/yoganest.vaniseo.pro\/index.php\/wp-json\/wp\/v2\/types\/product"}],"replies":[{"embeddable":true,"href":"https:\/\/yoganest.vaniseo.pro\/index.php\/wp-json\/wp\/v2\/comments?post=2355"}],"wp:featuredmedia":[{"embeddable":true,"href":"https:\/\/yoganest.vaniseo.pro\/index.php\/wp-json\/wp\/v2\/media\/2356"}],"wp:attachment":[{"href":"https:\/\/yoganest.vaniseo.pro\/index.php\/wp-json\/wp\/v2\/media?parent=2355"}],"wp:term":[{"taxonomy":"product_cat","embeddable":true,"href":"https:\/\/yoganest.vaniseo.pro\/index.php\/wp-json\/wp\/v2\/product_cat?post=2355"},{"taxonomy":"product_tag","embeddable":true,"href":"https:\/\/yoganest.vaniseo.pro\/index.php\/wp-json\/wp\/v2\/product_tag?post=2355"}],"curies":[{"name":"wp","href":"https:\/\/api.w.org\/{rel}","templated":true}]}}