{"id":2341,"date":"2023-11-08T23:37:30","date_gmt":"2023-11-08T22:37:30","guid":{"rendered":"https:\/\/yoganest.vaniseo.pro\/index.php\/product\/leggings-leopard\/"},"modified":"2024-03-06T15:56:58","modified_gmt":"2024-03-06T14:56:58","slug":"leggings-leopard","status":"publish","type":"product","link":"https:\/\/yoganest.vaniseo.pro\/index.php\/product\/leggings-leopard\/","title":{"rendered":"Leggings | L\u00e9opard"},"content":{"rendered":"<p>Merci de noter que les v\u00eatements Yogisu sont disponibles sur notre boutique en ligne pour livraison en Suisse seulement.<\/p>\n<p>[accordion title=\u00a0\u00bb\u00a0\u00bb open1st=\u00a0\u00bb0&Prime; openAll=\u00a0\u00bb0&Prime;][accordion_item title=\u00a0\u00bbEntretien\u00a0\u00bb]<\/p>\n<ul>\n<li>Lavez votre legging en machine \u00e0 20 ou 30 degr\u00e9s ou \u00e0 la main, c&rsquo;est bien suffisant<\/li>\n<li>Aucun ajout d&rsquo;adoucissant n&rsquo;est n\u00e9cessaire, les tissus vous en seront reconnaissants<\/li>\n<li>S\u00e9chage \u00e0 l&rsquo;air libre, \u00e0 plat ou sur cintre, ce sera super rapide. Le s\u00e9chage en machine est absolument non-recommand\u00e9<\/li>\n<li>Et voil\u00e0, c&rsquo;est tr\u00e8s tr\u00e8s simple<\/li>\n<\/ul>\n<p>[\/accordion_item][\/accordion]<\/p>\n<p>[accordion title=\u00a0\u00bb\u00a0\u00bb open1st=\u00a0\u00bb0&Prime; openAll=\u00a0\u00bb0&Prime; style=\u00a0\u00bb\u00a0\u00bb][accordion_item title=\u00a0\u00bbTypes d&rsquo;activit\u00e9s\u00a0\u00bb]Lifestyle au quotidien,\u00a0Pilates, Yin yoga, Restorative yoga, Yang yoga, Hatha yoga, yoga Flow, Vinyasa yoga, Ashtanga yoga, Power yoga, yoga Nidra, M\u00e9ditation, Mindfulness, Iyengar yoga, Yoga a\u00e9rien, Accro yoga, Yoga en plein air, Yoga en voyage, Automassage myofascial, Stretching, Workout, Gymnastique, Fitness, Crossfit, Sports en ext\u00e9rieur (bootcamp, running, course \u00e0 pied, marche nordique, randonn\u00e9e, v\u00e9lo, grimpe,&#8230;), Cocooning \u00e0 la maison,\u00a0<span style=\"font-weight: 400;\">Relaxation, Bain sonore<\/span>[\/accordion_item][\/accordion]<\/p>\n<p>[accordion title=\u00a0\u00bb\u00a0\u00bb open1st=\u00a0\u00bb0&Prime; openAll=\u00a0\u00bb0&Prime; style=\u00a0\u00bb\u00a0\u00bb][accordion_item title=\u00a0\u00bbPourquoi on adore ce produit\u00a0\u00bb]Chez YOGA<strong>NEST,<\/strong> on aime particuli\u00e8rement les v\u00eatements versatiles, qui se pr\u00eatent aussi bien au mouvement sportif qu&rsquo;aux autres moments de notre vie. Ils sont ainsi des pi\u00e8ces ma\u00eetresses de notre vestiaire, on les porte souvent et c&rsquo;est tellement mieux ainsi. Pour nous, nos d\u00e9penses et pour la plan\u00e8te aussi.[\/accordion_item][\/accordion]<\/p>\n<p>[accordion title=\u00a0\u00bb\u00a0\u00bb open1st=\u00a0\u00bb0&Prime; openAll=\u00a0\u00bb0&Prime; style=\u00a0\u00bb\u00a0\u00bb][accordion_item title=\u00a0\u00bbPaiements, livraison &amp; retours\u00a0\u00bb]Pour les informations sur les alternatives de paiement, de livraison et les retours, merci de cliquer\u00a0<a class=\"linkcgv\" href=\"https:\/\/www.yoga-nest.com\/paiement-livraison-retours\/\" target=\"_blank\" rel=\"noopener\">ICI<\/a>[\/accordion_item][\/accordion]<\/p>\n<p>[one]<\/p>\n<p><span style=\"color: #b01da4;\"><b>La Marque<\/b><\/span><\/p>\n<p><b>Yogisu \u2013 Une marque fran\u00e7aise \u00e0 l&rsquo;image des valeurs de sa\u00a0fondatrice, \u00e0 la fois coh\u00e9rente et pleine de\u00a0caract\u00e8re!\u00a0<\/b><\/p>\n<p>Yogisu est une marque fran\u00e7aise nomm\u00e9e d&rsquo;apr\u00e8s sa fondatrice, Caroline Su, enseignante de Yoga.\u00a0Pratiquante depuis 2015, elle prend rapidement conscience de sa difficult\u00e9 \u00e0 trouver des v\u00eatements de yoga de qualit\u00e9 et \u00e0\u00a0prix raisonnable qui correspondent \u00e0 ses valeurs: respecter l&rsquo;environnement,\u00a0l&rsquo;\u00e9cologie, assurer la\u00a0tra\u00e7abilit\u00e9 des mati\u00e8res premi\u00e8res et le respect \u00e0 chaque \u00e9tape de la cha\u00eene de production.<\/p>\n<p>Avec\u00a0Yogisu,\u00a0Caroline tient \u00e0 cr\u00e9er des v\u00eatements parfaitement\u00a0adapt\u00e9s au style de vie de la yogini et aussi faciles \u00e0\u00a0porter en dehors du tapis. Des v\u00eatements lifestyle, cr\u00e9atifs, hyper f\u00e9minins, gais et un rien foufou.<\/p>\n<p><a class=\"boutonmarque\" title=\"Yoga Boutique\" href=\"https:\/\/www.yoga-nest.com\/yogisu\"><span style=\"font-weight: 400;\">En savoir plus<\/span><\/a><\/p>\n<p>[\/one]<\/p>\n","protected":false},"excerpt":{"rendered":"<div class=\"j-module n j-hr \">\n<p><strong>Le style Yogisu d\u00e9clin\u00e9 en imprim\u00e9 L\u00e9opard et en 2 coloris de legging: f\u00e9minit\u00e9, style et confort pour vous sentir bien et fid\u00e8le \u00e0 vous-m\u00eame tant pendant votre activit\u00e9 de mouvement, yoga ou autre, que pour rejoindre vos amies pour un verre ou vous promener en milieu urbain<\/strong>.<\/p>\n<p>Ces<strong> mod\u00e8les<\/strong>\u00a0sont issus d&rsquo;un\u00a0<strong>stock de tissu italien invendu<\/strong>\u00a0qui aurait bien pu rester en rouleau dans un coin pendant tr\u00e8s longtemps encore. Caroline\u00a0l&rsquo;a probablement sauv\u00e9 d&rsquo;une destruction peu \u00e9co-responsable.<\/p>\n<p>Avec leur taille haute et leur forme galbante, ces leggings Yogisu mettent en valeur vos formes. D&rsquo;une longueur 7\/8\u00e8me, \u00a0ils s&rsquo;arr\u00eateront \u00e0 hauteur de vos chevilles ou juste au-dessus, selon la longueur de vos jambes. Si vous h\u00e9sitez entre 2 tailles, YOGA<strong>NEST<\/strong> vous sugg\u00e8re de prendre la plus grande.<\/p>\n<p>&nbsp;<\/p>\n<\/div>\n<p>&nbsp;<\/p>\n<p style=\"text-align: center;\">Mod\u00e8le ou taille manquant(e) ? <a href=\"mailto:serviceclients@yoga-nest.com\">Contactez-nous<\/a><\/p>\n","protected":false},"featured_media":2342,"comment_status":"open","ping_status":"open","template":"","meta":[],"product_cat":[90,62],"product_tag":[179],"_links":{"self":[{"href":"https:\/\/yoganest.vaniseo.pro\/index.php\/wp-json\/wp\/v2\/product\/2341"}],"collection":[{"href":"https:\/\/yoganest.vaniseo.pro\/index.php\/wp-json\/wp\/v2\/product"}],"about":[{"href":"https:\/\/yoganest.vaniseo.pro\/index.php\/wp-json\/wp\/v2\/types\/product"}],"replies":[{"embeddable":true,"href":"https:\/\/yoganest.vaniseo.pro\/index.php\/wp-json\/wp\/v2\/comments?post=2341"}],"wp:featuredmedia":[{"embeddable":true,"href":"https:\/\/yoganest.vaniseo.pro\/index.php\/wp-json\/wp\/v2\/media\/2342"}],"wp:attachment":[{"href":"https:\/\/yoganest.vaniseo.pro\/index.php\/wp-json\/wp\/v2\/media?parent=2341"}],"wp:term":[{"taxonomy":"product_cat","embeddable":true,"href":"https:\/\/yoganest.vaniseo.pro\/index.php\/wp-json\/wp\/v2\/product_cat?post=2341"},{"taxonomy":"product_tag","embeddable":true,"href":"https:\/\/yoganest.vaniseo.pro\/index.php\/wp-json\/wp\/v2\/product_tag?post=2341"}],"curies":[{"name":"wp","href":"https:\/\/api.w.org\/{rel}","templated":true}]}}