{"id":2318,"date":"2023-10-31T05:12:28","date_gmt":"2023-10-31T04:12:28","guid":{"rendered":"https:\/\/yoganest.vaniseo.pro\/index.php\/product\/body-justaucorps-lisa\/"},"modified":"2024-03-06T15:56:46","modified_gmt":"2024-03-06T14:56:46","slug":"body-justaucorps-lisa","status":"publish","type":"product","link":"https:\/\/yoganest.vaniseo.pro\/index.php\/product\/body-justaucorps-lisa\/","title":{"rendered":"Body justaucorps | Lisa"},"content":{"rendered":"<p>Se sentir bien aujourd&rsquo;hui avec notre v\u00eatement exclusif Lisa, qu&rsquo;on soit au yoga, \u00e0 la danse, au travail, en promenade et m\u00eame de sortie le soir. Ce justaucorps ou body de \u00a0tient ses promesses associant le confort, le style et la f\u00e9minit\u00e9, port\u00e9 seul, sous un t-shirt ou un pull. Nous l&rsquo;avons <strong>d\u00e9velopp\u00e9 avec Vervola, sp\u00e9cialement pour les clientes YOGANEST.\u00a0<\/strong><\/p>\n<p>Selon votre style et votre humeur, associez-la avec un pantalon tout aussi doux et confortable comme le <a href=\"https:\/\/www.yoga-nest.com\/boutique-yoga-shop\/pantalon-ample-bali\/\">Bali<\/a> ou le <a href=\"https:\/\/www.yoga-nest.com\/boutique-yoga-shop\/pantalon-legging-jesse\/\">Jesse <\/a>ou un mod\u00e8le de legging propos\u00e9 sur la Boutique. La brassi\u00e8re Linda est aussi id\u00e9ale sous\u00a0le <a href=\"https:\/\/www.yoga-nest.com\/boutique-yoga-shop\/cache-coeur-wrap\/\">Wrap-top<\/a> Vervola.<\/p>\n<ul>\n<li>Une coupe f\u00e9minine et id\u00e9ale pour les mouvements, tant au niveau du buste que des hanches &amp; fessiers<\/li>\n<li style=\"font-weight: 400;\" aria-level=\"1\">Un tissu ultra-doux et super confortable \u00e0 base de 90% de modal, une fibre v\u00e9g\u00e9tale durable, et de 10% d\u2019\u00e9lasthanne<\/li>\n<li style=\"font-weight: 400;\" aria-level=\"1\"><span style=\"font-weight: 400;\">Disponible en trois tailles et quatre couleurs raffin\u00e9es &#8211; noir, blanc, vert olive et sable &#8211; notre chouchou Lisa vous offre une palette de choix pour vous mettre en valeur et s&rsquo;assortir avec toutes vos tenues.<\/span><\/li>\n<\/ul>\n<p>[accordion title=\u00a0\u00bb\u00a0\u00bb open1st=\u00a0\u00bb0&Prime; openAll=\u00a0\u00bb0&Prime;][accordion_item title=\u00a0\u00bbEntretien\u00a0\u00bb]<\/p>\n<p><span style=\"font-weight: 400;\">Voici quelques conseils pour laver et prendre soin de votre justaucorps pr\u00e9f\u00e9r\u00e9 :<\/span><\/p>\n<ul>\n<li style=\"font-weight: 400;\" aria-level=\"1\"><span style=\"font-weight: 400;\">Lavage \u00e0 max 30 degr\u00e9s ou \u00e0 la main<\/span><\/li>\n<li style=\"font-weight: 400;\" aria-level=\"1\"><span style=\"font-weight: 400;\">Suspendre \u00e0 l&rsquo;air libre, sans<\/span><span style=\"font-weight: 400;\">\u00a0utiliser de s\u00e8che-linge<\/span><\/li>\n<li style=\"font-weight: 400;\" aria-level=\"1\"><span style=\"font-weight: 400;\">N&rsquo;utilisez pas d&rsquo;agent de blanchiment ou d&rsquo;adoucissant<\/span><\/li>\n<li style=\"font-weight: 400;\" aria-level=\"1\"><span style=\"font-weight: 400;\">Pas n\u00e9cessaire de le repasser (et surtout pas de le nettoyer \u00e0 sec!)<\/span><\/li>\n<\/ul>\n<p>[\/accordion_item][\/accordion][accordion title=\u00a0\u00bb\u00a0\u00bb open1st=\u00a0\u00bb0&Prime; openAll=\u00a0\u00bb0&Prime;][accordion_item title=\u00a0\u00bbTypes d&rsquo;activit\u00e9s\u00a0\u00bb]<span style=\"font-weight: 400;\">Pilates, Yin Yoga, Yoga Restauratif, Hatha Yoga, Flow Yoga, Yoga Nidra, M\u00e9ditation, Iyengar Yoga, Yoga a\u00e9rien, Yoga pr\u00e9natal, Yoga en plein air, Yoga en voyage, Automassage myofascial, Stretching, Danse, Pole dance, Streetwear, Casualwear, Style relax et Cocooning \u00e0 la maison<\/span>[\/accordion_item][\/accordion]<span style=\"font-weight: 400;\">[accordion title=\u00a0\u00bb\u00a0\u00bb open1st=\u00a0\u00bb0&Prime; openAll=\u00a0\u00bb0&Prime;][accordion_item title=\u00a0\u00bbPourquoi on adore ce produit\u00a0\u00bb]<\/span><\/p>\n<p>On adore tout du mod\u00e8le Lisa! Ses petites bretelles, le joli dos qu&rsquo;il nous fait, son confort, sa versatilit\u00e9 et son confort sur toute la longueur, des \u00e9paules aux fessiers!<\/p>\n<p>Notre plus grande difficult\u00e9 est de choisir notre coloris pr\u00e9f\u00e9r\u00e9. Ensuite, c&rsquo;est facile, on sait qu&rsquo;on l&rsquo;aura toujours sous la main&#8230;<\/p>\n<p>Il s&rsquo;assortit parfaitement avec presque tout&#8230; Avec un legging, le <a href=\"https:\/\/www.yoga-nest.com\/boutique-yoga-shop\/short-de-yoga-et-sport-shorty\/\">short Shorty<\/a> ou le <a href=\"https:\/\/www.yoga-nest.com\/boutique-yoga-shop\/pantalon-ample-bali\/\">pantalon ample<\/a> Bali, et aussi avec un jean ou un short en jean.<\/p>\n<p><span style=\"font-weight: 400;\">[\/accordion_item][\/accordion]<\/span>[accordion title=\u00a0\u00bb\u00a0\u00bb open1st=\u00a0\u00bb0&Prime; openAll=\u00a0\u00bb0&Prime; style=\u00a0\u00bb\u00a0\u00bb][accordion_item title=\u00a0\u00bbPaiement, livraison &amp; retours\u00a0\u00bb]Pour les informations sur les alternatives de paiement, de livraison et les retours, merci de cliquer <a class=\"linkcgv\" href=\"https:\/\/www.yoga-nest.com\/paiement-livraison-retours\/\" target=\"_blank\" rel=\"noopener\">ICI<\/a>.[\/accordion_item][\/accordion]<\/p>\n<p>[one]<\/p>\n<p><span style=\"color: #b01da4;\"><b>La Marque<\/b><\/span><\/p>\n<p><b>Vervola \u2013 Inspir\u00e9 par le yoga, con\u00e7u en Suisse, fabriqu\u00e9 \u00e0 Bali dans le cadre d&rsquo;une production durable et \u00e9thique<\/b><\/p>\n<p><span style=\"font-weight: 400;\">Vervola est une <\/span><b>start-up familiale suisse<\/b><span style=\"font-weight: 400;\">, n\u00e9e en 2019. Des tops et des pantalons qui sont <\/span><b>tous doux et ultra-confortables, mettent en valeur votre corps et combinent des coupes intemporelles avec des motifs tendance.\u00a0<\/b><span style=\"font-weight: 400;\">Con\u00e7us en Suisse par Susanne, ils sont tous uniques car fabriqu\u00e9s pi\u00e8ce par pi\u00e8ce de fa\u00e7on artisanale sur l&rsquo;Ile de Bali en artisanat responsable.<\/span><\/p>\n<p><a class=\"boutonmarque\" title=\"Vervola\" href=\"https:\/\/www.yoga-nest.com\/?page_id=8094&amp;preview=true\"><span style=\"font-weight: 400;\">En savoir plus<\/span><\/a><\/p>\n","protected":false},"excerpt":{"rendered":"<p><strong>D\u00e9velopp\u00e9 en EXCLUSIVIT\u00c9 par Vervola pour YOGANEST<\/strong>, le body Lisa est bien plus qu&rsquo;un simple body de yoga ou de sport&#8230; C&rsquo;est un incontournable, qui resemble \u00e0 un bustier ou un d\u00e9bardeur et qui tient en place comme&#8230; un justaucorps. Discret, il n&rsquo;y a que vous qui savez que ce n&rsquo;est pas juste un top! Hyper confortable, au toucher aussi doux que des p\u00e9tales de fleurs, de qualit\u00e9 durable et r\u00e9sistante, doublement cousue, le mod\u00e8le Lisa a absolument tout pour lui.<\/p>\n<p>Sa coupe aussi&#8230;! En HAUT, la coupe \u00e9chancr\u00e9e \u00e0 l&rsquo;avant offre un joli d\u00e9collet\u00e9 tout en \u00e9tant assez couvrante en flexion avant, ses bretelles fines sont subtiles et la maintiennent parfaitement en place quand on bouge, leur croisement dans le dos met en valeur nos \u00e9paules et notre nuque. En BAS, nous avons voulu que la coupe englobe les fessiers pour \u00eatre confortable quels que soient nos mouvements. On se sent vraiment bien, en toutes circonstances.<\/p>\n<p>C&rsquo;est un v\u00eatement multi-talent qu&rsquo;on appr\u00e9cie tous les jours: il accompagne nos mouvements dans des activit\u00e9s sportives l\u00e9g\u00e8res et se porte aussi \u00e0 merveille avec un short, une jupe ou un jean. La versatilit\u00e9 de Lisa ne s&rsquo;arr\u00eate pas l\u00e0&#8230; Il adore aussi accompagner vos sorties nocturnes, seul ou sous une chemise l\u00e9g\u00e8re. Lisa s&rsquo;installera vite comme l&rsquo;un de vos v\u00eatements pr\u00e9f\u00e9r\u00e9s, comme tous les autres mod\u00e8les Vervola.<\/p>\n<p>Pour convenir et plaire \u00e0 toutes, Lisa est disponible en 3 tailles et 4 coloris.<\/p>\n<p>&nbsp;<\/p>\n<p>[button title=\u00a0\u00bbGuide des tailles\u00a0\u00bb link=\u00a0\u00bbhttps:\/\/www.yoga-nest.com\/tailles\u00a0\u00bb target=\u00a0\u00bb_blank\u00a0\u00bb align=\u00a0\u00bbcenter\u00a0\u00bb icon=\u00a0\u00bb\u00a0\u00bb icon_position=\u00a0\u00bb\u00a0\u00bb color=\u00a0\u00bb\u00a0\u00bb font_color=\u00a0\u00bb\u00a0\u00bb size=\u00a0\u00bb2&Prime; full_width=\u00a0\u00bb\u00a0\u00bb class=\u00a0\u00bbbouttontaille\u00a0\u00bb download=\u00a0\u00bb\u00a0\u00bb rel=\u00a0\u00bb\u00a0\u00bb]<\/p>\n<p>&nbsp;<\/p>\n<p class=\"manquante\" style=\"text-align: center;\">Taille ou couleur manquante ? <a href=\"mailto:serviceclients@yoga-nest.com\">Contactez-nous<\/a><\/p>\n","protected":false},"featured_media":2319,"comment_status":"open","ping_status":"open","template":"","meta":[],"product_cat":[80,63,28,62],"product_tag":[77],"_links":{"self":[{"href":"https:\/\/yoganest.vaniseo.pro\/index.php\/wp-json\/wp\/v2\/product\/2318"}],"collection":[{"href":"https:\/\/yoganest.vaniseo.pro\/index.php\/wp-json\/wp\/v2\/product"}],"about":[{"href":"https:\/\/yoganest.vaniseo.pro\/index.php\/wp-json\/wp\/v2\/types\/product"}],"replies":[{"embeddable":true,"href":"https:\/\/yoganest.vaniseo.pro\/index.php\/wp-json\/wp\/v2\/comments?post=2318"}],"wp:featuredmedia":[{"embeddable":true,"href":"https:\/\/yoganest.vaniseo.pro\/index.php\/wp-json\/wp\/v2\/media\/2319"}],"wp:attachment":[{"href":"https:\/\/yoganest.vaniseo.pro\/index.php\/wp-json\/wp\/v2\/media?parent=2318"}],"wp:term":[{"taxonomy":"product_cat","embeddable":true,"href":"https:\/\/yoganest.vaniseo.pro\/index.php\/wp-json\/wp\/v2\/product_cat?post=2318"},{"taxonomy":"product_tag","embeddable":true,"href":"https:\/\/yoganest.vaniseo.pro\/index.php\/wp-json\/wp\/v2\/product_tag?post=2318"}],"curies":[{"name":"wp","href":"https:\/\/api.w.org\/{rel}","templated":true}]}}