{"id":2293,"date":"2023-07-28T05:13:17","date_gmt":"2023-07-28T03:13:17","guid":{"rendered":"https:\/\/yoganest.vaniseo.pro\/index.php\/product\/combinaisons-de-yoga-celin-nora\/"},"modified":"2024-03-06T15:55:49","modified_gmt":"2024-03-06T14:55:49","slug":"combinaisons-de-yoga-celin-nora","status":"publish","type":"product","link":"https:\/\/yoganest.vaniseo.pro\/index.php\/product\/combinaisons-de-yoga-celin-nora\/","title":{"rendered":"Combinaisons de yoga | Celin &#038; Nora"},"content":{"rendered":"<p><strong>En version longue ou courte, cette combinaison de yoga a tout d\u2019un v\u00eatement f\u00e9tiche !\u00a0<\/strong><\/p>\n<p><span style=\"font-weight: 400;\">Avec son dos nu et sa coupe parfaite, on la porte tous les jours. Pour une promenade sur la plage avec des tongs, pour une soir\u00e9e entre amis avec des talons ou des baskets, elle est aussi polyvalente et flexible que vos envies.<\/span><\/p>\n<ul>\n<li><span style=\"font-weight: 400;\">La version longue de la combinaison Jumpsuit Celin offre une couverture compl\u00e8te du corps, id\u00e9ale pour les s\u00e9ances de yoga dans des environnements plus frais ou pour ceux qui pr\u00e9f\u00e8rent une tenue couvrante pendant leur pratique.<\/span><\/li>\n<li><span style=\"font-weight: 400;\">La version courte est un combishort \u00e9l\u00e9gant, id\u00e9al pour les s\u00e9ances de yoga dans des climats plus chauds ou pour ceux qui souhaitent une tenue l\u00e9g\u00e8re et a\u00e9r\u00e9e pendant leurs mouvements.<\/span><\/li>\n<li><span style=\"font-weight: 400;\">La combinaison est confectionn\u00e9e avec un tissu extensible de haute qualit\u00e9 qui \u00e9pouse parfaitement les formes du corps, vous permettant de bouger sans entrave et en toute aisance.<\/span><\/li>\n<li><span style=\"font-weight: 400;\">Le dos nu de la combinaison ajoute une touche de style tout en offrant une grande libert\u00e9 de mouvement au niveau des \u00e9paules. Il apporte \u00e9galement une ventilation suppl\u00e9mentaire pour vous garder au frais pendant votre pratique.\u00a0<\/span><\/li>\n<li><span style=\"font-weight: 400;\">Les manches courtes couvrent juste les \u00e9paules en laissant passer l\u2019air lors de la pratique.<\/span><\/li>\n<li><span style=\"font-weight: 400;\">Le lien \u00e0 la ceinture permet de resserrer le maintien et de faire blouser le haut.<\/span><\/li>\n<li><span style=\"font-weight: 400;\">Sa coupe a \u00e9t\u00e9 pens\u00e9e pour \u00eatre autant un v\u00eatement de sport qu\u2019un v\u00eatement de la vie de tous les jours. Un v\u00eatement polyvalent comme on les aime !<\/span><\/li>\n<li style=\"list-style-type: none;\"><\/li>\n<\/ul>\n<p>[accordion title=\u00a0\u00bb\u00a0\u00bb open1st=\u00a0\u00bb0&Prime; openAll=\u00a0\u00bb0&Prime;][accordion_item title=\u00a0\u00bbEntretien\u00a0\u00bb]<\/p>\n<p><span style=\"font-weight: 400;\">Voici quelques conseils pour laver et prendre soin de votre combinaison :<\/span><\/p>\n<ul>\n<li style=\"font-weight: 400;\" aria-level=\"1\"><span style=\"font-weight: 400;\">Lavage \u00e0 max 30 degr\u00e9s ou \u00e0 la main<\/span><\/li>\n<li style=\"font-weight: 400;\" aria-level=\"1\"><span style=\"font-weight: 400;\">Posez la \u00e0 plat \u00e0 l&rsquo;air libre plut\u00f4t que de la suspendre, sans<\/span><span style=\"font-weight: 400;\">\u00a0utiliser de s\u00e8che-linge<\/span><\/li>\n<li style=\"font-weight: 400;\" aria-level=\"1\"><span style=\"font-weight: 400;\">N&rsquo;utilisez pas d&rsquo;agent de blanchiment ou d&rsquo;adoucissant<\/span><\/li>\n<li style=\"font-weight: 400;\" aria-level=\"1\"><span style=\"font-weight: 400;\">Pas n\u00e9cessaire de le repasser (et encore moins de le nettoyer \u00e0 sec!)<\/span><\/li>\n<\/ul>\n<p>[\/accordion_item][\/accordion][accordion title=\u00a0\u00bb\u00a0\u00bb open1st=\u00a0\u00bb0&Prime; openAll=\u00a0\u00bb0&Prime;][accordion_item title=\u00a0\u00bbTypes d&rsquo;activit\u00e9s\u00a0\u00bb]<span style=\"font-weight: 400;\">Pilates, Yin Yoga, Yoga Restauratif, Hatha Yoga, Flow Yoga, Yoga Nidra, M\u00e9ditation, Iyengar Yoga, Yoga a\u00e9rien, Yoga pr\u00e9natal, Yoga en plein air, Yoga en voyage, Automassage myofascial, Stretching, Streetwear, Casualwear, Style relax et Cocooning \u00e0 la maison<\/span>[\/accordion_item][\/accordion]<span style=\"font-weight: 400;\">[accordion title=\u00a0\u00bb\u00a0\u00bb open1st=\u00a0\u00bb0&Prime; openAll=\u00a0\u00bb0&Prime;][accordion_item title=\u00a0\u00bbPourquoi on adore ce produit\u00a0\u00bb]<\/span><\/p>\n<p><span style=\"font-weight: 400;\">C\u2019est un must have ! C\u2019est le v\u00eatement qui s\u2019adapte \u00e0 toutes les situations. Que l\u2019on veuille faire du sport, sortir en ville, aller au restaurant, se d\u00e9tendre, il suffit de l\u2019associer aux accessoires ad\u00e9quats et le tour est jou\u00e9 !<\/span><\/p>\n<p><span style=\"font-weight: 400;\">Le dos nu d\u00e9voile joliment votre silhouette, que vous portiez un soutien gorge, une <\/span><a href=\"https:\/\/www.yoga-nest.com\/boutique-yoga-shop\/brassiere-bustier-linda\/\"><span style=\"font-weight: 400;\">brassi\u00e8re de sport<\/span><\/a><span style=\"font-weight: 400;\"> ou non !<\/span><\/p>\n<p><span style=\"font-weight: 400;\">[\/accordion_item][\/accordion]<\/span>[accordion title=\u00a0\u00bb\u00a0\u00bb open1st=\u00a0\u00bb0&Prime; openAll=\u00a0\u00bb0&Prime; style=\u00a0\u00bb\u00a0\u00bb][accordion_item title=\u00a0\u00bbPaiement, livraison &amp; retours\u00a0\u00bb]Pour les informations sur les alternatives de paiement, de livraison et les retours, merci de cliquer <a class=\"linkcgv\" href=\"https:\/\/www.yoga-nest.com\/paiement-livraison-retours\/\" target=\"_blank\" rel=\"noopener\">ICI<\/a>.[\/accordion_item][\/accordion]<\/p>\n<p>[one]<\/p>\n<p><span style=\"color: #b01da4;\"><b>La Marque<\/b><\/span><\/p>\n<p><b>Vervola \u2013 Inspir\u00e9 par le yoga, con\u00e7u en Suisse, fabriqu\u00e9 \u00e0 Bali dans le cadre d&rsquo;une production durable et \u00e9thique<\/b><\/p>\n<p><span style=\"font-weight: 400;\">Vervola est une <\/span><b>start-up familiale suisse<\/b><span style=\"font-weight: 400;\">, n\u00e9e en 2019. Des tops et des pantalons qui sont <\/span><b>tous doux et ultra-confortables, mettent en valeur votre corps et combinent des coupes intemporelles avec des motifs tendance.\u00a0<\/b><span style=\"font-weight: 400;\">Con\u00e7us en Suisse par Susanne, ils sont tous uniques car fabriqu\u00e9s pi\u00e8ce par pi\u00e8ce de fa\u00e7on artisanale sur l&rsquo;Ile de Bali en artisanat responsable.<\/span><\/p>\n<p><a class=\"boutonmarque\" title=\"Vervola\" href=\"https:\/\/www.yoga-nest.com\/?page_id=8094&amp;preview=true\"><span style=\"font-weight: 400;\">En savoir plus<\/span><\/a><\/p>\n","protected":false},"excerpt":{"rendered":"<p><strong>Envie d\u2019un v\u00eatement l\u00e9ger, confortable et 100% polyvalent ? On vous pr\u00e9sente la combinaison de yoga Jumpsuit de la marque Vervola ! Cette sublime combinaison existe en deux versions : longue (Celin) et courte (Nora combishort).<\/strong><\/p>\n<p><span style=\"font-weight: 400;\">Cette combinaison de sport offre un confort sup\u00e9rieur et une totale libert\u00e9 de mouvement pour vous permettre de vous connecter pleinement \u00e0 votre pratique. Elle est tellement jolie qu\u2019on la porte pour toutes les occasions : au quotidien, en vacances, en soir\u00e9e et \u00e9videmment au yoga.\u00a0<\/span><\/p>\n<p><span style=\"font-weight: 400;\">Elle est adapt\u00e9e aux activit\u00e9s sportives telles que le pilates, la danse, la course \u00e0 pied (plut\u00f4t la version courte en course).<\/span><\/p>\n<p><span style=\"font-weight: 400;\">Son tissu tout doux tombe parfaitement. Le haut est assez ample avec un joli dos nu qui d\u00e9voile une partie du dos. Il tombe l\u00e9g\u00e8rement sur le bas (pantalon ou short) pour souligner les hanches. Les petites manches sont tenues par un lien au niveau du cou, ce qui permet de bouger sans que la manche glisse.<\/span><\/p>\n<ul>\n<li><span style=\"font-weight: 400;\">En version longue, le pantalon est assez ajust\u00e9 mais tr\u00e8s confortable pour ne g\u00eaner aucun mouvement.<\/span><\/li>\n<li>En version courte, le short est un peu plus large et d\u00e9contract\u00e9, mais permet aussi de bouger sans se poser de questions.<\/li>\n<\/ul>\n<p><span style=\"font-weight: 400;\">La ceinture peut \u00eatre ajust\u00e9e avec un ruban pour un maintien et un confort optimal.\u00a0<\/span><\/p>\n<p><span style=\"font-weight: 400;\">Cette combinaison de yoga est fabriqu\u00e9e dans un tissu noir doux et confortable : du modal, une fibre organique, et de l\u2019\u00e9lasthanne pour le c\u00f4t\u00e9 stretch.\u00a0<\/span><\/p>\n<p><span style=\"font-weight: 400;\">A la recherche d\u2019un must have pour votre garde-robe ? Choisissez la combinaison de yoga Vervola. Alors Celin ou Nora&#8230; ou les 2?!\u00a0<\/span><\/p>\n<p>&nbsp;<\/p>\n<p>[button title=\u00a0\u00bbGuide des tailles\u00a0\u00bb link=\u00a0\u00bbhttps:\/\/www.yoga-nest.com\/tailles\u00a0\u00bb target=\u00a0\u00bb_blank\u00a0\u00bb align=\u00a0\u00bbcenter\u00a0\u00bb icon=\u00a0\u00bb\u00a0\u00bb icon_position=\u00a0\u00bb\u00a0\u00bb color=\u00a0\u00bb\u00a0\u00bb font_color=\u00a0\u00bb\u00a0\u00bb size=\u00a0\u00bb2&Prime; full_width=\u00a0\u00bb\u00a0\u00bb class=\u00a0\u00bbbouttontaille\u00a0\u00bb download=\u00a0\u00bb\u00a0\u00bb rel=\u00a0\u00bb\u00a0\u00bb]<\/p>\n<p>&nbsp;<\/p>\n<p style=\"text-align: center;\">Votre mod\u00e8le pr\u00e9f\u00e9r\u00e9 manque ? <a href=\"mailto:serviceclients@yoga-nest.com\">Contactez-nous<\/a><\/p>\n","protected":false},"featured_media":2294,"comment_status":"open","ping_status":"open","template":"","meta":[],"product_cat":[76,62,91,95],"product_tag":[77],"_links":{"self":[{"href":"https:\/\/yoganest.vaniseo.pro\/index.php\/wp-json\/wp\/v2\/product\/2293"}],"collection":[{"href":"https:\/\/yoganest.vaniseo.pro\/index.php\/wp-json\/wp\/v2\/product"}],"about":[{"href":"https:\/\/yoganest.vaniseo.pro\/index.php\/wp-json\/wp\/v2\/types\/product"}],"replies":[{"embeddable":true,"href":"https:\/\/yoganest.vaniseo.pro\/index.php\/wp-json\/wp\/v2\/comments?post=2293"}],"wp:featuredmedia":[{"embeddable":true,"href":"https:\/\/yoganest.vaniseo.pro\/index.php\/wp-json\/wp\/v2\/media\/2294"}],"wp:attachment":[{"href":"https:\/\/yoganest.vaniseo.pro\/index.php\/wp-json\/wp\/v2\/media?parent=2293"}],"wp:term":[{"taxonomy":"product_cat","embeddable":true,"href":"https:\/\/yoganest.vaniseo.pro\/index.php\/wp-json\/wp\/v2\/product_cat?post=2293"},{"taxonomy":"product_tag","embeddable":true,"href":"https:\/\/yoganest.vaniseo.pro\/index.php\/wp-json\/wp\/v2\/product_tag?post=2293"}],"curies":[{"name":"wp","href":"https:\/\/api.w.org\/{rel}","templated":true}]}}